{"id":20225,"date":"2019-11-13T13:40:09","date_gmt":"2019-11-13T12:40:09","guid":{"rendered":"https:\/\/www.ilcf.net\/%e3%83%95%e3%83%a9%e3%83%b3%e3%82%b9%e8%aa%9e%e3%82%b3%e3%83%bc%e3%82%b9\/diplomes-et-certificats\/"},"modified":"2022-12-22T10:09:12","modified_gmt":"2022-12-22T09:09:12","slug":"%e3%83%87%e3%82%a3%e3%83%97%e3%83%ad%e3%83%a0%e3%81%a8%e8%b3%87%e6%a0%bc%e8%a8%bc%e6%9b%b8-diplomes-et-certificats","status":"publish","type":"page","link":"https:\/\/www.ilcf.net\/ja\/ilcf%e3%83%aa%e3%83%a8%e3%83%b3%e6%a0%a1%e3%83%95%e3%83%a9%e3%83%b3%e3%82%b9%e8%aa%9e%e3%82%b3%e3%83%bc%e3%82%b9\/%e3%83%87%e3%82%a3%e3%83%97%e3%83%ad%e3%83%a0%e3%81%a8%e8%b3%87%e6%a0%bc%e8%a8%bc%e6%9b%b8-diplomes-et-certificats\/","title":{"rendered":"\u30c7\u30a3\u30d7\u30ed\u30e0\u3068\u8cc7\u683c\u8a3c\u66f8 Dipl\u00f4mes et certificats"},"content":{"rendered":"","protected":false},"excerpt":{"rendered":"","protected":false},"author":33,"featured_media":17511,"parent":20015,"menu_order":2,"comment_status":"closed","ping_status":"closed","template":"tpl-model\/model-mosaic.php","meta":{"_acf_changed":false,"footnotes":""},"class_list":["post-20225","page","type-page","status-publish","has-post-thumbnail","hentry"],"acf":[],"yoast_head":"<!-- This site is optimized with the Yoast SEO plugin v24.1 - https:\/\/yoast.com\/wordpress\/plugins\/seo\/ -->\n<title>\u30c7\u30a3\u30d7\u30ed\u30e0\u3068\u8cc7\u683c\u8a3c\u66f8 Dipl\u00f4mes et certificats - ILCF - Institut de Langue et de Culture Fran\u00e7aises<\/title>\n<meta name=\"description\" content=\"Obtenez un certificat CLCF ou un dipl\u00f4me DUEF et valorisez vos comp\u00e9tences linguistiques en fran\u00e7ais langue \u00e9trang\u00e8re du niveau A1 \u00e0 C2 avec l\u2019ILCF\" \/>\n<meta name=\"robots\" content=\"index, follow, max-snippet:-1, max-image-preview:large, max-video-preview:-1\" \/>\n<link rel=\"canonical\" href=\"https:\/\/www.ilcf.net\/ja\/ilcf%e3%83%aa%e3%83%a8%e3%83%b3%e6%a0%a1%e3%83%95%e3%83%a9%e3%83%b3%e3%82%b9%e8%aa%9e%e3%82%b3%e3%83%bc%e3%82%b9\/%e3%83%87%e3%82%a3%e3%83%97%e3%83%ad%e3%83%a0%e3%81%a8%e8%b3%87%e6%a0%bc%e8%a8%bc%e6%9b%b8-diplomes-et-certificats\/\" \/>\n<meta property=\"og:locale\" content=\"ja_JP\" \/>\n<meta property=\"og:type\" content=\"article\" \/>\n<meta property=\"og:title\" content=\"\u30c7\u30a3\u30d7\u30ed\u30e0\u3068\u8cc7\u683c\u8a3c\u66f8 Dipl\u00f4mes et certificats - ILCF - Institut de Langue et de Culture Fran\u00e7aises\" \/>\n<meta property=\"og:description\" content=\"Obtenez un certificat CLCF ou un dipl\u00f4me DUEF et valorisez vos comp\u00e9tences linguistiques en fran\u00e7ais langue \u00e9trang\u00e8re du niveau A1 \u00e0 C2 avec l\u2019ILCF\" \/>\n<meta property=\"og:url\" content=\"https:\/\/www.ilcf.net\/ja\/ilcf%e3%83%aa%e3%83%a8%e3%83%b3%e6%a0%a1%e3%83%95%e3%83%a9%e3%83%b3%e3%82%b9%e8%aa%9e%e3%82%b3%e3%83%bc%e3%82%b9\/%e3%83%87%e3%82%a3%e3%83%97%e3%83%ad%e3%83%a0%e3%81%a8%e8%b3%87%e6%a0%bc%e8%a8%bc%e6%9b%b8-diplomes-et-certificats\/\" \/>\n<meta property=\"og:site_name\" content=\"ILCF - Institut de Langue et de Culture Fran\u00e7aises\" \/>\n<meta property=\"article:modified_time\" content=\"2022-12-22T09:09:12+00:00\" \/>\n<meta property=\"og:image\" content=\"https:\/\/www.ilcf.net\/wp-content\/uploads\/sites\/20\/2020\/02\/header-diplomes-ilcf.jpg\" \/>\n\t<meta property=\"og:image:width\" content=\"1920\" \/>\n\t<meta property=\"og:image:height\" content=\"575\" \/>\n\t<meta property=\"og:image:type\" content=\"image\/jpeg\" \/>\n<meta name=\"twitter:card\" content=\"summary_large_image\" \/>\n<script type=\"application\/ld+json\" class=\"yoast-schema-graph\">{\"@context\":\"https:\/\/schema.org\",\"@graph\":[{\"@type\":\"WebPage\",\"@id\":\"https:\/\/www.ilcf.net\/ja\/ilcf%e3%83%aa%e3%83%a8%e3%83%b3%e6%a0%a1%e3%83%95%e3%83%a9%e3%83%b3%e3%82%b9%e8%aa%9e%e3%82%b3%e3%83%bc%e3%82%b9\/%e3%83%87%e3%82%a3%e3%83%97%e3%83%ad%e3%83%a0%e3%81%a8%e8%b3%87%e6%a0%bc%e8%a8%bc%e6%9b%b8-diplomes-et-certificats\/\",\"url\":\"https:\/\/www.ilcf.net\/ja\/ilcf%e3%83%aa%e3%83%a8%e3%83%b3%e6%a0%a1%e3%83%95%e3%83%a9%e3%83%b3%e3%82%b9%e8%aa%9e%e3%82%b3%e3%83%bc%e3%82%b9\/%e3%83%87%e3%82%a3%e3%83%97%e3%83%ad%e3%83%a0%e3%81%a8%e8%b3%87%e6%a0%bc%e8%a8%bc%e6%9b%b8-diplomes-et-certificats\/\",\"name\":\"\u30c7\u30a3\u30d7\u30ed\u30e0\u3068\u8cc7\u683c\u8a3c\u66f8 Dipl\u00f4mes et certificats - ILCF - Institut de Langue et de Culture Fran\u00e7aises\",\"isPartOf\":{\"@id\":\"https:\/\/www.ilcf.net\/ja\/#website\"},\"primaryImageOfPage\":{\"@id\":\"https:\/\/www.ilcf.net\/ja\/ilcf%e3%83%aa%e3%83%a8%e3%83%b3%e6%a0%a1%e3%83%95%e3%83%a9%e3%83%b3%e3%82%b9%e8%aa%9e%e3%82%b3%e3%83%bc%e3%82%b9\/%e3%83%87%e3%82%a3%e3%83%97%e3%83%ad%e3%83%a0%e3%81%a8%e8%b3%87%e6%a0%bc%e8%a8%bc%e6%9b%b8-diplomes-et-certificats\/#primaryimage\"},\"image\":{\"@id\":\"https:\/\/www.ilcf.net\/ja\/ilcf%e3%83%aa%e3%83%a8%e3%83%b3%e6%a0%a1%e3%83%95%e3%83%a9%e3%83%b3%e3%82%b9%e8%aa%9e%e3%82%b3%e3%83%bc%e3%82%b9\/%e3%83%87%e3%82%a3%e3%83%97%e3%83%ad%e3%83%a0%e3%81%a8%e8%b3%87%e6%a0%bc%e8%a8%bc%e6%9b%b8-diplomes-et-certificats\/#primaryimage\"},\"thumbnailUrl\":\"https:\/\/www.ilcf.net\/wp-content\/uploads\/sites\/20\/2020\/02\/header-diplomes-ilcf.jpg\",\"datePublished\":\"2019-11-13T12:40:09+00:00\",\"dateModified\":\"2022-12-22T09:09:12+00:00\",\"description\":\"Obtenez un certificat CLCF ou un dipl\u00f4me DUEF et valorisez vos comp\u00e9tences linguistiques en fran\u00e7ais langue \u00e9trang\u00e8re du niveau A1 \u00e0 C2 avec l\u2019ILCF\",\"breadcrumb\":{\"@id\":\"https:\/\/www.ilcf.net\/ja\/ilcf%e3%83%aa%e3%83%a8%e3%83%b3%e6%a0%a1%e3%83%95%e3%83%a9%e3%83%b3%e3%82%b9%e8%aa%9e%e3%82%b3%e3%83%bc%e3%82%b9\/%e3%83%87%e3%82%a3%e3%83%97%e3%83%ad%e3%83%a0%e3%81%a8%e8%b3%87%e6%a0%bc%e8%a8%bc%e6%9b%b8-diplomes-et-certificats\/#breadcrumb\"},\"inLanguage\":\"ja\",\"potentialAction\":[{\"@type\":\"ReadAction\",\"target\":[\"https:\/\/www.ilcf.net\/ja\/ilcf%e3%83%aa%e3%83%a8%e3%83%b3%e6%a0%a1%e3%83%95%e3%83%a9%e3%83%b3%e3%82%b9%e8%aa%9e%e3%82%b3%e3%83%bc%e3%82%b9\/%e3%83%87%e3%82%a3%e3%83%97%e3%83%ad%e3%83%a0%e3%81%a8%e8%b3%87%e6%a0%bc%e8%a8%bc%e6%9b%b8-diplomes-et-certificats\/\"]}]},{\"@type\":\"ImageObject\",\"inLanguage\":\"ja\",\"@id\":\"https:\/\/www.ilcf.net\/ja\/ilcf%e3%83%aa%e3%83%a8%e3%83%b3%e6%a0%a1%e3%83%95%e3%83%a9%e3%83%b3%e3%82%b9%e8%aa%9e%e3%82%b3%e3%83%bc%e3%82%b9\/%e3%83%87%e3%82%a3%e3%83%97%e3%83%ad%e3%83%a0%e3%81%a8%e8%b3%87%e6%a0%bc%e8%a8%bc%e6%9b%b8-diplomes-et-certificats\/#primaryimage\",\"url\":\"https:\/\/www.ilcf.net\/wp-content\/uploads\/sites\/20\/2020\/02\/header-diplomes-ilcf.jpg\",\"contentUrl\":\"https:\/\/www.ilcf.net\/wp-content\/uploads\/sites\/20\/2020\/02\/header-diplomes-ilcf.jpg\",\"width\":1920,\"height\":575},{\"@type\":\"BreadcrumbList\",\"@id\":\"https:\/\/www.ilcf.net\/ja\/ilcf%e3%83%aa%e3%83%a8%e3%83%b3%e6%a0%a1%e3%83%95%e3%83%a9%e3%83%b3%e3%82%b9%e8%aa%9e%e3%82%b3%e3%83%bc%e3%82%b9\/%e3%83%87%e3%82%a3%e3%83%97%e3%83%ad%e3%83%a0%e3%81%a8%e8%b3%87%e6%a0%bc%e8%a8%bc%e6%9b%b8-diplomes-et-certificats\/#breadcrumb\",\"itemListElement\":[{\"@type\":\"ListItem\",\"position\":1,\"name\":\"Accueil\",\"item\":\"https:\/\/www.ilcf.net\/ja\/\"},{\"@type\":\"ListItem\",\"position\":2,\"name\":\"ILCF\u30ea\u30e8\u30f3\u6821\u30d5\u30e9\u30f3\u30b9\u8a9e\u30b3\u30fc\u30b9 NOS PROGRAMMES\",\"item\":\"https:\/\/www.ilcf.net\/ja\/ilcf%e3%83%aa%e3%83%a8%e3%83%b3%e6%a0%a1%e3%83%95%e3%83%a9%e3%83%b3%e3%82%b9%e8%aa%9e%e3%82%b3%e3%83%bc%e3%82%b9\/\"},{\"@type\":\"ListItem\",\"position\":3,\"name\":\"\u30c7\u30a3\u30d7\u30ed\u30e0\u3068\u8cc7\u683c\u8a3c\u66f8 Dipl\u00f4mes et certificats\"}]},{\"@type\":\"WebSite\",\"@id\":\"https:\/\/www.ilcf.net\/ja\/#website\",\"url\":\"https:\/\/www.ilcf.net\/ja\/\",\"name\":\"ILCF - Institut de Langue et de Culture Fran\u00e7aises\",\"description\":\"ILCF - Institut de Langue et de Culture Fran\u00e7aises\",\"publisher\":{\"@id\":\"https:\/\/www.ilcf.net\/ja\/#organization\"},\"potentialAction\":[{\"@type\":\"SearchAction\",\"target\":{\"@type\":\"EntryPoint\",\"urlTemplate\":\"https:\/\/www.ilcf.net\/ja\/?s={search_term_string}\"},\"query-input\":{\"@type\":\"PropertyValueSpecification\",\"valueRequired\":true,\"valueName\":\"search_term_string\"}}],\"inLanguage\":\"ja\"},{\"@type\":\"Organization\",\"@id\":\"https:\/\/www.ilcf.net\/ja\/#organization\",\"name\":\"ILCF - Institut de Langue et de Culture Fran\u00e7aises\",\"url\":\"https:\/\/www.ilcf.net\/ja\/\",\"logo\":{\"@type\":\"ImageObject\",\"inLanguage\":\"ja\",\"@id\":\"https:\/\/www.ilcf.net\/ja\/#\/schema\/logo\/image\/\",\"url\":\"https:\/\/www.ilcf.net\/wp-content\/uploads\/sites\/20\/2019\/11\/ilcf_logo.svg\",\"contentUrl\":\"https:\/\/www.ilcf.net\/wp-content\/uploads\/sites\/20\/2019\/11\/ilcf_logo.svg\",\"caption\":\"ILCF - Institut de Langue et de Culture Fran\u00e7aises\"},\"image\":{\"@id\":\"https:\/\/www.ilcf.net\/ja\/#\/schema\/logo\/image\/\"}}]}<\/script>\n<!-- \/ Yoast SEO plugin. -->","yoast_head_json":{"title":"\u30c7\u30a3\u30d7\u30ed\u30e0\u3068\u8cc7\u683c\u8a3c\u66f8 Dipl\u00f4mes et certificats - ILCF - Institut de Langue et de Culture Fran\u00e7aises","description":"Obtenez un certificat CLCF ou un dipl\u00f4me DUEF et valorisez vos comp\u00e9tences linguistiques en fran\u00e7ais langue \u00e9trang\u00e8re du niveau A1 \u00e0 C2 avec l\u2019ILCF","robots":{"index":"index","follow":"follow","max-snippet":"max-snippet:-1","max-image-preview":"max-image-preview:large","max-video-preview":"max-video-preview:-1"},"canonical":"https:\/\/www.ilcf.net\/ja\/ilcf%e3%83%aa%e3%83%a8%e3%83%b3%e6%a0%a1%e3%83%95%e3%83%a9%e3%83%b3%e3%82%b9%e8%aa%9e%e3%82%b3%e3%83%bc%e3%82%b9\/%e3%83%87%e3%82%a3%e3%83%97%e3%83%ad%e3%83%a0%e3%81%a8%e8%b3%87%e6%a0%bc%e8%a8%bc%e6%9b%b8-diplomes-et-certificats\/","og_locale":"ja_JP","og_type":"article","og_title":"\u30c7\u30a3\u30d7\u30ed\u30e0\u3068\u8cc7\u683c\u8a3c\u66f8 Dipl\u00f4mes et certificats - ILCF - Institut de Langue et de Culture Fran\u00e7aises","og_description":"Obtenez un certificat CLCF ou un dipl\u00f4me DUEF et valorisez vos comp\u00e9tences linguistiques en fran\u00e7ais langue \u00e9trang\u00e8re du niveau A1 \u00e0 C2 avec l\u2019ILCF","og_url":"https:\/\/www.ilcf.net\/ja\/ilcf%e3%83%aa%e3%83%a8%e3%83%b3%e6%a0%a1%e3%83%95%e3%83%a9%e3%83%b3%e3%82%b9%e8%aa%9e%e3%82%b3%e3%83%bc%e3%82%b9\/%e3%83%87%e3%82%a3%e3%83%97%e3%83%ad%e3%83%a0%e3%81%a8%e8%b3%87%e6%a0%bc%e8%a8%bc%e6%9b%b8-diplomes-et-certificats\/","og_site_name":"ILCF - Institut de Langue et de Culture Fran\u00e7aises","article_modified_time":"2022-12-22T09:09:12+00:00","og_image":[{"width":1920,"height":575,"url":"https:\/\/www.ilcf.net\/wp-content\/uploads\/sites\/20\/2020\/02\/header-diplomes-ilcf.jpg","type":"image\/jpeg"}],"twitter_card":"summary_large_image","schema":{"@context":"https:\/\/schema.org","@graph":[{"@type":"WebPage","@id":"https:\/\/www.ilcf.net\/ja\/ilcf%e3%83%aa%e3%83%a8%e3%83%b3%e6%a0%a1%e3%83%95%e3%83%a9%e3%83%b3%e3%82%b9%e8%aa%9e%e3%82%b3%e3%83%bc%e3%82%b9\/%e3%83%87%e3%82%a3%e3%83%97%e3%83%ad%e3%83%a0%e3%81%a8%e8%b3%87%e6%a0%bc%e8%a8%bc%e6%9b%b8-diplomes-et-certificats\/","url":"https:\/\/www.ilcf.net\/ja\/ilcf%e3%83%aa%e3%83%a8%e3%83%b3%e6%a0%a1%e3%83%95%e3%83%a9%e3%83%b3%e3%82%b9%e8%aa%9e%e3%82%b3%e3%83%bc%e3%82%b9\/%e3%83%87%e3%82%a3%e3%83%97%e3%83%ad%e3%83%a0%e3%81%a8%e8%b3%87%e6%a0%bc%e8%a8%bc%e6%9b%b8-diplomes-et-certificats\/","name":"\u30c7\u30a3\u30d7\u30ed\u30e0\u3068\u8cc7\u683c\u8a3c\u66f8 Dipl\u00f4mes et certificats - ILCF - Institut de Langue et de Culture Fran\u00e7aises","isPartOf":{"@id":"https:\/\/www.ilcf.net\/ja\/#website"},"primaryImageOfPage":{"@id":"https:\/\/www.ilcf.net\/ja\/ilcf%e3%83%aa%e3%83%a8%e3%83%b3%e6%a0%a1%e3%83%95%e3%83%a9%e3%83%b3%e3%82%b9%e8%aa%9e%e3%82%b3%e3%83%bc%e3%82%b9\/%e3%83%87%e3%82%a3%e3%83%97%e3%83%ad%e3%83%a0%e3%81%a8%e8%b3%87%e6%a0%bc%e8%a8%bc%e6%9b%b8-diplomes-et-certificats\/#primaryimage"},"image":{"@id":"https:\/\/www.ilcf.net\/ja\/ilcf%e3%83%aa%e3%83%a8%e3%83%b3%e6%a0%a1%e3%83%95%e3%83%a9%e3%83%b3%e3%82%b9%e8%aa%9e%e3%82%b3%e3%83%bc%e3%82%b9\/%e3%83%87%e3%82%a3%e3%83%97%e3%83%ad%e3%83%a0%e3%81%a8%e8%b3%87%e6%a0%bc%e8%a8%bc%e6%9b%b8-diplomes-et-certificats\/#primaryimage"},"thumbnailUrl":"https:\/\/www.ilcf.net\/wp-content\/uploads\/sites\/20\/2020\/02\/header-diplomes-ilcf.jpg","datePublished":"2019-11-13T12:40:09+00:00","dateModified":"2022-12-22T09:09:12+00:00","description":"Obtenez un certificat CLCF ou un dipl\u00f4me DUEF et valorisez vos comp\u00e9tences linguistiques en fran\u00e7ais langue \u00e9trang\u00e8re du niveau A1 \u00e0 C2 avec l\u2019ILCF","breadcrumb":{"@id":"https:\/\/www.ilcf.net\/ja\/ilcf%e3%83%aa%e3%83%a8%e3%83%b3%e6%a0%a1%e3%83%95%e3%83%a9%e3%83%b3%e3%82%b9%e8%aa%9e%e3%82%b3%e3%83%bc%e3%82%b9\/%e3%83%87%e3%82%a3%e3%83%97%e3%83%ad%e3%83%a0%e3%81%a8%e8%b3%87%e6%a0%bc%e8%a8%bc%e6%9b%b8-diplomes-et-certificats\/#breadcrumb"},"inLanguage":"ja","potentialAction":[{"@type":"ReadAction","target":["https:\/\/www.ilcf.net\/ja\/ilcf%e3%83%aa%e3%83%a8%e3%83%b3%e6%a0%a1%e3%83%95%e3%83%a9%e3%83%b3%e3%82%b9%e8%aa%9e%e3%82%b3%e3%83%bc%e3%82%b9\/%e3%83%87%e3%82%a3%e3%83%97%e3%83%ad%e3%83%a0%e3%81%a8%e8%b3%87%e6%a0%bc%e8%a8%bc%e6%9b%b8-diplomes-et-certificats\/"]}]},{"@type":"ImageObject","inLanguage":"ja","@id":"https:\/\/www.ilcf.net\/ja\/ilcf%e3%83%aa%e3%83%a8%e3%83%b3%e6%a0%a1%e3%83%95%e3%83%a9%e3%83%b3%e3%82%b9%e8%aa%9e%e3%82%b3%e3%83%bc%e3%82%b9\/%e3%83%87%e3%82%a3%e3%83%97%e3%83%ad%e3%83%a0%e3%81%a8%e8%b3%87%e6%a0%bc%e8%a8%bc%e6%9b%b8-diplomes-et-certificats\/#primaryimage","url":"https:\/\/www.ilcf.net\/wp-content\/uploads\/sites\/20\/2020\/02\/header-diplomes-ilcf.jpg","contentUrl":"https:\/\/www.ilcf.net\/wp-content\/uploads\/sites\/20\/2020\/02\/header-diplomes-ilcf.jpg","width":1920,"height":575},{"@type":"BreadcrumbList","@id":"https:\/\/www.ilcf.net\/ja\/ilcf%e3%83%aa%e3%83%a8%e3%83%b3%e6%a0%a1%e3%83%95%e3%83%a9%e3%83%b3%e3%82%b9%e8%aa%9e%e3%82%b3%e3%83%bc%e3%82%b9\/%e3%83%87%e3%82%a3%e3%83%97%e3%83%ad%e3%83%a0%e3%81%a8%e8%b3%87%e6%a0%bc%e8%a8%bc%e6%9b%b8-diplomes-et-certificats\/#breadcrumb","itemListElement":[{"@type":"ListItem","position":1,"name":"Accueil","item":"https:\/\/www.ilcf.net\/ja\/"},{"@type":"ListItem","position":2,"name":"ILCF\u30ea\u30e8\u30f3\u6821\u30d5\u30e9\u30f3\u30b9\u8a9e\u30b3\u30fc\u30b9 NOS PROGRAMMES","item":"https:\/\/www.ilcf.net\/ja\/ilcf%e3%83%aa%e3%83%a8%e3%83%b3%e6%a0%a1%e3%83%95%e3%83%a9%e3%83%b3%e3%82%b9%e8%aa%9e%e3%82%b3%e3%83%bc%e3%82%b9\/"},{"@type":"ListItem","position":3,"name":"\u30c7\u30a3\u30d7\u30ed\u30e0\u3068\u8cc7\u683c\u8a3c\u66f8 Dipl\u00f4mes et certificats"}]},{"@type":"WebSite","@id":"https:\/\/www.ilcf.net\/ja\/#website","url":"https:\/\/www.ilcf.net\/ja\/","name":"ILCF - Institut de Langue et de Culture Fran\u00e7aises","description":"ILCF - Institut de Langue et de Culture Fran\u00e7aises","publisher":{"@id":"https:\/\/www.ilcf.net\/ja\/#organization"},"potentialAction":[{"@type":"SearchAction","target":{"@type":"EntryPoint","urlTemplate":"https:\/\/www.ilcf.net\/ja\/?s={search_term_string}"},"query-input":{"@type":"PropertyValueSpecification","valueRequired":true,"valueName":"search_term_string"}}],"inLanguage":"ja"},{"@type":"Organization","@id":"https:\/\/www.ilcf.net\/ja\/#organization","name":"ILCF - Institut de Langue et de Culture Fran\u00e7aises","url":"https:\/\/www.ilcf.net\/ja\/","logo":{"@type":"ImageObject","inLanguage":"ja","@id":"https:\/\/www.ilcf.net\/ja\/#\/schema\/logo\/image\/","url":"https:\/\/www.ilcf.net\/wp-content\/uploads\/sites\/20\/2019\/11\/ilcf_logo.svg","contentUrl":"https:\/\/www.ilcf.net\/wp-content\/uploads\/sites\/20\/2019\/11\/ilcf_logo.svg","caption":"ILCF - Institut de Langue et de Culture Fran\u00e7aises"},"image":{"@id":"https:\/\/www.ilcf.net\/ja\/#\/schema\/logo\/image\/"}}]}},"_links":{"self":[{"href":"https:\/\/www.ilcf.net\/ja\/wp-json\/wp\/v2\/pages\/20225","targetHints":{"allow":["GET"]}}],"collection":[{"href":"https:\/\/www.ilcf.net\/ja\/wp-json\/wp\/v2\/pages"}],"about":[{"href":"https:\/\/www.ilcf.net\/ja\/wp-json\/wp\/v2\/types\/page"}],"author":[{"embeddable":true,"href":"https:\/\/www.ilcf.net\/ja\/wp-json\/wp\/v2\/users\/33"}],"replies":[{"embeddable":true,"href":"https:\/\/www.ilcf.net\/ja\/wp-json\/wp\/v2\/comments?post=20225"}],"version-history":[{"count":7,"href":"https:\/\/www.ilcf.net\/ja\/wp-json\/wp\/v2\/pages\/20225\/revisions"}],"predecessor-version":[{"id":20556,"href":"https:\/\/www.ilcf.net\/ja\/wp-json\/wp\/v2\/pages\/20225\/revisions\/20556"}],"up":[{"embeddable":true,"href":"https:\/\/www.ilcf.net\/ja\/wp-json\/wp\/v2\/pages\/20015"}],"wp:featuredmedia":[{"embeddable":true,"href":"https:\/\/www.ilcf.net\/ja\/wp-json\/wp\/v2\/media\/17511"}],"wp:attachment":[{"href":"https:\/\/www.ilcf.net\/ja\/wp-json\/wp\/v2\/media?parent=20225"}],"curies":[{"name":"wp","href":"https:\/\/api.w.org\/{rel}","templated":true}]}}