{"id":20219,"date":"2019-11-18T16:29:28","date_gmt":"2019-11-18T15:29:28","guid":{"rendered":"https:\/\/www.ilcf.net\/%e3%83%95%e3%83%a9%e3%83%b3%e3%82%b9%e8%aa%9e%e3%82%b3%e3%83%bc%e3%82%b9\/%e5%b0%82%e9%96%80%e5%88%86%e9%87%8e%e3%81%ae%e3%83%95%e3%83%a9%e3%83%b3%e3%82%b9%e8%aa%9e\/autres-possibilites\/"},"modified":"2022-12-22T13:09:04","modified_gmt":"2022-12-22T12:09:04","slug":"autres-possibilites","status":"publish","type":"page","link":"https:\/\/www.ilcf.net\/ja\/ilcf%e3%83%aa%e3%83%a8%e3%83%b3%e6%a0%a1%e3%83%95%e3%83%a9%e3%83%b3%e3%82%b9%e8%aa%9e%e3%82%b3%e3%83%bc%e3%82%b9\/%e5%b0%82%e9%96%80%e5%88%86%e9%87%8e%e3%81%ae%e3%83%95%e3%83%a9%e3%83%b3%e3%82%b9%e8%aa%9e\/autres-possibilites\/","title":{"rendered":"\u305d\u306e\u4ed6\u306e\u30d5\u30e9\u30f3\u30b9\u8a9e\u30b3\u30fc\u30b9 Autres possibilit\u00e9s"},"content":{"rendered":"<h2 class=\"wp-block-heading\">\u5c02\u9580\u5206\u91ce\u306e\u30d5\u30e9\u30f3\u30b9\u8a9e<\/h2><p>\u5c02\u9580\u30b3\u30fc\u30b9\u306f\u3001\u53d7\u8b1b\u8005\u304b\u3089\u306e\u3054\u8981\u671b\u3068\u53d7\u8b1b\u8005\u306e\u4eba\u6570\u306b\u5fdc\u3058\u3066\u958b\u8b1b\u3057\u307e\u3059\u3002<\/p><ul class=\"wp-block-list\"><li>\u533b\u5b66\u30d5\u30e9\u30f3\u30b9\u8a9e<\/li>\n\n<li>\u79d1\u5b66\u6280\u8853\u30d5\u30e9\u30f3\u30b9\u8a9e<\/li>\n\n<li>\u6cd5\u5b66\u30d5\u30e9\u30f3\u30b9\u8a9e<\/li>\n\n<li>\u30ec\u30b9\u30c8\u30e9\u30f3\u696d\u754c\u30d5\u30e9\u30f3\u30b9\u8a9e<\/li>\n\n<li>\u30d5\u30a1\u30c3\u30b7\u30e7\u30f3\u696d\u754c\u30d5\u30e9\u30f3\u30b9\u8a9e<\/li>\n\n<li>\u5916\u4ea4\u30fb\u56fd\u969b\u95a2\u4fc2\u30d5\u30e9\u30f3\u30b9\u8a9e<\/li>\n\n<li>\u8ecd\u4e8b\u30fb\u5e73\u548c\u7dad\u6301\u306e\u30d5\u30e9\u30f3\u30b9\u8a9e<\/li><\/ul><div class=\"wp-block-contact js-fade-scroll\">\n  <p class=\"wp-block-contact-title\">\u304a\u554f\u3044\u5408\u308f\u305b<\/p>\n\n        <div class=\"contact-info\">\n        <p class=\"contact-item\">\n          <span class=\"contact-strong\">ILCF\u30ea\u30e8\u30f3\u6821\u4e8b\u52d9\u5c40<\/span><br>\n          <span class=\"contact-light\"><\/span>\n        <\/p>\n        <span class=\"contact-separate\"><\/span>\n        <p class=\"contact-item\">\n          <a class=\"icon-phone contact-button show-for-small-only\" href=\"tel:+ 33 (0)4 72 32 50 53\"><\/a>\n          <span class=\"contact-strong hide-for-small-only\">+ 33 (0)4 72 32 50 53<\/span><br>\n          <a class=\"icon-mail contact-button show-for-small-only\" href=\"mailto:ilcf@univ-catholyon.fr\"><\/a>\n          <span class=\"contact-light hide-for-small-only\">ilcf@univ-catholyon.fr<\/span>\n        <\/p>\n      <\/div>\n    <\/div><div class=\"wp-block-cross-content js-fade-scroll\">\n    <p class=\"wp-block-cross-content-title\">\u3053\u3061\u3089\u3082\u3054\u89a7\u304f\u3060\u3055\u3044<\/p>\n            <div class=\"row wp-block-cross-content-row\">\n                                <div class=\"column small-12 medium-6 large-4 wp-block-cross-content-col\">\n                        <a class=\"wp-block-cross-content-top\" href=\"https:\/\/www.ilcf.net\/ja\/ilcf%e3%83%aa%e3%83%a8%e3%83%b3%e6%a0%a1%e3%83%95%e3%83%a9%e3%83%b3%e3%82%b9%e8%aa%9e%e3%82%b3%e3%83%bc%e3%82%b9\/%e5%b0%82%e9%96%80%e5%88%86%e9%87%8e%e3%81%ae%e3%83%95%e3%83%a9%e3%83%b3%e3%82%b9%e8%aa%9e\/\" title=\"\u5c02\u9580\u5206\u91ce\u306e\u30d5\u30e9\u30f3\u30b9\u8a9e Fran\u00e7ais de sp\u00e9cialit\u00e9\">\n                            <span class=\"wp-block-cross-content-name\">\u5c02\u9580\u5206\u91ce\u306e\u30d5\u30e9\u30f3\u30b9\u8a9e Fran\u00e7ais de sp\u00e9cialit\u00e9<\/span>\n                            <span class=\"wp-block-cross-content-image\"><img loading=\"lazy\" decoding=\"async\" width=\"630\" height=\"570\" src=\"https:\/\/www.ilcf.net\/wp-content\/uploads\/sites\/20\/2020\/02\/header-prepa-iep-630x570.jpg\" class=\" wp-post-image\" alt=\"\" \/><\/span>\n                            <span class=\"wp-block-cross-content-more\">\n                                <span class=\"icon-more\"><\/span>\n                            <\/span>\n                        <\/a>\n                        <div class=\"wp-block-cross-content-excerpt\"><\/div>\n                    <\/div>\n                                                <div class=\"column small-12 medium-6 large-4 wp-block-cross-content-col\">\n                        <a class=\"wp-block-cross-content-top\" href=\"https:\/\/www.ilcf.net\/ja\/ilcf%e3%83%aa%e3%83%a8%e3%83%b3%e6%a0%a1%e3%83%95%e3%83%a9%e3%83%b3%e3%82%b9%e8%aa%9e%e3%82%b3%e3%83%bc%e3%82%b9\/%e5%a4%96%e5%9b%bd%e8%aa%9e%e3%81%a8%e3%81%97%e3%81%a6%e3%81%ae%e3%83%95%e3%83%a9%e3%83%b3%e3%82%b9%e8%aa%9e%e3%82%b3%e3%83%bc%e3%82%b9-programmes-francais-langue-etrangere\/\" title=\"\u5916\u56fd\u8a9e\u3068\u3057\u3066\u306e\u30d5\u30e9\u30f3\u30b9\u8a9e\u30b3\u30fc\u30b9 Tous nos cours\">\n                            <span class=\"wp-block-cross-content-name\">\u5916\u56fd\u8a9e\u3068\u3057\u3066\u306e\u30d5\u30e9\u30f3\u30b9\u8a9e\u30b3\u30fc\u30b9 Tous nos cours<\/span>\n                            <span class=\"wp-block-cross-content-image\"><img loading=\"lazy\" decoding=\"async\" width=\"630\" height=\"570\" src=\"https:\/\/www.ilcf.net\/wp-content\/uploads\/sites\/20\/2019\/12\/header-ilcf-630x570.jpg\" class=\" wp-post-image\" alt=\"\" \/><\/span>\n                            <span class=\"wp-block-cross-content-more\">\n                                <span class=\"icon-more\"><\/span>\n                            <\/span>\n                        <\/a>\n                        <div class=\"wp-block-cross-content-excerpt\"><p>\u591a\u5f69\u306a\u30ab\u30ea\u30ad\u30e5\u30e9\u30e0\u306b\u3088\u308b\u30b3\u30fc\u30b9\u8a2d\u5b9a\u3067\u3001\u53d7\u8b1b\u751f\u306e\u7fd2\u5f97\u76ee\u6a19\u3084\u8981\u671b\u306b\u6700\u5927\u9650\u306b\u5bfe\u5fdc\u3057\u307e\u3059\u3002<\/p>\n<\/div>\n                    <\/div>\n                                                <div class=\"column small-12 medium-6 large-4 wp-block-cross-content-col\">\n                        <a class=\"wp-block-cross-content-top\" href=\"https:\/\/www.ilcf.net\/ja\/%e5%a4%96%e5%9b%bd%e8%aa%9e%e3%81%a8%e3%81%97%e3%81%a6%e3%81%ae%e3%83%95%e3%83%a9%e3%83%b3%e3%82%b9%e8%aa%9e%e3%82%b3%e3%83%bc%e3%82%b9%e3%81%ae%e5%8f%97%e8%ac%9b%e6%89%8b%e7%b6%9a%e3%81%8d\/\" title=\"\u5916\u56fd\u8a9e\u3068\u3057\u3066\u306e\u30d5\u30e9\u30f3\u30b9\u8a9e\u30b3\u30fc\u30b9\u306e\u53d7\u8b1b\u624b\u7d9a\u304d Inscription\">\n                            <span class=\"wp-block-cross-content-name\">\u5916\u56fd\u8a9e\u3068\u3057\u3066\u306e\u30d5\u30e9\u30f3\u30b9\u8a9e\u30b3\u30fc\u30b9\u306e\u53d7\u8b1b\u624b\u7d9a\u304d Inscription<\/span>\n                            <span class=\"wp-block-cross-content-image\"><img loading=\"lazy\" decoding=\"async\" width=\"630\" height=\"570\" src=\"https:\/\/www.ilcf.net\/wp-content\/uploads\/sites\/20\/2019\/12\/header-inscription-cours-ilcf-630x570.jpg\" class=\" wp-post-image\" alt=\"\" \/><\/span>\n                            <span class=\"wp-block-cross-content-more\">\n                                <span class=\"icon-more\"><\/span>\n                            <\/span>\n                        <\/a>\n                        <div class=\"wp-block-cross-content-excerpt\"><p>ILCF\u30ea\u30e8\u30f3\u6821\u306e\u5916\u56fd\u8a9e\u3068\u3057\u3066\u306e\u30d5\u30e9\u30f3\u30b9\u8a9e\u30b3\u30fc\u30b9\u306e\u53d7\u8b1b\u624b\u7d9a\u304d\u3092\u3054\u6848\u5185\u3044\u305f\u3057\u307e\u3059\u3002<\/p>\n<\/div>\n                    <\/div>\n                                    <\/div>\n    <\/div>","protected":false},"excerpt":{"rendered":"<p>\u5c02\u9580\u5206\u91ce\u306e\u30d5\u30e9\u30f3\u30b9\u8a9e\u5c02\u9580\u30b3\u30fc\u30b9\u306f\u3001\u53d7\u8b1b\u8005\u304b\u3089\u306e\u3054\u8981\u671b\u3068\u53d7\u8b1b\u8005\u306e\u4eba\u6570\u306b\u5fdc\u3058\u3066\u958b\u8b1b\u3057\u307e\u3059\u3002<\/p>\n","protected":false},"author":32,"featured_media":17507,"parent":20189,"menu_order":0,"comment_status":"closed","ping_status":"closed","template":"","meta":{"_acf_changed":false,"footnotes":""},"class_list":["post-20219","page","type-page","status-publish","has-post-thumbnail","hentry"],"acf":[],"yoast_head":"<!-- This site is optimized with the Yoast SEO plugin v24.1 - https:\/\/yoast.com\/wordpress\/plugins\/seo\/ -->\n<title>\u305d\u306e\u4ed6\u306e\u30d5\u30e9\u30f3\u30b9\u8a9e\u30b3\u30fc\u30b9 Autres possibilit\u00e9s - ILCF - Institut de Langue et de Culture Fran\u00e7aises<\/title>\n<meta name=\"description\" content=\"L&#039;ILCF vous propose des cours de fran\u00e7ais sp\u00e9cialis\u00e9 selon la demande et les effectifs : m\u00e9decine, sciences et techniques ou encore diplomatie\" \/>\n<meta name=\"robots\" content=\"index, follow, max-snippet:-1, max-image-preview:large, max-video-preview:-1\" \/>\n<link rel=\"canonical\" href=\"https:\/\/www.ilcf.net\/ja\/ilcf%e3%83%aa%e3%83%a8%e3%83%b3%e6%a0%a1%e3%83%95%e3%83%a9%e3%83%b3%e3%82%b9%e8%aa%9e%e3%82%b3%e3%83%bc%e3%82%b9\/%e5%b0%82%e9%96%80%e5%88%86%e9%87%8e%e3%81%ae%e3%83%95%e3%83%a9%e3%83%b3%e3%82%b9%e8%aa%9e\/autres-possibilites\/\" \/>\n<meta property=\"og:locale\" content=\"ja_JP\" \/>\n<meta property=\"og:type\" content=\"article\" \/>\n<meta property=\"og:title\" content=\"\u305d\u306e\u4ed6\u306e\u30d5\u30e9\u30f3\u30b9\u8a9e\u30b3\u30fc\u30b9 Autres possibilit\u00e9s - ILCF - Institut de Langue et de Culture Fran\u00e7aises\" \/>\n<meta property=\"og:description\" content=\"L&#039;ILCF vous propose des cours de fran\u00e7ais sp\u00e9cialis\u00e9 selon la demande et les effectifs : m\u00e9decine, sciences et techniques ou encore diplomatie\" \/>\n<meta property=\"og:url\" content=\"https:\/\/www.ilcf.net\/ja\/ilcf%e3%83%aa%e3%83%a8%e3%83%b3%e6%a0%a1%e3%83%95%e3%83%a9%e3%83%b3%e3%82%b9%e8%aa%9e%e3%82%b3%e3%83%bc%e3%82%b9\/%e5%b0%82%e9%96%80%e5%88%86%e9%87%8e%e3%81%ae%e3%83%95%e3%83%a9%e3%83%b3%e3%82%b9%e8%aa%9e\/autres-possibilites\/\" \/>\n<meta property=\"og:site_name\" content=\"ILCF - Institut de Langue et de Culture Fran\u00e7aises\" \/>\n<meta property=\"article:modified_time\" content=\"2022-12-22T12:09:04+00:00\" \/>\n<meta property=\"og:image\" content=\"https:\/\/www.ilcf.net\/wp-content\/uploads\/sites\/20\/2020\/02\/header-francais-specialite-autres.jpg\" \/>\n\t<meta property=\"og:image:width\" content=\"1920\" \/>\n\t<meta property=\"og:image:height\" content=\"575\" \/>\n\t<meta property=\"og:image:type\" content=\"image\/jpeg\" \/>\n<meta name=\"twitter:card\" content=\"summary_large_image\" \/>\n<meta name=\"twitter:label1\" content=\"\u63a8\u5b9a\u8aad\u307f\u53d6\u308a\u6642\u9593\" \/>\n\t<meta name=\"twitter:data1\" content=\"1\u5206\" \/>\n<script type=\"application\/ld+json\" class=\"yoast-schema-graph\">{\"@context\":\"https:\/\/schema.org\",\"@graph\":[{\"@type\":\"WebPage\",\"@id\":\"https:\/\/www.ilcf.net\/ja\/ilcf%e3%83%aa%e3%83%a8%e3%83%b3%e6%a0%a1%e3%83%95%e3%83%a9%e3%83%b3%e3%82%b9%e8%aa%9e%e3%82%b3%e3%83%bc%e3%82%b9\/%e5%b0%82%e9%96%80%e5%88%86%e9%87%8e%e3%81%ae%e3%83%95%e3%83%a9%e3%83%b3%e3%82%b9%e8%aa%9e\/autres-possibilites\/\",\"url\":\"https:\/\/www.ilcf.net\/ja\/ilcf%e3%83%aa%e3%83%a8%e3%83%b3%e6%a0%a1%e3%83%95%e3%83%a9%e3%83%b3%e3%82%b9%e8%aa%9e%e3%82%b3%e3%83%bc%e3%82%b9\/%e5%b0%82%e9%96%80%e5%88%86%e9%87%8e%e3%81%ae%e3%83%95%e3%83%a9%e3%83%b3%e3%82%b9%e8%aa%9e\/autres-possibilites\/\",\"name\":\"\u305d\u306e\u4ed6\u306e\u30d5\u30e9\u30f3\u30b9\u8a9e\u30b3\u30fc\u30b9 Autres possibilit\u00e9s - ILCF - Institut de Langue et de Culture Fran\u00e7aises\",\"isPartOf\":{\"@id\":\"https:\/\/www.ilcf.net\/ja\/#website\"},\"primaryImageOfPage\":{\"@id\":\"https:\/\/www.ilcf.net\/ja\/ilcf%e3%83%aa%e3%83%a8%e3%83%b3%e6%a0%a1%e3%83%95%e3%83%a9%e3%83%b3%e3%82%b9%e8%aa%9e%e3%82%b3%e3%83%bc%e3%82%b9\/%e5%b0%82%e9%96%80%e5%88%86%e9%87%8e%e3%81%ae%e3%83%95%e3%83%a9%e3%83%b3%e3%82%b9%e8%aa%9e\/autres-possibilites\/#primaryimage\"},\"image\":{\"@id\":\"https:\/\/www.ilcf.net\/ja\/ilcf%e3%83%aa%e3%83%a8%e3%83%b3%e6%a0%a1%e3%83%95%e3%83%a9%e3%83%b3%e3%82%b9%e8%aa%9e%e3%82%b3%e3%83%bc%e3%82%b9\/%e5%b0%82%e9%96%80%e5%88%86%e9%87%8e%e3%81%ae%e3%83%95%e3%83%a9%e3%83%b3%e3%82%b9%e8%aa%9e\/autres-possibilites\/#primaryimage\"},\"thumbnailUrl\":\"https:\/\/www.ilcf.net\/wp-content\/uploads\/sites\/20\/2020\/02\/header-francais-specialite-autres.jpg\",\"datePublished\":\"2019-11-18T15:29:28+00:00\",\"dateModified\":\"2022-12-22T12:09:04+00:00\",\"description\":\"L'ILCF vous propose des cours de fran\u00e7ais sp\u00e9cialis\u00e9 selon la demande et les effectifs : m\u00e9decine, sciences et techniques ou encore diplomatie\",\"breadcrumb\":{\"@id\":\"https:\/\/www.ilcf.net\/ja\/ilcf%e3%83%aa%e3%83%a8%e3%83%b3%e6%a0%a1%e3%83%95%e3%83%a9%e3%83%b3%e3%82%b9%e8%aa%9e%e3%82%b3%e3%83%bc%e3%82%b9\/%e5%b0%82%e9%96%80%e5%88%86%e9%87%8e%e3%81%ae%e3%83%95%e3%83%a9%e3%83%b3%e3%82%b9%e8%aa%9e\/autres-possibilites\/#breadcrumb\"},\"inLanguage\":\"ja\",\"potentialAction\":[{\"@type\":\"ReadAction\",\"target\":[\"https:\/\/www.ilcf.net\/ja\/ilcf%e3%83%aa%e3%83%a8%e3%83%b3%e6%a0%a1%e3%83%95%e3%83%a9%e3%83%b3%e3%82%b9%e8%aa%9e%e3%82%b3%e3%83%bc%e3%82%b9\/%e5%b0%82%e9%96%80%e5%88%86%e9%87%8e%e3%81%ae%e3%83%95%e3%83%a9%e3%83%b3%e3%82%b9%e8%aa%9e\/autres-possibilites\/\"]}]},{\"@type\":\"ImageObject\",\"inLanguage\":\"ja\",\"@id\":\"https:\/\/www.ilcf.net\/ja\/ilcf%e3%83%aa%e3%83%a8%e3%83%b3%e6%a0%a1%e3%83%95%e3%83%a9%e3%83%b3%e3%82%b9%e8%aa%9e%e3%82%b3%e3%83%bc%e3%82%b9\/%e5%b0%82%e9%96%80%e5%88%86%e9%87%8e%e3%81%ae%e3%83%95%e3%83%a9%e3%83%b3%e3%82%b9%e8%aa%9e\/autres-possibilites\/#primaryimage\",\"url\":\"https:\/\/www.ilcf.net\/wp-content\/uploads\/sites\/20\/2020\/02\/header-francais-specialite-autres.jpg\",\"contentUrl\":\"https:\/\/www.ilcf.net\/wp-content\/uploads\/sites\/20\/2020\/02\/header-francais-specialite-autres.jpg\",\"width\":1920,\"height\":575},{\"@type\":\"BreadcrumbList\",\"@id\":\"https:\/\/www.ilcf.net\/ja\/ilcf%e3%83%aa%e3%83%a8%e3%83%b3%e6%a0%a1%e3%83%95%e3%83%a9%e3%83%b3%e3%82%b9%e8%aa%9e%e3%82%b3%e3%83%bc%e3%82%b9\/%e5%b0%82%e9%96%80%e5%88%86%e9%87%8e%e3%81%ae%e3%83%95%e3%83%a9%e3%83%b3%e3%82%b9%e8%aa%9e\/autres-possibilites\/#breadcrumb\",\"itemListElement\":[{\"@type\":\"ListItem\",\"position\":1,\"name\":\"Accueil\",\"item\":\"https:\/\/www.ilcf.net\/ja\/\"},{\"@type\":\"ListItem\",\"position\":2,\"name\":\"ILCF\u30ea\u30e8\u30f3\u6821\u30d5\u30e9\u30f3\u30b9\u8a9e\u30b3\u30fc\u30b9 NOS PROGRAMMES\",\"item\":\"https:\/\/www.ilcf.net\/ja\/ilcf%e3%83%aa%e3%83%a8%e3%83%b3%e6%a0%a1%e3%83%95%e3%83%a9%e3%83%b3%e3%82%b9%e8%aa%9e%e3%82%b3%e3%83%bc%e3%82%b9\/\"},{\"@type\":\"ListItem\",\"position\":3,\"name\":\"\u5c02\u9580\u5206\u91ce\u306e\u30d5\u30e9\u30f3\u30b9\u8a9e Fran\u00e7ais de sp\u00e9cialit\u00e9\",\"item\":\"https:\/\/www.ilcf.net\/ja\/ilcf%e3%83%aa%e3%83%a8%e3%83%b3%e6%a0%a1%e3%83%95%e3%83%a9%e3%83%b3%e3%82%b9%e8%aa%9e%e3%82%b3%e3%83%bc%e3%82%b9\/%e5%b0%82%e9%96%80%e5%88%86%e9%87%8e%e3%81%ae%e3%83%95%e3%83%a9%e3%83%b3%e3%82%b9%e8%aa%9e\/\"},{\"@type\":\"ListItem\",\"position\":4,\"name\":\"\u305d\u306e\u4ed6\u306e\u30d5\u30e9\u30f3\u30b9\u8a9e\u30b3\u30fc\u30b9 Autres possibilit\u00e9s\"}]},{\"@type\":\"WebSite\",\"@id\":\"https:\/\/www.ilcf.net\/ja\/#website\",\"url\":\"https:\/\/www.ilcf.net\/ja\/\",\"name\":\"ILCF - Institut de Langue et de Culture Fran\u00e7aises\",\"description\":\"ILCF - Institut de Langue et de Culture Fran\u00e7aises\",\"publisher\":{\"@id\":\"https:\/\/www.ilcf.net\/ja\/#organization\"},\"potentialAction\":[{\"@type\":\"SearchAction\",\"target\":{\"@type\":\"EntryPoint\",\"urlTemplate\":\"https:\/\/www.ilcf.net\/ja\/?s={search_term_string}\"},\"query-input\":{\"@type\":\"PropertyValueSpecification\",\"valueRequired\":true,\"valueName\":\"search_term_string\"}}],\"inLanguage\":\"ja\"},{\"@type\":\"Organization\",\"@id\":\"https:\/\/www.ilcf.net\/ja\/#organization\",\"name\":\"ILCF - Institut de Langue et de Culture Fran\u00e7aises\",\"url\":\"https:\/\/www.ilcf.net\/ja\/\",\"logo\":{\"@type\":\"ImageObject\",\"inLanguage\":\"ja\",\"@id\":\"https:\/\/www.ilcf.net\/ja\/#\/schema\/logo\/image\/\",\"url\":\"https:\/\/www.ilcf.net\/wp-content\/uploads\/sites\/20\/2019\/11\/ilcf_logo.svg\",\"contentUrl\":\"https:\/\/www.ilcf.net\/wp-content\/uploads\/sites\/20\/2019\/11\/ilcf_logo.svg\",\"caption\":\"ILCF - Institut de Langue et de Culture Fran\u00e7aises\"},\"image\":{\"@id\":\"https:\/\/www.ilcf.net\/ja\/#\/schema\/logo\/image\/\"}}]}<\/script>\n<!-- \/ Yoast SEO plugin. -->","yoast_head_json":{"title":"\u305d\u306e\u4ed6\u306e\u30d5\u30e9\u30f3\u30b9\u8a9e\u30b3\u30fc\u30b9 Autres possibilit\u00e9s - ILCF - Institut de Langue et de Culture Fran\u00e7aises","description":"L'ILCF vous propose des cours de fran\u00e7ais sp\u00e9cialis\u00e9 selon la demande et les effectifs : m\u00e9decine, sciences et techniques ou encore diplomatie","robots":{"index":"index","follow":"follow","max-snippet":"max-snippet:-1","max-image-preview":"max-image-preview:large","max-video-preview":"max-video-preview:-1"},"canonical":"https:\/\/www.ilcf.net\/ja\/ilcf%e3%83%aa%e3%83%a8%e3%83%b3%e6%a0%a1%e3%83%95%e3%83%a9%e3%83%b3%e3%82%b9%e8%aa%9e%e3%82%b3%e3%83%bc%e3%82%b9\/%e5%b0%82%e9%96%80%e5%88%86%e9%87%8e%e3%81%ae%e3%83%95%e3%83%a9%e3%83%b3%e3%82%b9%e8%aa%9e\/autres-possibilites\/","og_locale":"ja_JP","og_type":"article","og_title":"\u305d\u306e\u4ed6\u306e\u30d5\u30e9\u30f3\u30b9\u8a9e\u30b3\u30fc\u30b9 Autres possibilit\u00e9s - ILCF - Institut de Langue et de Culture Fran\u00e7aises","og_description":"L'ILCF vous propose des cours de fran\u00e7ais sp\u00e9cialis\u00e9 selon la demande et les effectifs : m\u00e9decine, sciences et techniques ou encore diplomatie","og_url":"https:\/\/www.ilcf.net\/ja\/ilcf%e3%83%aa%e3%83%a8%e3%83%b3%e6%a0%a1%e3%83%95%e3%83%a9%e3%83%b3%e3%82%b9%e8%aa%9e%e3%82%b3%e3%83%bc%e3%82%b9\/%e5%b0%82%e9%96%80%e5%88%86%e9%87%8e%e3%81%ae%e3%83%95%e3%83%a9%e3%83%b3%e3%82%b9%e8%aa%9e\/autres-possibilites\/","og_site_name":"ILCF - Institut de Langue et de Culture Fran\u00e7aises","article_modified_time":"2022-12-22T12:09:04+00:00","og_image":[{"width":1920,"height":575,"url":"https:\/\/www.ilcf.net\/wp-content\/uploads\/sites\/20\/2020\/02\/header-francais-specialite-autres.jpg","type":"image\/jpeg"}],"twitter_card":"summary_large_image","twitter_misc":{"\u63a8\u5b9a\u8aad\u307f\u53d6\u308a\u6642\u9593":"1\u5206"},"schema":{"@context":"https:\/\/schema.org","@graph":[{"@type":"WebPage","@id":"https:\/\/www.ilcf.net\/ja\/ilcf%e3%83%aa%e3%83%a8%e3%83%b3%e6%a0%a1%e3%83%95%e3%83%a9%e3%83%b3%e3%82%b9%e8%aa%9e%e3%82%b3%e3%83%bc%e3%82%b9\/%e5%b0%82%e9%96%80%e5%88%86%e9%87%8e%e3%81%ae%e3%83%95%e3%83%a9%e3%83%b3%e3%82%b9%e8%aa%9e\/autres-possibilites\/","url":"https:\/\/www.ilcf.net\/ja\/ilcf%e3%83%aa%e3%83%a8%e3%83%b3%e6%a0%a1%e3%83%95%e3%83%a9%e3%83%b3%e3%82%b9%e8%aa%9e%e3%82%b3%e3%83%bc%e3%82%b9\/%e5%b0%82%e9%96%80%e5%88%86%e9%87%8e%e3%81%ae%e3%83%95%e3%83%a9%e3%83%b3%e3%82%b9%e8%aa%9e\/autres-possibilites\/","name":"\u305d\u306e\u4ed6\u306e\u30d5\u30e9\u30f3\u30b9\u8a9e\u30b3\u30fc\u30b9 Autres possibilit\u00e9s - ILCF - Institut de Langue et de Culture Fran\u00e7aises","isPartOf":{"@id":"https:\/\/www.ilcf.net\/ja\/#website"},"primaryImageOfPage":{"@id":"https:\/\/www.ilcf.net\/ja\/ilcf%e3%83%aa%e3%83%a8%e3%83%b3%e6%a0%a1%e3%83%95%e3%83%a9%e3%83%b3%e3%82%b9%e8%aa%9e%e3%82%b3%e3%83%bc%e3%82%b9\/%e5%b0%82%e9%96%80%e5%88%86%e9%87%8e%e3%81%ae%e3%83%95%e3%83%a9%e3%83%b3%e3%82%b9%e8%aa%9e\/autres-possibilites\/#primaryimage"},"image":{"@id":"https:\/\/www.ilcf.net\/ja\/ilcf%e3%83%aa%e3%83%a8%e3%83%b3%e6%a0%a1%e3%83%95%e3%83%a9%e3%83%b3%e3%82%b9%e8%aa%9e%e3%82%b3%e3%83%bc%e3%82%b9\/%e5%b0%82%e9%96%80%e5%88%86%e9%87%8e%e3%81%ae%e3%83%95%e3%83%a9%e3%83%b3%e3%82%b9%e8%aa%9e\/autres-possibilites\/#primaryimage"},"thumbnailUrl":"https:\/\/www.ilcf.net\/wp-content\/uploads\/sites\/20\/2020\/02\/header-francais-specialite-autres.jpg","datePublished":"2019-11-18T15:29:28+00:00","dateModified":"2022-12-22T12:09:04+00:00","description":"L'ILCF vous propose des cours de fran\u00e7ais sp\u00e9cialis\u00e9 selon la demande et les effectifs : m\u00e9decine, sciences et techniques ou encore diplomatie","breadcrumb":{"@id":"https:\/\/www.ilcf.net\/ja\/ilcf%e3%83%aa%e3%83%a8%e3%83%b3%e6%a0%a1%e3%83%95%e3%83%a9%e3%83%b3%e3%82%b9%e8%aa%9e%e3%82%b3%e3%83%bc%e3%82%b9\/%e5%b0%82%e9%96%80%e5%88%86%e9%87%8e%e3%81%ae%e3%83%95%e3%83%a9%e3%83%b3%e3%82%b9%e8%aa%9e\/autres-possibilites\/#breadcrumb"},"inLanguage":"ja","potentialAction":[{"@type":"ReadAction","target":["https:\/\/www.ilcf.net\/ja\/ilcf%e3%83%aa%e3%83%a8%e3%83%b3%e6%a0%a1%e3%83%95%e3%83%a9%e3%83%b3%e3%82%b9%e8%aa%9e%e3%82%b3%e3%83%bc%e3%82%b9\/%e5%b0%82%e9%96%80%e5%88%86%e9%87%8e%e3%81%ae%e3%83%95%e3%83%a9%e3%83%b3%e3%82%b9%e8%aa%9e\/autres-possibilites\/"]}]},{"@type":"ImageObject","inLanguage":"ja","@id":"https:\/\/www.ilcf.net\/ja\/ilcf%e3%83%aa%e3%83%a8%e3%83%b3%e6%a0%a1%e3%83%95%e3%83%a9%e3%83%b3%e3%82%b9%e8%aa%9e%e3%82%b3%e3%83%bc%e3%82%b9\/%e5%b0%82%e9%96%80%e5%88%86%e9%87%8e%e3%81%ae%e3%83%95%e3%83%a9%e3%83%b3%e3%82%b9%e8%aa%9e\/autres-possibilites\/#primaryimage","url":"https:\/\/www.ilcf.net\/wp-content\/uploads\/sites\/20\/2020\/02\/header-francais-specialite-autres.jpg","contentUrl":"https:\/\/www.ilcf.net\/wp-content\/uploads\/sites\/20\/2020\/02\/header-francais-specialite-autres.jpg","width":1920,"height":575},{"@type":"BreadcrumbList","@id":"https:\/\/www.ilcf.net\/ja\/ilcf%e3%83%aa%e3%83%a8%e3%83%b3%e6%a0%a1%e3%83%95%e3%83%a9%e3%83%b3%e3%82%b9%e8%aa%9e%e3%82%b3%e3%83%bc%e3%82%b9\/%e5%b0%82%e9%96%80%e5%88%86%e9%87%8e%e3%81%ae%e3%83%95%e3%83%a9%e3%83%b3%e3%82%b9%e8%aa%9e\/autres-possibilites\/#breadcrumb","itemListElement":[{"@type":"ListItem","position":1,"name":"Accueil","item":"https:\/\/www.ilcf.net\/ja\/"},{"@type":"ListItem","position":2,"name":"ILCF\u30ea\u30e8\u30f3\u6821\u30d5\u30e9\u30f3\u30b9\u8a9e\u30b3\u30fc\u30b9 NOS PROGRAMMES","item":"https:\/\/www.ilcf.net\/ja\/ilcf%e3%83%aa%e3%83%a8%e3%83%b3%e6%a0%a1%e3%83%95%e3%83%a9%e3%83%b3%e3%82%b9%e8%aa%9e%e3%82%b3%e3%83%bc%e3%82%b9\/"},{"@type":"ListItem","position":3,"name":"\u5c02\u9580\u5206\u91ce\u306e\u30d5\u30e9\u30f3\u30b9\u8a9e Fran\u00e7ais de sp\u00e9cialit\u00e9","item":"https:\/\/www.ilcf.net\/ja\/ilcf%e3%83%aa%e3%83%a8%e3%83%b3%e6%a0%a1%e3%83%95%e3%83%a9%e3%83%b3%e3%82%b9%e8%aa%9e%e3%82%b3%e3%83%bc%e3%82%b9\/%e5%b0%82%e9%96%80%e5%88%86%e9%87%8e%e3%81%ae%e3%83%95%e3%83%a9%e3%83%b3%e3%82%b9%e8%aa%9e\/"},{"@type":"ListItem","position":4,"name":"\u305d\u306e\u4ed6\u306e\u30d5\u30e9\u30f3\u30b9\u8a9e\u30b3\u30fc\u30b9 Autres possibilit\u00e9s"}]},{"@type":"WebSite","@id":"https:\/\/www.ilcf.net\/ja\/#website","url":"https:\/\/www.ilcf.net\/ja\/","name":"ILCF - Institut de Langue et de Culture Fran\u00e7aises","description":"ILCF - Institut de Langue et de Culture Fran\u00e7aises","publisher":{"@id":"https:\/\/www.ilcf.net\/ja\/#organization"},"potentialAction":[{"@type":"SearchAction","target":{"@type":"EntryPoint","urlTemplate":"https:\/\/www.ilcf.net\/ja\/?s={search_term_string}"},"query-input":{"@type":"PropertyValueSpecification","valueRequired":true,"valueName":"search_term_string"}}],"inLanguage":"ja"},{"@type":"Organization","@id":"https:\/\/www.ilcf.net\/ja\/#organization","name":"ILCF - Institut de Langue et de Culture Fran\u00e7aises","url":"https:\/\/www.ilcf.net\/ja\/","logo":{"@type":"ImageObject","inLanguage":"ja","@id":"https:\/\/www.ilcf.net\/ja\/#\/schema\/logo\/image\/","url":"https:\/\/www.ilcf.net\/wp-content\/uploads\/sites\/20\/2019\/11\/ilcf_logo.svg","contentUrl":"https:\/\/www.ilcf.net\/wp-content\/uploads\/sites\/20\/2019\/11\/ilcf_logo.svg","caption":"ILCF - Institut de Langue et de Culture Fran\u00e7aises"},"image":{"@id":"https:\/\/www.ilcf.net\/ja\/#\/schema\/logo\/image\/"}}]}},"_links":{"self":[{"href":"https:\/\/www.ilcf.net\/ja\/wp-json\/wp\/v2\/pages\/20219","targetHints":{"allow":["GET"]}}],"collection":[{"href":"https:\/\/www.ilcf.net\/ja\/wp-json\/wp\/v2\/pages"}],"about":[{"href":"https:\/\/www.ilcf.net\/ja\/wp-json\/wp\/v2\/types\/page"}],"author":[{"embeddable":true,"href":"https:\/\/www.ilcf.net\/ja\/wp-json\/wp\/v2\/users\/32"}],"replies":[{"embeddable":true,"href":"https:\/\/www.ilcf.net\/ja\/wp-json\/wp\/v2\/comments?post=20219"}],"version-history":[{"count":7,"href":"https:\/\/www.ilcf.net\/ja\/wp-json\/wp\/v2\/pages\/20219\/revisions"}],"predecessor-version":[{"id":20671,"href":"https:\/\/www.ilcf.net\/ja\/wp-json\/wp\/v2\/pages\/20219\/revisions\/20671"}],"up":[{"embeddable":true,"href":"https:\/\/www.ilcf.net\/ja\/wp-json\/wp\/v2\/pages\/20189"}],"wp:featuredmedia":[{"embeddable":true,"href":"https:\/\/www.ilcf.net\/ja\/wp-json\/wp\/v2\/media\/17507"}],"wp:attachment":[{"href":"https:\/\/www.ilcf.net\/ja\/wp-json\/wp\/v2\/media?parent=20219"}],"curies":[{"name":"wp","href":"https:\/\/api.w.org\/{rel}","templated":true}]}}