{"id":20189,"date":"2019-11-13T16:34:41","date_gmt":"2019-11-13T15:34:41","guid":{"rendered":"https:\/\/www.ilcf.net\/%e3%83%95%e3%83%a9%e3%83%b3%e3%82%b9%e8%aa%9e%e3%82%b3%e3%83%bc%e3%82%b9\/francais-de-specialite\/"},"modified":"2022-12-22T10:24:43","modified_gmt":"2022-12-22T09:24:43","slug":"%e5%b0%82%e9%96%80%e5%88%86%e9%87%8e%e3%81%ae%e3%83%95%e3%83%a9%e3%83%b3%e3%82%b9%e8%aa%9e","status":"publish","type":"page","link":"https:\/\/www.ilcf.net\/ja\/ilcf%e3%83%aa%e3%83%a8%e3%83%b3%e6%a0%a1%e3%83%95%e3%83%a9%e3%83%b3%e3%82%b9%e8%aa%9e%e3%82%b3%e3%83%bc%e3%82%b9\/%e5%b0%82%e9%96%80%e5%88%86%e9%87%8e%e3%81%ae%e3%83%95%e3%83%a9%e3%83%b3%e3%82%b9%e8%aa%9e\/","title":{"rendered":"\u5c02\u9580\u5206\u91ce\u306e\u30d5\u30e9\u30f3\u30b9\u8a9e Fran\u00e7ais de sp\u00e9cialit\u00e9"},"content":{"rendered":"","protected":false},"excerpt":{"rendered":"","protected":false},"author":32,"featured_media":17504,"parent":20015,"menu_order":3,"comment_status":"closed","ping_status":"closed","template":"tpl-model\/model-mosaic.php","meta":{"_acf_changed":false,"footnotes":""},"class_list":["post-20189","page","type-page","status-publish","has-post-thumbnail","hentry"],"acf":[],"yoast_head":"<!-- This site is optimized with the Yoast SEO plugin v24.1 - https:\/\/yoast.com\/wordpress\/plugins\/seo\/ -->\n<title>\u5c02\u9580\u5206\u91ce\u306e\u30d5\u30e9\u30f3\u30b9\u8a9e Fran\u00e7ais de sp\u00e9cialit\u00e9 - ILCF - Institut de Langue et de Culture Fran\u00e7aises<\/title>\n<meta name=\"description\" content=\"L\u2019ILCF adapte des programmes sp\u00e9cialis\u00e9s dans divers domaines : les Arts, le monde du travail et de l\u2019Universit\u00e9 et la pr\u00e9paration aux examens\" \/>\n<meta name=\"robots\" content=\"index, follow, max-snippet:-1, max-image-preview:large, max-video-preview:-1\" \/>\n<link rel=\"canonical\" href=\"https:\/\/www.ilcf.net\/ja\/ilcf%e3%83%aa%e3%83%a8%e3%83%b3%e6%a0%a1%e3%83%95%e3%83%a9%e3%83%b3%e3%82%b9%e8%aa%9e%e3%82%b3%e3%83%bc%e3%82%b9\/%e5%b0%82%e9%96%80%e5%88%86%e9%87%8e%e3%81%ae%e3%83%95%e3%83%a9%e3%83%b3%e3%82%b9%e8%aa%9e\/\" \/>\n<meta property=\"og:locale\" content=\"ja_JP\" \/>\n<meta property=\"og:type\" content=\"article\" \/>\n<meta property=\"og:title\" content=\"\u5c02\u9580\u5206\u91ce\u306e\u30d5\u30e9\u30f3\u30b9\u8a9e Fran\u00e7ais de sp\u00e9cialit\u00e9 - ILCF - Institut de Langue et de Culture Fran\u00e7aises\" \/>\n<meta property=\"og:description\" content=\"L\u2019ILCF adapte des programmes sp\u00e9cialis\u00e9s dans divers domaines : les Arts, le monde du travail et de l\u2019Universit\u00e9 et la pr\u00e9paration aux examens\" \/>\n<meta property=\"og:url\" content=\"https:\/\/www.ilcf.net\/ja\/ilcf%e3%83%aa%e3%83%a8%e3%83%b3%e6%a0%a1%e3%83%95%e3%83%a9%e3%83%b3%e3%82%b9%e8%aa%9e%e3%82%b3%e3%83%bc%e3%82%b9\/%e5%b0%82%e9%96%80%e5%88%86%e9%87%8e%e3%81%ae%e3%83%95%e3%83%a9%e3%83%b3%e3%82%b9%e8%aa%9e\/\" \/>\n<meta property=\"og:site_name\" content=\"ILCF - Institut de Langue et de Culture Fran\u00e7aises\" \/>\n<meta property=\"article:modified_time\" content=\"2022-12-22T09:24:43+00:00\" \/>\n<meta property=\"og:image\" content=\"https:\/\/www.ilcf.net\/wp-content\/uploads\/sites\/20\/2020\/02\/header-prepa-iep.jpg\" \/>\n\t<meta property=\"og:image:width\" content=\"1920\" \/>\n\t<meta property=\"og:image:height\" content=\"575\" \/>\n\t<meta property=\"og:image:type\" content=\"image\/jpeg\" \/>\n<meta name=\"twitter:card\" content=\"summary_large_image\" \/>\n<script type=\"application\/ld+json\" class=\"yoast-schema-graph\">{\"@context\":\"https:\/\/schema.org\",\"@graph\":[{\"@type\":\"WebPage\",\"@id\":\"https:\/\/www.ilcf.net\/ja\/ilcf%e3%83%aa%e3%83%a8%e3%83%b3%e6%a0%a1%e3%83%95%e3%83%a9%e3%83%b3%e3%82%b9%e8%aa%9e%e3%82%b3%e3%83%bc%e3%82%b9\/%e5%b0%82%e9%96%80%e5%88%86%e9%87%8e%e3%81%ae%e3%83%95%e3%83%a9%e3%83%b3%e3%82%b9%e8%aa%9e\/\",\"url\":\"https:\/\/www.ilcf.net\/ja\/ilcf%e3%83%aa%e3%83%a8%e3%83%b3%e6%a0%a1%e3%83%95%e3%83%a9%e3%83%b3%e3%82%b9%e8%aa%9e%e3%82%b3%e3%83%bc%e3%82%b9\/%e5%b0%82%e9%96%80%e5%88%86%e9%87%8e%e3%81%ae%e3%83%95%e3%83%a9%e3%83%b3%e3%82%b9%e8%aa%9e\/\",\"name\":\"\u5c02\u9580\u5206\u91ce\u306e\u30d5\u30e9\u30f3\u30b9\u8a9e Fran\u00e7ais de sp\u00e9cialit\u00e9 - ILCF - Institut de Langue et de Culture Fran\u00e7aises\",\"isPartOf\":{\"@id\":\"https:\/\/www.ilcf.net\/ja\/#website\"},\"primaryImageOfPage\":{\"@id\":\"https:\/\/www.ilcf.net\/ja\/ilcf%e3%83%aa%e3%83%a8%e3%83%b3%e6%a0%a1%e3%83%95%e3%83%a9%e3%83%b3%e3%82%b9%e8%aa%9e%e3%82%b3%e3%83%bc%e3%82%b9\/%e5%b0%82%e9%96%80%e5%88%86%e9%87%8e%e3%81%ae%e3%83%95%e3%83%a9%e3%83%b3%e3%82%b9%e8%aa%9e\/#primaryimage\"},\"image\":{\"@id\":\"https:\/\/www.ilcf.net\/ja\/ilcf%e3%83%aa%e3%83%a8%e3%83%b3%e6%a0%a1%e3%83%95%e3%83%a9%e3%83%b3%e3%82%b9%e8%aa%9e%e3%82%b3%e3%83%bc%e3%82%b9\/%e5%b0%82%e9%96%80%e5%88%86%e9%87%8e%e3%81%ae%e3%83%95%e3%83%a9%e3%83%b3%e3%82%b9%e8%aa%9e\/#primaryimage\"},\"thumbnailUrl\":\"https:\/\/www.ilcf.net\/wp-content\/uploads\/sites\/20\/2020\/02\/header-prepa-iep.jpg\",\"datePublished\":\"2019-11-13T15:34:41+00:00\",\"dateModified\":\"2022-12-22T09:24:43+00:00\",\"description\":\"L\u2019ILCF adapte des programmes sp\u00e9cialis\u00e9s dans divers domaines : les Arts, le monde du travail et de l\u2019Universit\u00e9 et la pr\u00e9paration aux examens\",\"breadcrumb\":{\"@id\":\"https:\/\/www.ilcf.net\/ja\/ilcf%e3%83%aa%e3%83%a8%e3%83%b3%e6%a0%a1%e3%83%95%e3%83%a9%e3%83%b3%e3%82%b9%e8%aa%9e%e3%82%b3%e3%83%bc%e3%82%b9\/%e5%b0%82%e9%96%80%e5%88%86%e9%87%8e%e3%81%ae%e3%83%95%e3%83%a9%e3%83%b3%e3%82%b9%e8%aa%9e\/#breadcrumb\"},\"inLanguage\":\"ja\",\"potentialAction\":[{\"@type\":\"ReadAction\",\"target\":[\"https:\/\/www.ilcf.net\/ja\/ilcf%e3%83%aa%e3%83%a8%e3%83%b3%e6%a0%a1%e3%83%95%e3%83%a9%e3%83%b3%e3%82%b9%e8%aa%9e%e3%82%b3%e3%83%bc%e3%82%b9\/%e5%b0%82%e9%96%80%e5%88%86%e9%87%8e%e3%81%ae%e3%83%95%e3%83%a9%e3%83%b3%e3%82%b9%e8%aa%9e\/\"]}]},{\"@type\":\"ImageObject\",\"inLanguage\":\"ja\",\"@id\":\"https:\/\/www.ilcf.net\/ja\/ilcf%e3%83%aa%e3%83%a8%e3%83%b3%e6%a0%a1%e3%83%95%e3%83%a9%e3%83%b3%e3%82%b9%e8%aa%9e%e3%82%b3%e3%83%bc%e3%82%b9\/%e5%b0%82%e9%96%80%e5%88%86%e9%87%8e%e3%81%ae%e3%83%95%e3%83%a9%e3%83%b3%e3%82%b9%e8%aa%9e\/#primaryimage\",\"url\":\"https:\/\/www.ilcf.net\/wp-content\/uploads\/sites\/20\/2020\/02\/header-prepa-iep.jpg\",\"contentUrl\":\"https:\/\/www.ilcf.net\/wp-content\/uploads\/sites\/20\/2020\/02\/header-prepa-iep.jpg\",\"width\":1920,\"height\":575},{\"@type\":\"BreadcrumbList\",\"@id\":\"https:\/\/www.ilcf.net\/ja\/ilcf%e3%83%aa%e3%83%a8%e3%83%b3%e6%a0%a1%e3%83%95%e3%83%a9%e3%83%b3%e3%82%b9%e8%aa%9e%e3%82%b3%e3%83%bc%e3%82%b9\/%e5%b0%82%e9%96%80%e5%88%86%e9%87%8e%e3%81%ae%e3%83%95%e3%83%a9%e3%83%b3%e3%82%b9%e8%aa%9e\/#breadcrumb\",\"itemListElement\":[{\"@type\":\"ListItem\",\"position\":1,\"name\":\"Accueil\",\"item\":\"https:\/\/www.ilcf.net\/ja\/\"},{\"@type\":\"ListItem\",\"position\":2,\"name\":\"ILCF\u30ea\u30e8\u30f3\u6821\u30d5\u30e9\u30f3\u30b9\u8a9e\u30b3\u30fc\u30b9 NOS PROGRAMMES\",\"item\":\"https:\/\/www.ilcf.net\/ja\/ilcf%e3%83%aa%e3%83%a8%e3%83%b3%e6%a0%a1%e3%83%95%e3%83%a9%e3%83%b3%e3%82%b9%e8%aa%9e%e3%82%b3%e3%83%bc%e3%82%b9\/\"},{\"@type\":\"ListItem\",\"position\":3,\"name\":\"\u5c02\u9580\u5206\u91ce\u306e\u30d5\u30e9\u30f3\u30b9\u8a9e Fran\u00e7ais de sp\u00e9cialit\u00e9\"}]},{\"@type\":\"WebSite\",\"@id\":\"https:\/\/www.ilcf.net\/ja\/#website\",\"url\":\"https:\/\/www.ilcf.net\/ja\/\",\"name\":\"ILCF - Institut de Langue et de Culture Fran\u00e7aises\",\"description\":\"ILCF - Institut de Langue et de Culture Fran\u00e7aises\",\"publisher\":{\"@id\":\"https:\/\/www.ilcf.net\/ja\/#organization\"},\"potentialAction\":[{\"@type\":\"SearchAction\",\"target\":{\"@type\":\"EntryPoint\",\"urlTemplate\":\"https:\/\/www.ilcf.net\/ja\/?s={search_term_string}\"},\"query-input\":{\"@type\":\"PropertyValueSpecification\",\"valueRequired\":true,\"valueName\":\"search_term_string\"}}],\"inLanguage\":\"ja\"},{\"@type\":\"Organization\",\"@id\":\"https:\/\/www.ilcf.net\/ja\/#organization\",\"name\":\"ILCF - Institut de Langue et de Culture Fran\u00e7aises\",\"url\":\"https:\/\/www.ilcf.net\/ja\/\",\"logo\":{\"@type\":\"ImageObject\",\"inLanguage\":\"ja\",\"@id\":\"https:\/\/www.ilcf.net\/ja\/#\/schema\/logo\/image\/\",\"url\":\"https:\/\/www.ilcf.net\/wp-content\/uploads\/sites\/20\/2019\/11\/ilcf_logo.svg\",\"contentUrl\":\"https:\/\/www.ilcf.net\/wp-content\/uploads\/sites\/20\/2019\/11\/ilcf_logo.svg\",\"caption\":\"ILCF - Institut de Langue et de Culture Fran\u00e7aises\"},\"image\":{\"@id\":\"https:\/\/www.ilcf.net\/ja\/#\/schema\/logo\/image\/\"}}]}<\/script>\n<!-- \/ Yoast SEO plugin. -->","yoast_head_json":{"title":"\u5c02\u9580\u5206\u91ce\u306e\u30d5\u30e9\u30f3\u30b9\u8a9e Fran\u00e7ais de sp\u00e9cialit\u00e9 - ILCF - Institut de Langue et de Culture Fran\u00e7aises","description":"L\u2019ILCF adapte des programmes sp\u00e9cialis\u00e9s dans divers domaines : les Arts, le monde du travail et de l\u2019Universit\u00e9 et la pr\u00e9paration aux examens","robots":{"index":"index","follow":"follow","max-snippet":"max-snippet:-1","max-image-preview":"max-image-preview:large","max-video-preview":"max-video-preview:-1"},"canonical":"https:\/\/www.ilcf.net\/ja\/ilcf%e3%83%aa%e3%83%a8%e3%83%b3%e6%a0%a1%e3%83%95%e3%83%a9%e3%83%b3%e3%82%b9%e8%aa%9e%e3%82%b3%e3%83%bc%e3%82%b9\/%e5%b0%82%e9%96%80%e5%88%86%e9%87%8e%e3%81%ae%e3%83%95%e3%83%a9%e3%83%b3%e3%82%b9%e8%aa%9e\/","og_locale":"ja_JP","og_type":"article","og_title":"\u5c02\u9580\u5206\u91ce\u306e\u30d5\u30e9\u30f3\u30b9\u8a9e Fran\u00e7ais de sp\u00e9cialit\u00e9 - ILCF - Institut de Langue et de Culture Fran\u00e7aises","og_description":"L\u2019ILCF adapte des programmes sp\u00e9cialis\u00e9s dans divers domaines : les Arts, le monde du travail et de l\u2019Universit\u00e9 et la pr\u00e9paration aux examens","og_url":"https:\/\/www.ilcf.net\/ja\/ilcf%e3%83%aa%e3%83%a8%e3%83%b3%e6%a0%a1%e3%83%95%e3%83%a9%e3%83%b3%e3%82%b9%e8%aa%9e%e3%82%b3%e3%83%bc%e3%82%b9\/%e5%b0%82%e9%96%80%e5%88%86%e9%87%8e%e3%81%ae%e3%83%95%e3%83%a9%e3%83%b3%e3%82%b9%e8%aa%9e\/","og_site_name":"ILCF - Institut de Langue et de Culture Fran\u00e7aises","article_modified_time":"2022-12-22T09:24:43+00:00","og_image":[{"width":1920,"height":575,"url":"https:\/\/www.ilcf.net\/wp-content\/uploads\/sites\/20\/2020\/02\/header-prepa-iep.jpg","type":"image\/jpeg"}],"twitter_card":"summary_large_image","schema":{"@context":"https:\/\/schema.org","@graph":[{"@type":"WebPage","@id":"https:\/\/www.ilcf.net\/ja\/ilcf%e3%83%aa%e3%83%a8%e3%83%b3%e6%a0%a1%e3%83%95%e3%83%a9%e3%83%b3%e3%82%b9%e8%aa%9e%e3%82%b3%e3%83%bc%e3%82%b9\/%e5%b0%82%e9%96%80%e5%88%86%e9%87%8e%e3%81%ae%e3%83%95%e3%83%a9%e3%83%b3%e3%82%b9%e8%aa%9e\/","url":"https:\/\/www.ilcf.net\/ja\/ilcf%e3%83%aa%e3%83%a8%e3%83%b3%e6%a0%a1%e3%83%95%e3%83%a9%e3%83%b3%e3%82%b9%e8%aa%9e%e3%82%b3%e3%83%bc%e3%82%b9\/%e5%b0%82%e9%96%80%e5%88%86%e9%87%8e%e3%81%ae%e3%83%95%e3%83%a9%e3%83%b3%e3%82%b9%e8%aa%9e\/","name":"\u5c02\u9580\u5206\u91ce\u306e\u30d5\u30e9\u30f3\u30b9\u8a9e Fran\u00e7ais de sp\u00e9cialit\u00e9 - ILCF - Institut de Langue et de Culture Fran\u00e7aises","isPartOf":{"@id":"https:\/\/www.ilcf.net\/ja\/#website"},"primaryImageOfPage":{"@id":"https:\/\/www.ilcf.net\/ja\/ilcf%e3%83%aa%e3%83%a8%e3%83%b3%e6%a0%a1%e3%83%95%e3%83%a9%e3%83%b3%e3%82%b9%e8%aa%9e%e3%82%b3%e3%83%bc%e3%82%b9\/%e5%b0%82%e9%96%80%e5%88%86%e9%87%8e%e3%81%ae%e3%83%95%e3%83%a9%e3%83%b3%e3%82%b9%e8%aa%9e\/#primaryimage"},"image":{"@id":"https:\/\/www.ilcf.net\/ja\/ilcf%e3%83%aa%e3%83%a8%e3%83%b3%e6%a0%a1%e3%83%95%e3%83%a9%e3%83%b3%e3%82%b9%e8%aa%9e%e3%82%b3%e3%83%bc%e3%82%b9\/%e5%b0%82%e9%96%80%e5%88%86%e9%87%8e%e3%81%ae%e3%83%95%e3%83%a9%e3%83%b3%e3%82%b9%e8%aa%9e\/#primaryimage"},"thumbnailUrl":"https:\/\/www.ilcf.net\/wp-content\/uploads\/sites\/20\/2020\/02\/header-prepa-iep.jpg","datePublished":"2019-11-13T15:34:41+00:00","dateModified":"2022-12-22T09:24:43+00:00","description":"L\u2019ILCF adapte des programmes sp\u00e9cialis\u00e9s dans divers domaines : les Arts, le monde du travail et de l\u2019Universit\u00e9 et la pr\u00e9paration aux examens","breadcrumb":{"@id":"https:\/\/www.ilcf.net\/ja\/ilcf%e3%83%aa%e3%83%a8%e3%83%b3%e6%a0%a1%e3%83%95%e3%83%a9%e3%83%b3%e3%82%b9%e8%aa%9e%e3%82%b3%e3%83%bc%e3%82%b9\/%e5%b0%82%e9%96%80%e5%88%86%e9%87%8e%e3%81%ae%e3%83%95%e3%83%a9%e3%83%b3%e3%82%b9%e8%aa%9e\/#breadcrumb"},"inLanguage":"ja","potentialAction":[{"@type":"ReadAction","target":["https:\/\/www.ilcf.net\/ja\/ilcf%e3%83%aa%e3%83%a8%e3%83%b3%e6%a0%a1%e3%83%95%e3%83%a9%e3%83%b3%e3%82%b9%e8%aa%9e%e3%82%b3%e3%83%bc%e3%82%b9\/%e5%b0%82%e9%96%80%e5%88%86%e9%87%8e%e3%81%ae%e3%83%95%e3%83%a9%e3%83%b3%e3%82%b9%e8%aa%9e\/"]}]},{"@type":"ImageObject","inLanguage":"ja","@id":"https:\/\/www.ilcf.net\/ja\/ilcf%e3%83%aa%e3%83%a8%e3%83%b3%e6%a0%a1%e3%83%95%e3%83%a9%e3%83%b3%e3%82%b9%e8%aa%9e%e3%82%b3%e3%83%bc%e3%82%b9\/%e5%b0%82%e9%96%80%e5%88%86%e9%87%8e%e3%81%ae%e3%83%95%e3%83%a9%e3%83%b3%e3%82%b9%e8%aa%9e\/#primaryimage","url":"https:\/\/www.ilcf.net\/wp-content\/uploads\/sites\/20\/2020\/02\/header-prepa-iep.jpg","contentUrl":"https:\/\/www.ilcf.net\/wp-content\/uploads\/sites\/20\/2020\/02\/header-prepa-iep.jpg","width":1920,"height":575},{"@type":"BreadcrumbList","@id":"https:\/\/www.ilcf.net\/ja\/ilcf%e3%83%aa%e3%83%a8%e3%83%b3%e6%a0%a1%e3%83%95%e3%83%a9%e3%83%b3%e3%82%b9%e8%aa%9e%e3%82%b3%e3%83%bc%e3%82%b9\/%e5%b0%82%e9%96%80%e5%88%86%e9%87%8e%e3%81%ae%e3%83%95%e3%83%a9%e3%83%b3%e3%82%b9%e8%aa%9e\/#breadcrumb","itemListElement":[{"@type":"ListItem","position":1,"name":"Accueil","item":"https:\/\/www.ilcf.net\/ja\/"},{"@type":"ListItem","position":2,"name":"ILCF\u30ea\u30e8\u30f3\u6821\u30d5\u30e9\u30f3\u30b9\u8a9e\u30b3\u30fc\u30b9 NOS PROGRAMMES","item":"https:\/\/www.ilcf.net\/ja\/ilcf%e3%83%aa%e3%83%a8%e3%83%b3%e6%a0%a1%e3%83%95%e3%83%a9%e3%83%b3%e3%82%b9%e8%aa%9e%e3%82%b3%e3%83%bc%e3%82%b9\/"},{"@type":"ListItem","position":3,"name":"\u5c02\u9580\u5206\u91ce\u306e\u30d5\u30e9\u30f3\u30b9\u8a9e Fran\u00e7ais de sp\u00e9cialit\u00e9"}]},{"@type":"WebSite","@id":"https:\/\/www.ilcf.net\/ja\/#website","url":"https:\/\/www.ilcf.net\/ja\/","name":"ILCF - Institut de Langue et de Culture Fran\u00e7aises","description":"ILCF - Institut de Langue et de Culture Fran\u00e7aises","publisher":{"@id":"https:\/\/www.ilcf.net\/ja\/#organization"},"potentialAction":[{"@type":"SearchAction","target":{"@type":"EntryPoint","urlTemplate":"https:\/\/www.ilcf.net\/ja\/?s={search_term_string}"},"query-input":{"@type":"PropertyValueSpecification","valueRequired":true,"valueName":"search_term_string"}}],"inLanguage":"ja"},{"@type":"Organization","@id":"https:\/\/www.ilcf.net\/ja\/#organization","name":"ILCF - Institut de Langue et de Culture Fran\u00e7aises","url":"https:\/\/www.ilcf.net\/ja\/","logo":{"@type":"ImageObject","inLanguage":"ja","@id":"https:\/\/www.ilcf.net\/ja\/#\/schema\/logo\/image\/","url":"https:\/\/www.ilcf.net\/wp-content\/uploads\/sites\/20\/2019\/11\/ilcf_logo.svg","contentUrl":"https:\/\/www.ilcf.net\/wp-content\/uploads\/sites\/20\/2019\/11\/ilcf_logo.svg","caption":"ILCF - Institut de Langue et de Culture Fran\u00e7aises"},"image":{"@id":"https:\/\/www.ilcf.net\/ja\/#\/schema\/logo\/image\/"}}]}},"_links":{"self":[{"href":"https:\/\/www.ilcf.net\/ja\/wp-json\/wp\/v2\/pages\/20189","targetHints":{"allow":["GET"]}}],"collection":[{"href":"https:\/\/www.ilcf.net\/ja\/wp-json\/wp\/v2\/pages"}],"about":[{"href":"https:\/\/www.ilcf.net\/ja\/wp-json\/wp\/v2\/types\/page"}],"author":[{"embeddable":true,"href":"https:\/\/www.ilcf.net\/ja\/wp-json\/wp\/v2\/users\/32"}],"replies":[{"embeddable":true,"href":"https:\/\/www.ilcf.net\/ja\/wp-json\/wp\/v2\/comments?post=20189"}],"version-history":[{"count":6,"href":"https:\/\/www.ilcf.net\/ja\/wp-json\/wp\/v2\/pages\/20189\/revisions"}],"predecessor-version":[{"id":20675,"href":"https:\/\/www.ilcf.net\/ja\/wp-json\/wp\/v2\/pages\/20189\/revisions\/20675"}],"up":[{"embeddable":true,"href":"https:\/\/www.ilcf.net\/ja\/wp-json\/wp\/v2\/pages\/20015"}],"wp:featuredmedia":[{"embeddable":true,"href":"https:\/\/www.ilcf.net\/ja\/wp-json\/wp\/v2\/media\/17504"}],"wp:attachment":[{"href":"https:\/\/www.ilcf.net\/ja\/wp-json\/wp\/v2\/media?parent=20189"}],"curies":[{"name":"wp","href":"https:\/\/api.w.org\/{rel}","templated":true}]}}