{"id":20036,"date":"2019-11-14T09:34:38","date_gmt":"2019-11-14T08:34:38","guid":{"rendered":"https:\/\/www.ilcf.net\/lequipe-de-lilcf-lyon\/"},"modified":"2026-02-23T16:42:51","modified_gmt":"2026-02-23T15:42:51","slug":"%e5%ad%a6%e6%a0%a1%e3%82%b9%e3%82%bf%e3%83%83%e3%83%95","status":"publish","type":"page","link":"https:\/\/www.ilcf.net\/ja\/ilcf%e3%81%ab%e3%81%a4%e3%81%84%e3%81%a6\/%e5%ad%a6%e6%a0%a1%e3%82%b9%e3%82%bf%e3%83%83%e3%83%95\/","title":{"rendered":"\u5b66\u6821\u30b9\u30bf\u30c3\u30d5 L'\u00e9quipe"},"content":{"rendered":"<div class=\"wp-block-gallery-ucly js-fade-scroll\"><div class=\"owl-carousel owl-theme owl-gallery\"><div class=\"item\"><img loading=\"lazy\" decoding=\"async\" width=\"900\" height=\"520\" src=\"https:\/\/www.ilcf.net\/wp-content\/uploads\/sites\/20\/2025\/10\/dsc08051-900x520.jpg\" class=\"\" alt=\"\" \/><div class=\"wp-block-gallery-ucly-caption\"><\/div><\/div><\/div><div class=\"owl-numbers\"><span class=\"owl-number-current\"><\/span><span class=\"owl-number-sep\"><\/span><span class=\"owl-number-total\"><\/span><\/div><\/div><h2 class=\"wp-block-heading\">\u5b66\u6821\u7d4c\u55b6<\/h2><p><strong>Virginie CARTIER<\/strong> \uff08\u6821\u9577\uff09<br><strong>Julie MULOT<\/strong> \uff08\u526f\u6821\u9577)<\/p><h2 class=\"wp-block-heading\">\u4e8b\u52d9\u5c40<\/h2><p><strong><strong><strong>Marie-Fran\u00e7oise CUSANNO<\/strong><\/strong><\/strong>\uff08\u5927\u5b66\u4e8b\u52d9\u5c40\u9577\uff09<br><strong>H\u00e9l\u00e8ne THOMA<\/strong>\uff08\u5927\u5b66\u4e8b\u52d9\u62c5\u5f53\uff09<br><strong>Corinne COLPAERT<\/strong>\uff08\u5b66\u6821\u95a2\u9023\u88dc\u4f50\uff09<br><strong>Isabelle GENY<\/strong>\uff08\u5b66\u6821\u95a2\u9023\u88dc\u4f50\uff09<br><strong>Aline-Laure GRAS<\/strong>\uff08\u7ba1\u7406\u30a2\u30b7\u30b9\u30bf\u30f3\u30c8\uff09<br><strong><strong>Chlo\u00e9 GUILLET<\/strong><\/strong>\uff08\u5b66\u6821\u95a2\u9023\u88dc\u4f50\uff09<br><strong>Juliette GUIENNE<\/strong>\uff08\u5b66\u6821\u95a2\u9023\u88dc\u4f50\uff09<br><strong>Nastassia MALATRAIT<\/strong>\uff08\u6587\u5316\u30a2\u30af\u30c6\u30a3\u30d3\u30c6\u30a3\u62c5\u5f53\uff09<br><strong>Jules THAVOT<\/strong>\uff08\u30b3\u30df\u30e5\u30cb\u30b1\u30fc\u30b7\u30e7\u30f3\u62c5\u5f53\uff09<\/p><h2 class=\"wp-block-heading\">\u6559\u80b2\u8cac\u4efb\u8005<\/h2><p><strong>Pascale ANSOUX LAMA<\/strong> \uff08\u7814\u7a76\u306e\u8cac\u4efb\u8005\uff09<br><strong>Pauline MARTIN<\/strong> \uff08\u7814\u7a76\u306e\u8cac\u4efb\u8005\uff09<br><strong>Julie VELDEMAN ABRY<\/strong> \uff08DELF DALF\u62c5\u5f53\uff09<\/p><h2 class=\"wp-block-heading\">\u8b1b\u5e2b<\/h2><p>AL CHAAR Wassim<br>ANSOUX LAMA Pascale<br>BEJUIT Brice<br>BOOSTANI Nooshin<br>BOUCHET Karine<br>CURINIER J\u00e9r\u00f4me<br>DREVON Anne<br>DUPRE Florence<br>FRECHET Claudine<br>LAGARDE V\u00e9ronique<br>MAGAUD V\u00e9ronique<br>MARTIN Pauline<br>MASSON Wendy<br>MONTMAGNON Olivier<br>RABIN SECHET St\u00e9phanie<br>RACINE VALDEBENITO M\u00e9lanie<br>RAKOTO Anne-Marie<br>ROUSSON Nelly<br>ROUX St\u00e9phanie<br>SOUVY S\u00e9bastien<br>VACHER Florence<br>VELDEMAN ABRY Julie<\/p><div class=\"wp-block-contact js-fade-scroll\">\n  <p class=\"wp-block-contact-title\">\u304a\u554f\u3044\u5408\u308f\u305b<\/p>\n\n        <div class=\"contact-info\">\n        <p class=\"contact-item\">\n          <span class=\"contact-strong\">ILCF\u30ea\u30e8\u30f3\u6821\u4e8b\u52d9\u5c40<\/span><br>\n          <span class=\"contact-light\"><\/span>\n        <\/p>\n        <span class=\"contact-separate\"><\/span>\n        <p class=\"contact-item\">\n          <a class=\"icon-phone contact-button show-for-small-only\" href=\"tel:+33 (0)4 72 32 50 53\"><\/a>\n          <span class=\"contact-strong hide-for-small-only\">+33 (0)4 72 32 50 53<\/span><br>\n          <a class=\"icon-mail contact-button show-for-small-only\" href=\"mailto:ilcf@univ-catholyon.fr\"><\/a>\n          <span class=\"contact-light hide-for-small-only\">ilcf@univ-catholyon.fr<\/span>\n        <\/p>\n      <\/div>\n    <\/div>","protected":false},"excerpt":{"rendered":"<p>\u5b66\u6821\u7d4c\u55b6Virginie CARTIER \uff08\u6821\u9577\uff09Julie MULOT \uff08\u526f\u6821\u9577)\u4e8b\u52d9\u5c40Marie-Fran\u00e7oise CUSANNO\uff08\u5927\u5b66\u4e8b\u52d9\u5c40\u9577\uff09H\u00e9l\u00e8ne THOMA\uff08\u5927\u5b66\u4e8b\u52d9\u62c5\u5f53\uff09Corinne COLPAERT\uff08\u5b66\u6821\u95a2\u9023\u88dc\u4f50\uff09Isabelle GENY\uff08\u5b66\u6821\u95a2\u9023\u88dc\u4f50\uff09Aline-Laure GRAS\uff08\u7ba1\u7406\u30a2\u30b7\u30b9\u30bf\u30f3\u30c8\uff09Chlo\u00e9 GUILLET\uff08\u5b66\u6821\u95a2\u9023\u88dc\u4f50\uff09Juliette GUIENNE\uff08\u5b66\u6821\u95a2\u9023\u88dc\u4f50\uff09Nastassia MALATRAIT\uff08\u6587\u5316\u30a2\u30af\u30c6\u30a3\u30d3\u30c6\u30a3\u62c5\u5f53\uff09Jules THAVOT\uff08\u30b3\u30df\u30e5\u30cb\u30b1\u30fc\u30b7\u30e7\u30f3\u62c5\u5f53\uff09\u6559\u80b2\u8cac\u4efb\u8005Pascale ANSOUX LAMA \uff08\u7814\u7a76\u306e\u8cac\u4efb\u8005\uff09Pauline MARTIN \uff08\u7814\u7a76\u306e\u8cac\u4efb\u8005\uff09Julie VELDEMAN ABRY \uff08DELF DALF\u62c5\u5f53\uff09\u8b1b\u5e2bAL CHAAR [&hellip;]<\/p>\n","protected":false},"author":33,"featured_media":17515,"parent":20019,"menu_order":2,"comment_status":"closed","ping_status":"closed","template":"","meta":{"_acf_changed":false,"footnotes":""},"class_list":["post-20036","page","type-page","status-publish","has-post-thumbnail","hentry"],"acf":[],"yoast_head":"<!-- This site is optimized with the Yoast SEO plugin v24.1 - https:\/\/yoast.com\/wordpress\/plugins\/seo\/ -->\n<title>\u5b66\u6821\u30b9\u30bf\u30c3\u30d5 L&#039;\u00e9quipe - ILCF - Institut de Langue et de Culture Fran\u00e7aises<\/title>\n<meta name=\"robots\" content=\"index, follow, max-snippet:-1, max-image-preview:large, max-video-preview:-1\" \/>\n<link rel=\"canonical\" href=\"https:\/\/www.ilcf.net\/ja\/ilcf%e3%81%ab%e3%81%a4%e3%81%84%e3%81%a6\/%e5%ad%a6%e6%a0%a1%e3%82%b9%e3%82%bf%e3%83%83%e3%83%95\/\" \/>\n<meta property=\"og:locale\" content=\"ja_JP\" \/>\n<meta property=\"og:type\" content=\"article\" \/>\n<meta property=\"og:title\" content=\"\u5b66\u6821\u30b9\u30bf\u30c3\u30d5 L&#039;\u00e9quipe - ILCF - Institut de Langue et de Culture Fran\u00e7aises\" \/>\n<meta property=\"og:description\" content=\"\u5b66\u6821\u7d4c\u55b6Virginie CARTIER \uff08\u6821\u9577\uff09Julie MULOT \uff08\u526f\u6821\u9577)\u4e8b\u52d9\u5c40Marie-Fran\u00e7oise CUSANNO\uff08\u5927\u5b66\u4e8b\u52d9\u5c40\u9577\uff09H\u00e9l\u00e8ne THOMA\uff08\u5927\u5b66\u4e8b\u52d9\u62c5\u5f53\uff09Corinne COLPAERT\uff08\u5b66\u6821\u95a2\u9023\u88dc\u4f50\uff09Isabelle GENY\uff08\u5b66\u6821\u95a2\u9023\u88dc\u4f50\uff09Aline-Laure GRAS\uff08\u7ba1\u7406\u30a2\u30b7\u30b9\u30bf\u30f3\u30c8\uff09Chlo\u00e9 GUILLET\uff08\u5b66\u6821\u95a2\u9023\u88dc\u4f50\uff09Juliette GUIENNE\uff08\u5b66\u6821\u95a2\u9023\u88dc\u4f50\uff09Nastassia MALATRAIT\uff08\u6587\u5316\u30a2\u30af\u30c6\u30a3\u30d3\u30c6\u30a3\u62c5\u5f53\uff09Jules THAVOT\uff08\u30b3\u30df\u30e5\u30cb\u30b1\u30fc\u30b7\u30e7\u30f3\u62c5\u5f53\uff09\u6559\u80b2\u8cac\u4efb\u8005Pascale ANSOUX LAMA \uff08\u7814\u7a76\u306e\u8cac\u4efb\u8005\uff09Pauline MARTIN \uff08\u7814\u7a76\u306e\u8cac\u4efb\u8005\uff09Julie VELDEMAN ABRY \uff08DELF DALF\u62c5\u5f53\uff09\u8b1b\u5e2bAL CHAAR [&hellip;]\" \/>\n<meta property=\"og:url\" content=\"https:\/\/www.ilcf.net\/ja\/ilcf%e3%81%ab%e3%81%a4%e3%81%84%e3%81%a6\/%e5%ad%a6%e6%a0%a1%e3%82%b9%e3%82%bf%e3%83%83%e3%83%95\/\" \/>\n<meta property=\"og:site_name\" content=\"ILCF - Institut de Langue et de Culture Fran\u00e7aises\" \/>\n<meta property=\"article:modified_time\" content=\"2026-02-23T15:42:51+00:00\" \/>\n<meta property=\"og:image\" content=\"https:\/\/www.ilcf.net\/wp-content\/uploads\/sites\/20\/2020\/02\/header-ilcf.jpg\" \/>\n\t<meta property=\"og:image:width\" content=\"1920\" \/>\n\t<meta property=\"og:image:height\" content=\"575\" \/>\n\t<meta property=\"og:image:type\" content=\"image\/jpeg\" \/>\n<meta name=\"twitter:card\" content=\"summary_large_image\" \/>\n<meta name=\"twitter:label1\" content=\"\u63a8\u5b9a\u8aad\u307f\u53d6\u308a\u6642\u9593\" \/>\n\t<meta name=\"twitter:data1\" content=\"3\u5206\" \/>\n<script type=\"application\/ld+json\" class=\"yoast-schema-graph\">{\"@context\":\"https:\/\/schema.org\",\"@graph\":[{\"@type\":\"WebPage\",\"@id\":\"https:\/\/www.ilcf.net\/ja\/ilcf%e3%81%ab%e3%81%a4%e3%81%84%e3%81%a6\/%e5%ad%a6%e6%a0%a1%e3%82%b9%e3%82%bf%e3%83%83%e3%83%95\/\",\"url\":\"https:\/\/www.ilcf.net\/ja\/ilcf%e3%81%ab%e3%81%a4%e3%81%84%e3%81%a6\/%e5%ad%a6%e6%a0%a1%e3%82%b9%e3%82%bf%e3%83%83%e3%83%95\/\",\"name\":\"\u5b66\u6821\u30b9\u30bf\u30c3\u30d5 L'\u00e9quipe - ILCF - Institut de Langue et de Culture Fran\u00e7aises\",\"isPartOf\":{\"@id\":\"https:\/\/www.ilcf.net\/ja\/#website\"},\"primaryImageOfPage\":{\"@id\":\"https:\/\/www.ilcf.net\/ja\/ilcf%e3%81%ab%e3%81%a4%e3%81%84%e3%81%a6\/%e5%ad%a6%e6%a0%a1%e3%82%b9%e3%82%bf%e3%83%83%e3%83%95\/#primaryimage\"},\"image\":{\"@id\":\"https:\/\/www.ilcf.net\/ja\/ilcf%e3%81%ab%e3%81%a4%e3%81%84%e3%81%a6\/%e5%ad%a6%e6%a0%a1%e3%82%b9%e3%82%bf%e3%83%83%e3%83%95\/#primaryimage\"},\"thumbnailUrl\":\"https:\/\/www.ilcf.net\/wp-content\/uploads\/sites\/20\/2020\/02\/header-ilcf.jpg\",\"datePublished\":\"2019-11-14T08:34:38+00:00\",\"dateModified\":\"2026-02-23T15:42:51+00:00\",\"breadcrumb\":{\"@id\":\"https:\/\/www.ilcf.net\/ja\/ilcf%e3%81%ab%e3%81%a4%e3%81%84%e3%81%a6\/%e5%ad%a6%e6%a0%a1%e3%82%b9%e3%82%bf%e3%83%83%e3%83%95\/#breadcrumb\"},\"inLanguage\":\"ja\",\"potentialAction\":[{\"@type\":\"ReadAction\",\"target\":[\"https:\/\/www.ilcf.net\/ja\/ilcf%e3%81%ab%e3%81%a4%e3%81%84%e3%81%a6\/%e5%ad%a6%e6%a0%a1%e3%82%b9%e3%82%bf%e3%83%83%e3%83%95\/\"]}]},{\"@type\":\"ImageObject\",\"inLanguage\":\"ja\",\"@id\":\"https:\/\/www.ilcf.net\/ja\/ilcf%e3%81%ab%e3%81%a4%e3%81%84%e3%81%a6\/%e5%ad%a6%e6%a0%a1%e3%82%b9%e3%82%bf%e3%83%83%e3%83%95\/#primaryimage\",\"url\":\"https:\/\/www.ilcf.net\/wp-content\/uploads\/sites\/20\/2020\/02\/header-ilcf.jpg\",\"contentUrl\":\"https:\/\/www.ilcf.net\/wp-content\/uploads\/sites\/20\/2020\/02\/header-ilcf.jpg\",\"width\":1920,\"height\":575},{\"@type\":\"BreadcrumbList\",\"@id\":\"https:\/\/www.ilcf.net\/ja\/ilcf%e3%81%ab%e3%81%a4%e3%81%84%e3%81%a6\/%e5%ad%a6%e6%a0%a1%e3%82%b9%e3%82%bf%e3%83%83%e3%83%95\/#breadcrumb\",\"itemListElement\":[{\"@type\":\"ListItem\",\"position\":1,\"name\":\"Accueil\",\"item\":\"https:\/\/www.ilcf.net\/ja\/\"},{\"@type\":\"ListItem\",\"position\":2,\"name\":\"ILCF\u306b\u3064\u3044\u3066\",\"item\":\"https:\/\/www.ilcf.net\/ja\/ilcf%e3%81%ab%e3%81%a4%e3%81%84%e3%81%a6\/\"},{\"@type\":\"ListItem\",\"position\":3,\"name\":\"\u5b66\u6821\u30b9\u30bf\u30c3\u30d5 L'\u00e9quipe\"}]},{\"@type\":\"WebSite\",\"@id\":\"https:\/\/www.ilcf.net\/ja\/#website\",\"url\":\"https:\/\/www.ilcf.net\/ja\/\",\"name\":\"ILCF - Institut de Langue et de Culture Fran\u00e7aises\",\"description\":\"ILCF - Institut de Langue et de Culture Fran\u00e7aises\",\"publisher\":{\"@id\":\"https:\/\/www.ilcf.net\/ja\/#organization\"},\"potentialAction\":[{\"@type\":\"SearchAction\",\"target\":{\"@type\":\"EntryPoint\",\"urlTemplate\":\"https:\/\/www.ilcf.net\/ja\/?s={search_term_string}\"},\"query-input\":{\"@type\":\"PropertyValueSpecification\",\"valueRequired\":true,\"valueName\":\"search_term_string\"}}],\"inLanguage\":\"ja\"},{\"@type\":\"Organization\",\"@id\":\"https:\/\/www.ilcf.net\/ja\/#organization\",\"name\":\"ILCF - Institut de Langue et de Culture Fran\u00e7aises\",\"url\":\"https:\/\/www.ilcf.net\/ja\/\",\"logo\":{\"@type\":\"ImageObject\",\"inLanguage\":\"ja\",\"@id\":\"https:\/\/www.ilcf.net\/ja\/#\/schema\/logo\/image\/\",\"url\":\"https:\/\/www.ilcf.net\/wp-content\/uploads\/sites\/20\/2019\/11\/ilcf_logo.svg\",\"contentUrl\":\"https:\/\/www.ilcf.net\/wp-content\/uploads\/sites\/20\/2019\/11\/ilcf_logo.svg\",\"caption\":\"ILCF - Institut de Langue et de Culture Fran\u00e7aises\"},\"image\":{\"@id\":\"https:\/\/www.ilcf.net\/ja\/#\/schema\/logo\/image\/\"}}]}<\/script>\n<!-- \/ Yoast SEO plugin. -->","yoast_head_json":{"title":"\u5b66\u6821\u30b9\u30bf\u30c3\u30d5 L'\u00e9quipe - ILCF - Institut de Langue et de Culture Fran\u00e7aises","robots":{"index":"index","follow":"follow","max-snippet":"max-snippet:-1","max-image-preview":"max-image-preview:large","max-video-preview":"max-video-preview:-1"},"canonical":"https:\/\/www.ilcf.net\/ja\/ilcf%e3%81%ab%e3%81%a4%e3%81%84%e3%81%a6\/%e5%ad%a6%e6%a0%a1%e3%82%b9%e3%82%bf%e3%83%83%e3%83%95\/","og_locale":"ja_JP","og_type":"article","og_title":"\u5b66\u6821\u30b9\u30bf\u30c3\u30d5 L'\u00e9quipe - ILCF - Institut de Langue et de Culture Fran\u00e7aises","og_description":"\u5b66\u6821\u7d4c\u55b6Virginie CARTIER \uff08\u6821\u9577\uff09Julie MULOT \uff08\u526f\u6821\u9577)\u4e8b\u52d9\u5c40Marie-Fran\u00e7oise CUSANNO\uff08\u5927\u5b66\u4e8b\u52d9\u5c40\u9577\uff09H\u00e9l\u00e8ne THOMA\uff08\u5927\u5b66\u4e8b\u52d9\u62c5\u5f53\uff09Corinne COLPAERT\uff08\u5b66\u6821\u95a2\u9023\u88dc\u4f50\uff09Isabelle GENY\uff08\u5b66\u6821\u95a2\u9023\u88dc\u4f50\uff09Aline-Laure GRAS\uff08\u7ba1\u7406\u30a2\u30b7\u30b9\u30bf\u30f3\u30c8\uff09Chlo\u00e9 GUILLET\uff08\u5b66\u6821\u95a2\u9023\u88dc\u4f50\uff09Juliette GUIENNE\uff08\u5b66\u6821\u95a2\u9023\u88dc\u4f50\uff09Nastassia MALATRAIT\uff08\u6587\u5316\u30a2\u30af\u30c6\u30a3\u30d3\u30c6\u30a3\u62c5\u5f53\uff09Jules THAVOT\uff08\u30b3\u30df\u30e5\u30cb\u30b1\u30fc\u30b7\u30e7\u30f3\u62c5\u5f53\uff09\u6559\u80b2\u8cac\u4efb\u8005Pascale ANSOUX LAMA \uff08\u7814\u7a76\u306e\u8cac\u4efb\u8005\uff09Pauline MARTIN \uff08\u7814\u7a76\u306e\u8cac\u4efb\u8005\uff09Julie VELDEMAN ABRY \uff08DELF DALF\u62c5\u5f53\uff09\u8b1b\u5e2bAL CHAAR [&hellip;]","og_url":"https:\/\/www.ilcf.net\/ja\/ilcf%e3%81%ab%e3%81%a4%e3%81%84%e3%81%a6\/%e5%ad%a6%e6%a0%a1%e3%82%b9%e3%82%bf%e3%83%83%e3%83%95\/","og_site_name":"ILCF - Institut de Langue et de Culture Fran\u00e7aises","article_modified_time":"2026-02-23T15:42:51+00:00","og_image":[{"width":1920,"height":575,"url":"https:\/\/www.ilcf.net\/wp-content\/uploads\/sites\/20\/2020\/02\/header-ilcf.jpg","type":"image\/jpeg"}],"twitter_card":"summary_large_image","twitter_misc":{"\u63a8\u5b9a\u8aad\u307f\u53d6\u308a\u6642\u9593":"3\u5206"},"schema":{"@context":"https:\/\/schema.org","@graph":[{"@type":"WebPage","@id":"https:\/\/www.ilcf.net\/ja\/ilcf%e3%81%ab%e3%81%a4%e3%81%84%e3%81%a6\/%e5%ad%a6%e6%a0%a1%e3%82%b9%e3%82%bf%e3%83%83%e3%83%95\/","url":"https:\/\/www.ilcf.net\/ja\/ilcf%e3%81%ab%e3%81%a4%e3%81%84%e3%81%a6\/%e5%ad%a6%e6%a0%a1%e3%82%b9%e3%82%bf%e3%83%83%e3%83%95\/","name":"\u5b66\u6821\u30b9\u30bf\u30c3\u30d5 L'\u00e9quipe - ILCF - Institut de Langue et de Culture Fran\u00e7aises","isPartOf":{"@id":"https:\/\/www.ilcf.net\/ja\/#website"},"primaryImageOfPage":{"@id":"https:\/\/www.ilcf.net\/ja\/ilcf%e3%81%ab%e3%81%a4%e3%81%84%e3%81%a6\/%e5%ad%a6%e6%a0%a1%e3%82%b9%e3%82%bf%e3%83%83%e3%83%95\/#primaryimage"},"image":{"@id":"https:\/\/www.ilcf.net\/ja\/ilcf%e3%81%ab%e3%81%a4%e3%81%84%e3%81%a6\/%e5%ad%a6%e6%a0%a1%e3%82%b9%e3%82%bf%e3%83%83%e3%83%95\/#primaryimage"},"thumbnailUrl":"https:\/\/www.ilcf.net\/wp-content\/uploads\/sites\/20\/2020\/02\/header-ilcf.jpg","datePublished":"2019-11-14T08:34:38+00:00","dateModified":"2026-02-23T15:42:51+00:00","breadcrumb":{"@id":"https:\/\/www.ilcf.net\/ja\/ilcf%e3%81%ab%e3%81%a4%e3%81%84%e3%81%a6\/%e5%ad%a6%e6%a0%a1%e3%82%b9%e3%82%bf%e3%83%83%e3%83%95\/#breadcrumb"},"inLanguage":"ja","potentialAction":[{"@type":"ReadAction","target":["https:\/\/www.ilcf.net\/ja\/ilcf%e3%81%ab%e3%81%a4%e3%81%84%e3%81%a6\/%e5%ad%a6%e6%a0%a1%e3%82%b9%e3%82%bf%e3%83%83%e3%83%95\/"]}]},{"@type":"ImageObject","inLanguage":"ja","@id":"https:\/\/www.ilcf.net\/ja\/ilcf%e3%81%ab%e3%81%a4%e3%81%84%e3%81%a6\/%e5%ad%a6%e6%a0%a1%e3%82%b9%e3%82%bf%e3%83%83%e3%83%95\/#primaryimage","url":"https:\/\/www.ilcf.net\/wp-content\/uploads\/sites\/20\/2020\/02\/header-ilcf.jpg","contentUrl":"https:\/\/www.ilcf.net\/wp-content\/uploads\/sites\/20\/2020\/02\/header-ilcf.jpg","width":1920,"height":575},{"@type":"BreadcrumbList","@id":"https:\/\/www.ilcf.net\/ja\/ilcf%e3%81%ab%e3%81%a4%e3%81%84%e3%81%a6\/%e5%ad%a6%e6%a0%a1%e3%82%b9%e3%82%bf%e3%83%83%e3%83%95\/#breadcrumb","itemListElement":[{"@type":"ListItem","position":1,"name":"Accueil","item":"https:\/\/www.ilcf.net\/ja\/"},{"@type":"ListItem","position":2,"name":"ILCF\u306b\u3064\u3044\u3066","item":"https:\/\/www.ilcf.net\/ja\/ilcf%e3%81%ab%e3%81%a4%e3%81%84%e3%81%a6\/"},{"@type":"ListItem","position":3,"name":"\u5b66\u6821\u30b9\u30bf\u30c3\u30d5 L'\u00e9quipe"}]},{"@type":"WebSite","@id":"https:\/\/www.ilcf.net\/ja\/#website","url":"https:\/\/www.ilcf.net\/ja\/","name":"ILCF - Institut de Langue et de Culture Fran\u00e7aises","description":"ILCF - Institut de Langue et de Culture Fran\u00e7aises","publisher":{"@id":"https:\/\/www.ilcf.net\/ja\/#organization"},"potentialAction":[{"@type":"SearchAction","target":{"@type":"EntryPoint","urlTemplate":"https:\/\/www.ilcf.net\/ja\/?s={search_term_string}"},"query-input":{"@type":"PropertyValueSpecification","valueRequired":true,"valueName":"search_term_string"}}],"inLanguage":"ja"},{"@type":"Organization","@id":"https:\/\/www.ilcf.net\/ja\/#organization","name":"ILCF - Institut de Langue et de Culture Fran\u00e7aises","url":"https:\/\/www.ilcf.net\/ja\/","logo":{"@type":"ImageObject","inLanguage":"ja","@id":"https:\/\/www.ilcf.net\/ja\/#\/schema\/logo\/image\/","url":"https:\/\/www.ilcf.net\/wp-content\/uploads\/sites\/20\/2019\/11\/ilcf_logo.svg","contentUrl":"https:\/\/www.ilcf.net\/wp-content\/uploads\/sites\/20\/2019\/11\/ilcf_logo.svg","caption":"ILCF - Institut de Langue et de Culture Fran\u00e7aises"},"image":{"@id":"https:\/\/www.ilcf.net\/ja\/#\/schema\/logo\/image\/"}}]}},"_links":{"self":[{"href":"https:\/\/www.ilcf.net\/ja\/wp-json\/wp\/v2\/pages\/20036","targetHints":{"allow":["GET"]}}],"collection":[{"href":"https:\/\/www.ilcf.net\/ja\/wp-json\/wp\/v2\/pages"}],"about":[{"href":"https:\/\/www.ilcf.net\/ja\/wp-json\/wp\/v2\/types\/page"}],"author":[{"embeddable":true,"href":"https:\/\/www.ilcf.net\/ja\/wp-json\/wp\/v2\/users\/33"}],"replies":[{"embeddable":true,"href":"https:\/\/www.ilcf.net\/ja\/wp-json\/wp\/v2\/comments?post=20036"}],"version-history":[{"count":3,"href":"https:\/\/www.ilcf.net\/ja\/wp-json\/wp\/v2\/pages\/20036\/revisions"}],"predecessor-version":[{"id":26951,"href":"https:\/\/www.ilcf.net\/ja\/wp-json\/wp\/v2\/pages\/20036\/revisions\/26951"}],"up":[{"embeddable":true,"href":"https:\/\/www.ilcf.net\/ja\/wp-json\/wp\/v2\/pages\/20019"}],"wp:featuredmedia":[{"embeddable":true,"href":"https:\/\/www.ilcf.net\/ja\/wp-json\/wp\/v2\/media\/17515"}],"wp:attachment":[{"href":"https:\/\/www.ilcf.net\/ja\/wp-json\/wp\/v2\/media?parent=20036"}],"curies":[{"name":"wp","href":"https:\/\/api.w.org\/{rel}","templated":true}]}}