{"id":9997,"date":"2021-02-04T12:15:46","date_gmt":"2021-02-04T11:15:46","guid":{"rendered":"https:\/\/www.ilcf.net\/?page_id=9997"},"modified":"2026-02-13T10:31:22","modified_gmt":"2026-02-13T09:31:22","slug":"fechas-y-tarifas-de-los-cursos-2025-2026","status":"publish","type":"page","link":"https:\/\/www.ilcf.net\/es\/nuestros-programas\/fechas-tarifas-cursos\/fechas-y-tarifas-de-los-cursos-2025-2026\/","title":{"rendered":"Fechas y tarifas de los cursos 2025-2026"},"content":{"rendered":"<h2 class=\"wp-block-heading\" id=\"fechas-2021-2022\">Fechas 2025-2026<\/h2><h3 class=\"wp-block-heading\" id=\"1-semestre\"><strong>1\u00b0<\/strong> <strong>semestre<\/strong><\/h3><ul class=\"wp-block-list\"><li><strong>Del 1 de octubre de 2025 al 21 de enero de 2026<\/strong><\/li>\n\n<li>Vacaciones: del 25 de octubre al 2 de noviembre de 2025 y del 20 de diciembre de 2025 al 4 de enero de 2026<\/li>\n\n<li>D\u00edas festivos: 10 y 11 de noviembre de 2025<\/li><\/ul><h3 class=\"wp-block-heading\" id=\"2eme-semestre\"><strong><strong>2\u00b0<\/strong> <strong>semestre<\/strong><\/strong><\/h3><ul class=\"wp-block-list\"><li><strong>Del 28 de enero al 22 de mayo de 2026<\/strong><\/li>\n\n<li>Vacaciones: del 14 al 22 de febrero y del 4 al 19 de abril de 2026<\/li>\n\n<li>Puentes y d\u00edas festivos: 1, 8, 14 y 15 de mayo de 2026<\/li><\/ul><h2 class=\"wp-block-heading\" id=\"programme-mensuel\">Programa intensivo de corta duraci\u00f3n<\/h2><ul class=\"wp-block-list\"><li><strong>Del 2 al 20 de febrero de 2026<\/strong><\/li>\n\n<li><strong>Del 2 al 23 de junio de 2026<\/strong><\/li><\/ul><h2 class=\"wp-block-heading\" id=\"programme-intensif-d-ete-juillet-aout-septembre\">Programa intensivo de verano: julio, agosto, septiembre<\/h2><ul class=\"wp-block-list\"><li><strong>Del 2 al 28 de julio de 2026 \/ excepto el 14 de julio (festivo)<\/strong><\/li>\n\n<li><strong>Del 3 al 26 de agosto de 2026<\/strong><\/li>\n\n<li><strong>Del 2 al 25 de septiembre de 2026<\/strong><\/li><\/ul><div class=\"wp-block-separator js-fade-scroll\"><\/div><h2 class=\"wp-block-heading\" id=\"tarifs-2022-2023\">Tarifas para 2025-2026<\/h2><div class=\"wp-block-table js-fade-scroll\">\n  <p class=\"wp-block-table-title\">Programa semi-intensivo semestral y anual<\/p>\n\n  <div class=\"wp-block-table-responsive\">\n    <table>\n              <thead>\n          <tr>\n                          <th>Programa<\/th>\n                          <th>Duraci\u00f3n<\/th>\n                          <th>Tarifa<\/th>\n                          <th>Dep\u00f3sito (deducido del importe total)<\/th>\n                      <\/tr>\n        <\/thead>\n      \n      <tbody>\n                  <tr>\n                          <td>semestre 1 o semestre 2<\/td>\n                          <td>200 horas \n(por semestre)<\/td>\n                          <td>2 220 \u20ac\n(el semestre)<\/td>\n                          <td>370 \u20ac<\/td>\n                      <\/tr>\n                  <tr>\n                          <td> 1 semestre adicional<\/td>\n                          <td>200 horas<\/td>\n                          <td>2 040 \u20ac<\/td>\n                          <td>370 \u20ac<\/td>\n                      <\/tr>\n                  <tr>\n                          <td>1 curso acad\u00e9mico <br> (del 1 de octubre de 2025 al 22 de mayo de 2026)<\/td>\n                          <td>400 horas<\/td>\n                          <td>3 860 \u20ac<\/td>\n                          <td>740 \u20ac<\/td>\n                      <\/tr>\n                  <tr>\n                          <td>2 semestres <br> (febrero a mayo de 2026 + octubre de 2026 a enero de 2027)<\/td>\n                          <td>400 horas<\/td>\n                          <td>4 150 \u20ac<\/td>\n                          <td>740 \u20ac<\/td>\n                      <\/tr>\n              <\/tbody>\n    <\/table>\n  <\/div>\n\n  <p class=\"wp-block-table-caption\"><\/p>\n<\/div><div class=\"wp-block-separator js-fade-scroll\"><\/div><div class=\"wp-block-table js-fade-scroll\">\n  <p class=\"wp-block-table-title\">Programa intensivo semestral y anual<\/p>\n\n  <div class=\"wp-block-table-responsive\">\n    <table>\n              <thead>\n          <tr>\n                          <th>Programa<\/th>\n                          <th>Duraci\u00f3n<\/th>\n                          <th>Tarifa<\/th>\n                          <th>Dep\u00f3sito (deducido del importe total)<\/th>\n                      <\/tr>\n        <\/thead>\n      \n      <tbody>\n                  <tr>\n                          <td>semestre 1 o semestre 2<\/td>\n                          <td>244 horas \n(por semestre)<\/td>\n                          <td>2 780 \u20ac\n(el semestre)<\/td>\n                          <td>370 \u20ac<\/td>\n                      <\/tr>\n                  <tr>\n                          <td> 1 semestre adicional<\/td>\n                          <td>244 horas<\/td>\n                          <td>2 560 \u20ac<\/td>\n                          <td>370 \u20ac<\/td>\n                      <\/tr>\n                  <tr>\n                          <td>1 curso acad\u00e9mico <br> (del 1 de octubre de 2025 al 22 de mayo de 2026)<\/td>\n                          <td>488 horas<\/td>\n                          <td>4 920 \u20ac<\/td>\n                          <td>740 \u20ac<\/td>\n                      <\/tr>\n                  <tr>\n                          <td>2 semestres <br> (febrero a mayo de 2026 + octubre de 2026 a enero de 2027)<\/td>\n                          <td>488 horas<\/td>\n                          <td>5 210 \u20ac<\/td>\n                          <td>740 \u20ac<\/td>\n                      <\/tr>\n              <\/tbody>\n    <\/table>\n  <\/div>\n\n  <p class=\"wp-block-table-caption\"><\/p>\n<\/div><div class=\"wp-block-separator js-fade-scroll\"><\/div><div class=\"wp-block-table js-fade-scroll\">\n  <p class=\"wp-block-table-title\">Programa intensivo de verano<\/p>\n\n  <div class=\"wp-block-table-responsive\">\n    <table>\n              <thead>\n          <tr>\n                          <th>Programa<\/th>\n                          <th>Duraci\u00f3n<\/th>\n                          <th>Tarifa<\/th>\n                          <th>Dep\u00f3sito (deducido del importe total)<\/th>\n                      <\/tr>\n        <\/thead>\n      \n      <tbody>\n                  <tr>\n                          <td>1 mes <br> Julio o agosto o septiembre<\/td>\n                          <td>76 horas<\/td>\n                          <td>1 010 \u20ac<\/td>\n                          <td>250 \u20ac<\/td>\n                      <\/tr>\n                  <tr>\n                          <td>2 meses <br> Julio y\/o agosto y\/o septiembre<\/td>\n                          <td>152 horas<\/td>\n                          <td>1 940 \u20ac<\/td>\n                          <td>500 \u20ac<\/td>\n                      <\/tr>\n                  <tr>\n                          <td>3 meses <br> Julio, agosto y septiembre<\/td>\n                          <td>228 horas<\/td>\n                          <td>2 868 \u20ac<\/td>\n                          <td>750 \u20ac<\/td>\n                      <\/tr>\n              <\/tbody>\n    <\/table>\n  <\/div>\n\n  <p class=\"wp-block-table-caption\"><\/p>\n<\/div><div class=\"wp-block-separator js-fade-scroll\"><\/div><div class=\"wp-block-table js-fade-scroll\">\n  <p class=\"wp-block-table-title\">Programa intensivo de corta duraci\u00f3n <\/p>\n\n  <div class=\"wp-block-table-responsive\">\n    <table>\n              <thead>\n          <tr>\n                          <th>Programa<\/th>\n                          <th>Duraci\u00f3n<\/th>\n                          <th>Tarifa<\/th>\n                          <th>Dep\u00f3sito (deducido del importe total)<\/th>\n                      <\/tr>\n        <\/thead>\n      \n      <tbody>\n                  <tr>\n                          <td>Febrero <br>del 2 al 20 de febrero de 2026<\/td>\n                          <td>60 horas\n<\/td>\n                          <td>880 \u20ac<\/td>\n                          <td>250 \u20ac<\/td>\n                      <\/tr>\n                  <tr>\n                          <td>Junio <br> del 2 al 23 de junio de 2026<\/td>\n                          <td>60 horas<\/td>\n                          <td>880 \u20ac<\/td>\n                          <td>250 \u20ac<\/td>\n                      <\/tr>\n              <\/tbody>\n    <\/table>\n  <\/div>\n\n  <p class=\"wp-block-table-caption\"><\/p>\n<\/div><div class=\"wp-block-separator js-fade-scroll\"><\/div><div class=\"wp-block-table js-fade-scroll\">\n  <p class=\"wp-block-table-title\">Programa espec\u00edfico adicional<\/p>\n\n  <div class=\"wp-block-table-responsive\">\n    <table>\n              <thead>\n          <tr>\n                          <th>Programa<\/th>\n                          <th>Duraci\u00f3n<\/th>\n                          <th>Tarifa<\/th>\n                      <\/tr>\n        <\/thead>\n      \n      <tbody>\n                  <tr>\n                          <td>1 curso<\/td>\n                          <td>22 horas<\/td>\n                          <td>445 \u20ac<\/td>\n                      <\/tr>\n              <\/tbody>\n    <\/table>\n  <\/div>\n\n  <p class=\"wp-block-table-caption\"><\/p>\n<\/div><h2 class=\"wp-block-heading\">Gastos suplementarios obligatorios<\/h2><p>Seguro de responsabilidad civil UCLy: 15\u20ac<\/p><h2 class=\"wp-block-heading\" id=\"frais-fixes-obligatoires\">Gastos fijos obligatorios (sujetos a cambios)<\/h2><p>Biblioteca: 52\u20ac<br>Contribuci\u00f3n sanitaria UCLy: 30\u20ac<br>Tasa de matr\u00edcula por semestre: 4\u20ac<br>Oficina de Estudiantes del ILCF: 7\u20ac<br>Fondo de solidaridad: 15\u20ac<\/p><p><em><em>Para los programas semestrales y anuales, los alumnos deber\u00e1n adquirir un m\u00e9todo ling\u00fc\u00edstico que no est\u00e1 incluido en el precio. Aproximadamente 35 euros.<\/em><\/em><\/p><div class=\"wp-block-cross-content js-fade-scroll\">\n    <p class=\"wp-block-cross-content-title\">M\u00e1s informaci\u00f3n<\/p>\n            <div class=\"row wp-block-cross-content-row\">\n                                <div class=\"column small-12 medium-6 large-4 wp-block-cross-content-col\">\n                        <a class=\"wp-block-cross-content-top\" href=\"https:\/\/www.ilcf.net\/es\/nuestros-programas\/\" title=\"Nuestros programas\">\n                            <span class=\"wp-block-cross-content-name\">Nuestros programas<\/span>\n                            <span class=\"wp-block-cross-content-image\"><img loading=\"lazy\" decoding=\"async\" width=\"630\" height=\"570\" src=\"https:\/\/www.ilcf.net\/wp-content\/uploads\/sites\/20\/2020\/02\/header-recrutement-stagiaire-estri-630x570.jpg\" class=\" wp-post-image\" alt=\"\" \/><\/span>\n                            <span class=\"wp-block-cross-content-more\">\n                                <span class=\"icon-more\"><\/span>\n                            <\/span>\n                        <\/a>\n                        <div class=\"wp-block-cross-content-excerpt\"><\/div>\n                    <\/div>\n                                                <div class=\"column small-12 medium-6 large-4 wp-block-cross-content-col\">\n                        <a class=\"wp-block-cross-content-top\" href=\"https:\/\/www.ilcf.net\/es\/quien-es-usted\/estudiante\/inscripcion-a-un-programa-de-lengua-y-de-cultura-francesas-2\/\" title=\"Inscripci\u00f3n a un programa de lengua y de cultura francesas\">\n                            <span class=\"wp-block-cross-content-name\">Inscripci\u00f3n a un programa de lengua y de cultura francesas<\/span>\n                            <span class=\"wp-block-cross-content-image\"><img loading=\"lazy\" decoding=\"async\" width=\"630\" height=\"570\" src=\"https:\/\/www.ilcf.net\/wp-content\/uploads\/sites\/20\/2019\/12\/header-inscription-cours-ilcf-630x570.jpg\" class=\" wp-post-image\" alt=\"\" \/><\/span>\n                            <span class=\"wp-block-cross-content-more\">\n                                <span class=\"icon-more\"><\/span>\n                            <\/span>\n                        <\/a>\n                        <div class=\"wp-block-cross-content-excerpt\"><\/div>\n                    <\/div>\n                                                <div class=\"column small-12 medium-6 large-4 wp-block-cross-content-col\">\n                        <a class=\"wp-block-cross-content-top\" href=\"https:\/\/www.ilcf.net\/es\/programas\/programa-duef\/\" title=\"Programa DUEF\">\n                            <span class=\"wp-block-cross-content-name\">Programa DUEF<\/span>\n                            <span class=\"wp-block-cross-content-image\"><img loading=\"lazy\" decoding=\"async\" width=\"630\" height=\"570\" src=\"https:\/\/www.ilcf.net\/wp-content\/uploads\/sites\/20\/2019\/11\/programme-cours-ilcf-630x570.jpg\" class=\" wp-post-image\" alt=\"\" \/><\/span>\n                            <span class=\"wp-block-cross-content-more\">\n                                <span class=\"icon-more\"><\/span>\n                            <\/span>\n                        <\/a>\n                        <div class=\"wp-block-cross-content-excerpt\"><\/div>\n                    <\/div>\n                                    <\/div>\n    <\/div>","protected":false},"excerpt":{"rendered":"<p>Fechas 2025-20261\u00b0 semestre2\u00b0 semestrePrograma intensivo de corta duraci\u00f3nPrograma intensivo de verano: julio, agosto, septiembreTarifas para 2025-2026Gastos suplementarios obligatoriosSeguro de responsabilidad civil UCLy: 15\u20acGastos fijos [&hellip;]<\/p>\n","protected":false},"author":33,"featured_media":25079,"parent":10008,"menu_order":5,"comment_status":"closed","ping_status":"closed","template":"","meta":{"_acf_changed":false,"footnotes":""},"class_list":["post-9997","page","type-page","status-publish","has-post-thumbnail","hentry"],"acf":[],"yoast_head":"<!-- This site is optimized with the Yoast SEO plugin v24.1 - https:\/\/yoast.com\/wordpress\/plugins\/seo\/ -->\n<title>Fechas y tarifas de los cursos 2025-2026 - ILCF - Institut de Langue et de Culture Fran\u00e7aises<\/title>\n<meta name=\"robots\" content=\"index, follow, max-snippet:-1, max-image-preview:large, max-video-preview:-1\" \/>\n<link rel=\"canonical\" href=\"https:\/\/www.ilcf.net\/es\/nuestros-programas\/fechas-tarifas-cursos\/fechas-y-tarifas-de-los-cursos-2025-2026\/\" \/>\n<meta property=\"og:locale\" content=\"es_ES\" \/>\n<meta property=\"og:type\" content=\"article\" \/>\n<meta property=\"og:title\" content=\"Fechas y tarifas de los cursos 2025-2026 - ILCF - Institut de Langue et de Culture Fran\u00e7aises\" \/>\n<meta property=\"og:description\" content=\"Fechas 2025-20261\u00b0 semestre2\u00b0 semestrePrograma intensivo de corta duraci\u00f3nPrograma intensivo de verano: julio, agosto, septiembreTarifas para 2025-2026Gastos suplementarios obligatoriosSeguro de responsabilidad civil UCLy: 15\u20acGastos fijos [&hellip;]\" \/>\n<meta property=\"og:url\" content=\"https:\/\/www.ilcf.net\/es\/nuestros-programas\/fechas-tarifas-cursos\/fechas-y-tarifas-de-los-cursos-2025-2026\/\" \/>\n<meta property=\"og:site_name\" content=\"ILCF - Institut de Langue et de Culture Fran\u00e7aises\" \/>\n<meta property=\"article:modified_time\" content=\"2026-02-13T09:31:22+00:00\" \/>\n<meta property=\"og:image\" content=\"https:\/\/www.ilcf.net\/wp-content\/uploads\/sites\/20\/2025\/02\/header-calendrier-ilcf-2025.png\" \/>\n\t<meta property=\"og:image:width\" content=\"1920\" \/>\n\t<meta property=\"og:image:height\" content=\"575\" \/>\n\t<meta property=\"og:image:type\" content=\"image\/png\" \/>\n<meta name=\"twitter:card\" content=\"summary_large_image\" \/>\n<meta name=\"twitter:label1\" content=\"Tiempo de lectura\" \/>\n\t<meta name=\"twitter:data1\" content=\"2 minutos\" \/>\n<script type=\"application\/ld+json\" class=\"yoast-schema-graph\">{\"@context\":\"https:\/\/schema.org\",\"@graph\":[{\"@type\":\"WebPage\",\"@id\":\"https:\/\/www.ilcf.net\/es\/nuestros-programas\/fechas-tarifas-cursos\/fechas-y-tarifas-de-los-cursos-2025-2026\/\",\"url\":\"https:\/\/www.ilcf.net\/es\/nuestros-programas\/fechas-tarifas-cursos\/fechas-y-tarifas-de-los-cursos-2025-2026\/\",\"name\":\"Fechas y tarifas de los cursos 2025-2026 - ILCF - Institut de Langue et de Culture Fran\u00e7aises\",\"isPartOf\":{\"@id\":\"https:\/\/www.ilcf.net\/es\/#website\"},\"primaryImageOfPage\":{\"@id\":\"https:\/\/www.ilcf.net\/es\/nuestros-programas\/fechas-tarifas-cursos\/fechas-y-tarifas-de-los-cursos-2025-2026\/#primaryimage\"},\"image\":{\"@id\":\"https:\/\/www.ilcf.net\/es\/nuestros-programas\/fechas-tarifas-cursos\/fechas-y-tarifas-de-los-cursos-2025-2026\/#primaryimage\"},\"thumbnailUrl\":\"https:\/\/www.ilcf.net\/wp-content\/uploads\/sites\/20\/2025\/02\/header-calendrier-ilcf-2025.png\",\"datePublished\":\"2021-02-04T11:15:46+00:00\",\"dateModified\":\"2026-02-13T09:31:22+00:00\",\"breadcrumb\":{\"@id\":\"https:\/\/www.ilcf.net\/es\/nuestros-programas\/fechas-tarifas-cursos\/fechas-y-tarifas-de-los-cursos-2025-2026\/#breadcrumb\"},\"inLanguage\":\"es\",\"potentialAction\":[{\"@type\":\"ReadAction\",\"target\":[\"https:\/\/www.ilcf.net\/es\/nuestros-programas\/fechas-tarifas-cursos\/fechas-y-tarifas-de-los-cursos-2025-2026\/\"]}]},{\"@type\":\"ImageObject\",\"inLanguage\":\"es\",\"@id\":\"https:\/\/www.ilcf.net\/es\/nuestros-programas\/fechas-tarifas-cursos\/fechas-y-tarifas-de-los-cursos-2025-2026\/#primaryimage\",\"url\":\"https:\/\/www.ilcf.net\/wp-content\/uploads\/sites\/20\/2025\/02\/header-calendrier-ilcf-2025.png\",\"contentUrl\":\"https:\/\/www.ilcf.net\/wp-content\/uploads\/sites\/20\/2025\/02\/header-calendrier-ilcf-2025.png\",\"width\":1920,\"height\":575},{\"@type\":\"BreadcrumbList\",\"@id\":\"https:\/\/www.ilcf.net\/es\/nuestros-programas\/fechas-tarifas-cursos\/fechas-y-tarifas-de-los-cursos-2025-2026\/#breadcrumb\",\"itemListElement\":[{\"@type\":\"ListItem\",\"position\":1,\"name\":\"Accueil\",\"item\":\"https:\/\/www.ilcf.net\/es\/\"},{\"@type\":\"ListItem\",\"position\":2,\"name\":\"Nuestros programas\",\"item\":\"https:\/\/www.ilcf.net\/es\/nuestros-programas\/\"},{\"@type\":\"ListItem\",\"position\":3,\"name\":\"Fechas y tarifas de los cursos\",\"item\":\"https:\/\/www.ilcf.net\/es\/nuestros-programas\/fechas-tarifas-cursos\/\"},{\"@type\":\"ListItem\",\"position\":4,\"name\":\"Fechas y tarifas de los cursos 2025-2026\"}]},{\"@type\":\"WebSite\",\"@id\":\"https:\/\/www.ilcf.net\/es\/#website\",\"url\":\"https:\/\/www.ilcf.net\/es\/\",\"name\":\"ILCF - Institut de Langue et de Culture Fran\u00e7aises\",\"description\":\"ILCF - Institut de Langue et de Culture Fran\u00e7aises\",\"publisher\":{\"@id\":\"https:\/\/www.ilcf.net\/es\/#organization\"},\"potentialAction\":[{\"@type\":\"SearchAction\",\"target\":{\"@type\":\"EntryPoint\",\"urlTemplate\":\"https:\/\/www.ilcf.net\/es\/?s={search_term_string}\"},\"query-input\":{\"@type\":\"PropertyValueSpecification\",\"valueRequired\":true,\"valueName\":\"search_term_string\"}}],\"inLanguage\":\"es\"},{\"@type\":\"Organization\",\"@id\":\"https:\/\/www.ilcf.net\/es\/#organization\",\"name\":\"ILCF - Institut de Langue et de Culture Fran\u00e7aises\",\"url\":\"https:\/\/www.ilcf.net\/es\/\",\"logo\":{\"@type\":\"ImageObject\",\"inLanguage\":\"es\",\"@id\":\"https:\/\/www.ilcf.net\/es\/#\/schema\/logo\/image\/\",\"url\":\"https:\/\/www.ilcf.net\/wp-content\/uploads\/sites\/20\/2019\/11\/ilcf_logo.svg\",\"contentUrl\":\"https:\/\/www.ilcf.net\/wp-content\/uploads\/sites\/20\/2019\/11\/ilcf_logo.svg\",\"caption\":\"ILCF - Institut de Langue et de Culture Fran\u00e7aises\"},\"image\":{\"@id\":\"https:\/\/www.ilcf.net\/es\/#\/schema\/logo\/image\/\"}}]}<\/script>\n<!-- \/ Yoast SEO plugin. -->","yoast_head_json":{"title":"Fechas y tarifas de los cursos 2025-2026 - ILCF - Institut de Langue et de Culture Fran\u00e7aises","robots":{"index":"index","follow":"follow","max-snippet":"max-snippet:-1","max-image-preview":"max-image-preview:large","max-video-preview":"max-video-preview:-1"},"canonical":"https:\/\/www.ilcf.net\/es\/nuestros-programas\/fechas-tarifas-cursos\/fechas-y-tarifas-de-los-cursos-2025-2026\/","og_locale":"es_ES","og_type":"article","og_title":"Fechas y tarifas de los cursos 2025-2026 - ILCF - Institut de Langue et de Culture Fran\u00e7aises","og_description":"Fechas 2025-20261\u00b0 semestre2\u00b0 semestrePrograma intensivo de corta duraci\u00f3nPrograma intensivo de verano: julio, agosto, septiembreTarifas para 2025-2026Gastos suplementarios obligatoriosSeguro de responsabilidad civil UCLy: 15\u20acGastos fijos [&hellip;]","og_url":"https:\/\/www.ilcf.net\/es\/nuestros-programas\/fechas-tarifas-cursos\/fechas-y-tarifas-de-los-cursos-2025-2026\/","og_site_name":"ILCF - Institut de Langue et de Culture Fran\u00e7aises","article_modified_time":"2026-02-13T09:31:22+00:00","og_image":[{"width":1920,"height":575,"url":"https:\/\/www.ilcf.net\/wp-content\/uploads\/sites\/20\/2025\/02\/header-calendrier-ilcf-2025.png","type":"image\/png"}],"twitter_card":"summary_large_image","twitter_misc":{"Tiempo de lectura":"2 minutos"},"schema":{"@context":"https:\/\/schema.org","@graph":[{"@type":"WebPage","@id":"https:\/\/www.ilcf.net\/es\/nuestros-programas\/fechas-tarifas-cursos\/fechas-y-tarifas-de-los-cursos-2025-2026\/","url":"https:\/\/www.ilcf.net\/es\/nuestros-programas\/fechas-tarifas-cursos\/fechas-y-tarifas-de-los-cursos-2025-2026\/","name":"Fechas y tarifas de los cursos 2025-2026 - ILCF - Institut de Langue et de Culture Fran\u00e7aises","isPartOf":{"@id":"https:\/\/www.ilcf.net\/es\/#website"},"primaryImageOfPage":{"@id":"https:\/\/www.ilcf.net\/es\/nuestros-programas\/fechas-tarifas-cursos\/fechas-y-tarifas-de-los-cursos-2025-2026\/#primaryimage"},"image":{"@id":"https:\/\/www.ilcf.net\/es\/nuestros-programas\/fechas-tarifas-cursos\/fechas-y-tarifas-de-los-cursos-2025-2026\/#primaryimage"},"thumbnailUrl":"https:\/\/www.ilcf.net\/wp-content\/uploads\/sites\/20\/2025\/02\/header-calendrier-ilcf-2025.png","datePublished":"2021-02-04T11:15:46+00:00","dateModified":"2026-02-13T09:31:22+00:00","breadcrumb":{"@id":"https:\/\/www.ilcf.net\/es\/nuestros-programas\/fechas-tarifas-cursos\/fechas-y-tarifas-de-los-cursos-2025-2026\/#breadcrumb"},"inLanguage":"es","potentialAction":[{"@type":"ReadAction","target":["https:\/\/www.ilcf.net\/es\/nuestros-programas\/fechas-tarifas-cursos\/fechas-y-tarifas-de-los-cursos-2025-2026\/"]}]},{"@type":"ImageObject","inLanguage":"es","@id":"https:\/\/www.ilcf.net\/es\/nuestros-programas\/fechas-tarifas-cursos\/fechas-y-tarifas-de-los-cursos-2025-2026\/#primaryimage","url":"https:\/\/www.ilcf.net\/wp-content\/uploads\/sites\/20\/2025\/02\/header-calendrier-ilcf-2025.png","contentUrl":"https:\/\/www.ilcf.net\/wp-content\/uploads\/sites\/20\/2025\/02\/header-calendrier-ilcf-2025.png","width":1920,"height":575},{"@type":"BreadcrumbList","@id":"https:\/\/www.ilcf.net\/es\/nuestros-programas\/fechas-tarifas-cursos\/fechas-y-tarifas-de-los-cursos-2025-2026\/#breadcrumb","itemListElement":[{"@type":"ListItem","position":1,"name":"Accueil","item":"https:\/\/www.ilcf.net\/es\/"},{"@type":"ListItem","position":2,"name":"Nuestros programas","item":"https:\/\/www.ilcf.net\/es\/nuestros-programas\/"},{"@type":"ListItem","position":3,"name":"Fechas y tarifas de los cursos","item":"https:\/\/www.ilcf.net\/es\/nuestros-programas\/fechas-tarifas-cursos\/"},{"@type":"ListItem","position":4,"name":"Fechas y tarifas de los cursos 2025-2026"}]},{"@type":"WebSite","@id":"https:\/\/www.ilcf.net\/es\/#website","url":"https:\/\/www.ilcf.net\/es\/","name":"ILCF - Institut de Langue et de Culture Fran\u00e7aises","description":"ILCF - Institut de Langue et de Culture Fran\u00e7aises","publisher":{"@id":"https:\/\/www.ilcf.net\/es\/#organization"},"potentialAction":[{"@type":"SearchAction","target":{"@type":"EntryPoint","urlTemplate":"https:\/\/www.ilcf.net\/es\/?s={search_term_string}"},"query-input":{"@type":"PropertyValueSpecification","valueRequired":true,"valueName":"search_term_string"}}],"inLanguage":"es"},{"@type":"Organization","@id":"https:\/\/www.ilcf.net\/es\/#organization","name":"ILCF - Institut de Langue et de Culture Fran\u00e7aises","url":"https:\/\/www.ilcf.net\/es\/","logo":{"@type":"ImageObject","inLanguage":"es","@id":"https:\/\/www.ilcf.net\/es\/#\/schema\/logo\/image\/","url":"https:\/\/www.ilcf.net\/wp-content\/uploads\/sites\/20\/2019\/11\/ilcf_logo.svg","contentUrl":"https:\/\/www.ilcf.net\/wp-content\/uploads\/sites\/20\/2019\/11\/ilcf_logo.svg","caption":"ILCF - Institut de Langue et de Culture Fran\u00e7aises"},"image":{"@id":"https:\/\/www.ilcf.net\/es\/#\/schema\/logo\/image\/"}}]}},"_links":{"self":[{"href":"https:\/\/www.ilcf.net\/es\/wp-json\/wp\/v2\/pages\/9997","targetHints":{"allow":["GET"]}}],"collection":[{"href":"https:\/\/www.ilcf.net\/es\/wp-json\/wp\/v2\/pages"}],"about":[{"href":"https:\/\/www.ilcf.net\/es\/wp-json\/wp\/v2\/types\/page"}],"author":[{"embeddable":true,"href":"https:\/\/www.ilcf.net\/es\/wp-json\/wp\/v2\/users\/33"}],"replies":[{"embeddable":true,"href":"https:\/\/www.ilcf.net\/es\/wp-json\/wp\/v2\/comments?post=9997"}],"version-history":[{"count":3,"href":"https:\/\/www.ilcf.net\/es\/wp-json\/wp\/v2\/pages\/9997\/revisions"}],"predecessor-version":[{"id":26386,"href":"https:\/\/www.ilcf.net\/es\/wp-json\/wp\/v2\/pages\/9997\/revisions\/26386"}],"up":[{"embeddable":true,"href":"https:\/\/www.ilcf.net\/es\/wp-json\/wp\/v2\/pages\/10008"}],"wp:featuredmedia":[{"embeddable":true,"href":"https:\/\/www.ilcf.net\/es\/wp-json\/wp\/v2\/media\/25079"}],"wp:attachment":[{"href":"https:\/\/www.ilcf.net\/es\/wp-json\/wp\/v2\/media?parent=9997"}],"curies":[{"name":"wp","href":"https:\/\/api.w.org\/{rel}","templated":true}]}}