{"id":7368,"date":"2021-03-10T09:47:40","date_gmt":"2021-03-10T08:47:40","guid":{"rendered":"https:\/\/www.ilcf.net\/?page_id=7368"},"modified":"2023-10-10T12:44:13","modified_gmt":"2023-10-10T10:44:13","slug":"tcf-test-de-conocimiento-de-frances","status":"publish","type":"page","link":"https:\/\/www.ilcf.net\/es\/quien-es-usted\/candidato-en-un-examen\/tcf-test-de-conocimiento-de-frances\/","title":{"rendered":"TCF - Test de Conocimiento de Franc\u00e9s"},"content":{"rendered":"<div class=\"wp-block-text-image\">\n  <div class=\"row align-bottom collapse\">\n    <div class=\"column small-12 medium-6 xlarge-5 xxlarge-expand wp-block-text-image-info js-fade-scroll\">\n      <p class=\"wp-block-text-image-title\">TCF - Test de Conocimiento de Franc\u00e9s<\/p>\n      <div class=\"wp-block-text-image-intro\"><p>Cualquier candidato no franc\u00f3fono que, por motivos personales, acad\u00e9micos o profesionales, necesite evaluar y certificar sus conocimientos en franc\u00e9s de forma fiable y reconocida. El TCF ha sido dise\u00f1ado tanto para un p\u00fablico joven (a partir de 16 a\u00f1os) como adulto. No se necesita ning\u00fan diploma ni ninguna preparaci\u00f3n para poder presentarse al TCF.<\/p>\n<\/div>\n    <\/div>\n\n    <div class=\"column small-12 medium-6 xlarge-7 xxlarge-shrink wp-block-text-image-picture js-fade-scroll\">\n      <img loading=\"lazy\" decoding=\"async\" width=\"600\" height=\"134\" src=\"https:\/\/www.ilcf.net\/wp-content\/uploads\/sites\/20\/2021\/06\/tcf-logo.jpg\" class=\"attachment-text_image size-text_image\" alt=\"Logo TCF\" srcset=\"https:\/\/www.ilcf.net\/wp-content\/uploads\/sites\/20\/2021\/06\/tcf-logo.jpg 600w, https:\/\/www.ilcf.net\/wp-content\/uploads\/sites\/20\/2021\/06\/tcf-logo-520x116.jpg 520w\" sizes=\"auto, (max-width: 600px) 100vw, 600px\" \/>    <\/div>\n  <\/div>\n<\/div><p><strong>Nuestras sesiones de ex\u00e1menes TCF solo est\u00e1n disponibles para grupos y bajo petici\u00f3n.<\/strong><\/p><h2 class=\"wp-block-heading\">\u00bfPor qu\u00e9 presentarse?<\/h2><p>Por motivos :<\/p><ul class=\"wp-block-list\"><li><strong>personales:<\/strong> esta prueba permite evaluar los conocimientos de franc\u00e9s (comprensi\u00f3n o expresi\u00f3n oral y escrita) para un posible posterior perfeccionamiento; es una especie de fotograf\u00eda ling\u00fc\u00edstica del nivel de franc\u00e9s del candidato en el momento en el que realiza la prueba;<\/li>\n\n<li><strong>profesionales: <\/strong>proporciona informaci\u00f3n objetiva para el candidato, que la puede utilizar ante una instituci\u00f3n con vistas a una contrataci\u00f3n o un ascenso;<\/li>\n\n<li><strong>acad\u00e9micos: <\/strong>proporciona, seg\u00fan los modelos internacionales, una evaluaci\u00f3n fiable de las capacidades ling\u00fc\u00edsticas que se tendr\u00e1n en cuenta para la admisi\u00f3n en un centro de ense\u00f1anza superior (universidad, escuela de arte, escuela de arquitectura, escuela de comercio, etc.).<\/li><\/ul><h2 class=\"wp-block-heading\">\u00bfC\u00f3mo me matriculo?<\/h2><p><\/p><ul class=\"wp-block-list\"><li>En la secretar\u00eda del ILCF de Lyon, situada en el n\u00famero 23 de Place Carnot, en el 2\u00ba distrito de Lyon (parada de metro de Perrache).<\/li>\n\n<li>Por&nbsp;correo electr\u00f3nico: ilcf@univ-catholyon.fr<\/li>\n\n<li>Por tel\u00e9fono: 00 33 - (0) 4 72 32 50 53<\/li><\/ul><h2 class=\"wp-block-heading\">\u00bfCoste? <\/h2><div class=\"wp-block-table js-fade-scroll\">\n  <p class=\"wp-block-table-title\">PRECIOS 2023-2024<\/p>\n\n  <div class=\"wp-block-table-responsive\">\n    <table>\n      \n      <tbody>\n                  <tr>\n                          <td>Epreuve obligatoire<\/td>\n                          <td>75,00 \u20ac\n<\/td>\n                      <\/tr>\n                  <tr>\n                          <td>Epreuve \u00e9crite compl\u00e9mentaire<\/td>\n                          <td>55,00 \u20ac\n<\/td>\n                      <\/tr>\n                  <tr>\n                          <td>Epreuve orale compl\u00e9mentaire<\/td>\n                          <td>55,00 \u20ac\n<\/td>\n                      <\/tr>\n                  <tr>\n                          <td>Frais administratifs<\/td>\n                          <td>15,00 \u20ac<\/td>\n                      <\/tr>\n              <\/tbody>\n    <\/table>\n  <\/div>\n\n  <p class=\"wp-block-table-caption\"> Nuestras sesiones de ex\u00e1menes TCF solo est\u00e1n disponibles para grupos y bajo <\/p>\n<\/div><h2 class=\"wp-block-heading\">\u00bfC\u00f3mo prepararse para ello ?<\/h2><p>El TCF no requiere ninguna preparaci\u00f3n especial, pero puede obtener m\u00e1s informaci\u00f3n descargando el folleto de presentaci\u00f3n.<\/p><div class=\"wp-block-button js-fade-scroll\">\n\n    <a href=\"https:\/\/www.ciep.fr\/es\/tcf-tout-public\" target=\"_blank\" title=\"TCF - ciep.fr\/es\" class=\"button primary\">TCF - ciep.fr\/es<\/a>\n\n  <\/div><div class=\"wp-block-cross-content js-fade-scroll\">\n    <p class=\"wp-block-cross-content-title\"><\/p>\n    <\/div>","protected":false},"excerpt":{"rendered":"<p>Nuestras sesiones de ex\u00e1menes TCF solo est\u00e1n disponibles para grupos y bajo petici\u00f3n.\u00bfPor qu\u00e9 presentarse?Por motivos :\u00bfC\u00f3mo me matriculo?\u00bfCoste? \u00bfC\u00f3mo prepararse para ello ?El [&hellip;]<\/p>\n","protected":false},"author":32,"featured_media":5448,"parent":5629,"menu_order":3,"comment_status":"closed","ping_status":"closed","template":"","meta":{"_acf_changed":false,"footnotes":""},"class_list":["post-7368","page","type-page","status-publish","has-post-thumbnail","hentry"],"acf":[],"yoast_head":"<!-- This site is optimized with the Yoast SEO plugin v24.1 - https:\/\/yoast.com\/wordpress\/plugins\/seo\/ -->\n<title>TCF - Test de Conocimiento de Franc\u00e9s - ILCF - Institut de Langue et de Culture Fran\u00e7aises<\/title>\n<meta name=\"robots\" content=\"index, follow, max-snippet:-1, max-image-preview:large, max-video-preview:-1\" \/>\n<link rel=\"canonical\" href=\"https:\/\/www.ilcf.net\/es\/quien-es-usted\/candidato-en-un-examen\/tcf-test-de-conocimiento-de-frances\/\" \/>\n<meta property=\"og:locale\" content=\"es_ES\" \/>\n<meta property=\"og:type\" content=\"article\" \/>\n<meta property=\"og:title\" content=\"TCF - Test de Conocimiento de Franc\u00e9s - ILCF - Institut de Langue et de Culture Fran\u00e7aises\" \/>\n<meta property=\"og:description\" content=\"Nuestras sesiones de ex\u00e1menes TCF solo est\u00e1n disponibles para grupos y bajo petici\u00f3n.\u00bfPor qu\u00e9 presentarse?Por motivos :\u00bfC\u00f3mo me matriculo?\u00bfCoste? \u00bfC\u00f3mo prepararse para ello ?El [&hellip;]\" \/>\n<meta property=\"og:url\" content=\"https:\/\/www.ilcf.net\/es\/quien-es-usted\/candidato-en-un-examen\/tcf-test-de-conocimiento-de-frances\/\" \/>\n<meta property=\"og:site_name\" content=\"ILCF - Institut de Langue et de Culture Fran\u00e7aises\" \/>\n<meta property=\"article:modified_time\" content=\"2023-10-10T10:44:13+00:00\" \/>\n<meta property=\"og:image\" content=\"https:\/\/www.ilcf.net\/wp-content\/uploads\/sites\/20\/2019\/12\/header-tcf.jpg\" \/>\n\t<meta property=\"og:image:width\" content=\"1920\" \/>\n\t<meta property=\"og:image:height\" content=\"575\" \/>\n\t<meta property=\"og:image:type\" content=\"image\/jpeg\" \/>\n<meta name=\"twitter:card\" content=\"summary_large_image\" \/>\n<meta name=\"twitter:label1\" content=\"Tiempo de lectura\" \/>\n\t<meta name=\"twitter:data1\" content=\"1 minuto\" \/>\n<script type=\"application\/ld+json\" class=\"yoast-schema-graph\">{\"@context\":\"https:\/\/schema.org\",\"@graph\":[{\"@type\":\"WebPage\",\"@id\":\"https:\/\/www.ilcf.net\/es\/quien-es-usted\/candidato-en-un-examen\/tcf-test-de-conocimiento-de-frances\/\",\"url\":\"https:\/\/www.ilcf.net\/es\/quien-es-usted\/candidato-en-un-examen\/tcf-test-de-conocimiento-de-frances\/\",\"name\":\"TCF - Test de Conocimiento de Franc\u00e9s - ILCF - Institut de Langue et de Culture Fran\u00e7aises\",\"isPartOf\":{\"@id\":\"https:\/\/www.ilcf.net\/es\/#website\"},\"primaryImageOfPage\":{\"@id\":\"https:\/\/www.ilcf.net\/es\/quien-es-usted\/candidato-en-un-examen\/tcf-test-de-conocimiento-de-frances\/#primaryimage\"},\"image\":{\"@id\":\"https:\/\/www.ilcf.net\/es\/quien-es-usted\/candidato-en-un-examen\/tcf-test-de-conocimiento-de-frances\/#primaryimage\"},\"thumbnailUrl\":\"https:\/\/www.ilcf.net\/wp-content\/uploads\/sites\/20\/2019\/12\/header-tcf.jpg\",\"datePublished\":\"2021-03-10T08:47:40+00:00\",\"dateModified\":\"2023-10-10T10:44:13+00:00\",\"breadcrumb\":{\"@id\":\"https:\/\/www.ilcf.net\/es\/quien-es-usted\/candidato-en-un-examen\/tcf-test-de-conocimiento-de-frances\/#breadcrumb\"},\"inLanguage\":\"es\",\"potentialAction\":[{\"@type\":\"ReadAction\",\"target\":[\"https:\/\/www.ilcf.net\/es\/quien-es-usted\/candidato-en-un-examen\/tcf-test-de-conocimiento-de-frances\/\"]}]},{\"@type\":\"ImageObject\",\"inLanguage\":\"es\",\"@id\":\"https:\/\/www.ilcf.net\/es\/quien-es-usted\/candidato-en-un-examen\/tcf-test-de-conocimiento-de-frances\/#primaryimage\",\"url\":\"https:\/\/www.ilcf.net\/wp-content\/uploads\/sites\/20\/2019\/12\/header-tcf.jpg\",\"contentUrl\":\"https:\/\/www.ilcf.net\/wp-content\/uploads\/sites\/20\/2019\/12\/header-tcf.jpg\",\"width\":1920,\"height\":575},{\"@type\":\"BreadcrumbList\",\"@id\":\"https:\/\/www.ilcf.net\/es\/quien-es-usted\/candidato-en-un-examen\/tcf-test-de-conocimiento-de-frances\/#breadcrumb\",\"itemListElement\":[{\"@type\":\"ListItem\",\"position\":1,\"name\":\"Accueil\",\"item\":\"https:\/\/www.ilcf.net\/es\/\"},{\"@type\":\"ListItem\",\"position\":2,\"name\":\"\u00bfQui\u00e9n es usted?\",\"item\":\"https:\/\/www.ilcf.net\/es\/quien-es-usted\/\"},{\"@type\":\"ListItem\",\"position\":3,\"name\":\"Candidato en un examen\",\"item\":\"https:\/\/www.ilcf.net\/es\/quien-es-usted\/candidato-en-un-examen\/\"},{\"@type\":\"ListItem\",\"position\":4,\"name\":\"TCF - Test de Conocimiento de Franc\u00e9s\"}]},{\"@type\":\"WebSite\",\"@id\":\"https:\/\/www.ilcf.net\/es\/#website\",\"url\":\"https:\/\/www.ilcf.net\/es\/\",\"name\":\"ILCF - Institut de Langue et de Culture Fran\u00e7aises\",\"description\":\"ILCF - Institut de Langue et de Culture Fran\u00e7aises\",\"publisher\":{\"@id\":\"https:\/\/www.ilcf.net\/es\/#organization\"},\"potentialAction\":[{\"@type\":\"SearchAction\",\"target\":{\"@type\":\"EntryPoint\",\"urlTemplate\":\"https:\/\/www.ilcf.net\/es\/?s={search_term_string}\"},\"query-input\":{\"@type\":\"PropertyValueSpecification\",\"valueRequired\":true,\"valueName\":\"search_term_string\"}}],\"inLanguage\":\"es\"},{\"@type\":\"Organization\",\"@id\":\"https:\/\/www.ilcf.net\/es\/#organization\",\"name\":\"ILCF - Institut de Langue et de Culture Fran\u00e7aises\",\"url\":\"https:\/\/www.ilcf.net\/es\/\",\"logo\":{\"@type\":\"ImageObject\",\"inLanguage\":\"es\",\"@id\":\"https:\/\/www.ilcf.net\/es\/#\/schema\/logo\/image\/\",\"url\":\"https:\/\/www.ilcf.net\/wp-content\/uploads\/sites\/20\/2019\/11\/ilcf_logo.svg\",\"contentUrl\":\"https:\/\/www.ilcf.net\/wp-content\/uploads\/sites\/20\/2019\/11\/ilcf_logo.svg\",\"caption\":\"ILCF - Institut de Langue et de Culture Fran\u00e7aises\"},\"image\":{\"@id\":\"https:\/\/www.ilcf.net\/es\/#\/schema\/logo\/image\/\"}}]}<\/script>\n<!-- \/ Yoast SEO plugin. -->","yoast_head_json":{"title":"TCF - Test de Conocimiento de Franc\u00e9s - ILCF - Institut de Langue et de Culture Fran\u00e7aises","robots":{"index":"index","follow":"follow","max-snippet":"max-snippet:-1","max-image-preview":"max-image-preview:large","max-video-preview":"max-video-preview:-1"},"canonical":"https:\/\/www.ilcf.net\/es\/quien-es-usted\/candidato-en-un-examen\/tcf-test-de-conocimiento-de-frances\/","og_locale":"es_ES","og_type":"article","og_title":"TCF - Test de Conocimiento de Franc\u00e9s - ILCF - Institut de Langue et de Culture Fran\u00e7aises","og_description":"Nuestras sesiones de ex\u00e1menes TCF solo est\u00e1n disponibles para grupos y bajo petici\u00f3n.\u00bfPor qu\u00e9 presentarse?Por motivos :\u00bfC\u00f3mo me matriculo?\u00bfCoste? \u00bfC\u00f3mo prepararse para ello ?El [&hellip;]","og_url":"https:\/\/www.ilcf.net\/es\/quien-es-usted\/candidato-en-un-examen\/tcf-test-de-conocimiento-de-frances\/","og_site_name":"ILCF - Institut de Langue et de Culture Fran\u00e7aises","article_modified_time":"2023-10-10T10:44:13+00:00","og_image":[{"width":1920,"height":575,"url":"https:\/\/www.ilcf.net\/wp-content\/uploads\/sites\/20\/2019\/12\/header-tcf.jpg","type":"image\/jpeg"}],"twitter_card":"summary_large_image","twitter_misc":{"Tiempo de lectura":"1 minuto"},"schema":{"@context":"https:\/\/schema.org","@graph":[{"@type":"WebPage","@id":"https:\/\/www.ilcf.net\/es\/quien-es-usted\/candidato-en-un-examen\/tcf-test-de-conocimiento-de-frances\/","url":"https:\/\/www.ilcf.net\/es\/quien-es-usted\/candidato-en-un-examen\/tcf-test-de-conocimiento-de-frances\/","name":"TCF - Test de Conocimiento de Franc\u00e9s - ILCF - Institut de Langue et de Culture Fran\u00e7aises","isPartOf":{"@id":"https:\/\/www.ilcf.net\/es\/#website"},"primaryImageOfPage":{"@id":"https:\/\/www.ilcf.net\/es\/quien-es-usted\/candidato-en-un-examen\/tcf-test-de-conocimiento-de-frances\/#primaryimage"},"image":{"@id":"https:\/\/www.ilcf.net\/es\/quien-es-usted\/candidato-en-un-examen\/tcf-test-de-conocimiento-de-frances\/#primaryimage"},"thumbnailUrl":"https:\/\/www.ilcf.net\/wp-content\/uploads\/sites\/20\/2019\/12\/header-tcf.jpg","datePublished":"2021-03-10T08:47:40+00:00","dateModified":"2023-10-10T10:44:13+00:00","breadcrumb":{"@id":"https:\/\/www.ilcf.net\/es\/quien-es-usted\/candidato-en-un-examen\/tcf-test-de-conocimiento-de-frances\/#breadcrumb"},"inLanguage":"es","potentialAction":[{"@type":"ReadAction","target":["https:\/\/www.ilcf.net\/es\/quien-es-usted\/candidato-en-un-examen\/tcf-test-de-conocimiento-de-frances\/"]}]},{"@type":"ImageObject","inLanguage":"es","@id":"https:\/\/www.ilcf.net\/es\/quien-es-usted\/candidato-en-un-examen\/tcf-test-de-conocimiento-de-frances\/#primaryimage","url":"https:\/\/www.ilcf.net\/wp-content\/uploads\/sites\/20\/2019\/12\/header-tcf.jpg","contentUrl":"https:\/\/www.ilcf.net\/wp-content\/uploads\/sites\/20\/2019\/12\/header-tcf.jpg","width":1920,"height":575},{"@type":"BreadcrumbList","@id":"https:\/\/www.ilcf.net\/es\/quien-es-usted\/candidato-en-un-examen\/tcf-test-de-conocimiento-de-frances\/#breadcrumb","itemListElement":[{"@type":"ListItem","position":1,"name":"Accueil","item":"https:\/\/www.ilcf.net\/es\/"},{"@type":"ListItem","position":2,"name":"\u00bfQui\u00e9n es usted?","item":"https:\/\/www.ilcf.net\/es\/quien-es-usted\/"},{"@type":"ListItem","position":3,"name":"Candidato en un examen","item":"https:\/\/www.ilcf.net\/es\/quien-es-usted\/candidato-en-un-examen\/"},{"@type":"ListItem","position":4,"name":"TCF - Test de Conocimiento de Franc\u00e9s"}]},{"@type":"WebSite","@id":"https:\/\/www.ilcf.net\/es\/#website","url":"https:\/\/www.ilcf.net\/es\/","name":"ILCF - Institut de Langue et de Culture Fran\u00e7aises","description":"ILCF - Institut de Langue et de Culture Fran\u00e7aises","publisher":{"@id":"https:\/\/www.ilcf.net\/es\/#organization"},"potentialAction":[{"@type":"SearchAction","target":{"@type":"EntryPoint","urlTemplate":"https:\/\/www.ilcf.net\/es\/?s={search_term_string}"},"query-input":{"@type":"PropertyValueSpecification","valueRequired":true,"valueName":"search_term_string"}}],"inLanguage":"es"},{"@type":"Organization","@id":"https:\/\/www.ilcf.net\/es\/#organization","name":"ILCF - Institut de Langue et de Culture Fran\u00e7aises","url":"https:\/\/www.ilcf.net\/es\/","logo":{"@type":"ImageObject","inLanguage":"es","@id":"https:\/\/www.ilcf.net\/es\/#\/schema\/logo\/image\/","url":"https:\/\/www.ilcf.net\/wp-content\/uploads\/sites\/20\/2019\/11\/ilcf_logo.svg","contentUrl":"https:\/\/www.ilcf.net\/wp-content\/uploads\/sites\/20\/2019\/11\/ilcf_logo.svg","caption":"ILCF - Institut de Langue et de Culture Fran\u00e7aises"},"image":{"@id":"https:\/\/www.ilcf.net\/es\/#\/schema\/logo\/image\/"}}]}},"_links":{"self":[{"href":"https:\/\/www.ilcf.net\/es\/wp-json\/wp\/v2\/pages\/7368","targetHints":{"allow":["GET"]}}],"collection":[{"href":"https:\/\/www.ilcf.net\/es\/wp-json\/wp\/v2\/pages"}],"about":[{"href":"https:\/\/www.ilcf.net\/es\/wp-json\/wp\/v2\/types\/page"}],"author":[{"embeddable":true,"href":"https:\/\/www.ilcf.net\/es\/wp-json\/wp\/v2\/users\/32"}],"replies":[{"embeddable":true,"href":"https:\/\/www.ilcf.net\/es\/wp-json\/wp\/v2\/comments?post=7368"}],"version-history":[{"count":14,"href":"https:\/\/www.ilcf.net\/es\/wp-json\/wp\/v2\/pages\/7368\/revisions"}],"predecessor-version":[{"id":22515,"href":"https:\/\/www.ilcf.net\/es\/wp-json\/wp\/v2\/pages\/7368\/revisions\/22515"}],"up":[{"embeddable":true,"href":"https:\/\/www.ilcf.net\/es\/wp-json\/wp\/v2\/pages\/5629"}],"wp:featuredmedia":[{"embeddable":true,"href":"https:\/\/www.ilcf.net\/es\/wp-json\/wp\/v2\/media\/5448"}],"wp:attachment":[{"href":"https:\/\/www.ilcf.net\/es\/wp-json\/wp\/v2\/media?parent=7368"}],"curies":[{"name":"wp","href":"https:\/\/api.w.org\/{rel}","templated":true}]}}