{"id":6778,"date":"2020-02-06T11:34:18","date_gmt":"2020-02-06T10:34:18","guid":{"rendered":"https:\/\/www.ilcf.net\/?page_id=6778"},"modified":"2020-02-10T09:50:31","modified_gmt":"2020-02-10T08:50:31","slug":"mentoria","status":"publish","type":"page","link":"https:\/\/www.ilcf.net\/es\/informacion-practica\/mentoria\/","title":{"rendered":"Mentor\u00eda"},"content":{"rendered":"<p>Nos complace enormemente recibirte en la UCLy para el nuevo curso acad\u00e9mico y esperamos que el tiempo que pases con nosotros cumpla tus expectativas.<\/p><h2 class=\"wp-block-heading\">\u00bfQu\u00e9 es?<\/h2><p>Para facilitar tu integraci\u00f3n en la UCLy y en la ciudad de Lyon, un estudiante inscrito en nuestra universidad se prestar\u00e1 voluntario para acompa\u00f1arte personalmente desde tu llegada a Lyon y durante tu estancia (recibimiento a la llegada, lugar de alojamiento, restauraci\u00f3n, tr\u00e1mites administrativos, hospitalidad, etc.).<\/p><h2 class=\"wp-block-heading\">\u00bfPara qui\u00e9n est\u00e1 pensado?<\/h2><p>Para todos los estudiantes extranjeros de la UCLy. \u00a1Los primeros expedientes ser\u00e1n los primeros beneficiarios!<\/p><h2 class=\"wp-block-heading\">\u00bfC\u00f3mo me apunto?<\/h2><p>Env\u00eda un mensaje de correo electr\u00f3nico al Servicio de Relaciones Internacionales<br><a href=\"mailto:poleinternational@univ-catholyon.fr\" target=\"_blank\" rel=\"noreferrer noopener\" aria-label=\" (s\u2019ouvre dans un nouvel onglet)\">poleinternational@univ-catholyon.fr<\/a>&nbsp;indicando la informaci\u00f3n requerida m\u00e1s abajo.<br>As\u00ed recibir\u00e1s los datos de tu mentor.<\/p><ul class=\"wp-block-list\"><li><strong>Apellido, nombre:<\/strong><\/li><li><strong>Fecha de llegada prevista:<\/strong><\/li><li><strong>Direcci\u00f3n de correo electr\u00f3nico:<\/strong><\/li><li><strong>Facultad \/ Instituto \/ Escuela de la UCLy:<\/strong><\/li><li><strong>Nacionalidad:<\/strong><\/li><li><strong>Idiomas:<\/strong><\/li><\/ul><p style=\"text-align: center\"><a href=\"https:\/\/www.ucly.fr\/en\/student-life\/international-relations-office\/pole-international\/\" target=\"_blank\" rel=\"noreferrer noopener\" aria-label=\" (s\u2019ouvre dans un nouvel onglet)\"><em><span class=\"button\">m\u00e1s informaci\u00f3n sobre el Buddy Program<\/span><\/em><\/a><\/p><div class=\"wp-block-cross-content js-fade-scroll\">\n    <p class=\"wp-block-cross-content-title\"><\/p>\n            <div class=\"row wp-block-cross-content-row\">\n                                <div class=\"column small-12 medium-6 large-4 wp-block-cross-content-col\">\n                        <a class=\"wp-block-cross-content-top\" href=\"https:\/\/www.ilcf.net\/es\/ilcf\/la-red-de-asociaciones\/\" title=\"La red de asociaciones\">\n                            <span class=\"wp-block-cross-content-name\">La red de asociaciones<\/span>\n                            <span class=\"wp-block-cross-content-image\"><img loading=\"lazy\" decoding=\"async\" width=\"630\" height=\"570\" src=\"https:\/\/www.ilcf.net\/wp-content\/uploads\/sites\/20\/2019\/12\/header-francais-des-arts-630x570.jpg\" class=\" wp-post-image\" alt=\"\" \/><\/span>\n                            <span class=\"wp-block-cross-content-more\">\n                                <span class=\"icon-more\"><\/span>\n                            <\/span>\n                        <\/a>\n                        <div class=\"wp-block-cross-content-excerpt\"><\/div>\n                    <\/div>\n                                                <div class=\"column small-12 medium-6 large-4 wp-block-cross-content-col\">\n                        <a class=\"wp-block-cross-content-top\" href=\"https:\/\/www.ilcf.net\/es\/nuestros-programas\/actividades-culturales\/\" title=\"Actividades culturales\">\n                            <span class=\"wp-block-cross-content-name\">Actividades culturales<\/span>\n                            <span class=\"wp-block-cross-content-image\"><img loading=\"lazy\" decoding=\"async\" width=\"630\" height=\"570\" src=\"https:\/\/www.ilcf.net\/wp-content\/uploads\/sites\/20\/2019\/12\/beaujolais-activites-ilcf-630x570.jpg\" class=\" wp-post-image\" alt=\"\" \/><\/span>\n                            <span class=\"wp-block-cross-content-more\">\n                                <span class=\"icon-more\"><\/span>\n                            <\/span>\n                        <\/a>\n                        <div class=\"wp-block-cross-content-excerpt\"><\/div>\n                    <\/div>\n                                                <div class=\"column small-12 medium-6 large-4 wp-block-cross-content-col\">\n                        <a class=\"wp-block-cross-content-top\" href=\"https:\/\/www.ilcf.net\/es\/quien-es-usted\/estudiante\/guia-de-acogida-para-estudiantes-internacionales\/\" title=\"Gu\u00eda de acogida para estudiantes internacionales\">\n                            <span class=\"wp-block-cross-content-name\">Gu\u00eda de acogida para estudiantes internacionales<\/span>\n                            <span class=\"wp-block-cross-content-image\"><img loading=\"lazy\" decoding=\"async\" width=\"630\" height=\"570\" src=\"https:\/\/www.ilcf.net\/wp-content\/uploads\/sites\/20\/2020\/02\/header-metiers-a-linternational-estri-630x570.jpg\" class=\" wp-post-image\" alt=\"Guide UCLy des \u00e9tudiants internationaux\" \/><\/span>\n                            <span class=\"wp-block-cross-content-more\">\n                                <span class=\"icon-more\"><\/span>\n                            <\/span>\n                        <\/a>\n                        <div class=\"wp-block-cross-content-excerpt\"><\/div>\n                    <\/div>\n                                    <\/div>\n    <\/div>","protected":false},"excerpt":{"rendered":"<p>Nos complace enormemente recibirte en la UCLy para el nuevo curso acad\u00e9mico y esperamos que el tiempo que pases con nosotros cumpla tus expectativas.\u00bfQu\u00e9 [&hellip;]<\/p>\n","protected":false},"author":32,"featured_media":5864,"parent":5639,"menu_order":9,"comment_status":"closed","ping_status":"closed","template":"","meta":{"_acf_changed":false,"footnotes":""},"class_list":["post-6778","page","type-page","status-publish","has-post-thumbnail","hentry"],"acf":[],"yoast_head":"<!-- This site is optimized with the Yoast SEO plugin v24.1 - https:\/\/yoast.com\/wordpress\/plugins\/seo\/ -->\n<title>Mentor\u00eda - ILCF - Institut de Langue et de Culture Fran\u00e7aises<\/title>\n<meta name=\"description\" content=\"Para facilitar tu integraci\u00f3n y empezar en las mejores condiciones, hemos organizado un programa de mentor\u00eda para estudiantes extranjeros.\" \/>\n<meta name=\"robots\" content=\"index, follow, max-snippet:-1, max-image-preview:large, max-video-preview:-1\" \/>\n<link rel=\"canonical\" href=\"https:\/\/www.ilcf.net\/es\/informacion-practica\/mentoria\/\" \/>\n<meta property=\"og:locale\" content=\"es_ES\" \/>\n<meta property=\"og:type\" content=\"article\" \/>\n<meta property=\"og:title\" content=\"Mentor\u00eda - ILCF - Institut de Langue et de Culture Fran\u00e7aises\" \/>\n<meta property=\"og:description\" content=\"Para facilitar tu integraci\u00f3n y empezar en las mejores condiciones, hemos organizado un programa de mentor\u00eda para estudiantes extranjeros.\" \/>\n<meta property=\"og:url\" content=\"https:\/\/www.ilcf.net\/es\/informacion-practica\/mentoria\/\" \/>\n<meta property=\"og:site_name\" content=\"ILCF - Institut de Langue et de Culture Fran\u00e7aises\" \/>\n<meta property=\"article:modified_time\" content=\"2020-02-10T08:50:31+00:00\" \/>\n<meta property=\"og:image\" content=\"https:\/\/www.ilcf.net\/wp-content\/uploads\/sites\/20\/2020\/02\/header-infopratiques-estri.jpg\" \/>\n\t<meta property=\"og:image:width\" content=\"1920\" \/>\n\t<meta property=\"og:image:height\" content=\"575\" \/>\n\t<meta property=\"og:image:type\" content=\"image\/jpeg\" \/>\n<meta name=\"twitter:card\" content=\"summary_large_image\" \/>\n<meta name=\"twitter:label1\" content=\"Tiempo de lectura\" \/>\n\t<meta name=\"twitter:data1\" content=\"1 minuto\" \/>\n<script type=\"application\/ld+json\" class=\"yoast-schema-graph\">{\"@context\":\"https:\/\/schema.org\",\"@graph\":[{\"@type\":\"WebPage\",\"@id\":\"https:\/\/www.ilcf.net\/es\/informacion-practica\/mentoria\/\",\"url\":\"https:\/\/www.ilcf.net\/es\/informacion-practica\/mentoria\/\",\"name\":\"Mentor\u00eda - ILCF - Institut de Langue et de Culture Fran\u00e7aises\",\"isPartOf\":{\"@id\":\"https:\/\/www.ilcf.net\/es\/#website\"},\"primaryImageOfPage\":{\"@id\":\"https:\/\/www.ilcf.net\/es\/informacion-practica\/mentoria\/#primaryimage\"},\"image\":{\"@id\":\"https:\/\/www.ilcf.net\/es\/informacion-practica\/mentoria\/#primaryimage\"},\"thumbnailUrl\":\"https:\/\/www.ilcf.net\/wp-content\/uploads\/sites\/20\/2020\/02\/header-infopratiques-estri.jpg\",\"datePublished\":\"2020-02-06T10:34:18+00:00\",\"dateModified\":\"2020-02-10T08:50:31+00:00\",\"description\":\"Para facilitar tu integraci\u00f3n y empezar en las mejores condiciones, hemos organizado un programa de mentor\u00eda para estudiantes extranjeros.\",\"breadcrumb\":{\"@id\":\"https:\/\/www.ilcf.net\/es\/informacion-practica\/mentoria\/#breadcrumb\"},\"inLanguage\":\"es\",\"potentialAction\":[{\"@type\":\"ReadAction\",\"target\":[\"https:\/\/www.ilcf.net\/es\/informacion-practica\/mentoria\/\"]}]},{\"@type\":\"ImageObject\",\"inLanguage\":\"es\",\"@id\":\"https:\/\/www.ilcf.net\/es\/informacion-practica\/mentoria\/#primaryimage\",\"url\":\"https:\/\/www.ilcf.net\/wp-content\/uploads\/sites\/20\/2020\/02\/header-infopratiques-estri.jpg\",\"contentUrl\":\"https:\/\/www.ilcf.net\/wp-content\/uploads\/sites\/20\/2020\/02\/header-infopratiques-estri.jpg\",\"width\":1920,\"height\":575,\"caption\":\"Header visa ILCF\"},{\"@type\":\"BreadcrumbList\",\"@id\":\"https:\/\/www.ilcf.net\/es\/informacion-practica\/mentoria\/#breadcrumb\",\"itemListElement\":[{\"@type\":\"ListItem\",\"position\":1,\"name\":\"Accueil\",\"item\":\"https:\/\/www.ilcf.net\/es\/\"},{\"@type\":\"ListItem\",\"position\":2,\"name\":\"Informaci\u00f3n pr\u00e1ctica\",\"item\":\"https:\/\/www.ilcf.net\/es\/informacion-practica\/\"},{\"@type\":\"ListItem\",\"position\":3,\"name\":\"Mentor\u00eda\"}]},{\"@type\":\"WebSite\",\"@id\":\"https:\/\/www.ilcf.net\/es\/#website\",\"url\":\"https:\/\/www.ilcf.net\/es\/\",\"name\":\"ILCF - Institut de Langue et de Culture Fran\u00e7aises\",\"description\":\"ILCF - Institut de Langue et de Culture Fran\u00e7aises\",\"publisher\":{\"@id\":\"https:\/\/www.ilcf.net\/es\/#organization\"},\"potentialAction\":[{\"@type\":\"SearchAction\",\"target\":{\"@type\":\"EntryPoint\",\"urlTemplate\":\"https:\/\/www.ilcf.net\/es\/?s={search_term_string}\"},\"query-input\":{\"@type\":\"PropertyValueSpecification\",\"valueRequired\":true,\"valueName\":\"search_term_string\"}}],\"inLanguage\":\"es\"},{\"@type\":\"Organization\",\"@id\":\"https:\/\/www.ilcf.net\/es\/#organization\",\"name\":\"ILCF - Institut de Langue et de Culture Fran\u00e7aises\",\"url\":\"https:\/\/www.ilcf.net\/es\/\",\"logo\":{\"@type\":\"ImageObject\",\"inLanguage\":\"es\",\"@id\":\"https:\/\/www.ilcf.net\/es\/#\/schema\/logo\/image\/\",\"url\":\"https:\/\/www.ilcf.net\/wp-content\/uploads\/sites\/20\/2019\/11\/ilcf_logo.svg\",\"contentUrl\":\"https:\/\/www.ilcf.net\/wp-content\/uploads\/sites\/20\/2019\/11\/ilcf_logo.svg\",\"caption\":\"ILCF - Institut de Langue et de Culture Fran\u00e7aises\"},\"image\":{\"@id\":\"https:\/\/www.ilcf.net\/es\/#\/schema\/logo\/image\/\"}}]}<\/script>\n<!-- \/ Yoast SEO plugin. -->","yoast_head_json":{"title":"Mentor\u00eda - ILCF - Institut de Langue et de Culture Fran\u00e7aises","description":"Para facilitar tu integraci\u00f3n y empezar en las mejores condiciones, hemos organizado un programa de mentor\u00eda para estudiantes extranjeros.","robots":{"index":"index","follow":"follow","max-snippet":"max-snippet:-1","max-image-preview":"max-image-preview:large","max-video-preview":"max-video-preview:-1"},"canonical":"https:\/\/www.ilcf.net\/es\/informacion-practica\/mentoria\/","og_locale":"es_ES","og_type":"article","og_title":"Mentor\u00eda - ILCF - Institut de Langue et de Culture Fran\u00e7aises","og_description":"Para facilitar tu integraci\u00f3n y empezar en las mejores condiciones, hemos organizado un programa de mentor\u00eda para estudiantes extranjeros.","og_url":"https:\/\/www.ilcf.net\/es\/informacion-practica\/mentoria\/","og_site_name":"ILCF - Institut de Langue et de Culture Fran\u00e7aises","article_modified_time":"2020-02-10T08:50:31+00:00","og_image":[{"width":1920,"height":575,"url":"https:\/\/www.ilcf.net\/wp-content\/uploads\/sites\/20\/2020\/02\/header-infopratiques-estri.jpg","type":"image\/jpeg"}],"twitter_card":"summary_large_image","twitter_misc":{"Tiempo de lectura":"1 minuto"},"schema":{"@context":"https:\/\/schema.org","@graph":[{"@type":"WebPage","@id":"https:\/\/www.ilcf.net\/es\/informacion-practica\/mentoria\/","url":"https:\/\/www.ilcf.net\/es\/informacion-practica\/mentoria\/","name":"Mentor\u00eda - ILCF - Institut de Langue et de Culture Fran\u00e7aises","isPartOf":{"@id":"https:\/\/www.ilcf.net\/es\/#website"},"primaryImageOfPage":{"@id":"https:\/\/www.ilcf.net\/es\/informacion-practica\/mentoria\/#primaryimage"},"image":{"@id":"https:\/\/www.ilcf.net\/es\/informacion-practica\/mentoria\/#primaryimage"},"thumbnailUrl":"https:\/\/www.ilcf.net\/wp-content\/uploads\/sites\/20\/2020\/02\/header-infopratiques-estri.jpg","datePublished":"2020-02-06T10:34:18+00:00","dateModified":"2020-02-10T08:50:31+00:00","description":"Para facilitar tu integraci\u00f3n y empezar en las mejores condiciones, hemos organizado un programa de mentor\u00eda para estudiantes extranjeros.","breadcrumb":{"@id":"https:\/\/www.ilcf.net\/es\/informacion-practica\/mentoria\/#breadcrumb"},"inLanguage":"es","potentialAction":[{"@type":"ReadAction","target":["https:\/\/www.ilcf.net\/es\/informacion-practica\/mentoria\/"]}]},{"@type":"ImageObject","inLanguage":"es","@id":"https:\/\/www.ilcf.net\/es\/informacion-practica\/mentoria\/#primaryimage","url":"https:\/\/www.ilcf.net\/wp-content\/uploads\/sites\/20\/2020\/02\/header-infopratiques-estri.jpg","contentUrl":"https:\/\/www.ilcf.net\/wp-content\/uploads\/sites\/20\/2020\/02\/header-infopratiques-estri.jpg","width":1920,"height":575,"caption":"Header visa ILCF"},{"@type":"BreadcrumbList","@id":"https:\/\/www.ilcf.net\/es\/informacion-practica\/mentoria\/#breadcrumb","itemListElement":[{"@type":"ListItem","position":1,"name":"Accueil","item":"https:\/\/www.ilcf.net\/es\/"},{"@type":"ListItem","position":2,"name":"Informaci\u00f3n pr\u00e1ctica","item":"https:\/\/www.ilcf.net\/es\/informacion-practica\/"},{"@type":"ListItem","position":3,"name":"Mentor\u00eda"}]},{"@type":"WebSite","@id":"https:\/\/www.ilcf.net\/es\/#website","url":"https:\/\/www.ilcf.net\/es\/","name":"ILCF - Institut de Langue et de Culture Fran\u00e7aises","description":"ILCF - Institut de Langue et de Culture Fran\u00e7aises","publisher":{"@id":"https:\/\/www.ilcf.net\/es\/#organization"},"potentialAction":[{"@type":"SearchAction","target":{"@type":"EntryPoint","urlTemplate":"https:\/\/www.ilcf.net\/es\/?s={search_term_string}"},"query-input":{"@type":"PropertyValueSpecification","valueRequired":true,"valueName":"search_term_string"}}],"inLanguage":"es"},{"@type":"Organization","@id":"https:\/\/www.ilcf.net\/es\/#organization","name":"ILCF - Institut de Langue et de Culture Fran\u00e7aises","url":"https:\/\/www.ilcf.net\/es\/","logo":{"@type":"ImageObject","inLanguage":"es","@id":"https:\/\/www.ilcf.net\/es\/#\/schema\/logo\/image\/","url":"https:\/\/www.ilcf.net\/wp-content\/uploads\/sites\/20\/2019\/11\/ilcf_logo.svg","contentUrl":"https:\/\/www.ilcf.net\/wp-content\/uploads\/sites\/20\/2019\/11\/ilcf_logo.svg","caption":"ILCF - Institut de Langue et de Culture Fran\u00e7aises"},"image":{"@id":"https:\/\/www.ilcf.net\/es\/#\/schema\/logo\/image\/"}}]}},"_links":{"self":[{"href":"https:\/\/www.ilcf.net\/es\/wp-json\/wp\/v2\/pages\/6778","targetHints":{"allow":["GET"]}}],"collection":[{"href":"https:\/\/www.ilcf.net\/es\/wp-json\/wp\/v2\/pages"}],"about":[{"href":"https:\/\/www.ilcf.net\/es\/wp-json\/wp\/v2\/types\/page"}],"author":[{"embeddable":true,"href":"https:\/\/www.ilcf.net\/es\/wp-json\/wp\/v2\/users\/32"}],"replies":[{"embeddable":true,"href":"https:\/\/www.ilcf.net\/es\/wp-json\/wp\/v2\/comments?post=6778"}],"version-history":[{"count":7,"href":"https:\/\/www.ilcf.net\/es\/wp-json\/wp\/v2\/pages\/6778\/revisions"}],"predecessor-version":[{"id":7178,"href":"https:\/\/www.ilcf.net\/es\/wp-json\/wp\/v2\/pages\/6778\/revisions\/7178"}],"up":[{"embeddable":true,"href":"https:\/\/www.ilcf.net\/es\/wp-json\/wp\/v2\/pages\/5639"}],"wp:featuredmedia":[{"embeddable":true,"href":"https:\/\/www.ilcf.net\/es\/wp-json\/wp\/v2\/media\/5864"}],"wp:attachment":[{"href":"https:\/\/www.ilcf.net\/es\/wp-json\/wp\/v2\/media?parent=6778"}],"curies":[{"name":"wp","href":"https:\/\/api.w.org\/{rel}","templated":true}]}}