{"id":5861,"date":"2019-11-27T11:41:47","date_gmt":"2019-11-27T10:41:47","guid":{"rendered":"https:\/\/www.ilcf.net\/?page_id=5861"},"modified":"2020-02-11T15:36:42","modified_gmt":"2020-02-11T14:36:42","slug":"actividades-culturales","status":"publish","type":"page","link":"https:\/\/www.ilcf.net\/es\/nuestros-programas\/actividades-culturales\/","title":{"rendered":"Actividades culturales"},"content":{"rendered":"<p>Gracias a la colaboraci\u00f3n con entidades culturales y art\u00edsticas, podemos ofrecer la implicaci\u00f3n de los estudiantes en proyectos de aprendizaje mientras descubren la ciudad Lyon, la regi\u00f3n de R\u00f3dano-Alpes y la sociedad francesa.<\/p><div class=\"wp-block-text-image\">\n  <div class=\"row align-bottom collapse\">\n    <div class=\"column small-12 medium-6 xlarge-5 xxlarge-expand wp-block-text-image-info js-fade-scroll\">\n      <p class=\"wp-block-text-image-title\">Actividades culturales en ILCF<\/p>\n      <div class=\"wp-block-text-image-intro\"><p>Un programa cultural integrado en nuestra oferta\u00a0a unos precios muy competitivos y aprovecha la organizaci\u00f3n y la log\u00edstica establecida por unos coordinadores profesionales y con experiencia.<\/p>\n<p><a href=\"https:\/\/www.ilcf.net\/es\/nuestros-programas\/actividades-culturales\/actividades-culturales-en-ilcf\/\" target=\"_blank\" rel=\"noopener\"><span class=\"button\">El programa cultural del ILCF<\/a><\/p>\n<\/div>\n    <\/div>\n\n    <div class=\"column small-12 medium-6 xlarge-7 xxlarge-shrink wp-block-text-image-picture js-fade-scroll\">\n      <img loading=\"lazy\" decoding=\"async\" width=\"577\" height=\"385\" src=\"https:\/\/www.ilcf.net\/wp-content\/uploads\/sites\/20\/2019\/12\/activites-culturelles-ilcf.jpg\" class=\"attachment-text_image size-text_image\" alt=\"\" srcset=\"https:\/\/www.ilcf.net\/wp-content\/uploads\/sites\/20\/2019\/12\/activites-culturelles-ilcf.jpg 577w, https:\/\/www.ilcf.net\/wp-content\/uploads\/sites\/20\/2019\/12\/activites-culturelles-ilcf-210x140.jpg 210w, https:\/\/www.ilcf.net\/wp-content\/uploads\/sites\/20\/2019\/12\/activites-culturelles-ilcf-550x366.jpg 550w\" sizes=\"auto, (max-width: 577px) 100vw, 577px\" \/>    <\/div>\n  <\/div>\n<\/div><div class=\"wp-block-text-image\">\n  <div class=\"row align-bottom collapse\">\n    <div class=\"column small-12 medium-6 xlarge-5 xxlarge-expand wp-block-text-image-info js-fade-scroll\">\n      <p class=\"wp-block-text-image-title\">Servicio internacional [Ingl\u00e8s]<\/p>\n      <div class=\"wp-block-text-image-intro\"><p>The P\u00f4le International offers a wide range of events and free time activities to invite you to meet<br \/>\nwith French and international students, and share your culture!<\/p>\n<p><a href=\"https:\/\/www.ucly.fr\/en\/student-life\/international-relations-office\/pole-international-2\/\" target=\"_blank\" rel=\"noopener\"><span class=\"button\">Servicio internacional<\/span><\/a><\/p>\n<\/div>\n    <\/div>\n\n    <div class=\"column small-12 medium-6 xlarge-7 xxlarge-shrink wp-block-text-image-picture js-fade-scroll\">\n      <img loading=\"lazy\" decoding=\"async\" width=\"577\" height=\"385\" src=\"https:\/\/www.ilcf.net\/wp-content\/uploads\/sites\/20\/2019\/12\/shooting-ucly-mars-319.jpg\" class=\"attachment-text_image size-text_image\" alt=\"\" srcset=\"https:\/\/www.ilcf.net\/wp-content\/uploads\/sites\/20\/2019\/12\/shooting-ucly-mars-319.jpg 577w, https:\/\/www.ilcf.net\/wp-content\/uploads\/sites\/20\/2019\/12\/shooting-ucly-mars-319-210x140.jpg 210w, https:\/\/www.ilcf.net\/wp-content\/uploads\/sites\/20\/2019\/12\/shooting-ucly-mars-319-550x366.jpg 550w\" sizes=\"auto, (max-width: 577px) 100vw, 577px\" \/>    <\/div>\n  <\/div>\n<\/div><div class=\"wp-block-cross-content js-fade-scroll\">\n    <p class=\"wp-block-cross-content-title\"><\/p>\n            <div class=\"row wp-block-cross-content-row\">\n                                <div class=\"column small-12 medium-6 large-4 wp-block-cross-content-col\">\n                        <a class=\"wp-block-cross-content-top\" href=\"https:\/\/www.ilcf.net\/es\/nuestros-programas\/todos-los-cursos-del-ilcf\/\" title=\"Todos los cursos del ILCF\">\n                            <span class=\"wp-block-cross-content-name\">Todos los cursos del ILCF<\/span>\n                            <span class=\"wp-block-cross-content-image\"><img loading=\"lazy\" decoding=\"async\" width=\"630\" height=\"570\" src=\"https:\/\/www.ilcf.net\/wp-content\/uploads\/sites\/20\/2019\/12\/header-ilcf-630x570.jpg\" class=\" wp-post-image\" alt=\"\" \/><\/span>\n                            <span class=\"wp-block-cross-content-more\">\n                                <span class=\"icon-more\"><\/span>\n                            <\/span>\n                        <\/a>\n                        <div class=\"wp-block-cross-content-excerpt\"><p>Descubra nuestros cursos de franc\u00e9s y encuentre el programa que mejor se adapte a sus expectativas y objetivos.<\/p>\n<\/div>\n                    <\/div>\n                                                <div class=\"column small-12 medium-6 large-4 wp-block-cross-content-col\">\n                        <a class=\"wp-block-cross-content-top\" href=\"https:\/\/www.ilcf.net\/es\/ilcf\/la-red-de-asociaciones\/\" title=\"La red de asociaciones\">\n                            <span class=\"wp-block-cross-content-name\">La red de asociaciones<\/span>\n                            <span class=\"wp-block-cross-content-image\"><img loading=\"lazy\" decoding=\"async\" width=\"630\" height=\"570\" src=\"https:\/\/www.ilcf.net\/wp-content\/uploads\/sites\/20\/2019\/12\/header-francais-des-arts-630x570.jpg\" class=\" wp-post-image\" alt=\"\" \/><\/span>\n                            <span class=\"wp-block-cross-content-more\">\n                                <span class=\"icon-more\"><\/span>\n                            <\/span>\n                        <\/a>\n                        <div class=\"wp-block-cross-content-excerpt\"><\/div>\n                    <\/div>\n                                                <div class=\"column small-12 medium-6 large-4 wp-block-cross-content-col\">\n                        <a class=\"wp-block-cross-content-top\" href=\"https:\/\/www.ilcf.net\/es\/ilcf\/nuestras-ventajas\/\" title=\"Nuestras ventajas\">\n                            <span class=\"wp-block-cross-content-name\">Nuestras ventajas<\/span>\n                            <span class=\"wp-block-cross-content-image\"><img loading=\"lazy\" decoding=\"async\" width=\"630\" height=\"570\" src=\"https:\/\/www.ilcf.net\/wp-content\/uploads\/sites\/20\/2020\/02\/header-atouts-630x570.jpg\" class=\" wp-post-image\" alt=\"Header nos atouts\" \/><\/span>\n                            <span class=\"wp-block-cross-content-more\">\n                                <span class=\"icon-more\"><\/span>\n                            <\/span>\n                        <\/a>\n                        <div class=\"wp-block-cross-content-excerpt\"><\/div>\n                    <\/div>\n                                    <\/div>\n    <\/div><p><\/p>","protected":false},"excerpt":{"rendered":"<p>Gracias a la colaboraci\u00f3n con entidades culturales y art\u00edsticas, podemos ofrecer la implicaci\u00f3n de los estudiantes en proyectos de aprendizaje mientras descubren la ciudad [&hellip;]<\/p>\n","protected":false},"author":32,"featured_media":5420,"parent":5502,"menu_order":4,"comment_status":"closed","ping_status":"closed","template":"","meta":{"_acf_changed":false,"footnotes":""},"class_list":["post-5861","page","type-page","status-publish","has-post-thumbnail","hentry"],"acf":[],"yoast_head":"<!-- This site is optimized with the Yoast SEO plugin v24.1 - https:\/\/yoast.com\/wordpress\/plugins\/seo\/ -->\n<title>Actividades culturales - ILCF - Institut de Langue et de Culture Fran\u00e7aises<\/title>\n<meta name=\"description\" content=\"Gracias a la colaboraci\u00f3n con entidades culturales, podemos ofrecer en la ciudad de Lyon eventos emblem\u00e1ticos que fomentan la implicaci\u00f3n de los estudiantes\" \/>\n<meta name=\"robots\" content=\"index, follow, max-snippet:-1, max-image-preview:large, max-video-preview:-1\" \/>\n<link rel=\"canonical\" href=\"https:\/\/www.ilcf.net\/es\/nuestros-programas\/actividades-culturales\/\" \/>\n<meta property=\"og:locale\" content=\"es_ES\" \/>\n<meta property=\"og:type\" content=\"article\" \/>\n<meta property=\"og:title\" content=\"Actividades culturales - ILCF - Institut de Langue et de Culture Fran\u00e7aises\" \/>\n<meta property=\"og:description\" content=\"Gracias a la colaboraci\u00f3n con entidades culturales, podemos ofrecer en la ciudad de Lyon eventos emblem\u00e1ticos que fomentan la implicaci\u00f3n de los estudiantes\" \/>\n<meta property=\"og:url\" content=\"https:\/\/www.ilcf.net\/es\/nuestros-programas\/actividades-culturales\/\" \/>\n<meta property=\"og:site_name\" content=\"ILCF - Institut de Langue et de Culture Fran\u00e7aises\" \/>\n<meta property=\"article:modified_time\" content=\"2020-02-11T14:36:42+00:00\" \/>\n<meta property=\"og:image\" content=\"https:\/\/www.ilcf.net\/wp-content\/uploads\/sites\/20\/2019\/12\/beaujolais-activites-ilcf.jpg\" \/>\n\t<meta property=\"og:image:width\" content=\"1920\" \/>\n\t<meta property=\"og:image:height\" content=\"575\" \/>\n\t<meta property=\"og:image:type\" content=\"image\/jpeg\" \/>\n<meta name=\"twitter:card\" content=\"summary_large_image\" \/>\n<script type=\"application\/ld+json\" class=\"yoast-schema-graph\">{\"@context\":\"https:\/\/schema.org\",\"@graph\":[{\"@type\":\"WebPage\",\"@id\":\"https:\/\/www.ilcf.net\/es\/nuestros-programas\/actividades-culturales\/\",\"url\":\"https:\/\/www.ilcf.net\/es\/nuestros-programas\/actividades-culturales\/\",\"name\":\"Actividades culturales - ILCF - Institut de Langue et de Culture Fran\u00e7aises\",\"isPartOf\":{\"@id\":\"https:\/\/www.ilcf.net\/es\/#website\"},\"primaryImageOfPage\":{\"@id\":\"https:\/\/www.ilcf.net\/es\/nuestros-programas\/actividades-culturales\/#primaryimage\"},\"image\":{\"@id\":\"https:\/\/www.ilcf.net\/es\/nuestros-programas\/actividades-culturales\/#primaryimage\"},\"thumbnailUrl\":\"https:\/\/www.ilcf.net\/wp-content\/uploads\/sites\/20\/2019\/12\/beaujolais-activites-ilcf.jpg\",\"datePublished\":\"2019-11-27T10:41:47+00:00\",\"dateModified\":\"2020-02-11T14:36:42+00:00\",\"description\":\"Gracias a la colaboraci\u00f3n con entidades culturales, podemos ofrecer en la ciudad de Lyon eventos emblem\u00e1ticos que fomentan la implicaci\u00f3n de los estudiantes\",\"breadcrumb\":{\"@id\":\"https:\/\/www.ilcf.net\/es\/nuestros-programas\/actividades-culturales\/#breadcrumb\"},\"inLanguage\":\"es\",\"potentialAction\":[{\"@type\":\"ReadAction\",\"target\":[\"https:\/\/www.ilcf.net\/es\/nuestros-programas\/actividades-culturales\/\"]}]},{\"@type\":\"ImageObject\",\"inLanguage\":\"es\",\"@id\":\"https:\/\/www.ilcf.net\/es\/nuestros-programas\/actividades-culturales\/#primaryimage\",\"url\":\"https:\/\/www.ilcf.net\/wp-content\/uploads\/sites\/20\/2019\/12\/beaujolais-activites-ilcf.jpg\",\"contentUrl\":\"https:\/\/www.ilcf.net\/wp-content\/uploads\/sites\/20\/2019\/12\/beaujolais-activites-ilcf.jpg\",\"width\":1920,\"height\":575,\"caption\":\"Beaujolais\"},{\"@type\":\"BreadcrumbList\",\"@id\":\"https:\/\/www.ilcf.net\/es\/nuestros-programas\/actividades-culturales\/#breadcrumb\",\"itemListElement\":[{\"@type\":\"ListItem\",\"position\":1,\"name\":\"Accueil\",\"item\":\"https:\/\/www.ilcf.net\/es\/\"},{\"@type\":\"ListItem\",\"position\":2,\"name\":\"Nuestros programas\",\"item\":\"https:\/\/www.ilcf.net\/es\/nuestros-programas\/\"},{\"@type\":\"ListItem\",\"position\":3,\"name\":\"Actividades culturales\"}]},{\"@type\":\"WebSite\",\"@id\":\"https:\/\/www.ilcf.net\/es\/#website\",\"url\":\"https:\/\/www.ilcf.net\/es\/\",\"name\":\"ILCF - Institut de Langue et de Culture Fran\u00e7aises\",\"description\":\"ILCF - Institut de Langue et de Culture Fran\u00e7aises\",\"publisher\":{\"@id\":\"https:\/\/www.ilcf.net\/es\/#organization\"},\"potentialAction\":[{\"@type\":\"SearchAction\",\"target\":{\"@type\":\"EntryPoint\",\"urlTemplate\":\"https:\/\/www.ilcf.net\/es\/?s={search_term_string}\"},\"query-input\":{\"@type\":\"PropertyValueSpecification\",\"valueRequired\":true,\"valueName\":\"search_term_string\"}}],\"inLanguage\":\"es\"},{\"@type\":\"Organization\",\"@id\":\"https:\/\/www.ilcf.net\/es\/#organization\",\"name\":\"ILCF - Institut de Langue et de Culture Fran\u00e7aises\",\"url\":\"https:\/\/www.ilcf.net\/es\/\",\"logo\":{\"@type\":\"ImageObject\",\"inLanguage\":\"es\",\"@id\":\"https:\/\/www.ilcf.net\/es\/#\/schema\/logo\/image\/\",\"url\":\"https:\/\/www.ilcf.net\/wp-content\/uploads\/sites\/20\/2019\/11\/ilcf_logo.svg\",\"contentUrl\":\"https:\/\/www.ilcf.net\/wp-content\/uploads\/sites\/20\/2019\/11\/ilcf_logo.svg\",\"caption\":\"ILCF - Institut de Langue et de Culture Fran\u00e7aises\"},\"image\":{\"@id\":\"https:\/\/www.ilcf.net\/es\/#\/schema\/logo\/image\/\"}}]}<\/script>\n<!-- \/ Yoast SEO plugin. -->","yoast_head_json":{"title":"Actividades culturales - ILCF - Institut de Langue et de Culture Fran\u00e7aises","description":"Gracias a la colaboraci\u00f3n con entidades culturales, podemos ofrecer en la ciudad de Lyon eventos emblem\u00e1ticos que fomentan la implicaci\u00f3n de los estudiantes","robots":{"index":"index","follow":"follow","max-snippet":"max-snippet:-1","max-image-preview":"max-image-preview:large","max-video-preview":"max-video-preview:-1"},"canonical":"https:\/\/www.ilcf.net\/es\/nuestros-programas\/actividades-culturales\/","og_locale":"es_ES","og_type":"article","og_title":"Actividades culturales - ILCF - Institut de Langue et de Culture Fran\u00e7aises","og_description":"Gracias a la colaboraci\u00f3n con entidades culturales, podemos ofrecer en la ciudad de Lyon eventos emblem\u00e1ticos que fomentan la implicaci\u00f3n de los estudiantes","og_url":"https:\/\/www.ilcf.net\/es\/nuestros-programas\/actividades-culturales\/","og_site_name":"ILCF - Institut de Langue et de Culture Fran\u00e7aises","article_modified_time":"2020-02-11T14:36:42+00:00","og_image":[{"width":1920,"height":575,"url":"https:\/\/www.ilcf.net\/wp-content\/uploads\/sites\/20\/2019\/12\/beaujolais-activites-ilcf.jpg","type":"image\/jpeg"}],"twitter_card":"summary_large_image","schema":{"@context":"https:\/\/schema.org","@graph":[{"@type":"WebPage","@id":"https:\/\/www.ilcf.net\/es\/nuestros-programas\/actividades-culturales\/","url":"https:\/\/www.ilcf.net\/es\/nuestros-programas\/actividades-culturales\/","name":"Actividades culturales - ILCF - Institut de Langue et de Culture Fran\u00e7aises","isPartOf":{"@id":"https:\/\/www.ilcf.net\/es\/#website"},"primaryImageOfPage":{"@id":"https:\/\/www.ilcf.net\/es\/nuestros-programas\/actividades-culturales\/#primaryimage"},"image":{"@id":"https:\/\/www.ilcf.net\/es\/nuestros-programas\/actividades-culturales\/#primaryimage"},"thumbnailUrl":"https:\/\/www.ilcf.net\/wp-content\/uploads\/sites\/20\/2019\/12\/beaujolais-activites-ilcf.jpg","datePublished":"2019-11-27T10:41:47+00:00","dateModified":"2020-02-11T14:36:42+00:00","description":"Gracias a la colaboraci\u00f3n con entidades culturales, podemos ofrecer en la ciudad de Lyon eventos emblem\u00e1ticos que fomentan la implicaci\u00f3n de los estudiantes","breadcrumb":{"@id":"https:\/\/www.ilcf.net\/es\/nuestros-programas\/actividades-culturales\/#breadcrumb"},"inLanguage":"es","potentialAction":[{"@type":"ReadAction","target":["https:\/\/www.ilcf.net\/es\/nuestros-programas\/actividades-culturales\/"]}]},{"@type":"ImageObject","inLanguage":"es","@id":"https:\/\/www.ilcf.net\/es\/nuestros-programas\/actividades-culturales\/#primaryimage","url":"https:\/\/www.ilcf.net\/wp-content\/uploads\/sites\/20\/2019\/12\/beaujolais-activites-ilcf.jpg","contentUrl":"https:\/\/www.ilcf.net\/wp-content\/uploads\/sites\/20\/2019\/12\/beaujolais-activites-ilcf.jpg","width":1920,"height":575,"caption":"Beaujolais"},{"@type":"BreadcrumbList","@id":"https:\/\/www.ilcf.net\/es\/nuestros-programas\/actividades-culturales\/#breadcrumb","itemListElement":[{"@type":"ListItem","position":1,"name":"Accueil","item":"https:\/\/www.ilcf.net\/es\/"},{"@type":"ListItem","position":2,"name":"Nuestros programas","item":"https:\/\/www.ilcf.net\/es\/nuestros-programas\/"},{"@type":"ListItem","position":3,"name":"Actividades culturales"}]},{"@type":"WebSite","@id":"https:\/\/www.ilcf.net\/es\/#website","url":"https:\/\/www.ilcf.net\/es\/","name":"ILCF - Institut de Langue et de Culture Fran\u00e7aises","description":"ILCF - Institut de Langue et de Culture Fran\u00e7aises","publisher":{"@id":"https:\/\/www.ilcf.net\/es\/#organization"},"potentialAction":[{"@type":"SearchAction","target":{"@type":"EntryPoint","urlTemplate":"https:\/\/www.ilcf.net\/es\/?s={search_term_string}"},"query-input":{"@type":"PropertyValueSpecification","valueRequired":true,"valueName":"search_term_string"}}],"inLanguage":"es"},{"@type":"Organization","@id":"https:\/\/www.ilcf.net\/es\/#organization","name":"ILCF - Institut de Langue et de Culture Fran\u00e7aises","url":"https:\/\/www.ilcf.net\/es\/","logo":{"@type":"ImageObject","inLanguage":"es","@id":"https:\/\/www.ilcf.net\/es\/#\/schema\/logo\/image\/","url":"https:\/\/www.ilcf.net\/wp-content\/uploads\/sites\/20\/2019\/11\/ilcf_logo.svg","contentUrl":"https:\/\/www.ilcf.net\/wp-content\/uploads\/sites\/20\/2019\/11\/ilcf_logo.svg","caption":"ILCF - Institut de Langue et de Culture Fran\u00e7aises"},"image":{"@id":"https:\/\/www.ilcf.net\/es\/#\/schema\/logo\/image\/"}}]}},"_links":{"self":[{"href":"https:\/\/www.ilcf.net\/es\/wp-json\/wp\/v2\/pages\/5861","targetHints":{"allow":["GET"]}}],"collection":[{"href":"https:\/\/www.ilcf.net\/es\/wp-json\/wp\/v2\/pages"}],"about":[{"href":"https:\/\/www.ilcf.net\/es\/wp-json\/wp\/v2\/types\/page"}],"author":[{"embeddable":true,"href":"https:\/\/www.ilcf.net\/es\/wp-json\/wp\/v2\/users\/32"}],"replies":[{"embeddable":true,"href":"https:\/\/www.ilcf.net\/es\/wp-json\/wp\/v2\/comments?post=5861"}],"version-history":[{"count":17,"href":"https:\/\/www.ilcf.net\/es\/wp-json\/wp\/v2\/pages\/5861\/revisions"}],"predecessor-version":[{"id":7330,"href":"https:\/\/www.ilcf.net\/es\/wp-json\/wp\/v2\/pages\/5861\/revisions\/7330"}],"up":[{"embeddable":true,"href":"https:\/\/www.ilcf.net\/es\/wp-json\/wp\/v2\/pages\/5502"}],"wp:featuredmedia":[{"embeddable":true,"href":"https:\/\/www.ilcf.net\/es\/wp-json\/wp\/v2\/media\/5420"}],"wp:attachment":[{"href":"https:\/\/www.ilcf.net\/es\/wp-json\/wp\/v2\/media?parent=5861"}],"curies":[{"name":"wp","href":"https:\/\/api.w.org\/{rel}","templated":true}]}}