{"id":5829,"date":"2019-11-13T13:46:27","date_gmt":"2019-11-13T12:46:27","guid":{"rendered":"https:\/\/www.ilcf.net\/?page_id=5829"},"modified":"2025-10-06T16:36:12","modified_gmt":"2025-10-06T14:36:12","slug":"actividades-culturales-en-ilcf","status":"publish","type":"page","link":"https:\/\/www.ilcf.net\/es\/nuestros-programas\/actividades-culturales\/actividades-culturales-en-ilcf\/","title":{"rendered":"Actividades culturales en ILCF"},"content":{"rendered":"<h2 class=\"wp-block-heading\">El Departamento de Actividades Culturales al tim\u00f3n<\/h2><p>El papel del Departamento de Actividades Culturales es acoger y apoyar a todos los estudiantes del ILCF durante toda su estancia. Los miembros de la oficina est\u00e1n en contacto directo con los estudiantes desde su llegada, para responder a sus preguntas y orientarles hacia los servicios apropiados.<\/p><h2 class=\"wp-block-heading\">Un programa a la carta<\/h2><p>Estudiar en el ILCF no es s\u00f3lo hacer cursos y ex\u00e1menes, es tambi\u00e9n disfrutar de la cultura y de la vida de la ciudad. Por ello, nuestro equipo le propone un enriquecedor programa cultural en Lyon y sus alrededores.<\/p><p>\u00bfEn qu\u00e9 consiste este programa? Consiste en salidas, visitas guiadas y degustaciones en la universidad, en Lyon y sus alrededores. Podr\u00e1s disfrutar de experiencias muy variadas: una excursi\u00f3n a Annecy y su lago, una visita a la ciudad medieval de P\u00e9rouges, una cena con familias lionesas, etc.<\/p><div class=\"wp-block-gallery-ucly js-fade-scroll\"><div class=\"owl-carousel owl-theme owl-gallery\"><div class=\"item\"><img loading=\"lazy\" decoding=\"async\" width=\"577\" height=\"385\" src=\"https:\/\/www.ilcf.net\/wp-content\/uploads\/sites\/20\/2019\/12\/activites-culturelles-ilcf.jpg\" class=\"\" alt=\"\" srcset=\"https:\/\/www.ilcf.net\/wp-content\/uploads\/sites\/20\/2019\/12\/activites-culturelles-ilcf.jpg 577w, https:\/\/www.ilcf.net\/wp-content\/uploads\/sites\/20\/2019\/12\/activites-culturelles-ilcf-210x140.jpg 210w, https:\/\/www.ilcf.net\/wp-content\/uploads\/sites\/20\/2019\/12\/activites-culturelles-ilcf-550x366.jpg 550w\" sizes=\"auto, (max-width: 577px) 100vw, 577px\" \/><div class=\"wp-block-gallery-ucly-caption\">Vieux Lyon<\/div><\/div><div class=\"item\"><img loading=\"lazy\" decoding=\"async\" width=\"900\" height=\"520\" src=\"https:\/\/www.ilcf.net\/wp-content\/uploads\/sites\/20\/2019\/12\/beaujolais-activites-ilcf-900x520.jpg\" class=\"\" alt=\"\" \/><div class=\"wp-block-gallery-ucly-caption\">Beaujolais<\/div><\/div><div class=\"item\"><img loading=\"lazy\" decoding=\"async\" width=\"577\" height=\"385\" src=\"https:\/\/www.ilcf.net\/wp-content\/uploads\/sites\/20\/2019\/12\/grande-roue-bellecour.jpg\" class=\"\" alt=\"\" srcset=\"https:\/\/www.ilcf.net\/wp-content\/uploads\/sites\/20\/2019\/12\/grande-roue-bellecour.jpg 577w, https:\/\/www.ilcf.net\/wp-content\/uploads\/sites\/20\/2019\/12\/grande-roue-bellecour-210x140.jpg 210w, https:\/\/www.ilcf.net\/wp-content\/uploads\/sites\/20\/2019\/12\/grande-roue-bellecour-550x366.jpg 550w\" sizes=\"auto, (max-width: 577px) 100vw, 577px\" \/><div class=\"wp-block-gallery-ucly-caption\">Grande roue place Bellecour<\/div><\/div><div class=\"item\"><img loading=\"lazy\" decoding=\"async\" width=\"577\" height=\"385\" src=\"https:\/\/www.ilcf.net\/wp-content\/uploads\/sites\/20\/2019\/12\/sortie-plage.jpg\" class=\"\" alt=\"\" srcset=\"https:\/\/www.ilcf.net\/wp-content\/uploads\/sites\/20\/2019\/12\/sortie-plage.jpg 577w, https:\/\/www.ilcf.net\/wp-content\/uploads\/sites\/20\/2019\/12\/sortie-plage-210x140.jpg 210w, https:\/\/www.ilcf.net\/wp-content\/uploads\/sites\/20\/2019\/12\/sortie-plage-550x366.jpg 550w\" sizes=\"auto, (max-width: 577px) 100vw, 577px\" \/><div class=\"wp-block-gallery-ucly-caption\">Balade en bateau<\/div><\/div><div class=\"item\"><img loading=\"lazy\" decoding=\"async\" width=\"577\" height=\"385\" src=\"https:\/\/www.ilcf.net\/wp-content\/uploads\/sites\/20\/2019\/12\/chamonix-ilcf.jpg\" class=\"\" alt=\"\" srcset=\"https:\/\/www.ilcf.net\/wp-content\/uploads\/sites\/20\/2019\/12\/chamonix-ilcf.jpg 577w, https:\/\/www.ilcf.net\/wp-content\/uploads\/sites\/20\/2019\/12\/chamonix-ilcf-210x140.jpg 210w, https:\/\/www.ilcf.net\/wp-content\/uploads\/sites\/20\/2019\/12\/chamonix-ilcf-550x366.jpg 550w\" sizes=\"auto, (max-width: 577px) 100vw, 577px\" \/><div class=\"wp-block-gallery-ucly-caption\">Chamonix<\/div><\/div><div class=\"item\"><img loading=\"lazy\" decoding=\"async\" width=\"577\" height=\"385\" src=\"https:\/\/www.ilcf.net\/wp-content\/uploads\/sites\/20\/2019\/12\/institut-lumiere.jpg\" class=\"\" alt=\"\" srcset=\"https:\/\/www.ilcf.net\/wp-content\/uploads\/sites\/20\/2019\/12\/institut-lumiere.jpg 577w, https:\/\/www.ilcf.net\/wp-content\/uploads\/sites\/20\/2019\/12\/institut-lumiere-210x140.jpg 210w, https:\/\/www.ilcf.net\/wp-content\/uploads\/sites\/20\/2019\/12\/institut-lumiere-550x366.jpg 550w\" sizes=\"auto, (max-width: 577px) 100vw, 577px\" \/><div class=\"wp-block-gallery-ucly-caption\">Sortie des usines \u00e0 l'Institut Lumi\u00e8re<\/div><\/div><\/div><div class=\"owl-numbers\"><span class=\"owl-number-current\"><\/span><span class=\"owl-number-sep\"><\/span><span class=\"owl-number-total\"><\/span><\/div><\/div><p>Todas las actividades est\u00e1n supervisadas por monitores profesionales y experimentados. Tambi\u00e9n podr\u00e1n informarle sobre la vida cultural local y darle sus sugerencias y buenos consejos para salir por la ciudad.<\/p><p>Las actividades se organizan en funci\u00f3n de los acontecimientos de Lyon y, en ocasiones, en colaboraci\u00f3n con agentes culturales como el Gran Lyon, el teatro C\u00e9lestins o el Museo de las Confluencias. La UCLy propone numerosas actividades complementarias gracias al Polo Internacional, que apoya a todos los estudiantes internacionales de la universidad.<\/p><p>Participar en este programa le brinda la oportunidad de practicar su franc\u00e9s fuera de las aulas, sumergirse en la cultura local y pasar un buen rato con los amigos.<\/p><h2 class=\"wp-block-heading\">A la escucha de sus iniciativas<\/h2><p>Cuando los estudiantes tienen ideas para actividades, pueden presentarlas al equipo, que les ayudar\u00e1 a organizarlas. Tambi\u00e9n pueden acudir a la oficina para informarse sobre la vida cultural local. Cada a\u00f1o se elige en el ILCF un BDE, \u00a1que se encarga de su propio programa!<\/p><h3 class=\"wp-block-heading\">Horario de apertura de la oficina<\/h3><ul class=\"wp-block-list\"><li>Lunes: 10.00-12.30<\/li>\n\n<li>Martes: 10.00-13.00 \/ 14.00-16.00<\/li>\n\n<li>Mi\u00e9rcoles: Cerrado<\/li>\n\n<li>Jueves: de 10.00 a 13.00 h. y de 14.00 a 16.00 h.<\/li>\n\n<li>Viernes: 10.00-12.30<\/li><\/ul><p>Les horaires sont amen\u00e9s \u00e0 varier car toute l'\u00e9quipe n'est pas sur place lors des activit\u00e9s.<\/p><h2 class=\"wp-block-heading\">\u00bfC\u00f3mo inscribirse?<\/h2><p>Los datos de inscripci\u00f3n figuran en el programa en papel distribuido en clase, en las redes sociales y en la agenda. Si tiene alguna duda, dir\u00edjase al aula K282.<\/p><p>Es obligatorio inscribirse para participar en las actividades. La inscripci\u00f3n implica el compromiso de asistir a la actividad y respetar el horario.<\/p><p>Si no puede asistir a una actividad, informe al Departamento de Actividades Culturales por correo electr\u00f3nico. No se reembolsar\u00e1 el importe de las actividades de pago (salvo por razones m\u00e9dicas y previa presentaci\u00f3n de un certificado m\u00e9dico).<\/p><h2 class=\"wp-block-heading\">El equipo<\/h2><div class=\"wp-block-media-text is-stacked-on-mobile\" style=\"grid-template-columns:33% auto\"><figure class=\"wp-block-media-text__media\"><img loading=\"lazy\" decoding=\"async\" width=\"4000\" height=\"6000\" src=\"https:\/\/www.ilcf.net\/wp-content\/uploads\/sites\/20\/2024\/10\/image-3.png\" alt=\"\" class=\"wp-image-24362 size-full\" srcset=\"https:\/\/www.ilcf.net\/wp-content\/uploads\/sites\/20\/2024\/10\/image-3.png 4000w, https:\/\/www.ilcf.net\/wp-content\/uploads\/sites\/20\/2024\/10\/image-3-1024x1536.png 1024w, https:\/\/www.ilcf.net\/wp-content\/uploads\/sites\/20\/2024\/10\/image-3-1365x2048.png 1365w, https:\/\/www.ilcf.net\/wp-content\/uploads\/sites\/20\/2024\/10\/image-3-93x140.png 93w, https:\/\/www.ilcf.net\/wp-content\/uploads\/sites\/20\/2024\/10\/image-3-520x780.png 520w, https:\/\/www.ilcf.net\/wp-content\/uploads\/sites\/20\/2024\/10\/image-3-494x741.png 494w\" sizes=\"auto, (max-width: 4000px) 100vw, 4000px\" \/><\/figure><div class=\"wp-block-media-text__content\"><h2 class=\"wp-block-heading\"><br><strong>MALATRAIT Nastassia<\/strong>, responsable de animaci\u00f3n<\/h2>\n\n<p>Como antigua alumna de la UCLy, tuve la suerte de volver en julio de 2023, como responsable de las actividades culturales del ILCF.<\/p>\n\n<p>Inicialmente formada en la gesti\u00f3n de proyectos y locales, en particular en el \u00e1mbito de las artes esc\u00e9nicas, ahora creo programas durante todo el a\u00f1o para ayudar a los estudiantes extranjeros a descubrir el arte y la cultura franceses.<\/p><\/div><\/div><div class=\"wp-block-document js-fade-scroll\">\n  <div class=\"row align-middle collapse\">\n    <div class=\"column small-12 medium-expand\">\n      <p class=\"wp-block-document-title\">Programa de augusto de actividades culturales en franc\u00e9s<\/p>\n      <div class=\"wp-block-document-intro\"><p>T\u00e9l\u00e9chargez la plaquette de la programmation des activit\u00e9s culturelles pour le mois d&#8217;ao\u00fbt.<\/p>\n<p><img decoding=\"async\" class=\"alignnone\" src=\"https:\/\/www.ilcf.net\/wp-content\/uploads\/sites\/20\/2025\/10\/capture-1e-page-s1-25-26-fr.png\" \/><\/p>\n<\/div>\n      <a href=\"https:\/\/www.ilcf.net\/wp-content\/uploads\/sites\/20\/2025\/10\/programmation-culturelle-s1-25-26-s2-24-25.pdf\" target=\"_blank\" class=\"button primary button-icon\" title=\"Descargar Programa de augusto de actividades culturales en franc\u00e9s\"><span class=\"icon-download\"><\/span>Descargar<\/a>\n    <\/div>\n\n    <div class=\"column small-12 medium-shrink wp-block-document-right\">\n      <img loading=\"lazy\" decoding=\"async\" width=\"150\" height=\"150\" src=\"https:\/\/www.ilcf.net\/wp-content\/uploads\/sites\/20\/2019\/11\/telecharger-le-pdf-1-150x150-150x150.png\" class=\"attachment-thumbnail size-thumbnail\" alt=\"\" srcset=\"https:\/\/www.ilcf.net\/wp-content\/uploads\/sites\/20\/2019\/11\/telecharger-le-pdf-1-150x150.png 150w, https:\/\/www.ilcf.net\/wp-content\/uploads\/sites\/20\/2019\/11\/telecharger-le-pdf-1-150x150-65x65.png 65w\" sizes=\"auto, (max-width: 150px) 100vw, 150px\" \/>    <\/div>\n  <\/div>\n<\/div><div class=\"wp-block-document js-fade-scroll\">\n  <div class=\"row align-middle collapse\">\n    <div class=\"column small-12 medium-expand\">\n      <p class=\"wp-block-document-title\">Programa de augusto de actividades culturales en ingl\u00e8s<\/p>\n      <div class=\"wp-block-document-intro\"><p>Download the program of cultural activities for the month of August.<\/p>\n<p><img decoding=\"async\" class=\"alignnone\" src=\"https:\/\/www.ilcf.net\/wp-content\/uploads\/sites\/20\/2025\/10\/capture-1e-page-s1-25-26-eng.png\" \/><\/p>\n<\/div>\n      <a href=\"https:\/\/www.ilcf.net\/wp-content\/uploads\/sites\/20\/2025\/09\/en-programmation-culturelle-ilcf-s1-25-26.pdf\" target=\"_blank\" class=\"button primary button-icon\" title=\"Descargar Programa de augusto de actividades culturales en ingl\u00e8s\"><span class=\"icon-download\"><\/span>Descargar<\/a>\n    <\/div>\n\n    <div class=\"column small-12 medium-shrink wp-block-document-right\">\n      <img loading=\"lazy\" decoding=\"async\" width=\"150\" height=\"150\" src=\"https:\/\/www.ilcf.net\/wp-content\/uploads\/sites\/20\/2019\/11\/telecharger-le-pdf-1-150x150-150x150.png\" class=\"attachment-thumbnail size-thumbnail\" alt=\"\" srcset=\"https:\/\/www.ilcf.net\/wp-content\/uploads\/sites\/20\/2019\/11\/telecharger-le-pdf-1-150x150.png 150w, https:\/\/www.ilcf.net\/wp-content\/uploads\/sites\/20\/2019\/11\/telecharger-le-pdf-1-150x150-65x65.png 65w\" sizes=\"auto, (max-width: 150px) 100vw, 150px\" \/>    <\/div>\n  <\/div>\n<\/div><h2 class=\"wp-block-heading\">Redes sociales <\/h2><p class=\"has-text-align-center\"><a href=\"https:\/\/www.facebook.com\/ilcflyonanimation\/\"><img loading=\"lazy\" decoding=\"async\" width=\"80\" height=\"80\" class=\"wp-image-6329\" style=\"width: 80px;\" src=\"https:\/\/www.ilcf.net\/wp-content\/uploads\/sites\/20\/2020\/02\/facebook.png\" alt=\"\" srcset=\"https:\/\/www.ilcf.net\/wp-content\/uploads\/sites\/20\/2020\/02\/facebook.png 200w, https:\/\/www.ilcf.net\/wp-content\/uploads\/sites\/20\/2020\/02\/facebook-150x150.png 150w, https:\/\/www.ilcf.net\/wp-content\/uploads\/sites\/20\/2020\/02\/facebook-140x140.png 140w\" sizes=\"auto, (max-width: 80px) 100vw, 80px\" \/><\/a><a href=\"https:\/\/www.instagram.com\/ilcflyonanimation\/\"><img loading=\"lazy\" decoding=\"async\" width=\"80\" height=\"80\" class=\"wp-image-6332\" style=\"width: 80px;\" src=\"https:\/\/www.ilcf.net\/wp-content\/uploads\/sites\/20\/2020\/02\/instagram.png\" alt=\"\" srcset=\"https:\/\/www.ilcf.net\/wp-content\/uploads\/sites\/20\/2020\/02\/instagram.png 200w, https:\/\/www.ilcf.net\/wp-content\/uploads\/sites\/20\/2020\/02\/instagram-150x150.png 150w, https:\/\/www.ilcf.net\/wp-content\/uploads\/sites\/20\/2020\/02\/instagram-140x140.png 140w\" sizes=\"auto, (max-width: 80px) 100vw, 80px\" \/><\/a><div class=\"wp-block-contact js-fade-scroll\">\n  <p class=\"wp-block-contact-title\">Contacta con nosotros<\/p>\n\n        <div class=\"contact-info\">\n        <p class=\"contact-item\">\n          <span class=\"contact-strong\">Oficina del ILCF<\/span><br>\n          <span class=\"contact-light\"><\/span>\n        <\/p>\n        <span class=\"contact-separate\"><\/span>\n        <p class=\"contact-item\">\n          <a class=\"icon-phone contact-button show-for-small-only\" href=\"tel:00 33 - (0)4 72 32 50 53\"><\/a>\n          <span class=\"contact-strong hide-for-small-only\">00 33 - (0)4 72 32 50 53<\/span><br>\n          <a class=\"icon-mail contact-button show-for-small-only\" href=\"mailto:ilcf@univ-catholyon.fr\"><\/a>\n          <span class=\"contact-light hide-for-small-only\">ilcf@univ-catholyon.fr<\/span>\n        <\/p>\n      <\/div>\n    <\/div>","protected":false},"excerpt":{"rendered":"<p>El Departamento de Actividades Culturales al tim\u00f3nEl papel del Departamento de Actividades Culturales es acoger y apoyar a todos los estudiantes del ILCF durante [&hellip;]<\/p>\n","protected":false},"author":32,"featured_media":22059,"parent":5861,"menu_order":0,"comment_status":"closed","ping_status":"closed","template":"","meta":{"_acf_changed":false,"footnotes":""},"class_list":["post-5829","page","type-page","status-publish","has-post-thumbnail","hentry"],"acf":[],"yoast_head":"<!-- This site is optimized with the Yoast SEO plugin v24.1 - https:\/\/yoast.com\/wordpress\/plugins\/seo\/ -->\n<title>Actividades culturales en ILCF - ILCF - Institut de Langue et de Culture Fran\u00e7aises<\/title>\n<meta name=\"description\" content=\"Sal a descubrir Francia y el mundo franc\u00f3fono a un programa cultural que promueve los intercambios educativos, culturales e interculturales.\" \/>\n<meta name=\"robots\" content=\"index, follow, max-snippet:-1, max-image-preview:large, max-video-preview:-1\" \/>\n<link rel=\"canonical\" href=\"https:\/\/www.ilcf.net\/es\/nuestros-programas\/actividades-culturales\/actividades-culturales-en-ilcf\/\" \/>\n<meta property=\"og:locale\" content=\"es_ES\" \/>\n<meta property=\"og:type\" content=\"article\" \/>\n<meta property=\"og:title\" content=\"Actividades culturales en ILCF - ILCF - Institut de Langue et de Culture Fran\u00e7aises\" \/>\n<meta property=\"og:description\" content=\"Sal a descubrir Francia y el mundo franc\u00f3fono a un programa cultural que promueve los intercambios educativos, culturales e interculturales.\" \/>\n<meta property=\"og:url\" content=\"https:\/\/www.ilcf.net\/es\/nuestros-programas\/actividades-culturales\/actividades-culturales-en-ilcf\/\" \/>\n<meta property=\"og:site_name\" content=\"ILCF - Institut de Langue et de Culture Fran\u00e7aises\" \/>\n<meta property=\"article:modified_time\" content=\"2025-10-06T14:36:12+00:00\" \/>\n<meta property=\"og:image\" content=\"https:\/\/www.ilcf.net\/wp-content\/uploads\/sites\/20\/2023\/07\/dsc03814.jpg\" \/>\n\t<meta property=\"og:image:width\" content=\"1920\" \/>\n\t<meta property=\"og:image:height\" content=\"575\" \/>\n\t<meta property=\"og:image:type\" content=\"image\/jpeg\" \/>\n<meta name=\"twitter:card\" content=\"summary_large_image\" \/>\n<meta name=\"twitter:label1\" content=\"Tiempo de lectura\" \/>\n\t<meta name=\"twitter:data1\" content=\"5 minutos\" \/>\n<script type=\"application\/ld+json\" class=\"yoast-schema-graph\">{\"@context\":\"https:\/\/schema.org\",\"@graph\":[{\"@type\":\"WebPage\",\"@id\":\"https:\/\/www.ilcf.net\/es\/nuestros-programas\/actividades-culturales\/actividades-culturales-en-ilcf\/\",\"url\":\"https:\/\/www.ilcf.net\/es\/nuestros-programas\/actividades-culturales\/actividades-culturales-en-ilcf\/\",\"name\":\"Actividades culturales en ILCF - ILCF - Institut de Langue et de Culture Fran\u00e7aises\",\"isPartOf\":{\"@id\":\"https:\/\/www.ilcf.net\/es\/#website\"},\"primaryImageOfPage\":{\"@id\":\"https:\/\/www.ilcf.net\/es\/nuestros-programas\/actividades-culturales\/actividades-culturales-en-ilcf\/#primaryimage\"},\"image\":{\"@id\":\"https:\/\/www.ilcf.net\/es\/nuestros-programas\/actividades-culturales\/actividades-culturales-en-ilcf\/#primaryimage\"},\"thumbnailUrl\":\"https:\/\/www.ilcf.net\/wp-content\/uploads\/sites\/20\/2023\/07\/dsc03814.jpg\",\"datePublished\":\"2019-11-13T12:46:27+00:00\",\"dateModified\":\"2025-10-06T14:36:12+00:00\",\"description\":\"Sal a descubrir Francia y el mundo franc\u00f3fono a un programa cultural que promueve los intercambios educativos, culturales e interculturales.\",\"breadcrumb\":{\"@id\":\"https:\/\/www.ilcf.net\/es\/nuestros-programas\/actividades-culturales\/actividades-culturales-en-ilcf\/#breadcrumb\"},\"inLanguage\":\"es\",\"potentialAction\":[{\"@type\":\"ReadAction\",\"target\":[\"https:\/\/www.ilcf.net\/es\/nuestros-programas\/actividades-culturales\/actividades-culturales-en-ilcf\/\"]}]},{\"@type\":\"ImageObject\",\"inLanguage\":\"es\",\"@id\":\"https:\/\/www.ilcf.net\/es\/nuestros-programas\/actividades-culturales\/actividades-culturales-en-ilcf\/#primaryimage\",\"url\":\"https:\/\/www.ilcf.net\/wp-content\/uploads\/sites\/20\/2023\/07\/dsc03814.jpg\",\"contentUrl\":\"https:\/\/www.ilcf.net\/wp-content\/uploads\/sites\/20\/2023\/07\/dsc03814.jpg\",\"width\":1920,\"height\":575,\"caption\":\"Th\u00e9\u00e2tres romains juillet 2023\"},{\"@type\":\"BreadcrumbList\",\"@id\":\"https:\/\/www.ilcf.net\/es\/nuestros-programas\/actividades-culturales\/actividades-culturales-en-ilcf\/#breadcrumb\",\"itemListElement\":[{\"@type\":\"ListItem\",\"position\":1,\"name\":\"Accueil\",\"item\":\"https:\/\/www.ilcf.net\/es\/\"},{\"@type\":\"ListItem\",\"position\":2,\"name\":\"Nuestros programas\",\"item\":\"https:\/\/www.ilcf.net\/es\/nuestros-programas\/\"},{\"@type\":\"ListItem\",\"position\":3,\"name\":\"Actividades culturales\",\"item\":\"https:\/\/www.ilcf.net\/es\/nuestros-programas\/actividades-culturales\/\"},{\"@type\":\"ListItem\",\"position\":4,\"name\":\"Actividades culturales en ILCF\"}]},{\"@type\":\"WebSite\",\"@id\":\"https:\/\/www.ilcf.net\/es\/#website\",\"url\":\"https:\/\/www.ilcf.net\/es\/\",\"name\":\"ILCF - Institut de Langue et de Culture Fran\u00e7aises\",\"description\":\"ILCF - Institut de Langue et de Culture Fran\u00e7aises\",\"publisher\":{\"@id\":\"https:\/\/www.ilcf.net\/es\/#organization\"},\"potentialAction\":[{\"@type\":\"SearchAction\",\"target\":{\"@type\":\"EntryPoint\",\"urlTemplate\":\"https:\/\/www.ilcf.net\/es\/?s={search_term_string}\"},\"query-input\":{\"@type\":\"PropertyValueSpecification\",\"valueRequired\":true,\"valueName\":\"search_term_string\"}}],\"inLanguage\":\"es\"},{\"@type\":\"Organization\",\"@id\":\"https:\/\/www.ilcf.net\/es\/#organization\",\"name\":\"ILCF - Institut de Langue et de Culture Fran\u00e7aises\",\"url\":\"https:\/\/www.ilcf.net\/es\/\",\"logo\":{\"@type\":\"ImageObject\",\"inLanguage\":\"es\",\"@id\":\"https:\/\/www.ilcf.net\/es\/#\/schema\/logo\/image\/\",\"url\":\"https:\/\/www.ilcf.net\/wp-content\/uploads\/sites\/20\/2019\/11\/ilcf_logo.svg\",\"contentUrl\":\"https:\/\/www.ilcf.net\/wp-content\/uploads\/sites\/20\/2019\/11\/ilcf_logo.svg\",\"caption\":\"ILCF - Institut de Langue et de Culture Fran\u00e7aises\"},\"image\":{\"@id\":\"https:\/\/www.ilcf.net\/es\/#\/schema\/logo\/image\/\"}}]}<\/script>\n<!-- \/ Yoast SEO plugin. -->","yoast_head_json":{"title":"Actividades culturales en ILCF - ILCF - Institut de Langue et de Culture Fran\u00e7aises","description":"Sal a descubrir Francia y el mundo franc\u00f3fono a un programa cultural que promueve los intercambios educativos, culturales e interculturales.","robots":{"index":"index","follow":"follow","max-snippet":"max-snippet:-1","max-image-preview":"max-image-preview:large","max-video-preview":"max-video-preview:-1"},"canonical":"https:\/\/www.ilcf.net\/es\/nuestros-programas\/actividades-culturales\/actividades-culturales-en-ilcf\/","og_locale":"es_ES","og_type":"article","og_title":"Actividades culturales en ILCF - ILCF - Institut de Langue et de Culture Fran\u00e7aises","og_description":"Sal a descubrir Francia y el mundo franc\u00f3fono a un programa cultural que promueve los intercambios educativos, culturales e interculturales.","og_url":"https:\/\/www.ilcf.net\/es\/nuestros-programas\/actividades-culturales\/actividades-culturales-en-ilcf\/","og_site_name":"ILCF - Institut de Langue et de Culture Fran\u00e7aises","article_modified_time":"2025-10-06T14:36:12+00:00","og_image":[{"width":1920,"height":575,"url":"https:\/\/www.ilcf.net\/wp-content\/uploads\/sites\/20\/2023\/07\/dsc03814.jpg","type":"image\/jpeg"}],"twitter_card":"summary_large_image","twitter_misc":{"Tiempo de lectura":"5 minutos"},"schema":{"@context":"https:\/\/schema.org","@graph":[{"@type":"WebPage","@id":"https:\/\/www.ilcf.net\/es\/nuestros-programas\/actividades-culturales\/actividades-culturales-en-ilcf\/","url":"https:\/\/www.ilcf.net\/es\/nuestros-programas\/actividades-culturales\/actividades-culturales-en-ilcf\/","name":"Actividades culturales en ILCF - ILCF - Institut de Langue et de Culture Fran\u00e7aises","isPartOf":{"@id":"https:\/\/www.ilcf.net\/es\/#website"},"primaryImageOfPage":{"@id":"https:\/\/www.ilcf.net\/es\/nuestros-programas\/actividades-culturales\/actividades-culturales-en-ilcf\/#primaryimage"},"image":{"@id":"https:\/\/www.ilcf.net\/es\/nuestros-programas\/actividades-culturales\/actividades-culturales-en-ilcf\/#primaryimage"},"thumbnailUrl":"https:\/\/www.ilcf.net\/wp-content\/uploads\/sites\/20\/2023\/07\/dsc03814.jpg","datePublished":"2019-11-13T12:46:27+00:00","dateModified":"2025-10-06T14:36:12+00:00","description":"Sal a descubrir Francia y el mundo franc\u00f3fono a un programa cultural que promueve los intercambios educativos, culturales e interculturales.","breadcrumb":{"@id":"https:\/\/www.ilcf.net\/es\/nuestros-programas\/actividades-culturales\/actividades-culturales-en-ilcf\/#breadcrumb"},"inLanguage":"es","potentialAction":[{"@type":"ReadAction","target":["https:\/\/www.ilcf.net\/es\/nuestros-programas\/actividades-culturales\/actividades-culturales-en-ilcf\/"]}]},{"@type":"ImageObject","inLanguage":"es","@id":"https:\/\/www.ilcf.net\/es\/nuestros-programas\/actividades-culturales\/actividades-culturales-en-ilcf\/#primaryimage","url":"https:\/\/www.ilcf.net\/wp-content\/uploads\/sites\/20\/2023\/07\/dsc03814.jpg","contentUrl":"https:\/\/www.ilcf.net\/wp-content\/uploads\/sites\/20\/2023\/07\/dsc03814.jpg","width":1920,"height":575,"caption":"Th\u00e9\u00e2tres romains juillet 2023"},{"@type":"BreadcrumbList","@id":"https:\/\/www.ilcf.net\/es\/nuestros-programas\/actividades-culturales\/actividades-culturales-en-ilcf\/#breadcrumb","itemListElement":[{"@type":"ListItem","position":1,"name":"Accueil","item":"https:\/\/www.ilcf.net\/es\/"},{"@type":"ListItem","position":2,"name":"Nuestros programas","item":"https:\/\/www.ilcf.net\/es\/nuestros-programas\/"},{"@type":"ListItem","position":3,"name":"Actividades culturales","item":"https:\/\/www.ilcf.net\/es\/nuestros-programas\/actividades-culturales\/"},{"@type":"ListItem","position":4,"name":"Actividades culturales en ILCF"}]},{"@type":"WebSite","@id":"https:\/\/www.ilcf.net\/es\/#website","url":"https:\/\/www.ilcf.net\/es\/","name":"ILCF - Institut de Langue et de Culture Fran\u00e7aises","description":"ILCF - Institut de Langue et de Culture Fran\u00e7aises","publisher":{"@id":"https:\/\/www.ilcf.net\/es\/#organization"},"potentialAction":[{"@type":"SearchAction","target":{"@type":"EntryPoint","urlTemplate":"https:\/\/www.ilcf.net\/es\/?s={search_term_string}"},"query-input":{"@type":"PropertyValueSpecification","valueRequired":true,"valueName":"search_term_string"}}],"inLanguage":"es"},{"@type":"Organization","@id":"https:\/\/www.ilcf.net\/es\/#organization","name":"ILCF - Institut de Langue et de Culture Fran\u00e7aises","url":"https:\/\/www.ilcf.net\/es\/","logo":{"@type":"ImageObject","inLanguage":"es","@id":"https:\/\/www.ilcf.net\/es\/#\/schema\/logo\/image\/","url":"https:\/\/www.ilcf.net\/wp-content\/uploads\/sites\/20\/2019\/11\/ilcf_logo.svg","contentUrl":"https:\/\/www.ilcf.net\/wp-content\/uploads\/sites\/20\/2019\/11\/ilcf_logo.svg","caption":"ILCF - Institut de Langue et de Culture Fran\u00e7aises"},"image":{"@id":"https:\/\/www.ilcf.net\/es\/#\/schema\/logo\/image\/"}}]}},"_links":{"self":[{"href":"https:\/\/www.ilcf.net\/es\/wp-json\/wp\/v2\/pages\/5829","targetHints":{"allow":["GET"]}}],"collection":[{"href":"https:\/\/www.ilcf.net\/es\/wp-json\/wp\/v2\/pages"}],"about":[{"href":"https:\/\/www.ilcf.net\/es\/wp-json\/wp\/v2\/types\/page"}],"author":[{"embeddable":true,"href":"https:\/\/www.ilcf.net\/es\/wp-json\/wp\/v2\/users\/32"}],"replies":[{"embeddable":true,"href":"https:\/\/www.ilcf.net\/es\/wp-json\/wp\/v2\/comments?post=5829"}],"version-history":[{"count":2,"href":"https:\/\/www.ilcf.net\/es\/wp-json\/wp\/v2\/pages\/5829\/revisions"}],"predecessor-version":[{"id":26238,"href":"https:\/\/www.ilcf.net\/es\/wp-json\/wp\/v2\/pages\/5829\/revisions\/26238"}],"up":[{"embeddable":true,"href":"https:\/\/www.ilcf.net\/es\/wp-json\/wp\/v2\/pages\/5861"}],"wp:featuredmedia":[{"embeddable":true,"href":"https:\/\/www.ilcf.net\/es\/wp-json\/wp\/v2\/media\/22059"}],"wp:attachment":[{"href":"https:\/\/www.ilcf.net\/es\/wp-json\/wp\/v2\/media?parent=5829"}],"curies":[{"name":"wp","href":"https:\/\/api.w.org\/{rel}","templated":true}]}}