{"id":5811,"date":"2020-02-04T10:58:46","date_gmt":"2020-02-04T09:58:46","guid":{"rendered":"https:\/\/www.ilcf.net\/?page_id=5811"},"modified":"2020-02-04T10:59:44","modified_gmt":"2020-02-04T09:59:44","slug":"asociaciones-en-ucly","status":"publish","type":"page","link":"https:\/\/www.ilcf.net\/es\/ilcf\/la-red-de-asociaciones\/asociaciones-en-ucly\/","title":{"rendered":"Asociaciones en UCLy"},"content":{"rendered":"<p>El ILCF de Lyon ha establecido relaciones con una amplia red de asociaciones, algunas de ellas creadas por estudiantes franceses de la UCLy, para favorecer la comunicaci\u00f3n entre estudiantes internacionales y franceses. Estas son las actividades de algunas de las asociaciones m\u00e1s activas: <\/p><div class=\"wp-block-list js-fade-scroll\">\n  <p class=\"wp-block-list-title\"><\/p>\n  <div class=\"wp-block-list-intro\"><\/div>\n\n          <a class=\"wp-block-list-item\" href=\"http:\/\/ambassadeurs.onlylyon.com\/en\/authentication\/signin.html?redirect=aHR0cDovL2FtYmFzc2FkZXVycy5vbmx5bHlvbi5jb20vZW4v\" title=\"\" target=\"_blank\" >\n      \n        <div class=\"wp-block-list-item-title\">Los embajadores ONLYLYON<\/div>\n        <div class=\"wp-block-list-item-intro\"><p>&nbsp;<\/p>\n<p>Los embajadores ONLYLYON son amantes de Lyon que viven en la ciudad, en otros puntos de Francia o en el extranjero (empresarios, directivos, jefes de empresas, universitarios, investigadores, empleados, deportistas, personalidades del mundo de la cultura, etc.) que han decidido unirse a la red de embajadores para contribuir a la promoci\u00f3n internacional de LYON en sus encuentros y desplazamientos profesionales y personales. Los embajadores de Lyon contribuyen a reforzar la influencia internacional de la ciudad para darle la posici\u00f3n que merece en la escena internacional.<\/p>\n<\/div>\n\n                <span class=\"wp-block-list-item-link\">\n            <span class=\"icon-more\"><\/span>\n          <\/span>\n        <\/a>\n          <\/div><div class=\"wp-block-separator js-fade-scroll\"><\/div><h2 class=\"wp-block-heading\">International Diplomatic Forum <\/h2><p>Un acuerdo de colaboraci\u00f3n con International Diplomatic Forum permite la participaci\u00f3n de los estudiantes del ILCF de Lyon en debates similares a los de la ONU y facilita los encuentros con los estudiantes franceses. <\/p><div class=\"wp-block-separator js-fade-scroll\"><\/div><h2 class=\"wp-block-heading\">Chinese Corner <\/h2><p>La asociaci\u00f3n Chinese Corner tiene como objetivo favorecer los intercambios ling\u00fc\u00edsticos y culturales francochinos en la Universidad Cat\u00f3lica de Lyon y, m\u00e1s concretamente, entre la ESDES (Escuela de Gesti\u00f3n y Direcci\u00f3n), la ESTRI (Escuela de Traducci\u00f3n, Interpretaci\u00f3n y Mediaci\u00f3n Cultural) y el ILCF. <\/p>","protected":false},"excerpt":{"rendered":"<p>El ILCF de Lyon ha establecido relaciones con una amplia red de asociaciones, algunas de ellas creadas por estudiantes franceses de la UCLy, para [&hellip;]<\/p>\n","protected":false},"author":32,"featured_media":6423,"parent":5771,"menu_order":0,"comment_status":"closed","ping_status":"closed","template":"","meta":{"_acf_changed":false,"footnotes":""},"class_list":["post-5811","page","type-page","status-publish","has-post-thumbnail","hentry"],"acf":[],"yoast_head":"<!-- This site is optimized with the Yoast SEO plugin v24.1 - https:\/\/yoast.com\/wordpress\/plugins\/seo\/ -->\n<title>Asociaciones en UCLy - ILCF - Institut de Langue et de Culture Fran\u00e7aises<\/title>\n<meta name=\"description\" content=\"El ILCF de Lyon ha establecido relaciones con una amplia red de asociaciones para favorecer la comunicaci\u00f3n entre estudiantes internacionales y franceses\" \/>\n<meta name=\"robots\" content=\"index, follow, max-snippet:-1, max-image-preview:large, max-video-preview:-1\" \/>\n<link rel=\"canonical\" href=\"https:\/\/www.ilcf.net\/es\/ilcf\/la-red-de-asociaciones\/asociaciones-en-ucly\/\" \/>\n<meta property=\"og:locale\" content=\"es_ES\" \/>\n<meta property=\"og:type\" content=\"article\" \/>\n<meta property=\"og:title\" content=\"Asociaciones en UCLy - ILCF - Institut de Langue et de Culture Fran\u00e7aises\" \/>\n<meta property=\"og:description\" content=\"El ILCF de Lyon ha establecido relaciones con una amplia red de asociaciones para favorecer la comunicaci\u00f3n entre estudiantes internacionales y franceses\" \/>\n<meta property=\"og:url\" content=\"https:\/\/www.ilcf.net\/es\/ilcf\/la-red-de-asociaciones\/asociaciones-en-ucly\/\" \/>\n<meta property=\"og:site_name\" content=\"ILCF - Institut de Langue et de Culture Fran\u00e7aises\" \/>\n<meta property=\"article:modified_time\" content=\"2020-02-04T09:59:44+00:00\" \/>\n<meta property=\"og:image\" content=\"https:\/\/www.ilcf.net\/wp-content\/uploads\/sites\/20\/2020\/02\/header-lyon.jpg\" \/>\n\t<meta property=\"og:image:width\" content=\"1920\" \/>\n\t<meta property=\"og:image:height\" content=\"575\" \/>\n\t<meta property=\"og:image:type\" content=\"image\/jpeg\" \/>\n<meta name=\"twitter:card\" content=\"summary_large_image\" \/>\n<meta name=\"twitter:label1\" content=\"Tiempo de lectura\" \/>\n\t<meta name=\"twitter:data1\" content=\"1 minuto\" \/>\n<script type=\"application\/ld+json\" class=\"yoast-schema-graph\">{\"@context\":\"https:\/\/schema.org\",\"@graph\":[{\"@type\":\"WebPage\",\"@id\":\"https:\/\/www.ilcf.net\/es\/ilcf\/la-red-de-asociaciones\/asociaciones-en-ucly\/\",\"url\":\"https:\/\/www.ilcf.net\/es\/ilcf\/la-red-de-asociaciones\/asociaciones-en-ucly\/\",\"name\":\"Asociaciones en UCLy - ILCF - Institut de Langue et de Culture Fran\u00e7aises\",\"isPartOf\":{\"@id\":\"https:\/\/www.ilcf.net\/es\/#website\"},\"primaryImageOfPage\":{\"@id\":\"https:\/\/www.ilcf.net\/es\/ilcf\/la-red-de-asociaciones\/asociaciones-en-ucly\/#primaryimage\"},\"image\":{\"@id\":\"https:\/\/www.ilcf.net\/es\/ilcf\/la-red-de-asociaciones\/asociaciones-en-ucly\/#primaryimage\"},\"thumbnailUrl\":\"https:\/\/www.ilcf.net\/wp-content\/uploads\/sites\/20\/2020\/02\/header-lyon.jpg\",\"datePublished\":\"2020-02-04T09:58:46+00:00\",\"dateModified\":\"2020-02-04T09:59:44+00:00\",\"description\":\"El ILCF de Lyon ha establecido relaciones con una amplia red de asociaciones para favorecer la comunicaci\u00f3n entre estudiantes internacionales y franceses\",\"breadcrumb\":{\"@id\":\"https:\/\/www.ilcf.net\/es\/ilcf\/la-red-de-asociaciones\/asociaciones-en-ucly\/#breadcrumb\"},\"inLanguage\":\"es\",\"potentialAction\":[{\"@type\":\"ReadAction\",\"target\":[\"https:\/\/www.ilcf.net\/es\/ilcf\/la-red-de-asociaciones\/asociaciones-en-ucly\/\"]}]},{\"@type\":\"ImageObject\",\"inLanguage\":\"es\",\"@id\":\"https:\/\/www.ilcf.net\/es\/ilcf\/la-red-de-asociaciones\/asociaciones-en-ucly\/#primaryimage\",\"url\":\"https:\/\/www.ilcf.net\/wp-content\/uploads\/sites\/20\/2020\/02\/header-lyon.jpg\",\"contentUrl\":\"https:\/\/www.ilcf.net\/wp-content\/uploads\/sites\/20\/2020\/02\/header-lyon.jpg\",\"width\":1920,\"height\":575,\"caption\":\"Lyon capitale europ\u00e9enne\"},{\"@type\":\"BreadcrumbList\",\"@id\":\"https:\/\/www.ilcf.net\/es\/ilcf\/la-red-de-asociaciones\/asociaciones-en-ucly\/#breadcrumb\",\"itemListElement\":[{\"@type\":\"ListItem\",\"position\":1,\"name\":\"Accueil\",\"item\":\"https:\/\/www.ilcf.net\/es\/\"},{\"@type\":\"ListItem\",\"position\":2,\"name\":\"ILCF\",\"item\":\"https:\/\/www.ilcf.net\/es\/ilcf\/\"},{\"@type\":\"ListItem\",\"position\":3,\"name\":\"La red de asociaciones\",\"item\":\"https:\/\/www.ilcf.net\/es\/ilcf\/la-red-de-asociaciones\/\"},{\"@type\":\"ListItem\",\"position\":4,\"name\":\"Asociaciones en UCLy\"}]},{\"@type\":\"WebSite\",\"@id\":\"https:\/\/www.ilcf.net\/es\/#website\",\"url\":\"https:\/\/www.ilcf.net\/es\/\",\"name\":\"ILCF - Institut de Langue et de Culture Fran\u00e7aises\",\"description\":\"ILCF - Institut de Langue et de Culture Fran\u00e7aises\",\"publisher\":{\"@id\":\"https:\/\/www.ilcf.net\/es\/#organization\"},\"potentialAction\":[{\"@type\":\"SearchAction\",\"target\":{\"@type\":\"EntryPoint\",\"urlTemplate\":\"https:\/\/www.ilcf.net\/es\/?s={search_term_string}\"},\"query-input\":{\"@type\":\"PropertyValueSpecification\",\"valueRequired\":true,\"valueName\":\"search_term_string\"}}],\"inLanguage\":\"es\"},{\"@type\":\"Organization\",\"@id\":\"https:\/\/www.ilcf.net\/es\/#organization\",\"name\":\"ILCF - Institut de Langue et de Culture Fran\u00e7aises\",\"url\":\"https:\/\/www.ilcf.net\/es\/\",\"logo\":{\"@type\":\"ImageObject\",\"inLanguage\":\"es\",\"@id\":\"https:\/\/www.ilcf.net\/es\/#\/schema\/logo\/image\/\",\"url\":\"https:\/\/www.ilcf.net\/wp-content\/uploads\/sites\/20\/2019\/11\/ilcf_logo.svg\",\"contentUrl\":\"https:\/\/www.ilcf.net\/wp-content\/uploads\/sites\/20\/2019\/11\/ilcf_logo.svg\",\"caption\":\"ILCF - Institut de Langue et de Culture Fran\u00e7aises\"},\"image\":{\"@id\":\"https:\/\/www.ilcf.net\/es\/#\/schema\/logo\/image\/\"}}]}<\/script>\n<!-- \/ Yoast SEO plugin. -->","yoast_head_json":{"title":"Asociaciones en UCLy - ILCF - Institut de Langue et de Culture Fran\u00e7aises","description":"El ILCF de Lyon ha establecido relaciones con una amplia red de asociaciones para favorecer la comunicaci\u00f3n entre estudiantes internacionales y franceses","robots":{"index":"index","follow":"follow","max-snippet":"max-snippet:-1","max-image-preview":"max-image-preview:large","max-video-preview":"max-video-preview:-1"},"canonical":"https:\/\/www.ilcf.net\/es\/ilcf\/la-red-de-asociaciones\/asociaciones-en-ucly\/","og_locale":"es_ES","og_type":"article","og_title":"Asociaciones en UCLy - ILCF - Institut de Langue et de Culture Fran\u00e7aises","og_description":"El ILCF de Lyon ha establecido relaciones con una amplia red de asociaciones para favorecer la comunicaci\u00f3n entre estudiantes internacionales y franceses","og_url":"https:\/\/www.ilcf.net\/es\/ilcf\/la-red-de-asociaciones\/asociaciones-en-ucly\/","og_site_name":"ILCF - Institut de Langue et de Culture Fran\u00e7aises","article_modified_time":"2020-02-04T09:59:44+00:00","og_image":[{"width":1920,"height":575,"url":"https:\/\/www.ilcf.net\/wp-content\/uploads\/sites\/20\/2020\/02\/header-lyon.jpg","type":"image\/jpeg"}],"twitter_card":"summary_large_image","twitter_misc":{"Tiempo de lectura":"1 minuto"},"schema":{"@context":"https:\/\/schema.org","@graph":[{"@type":"WebPage","@id":"https:\/\/www.ilcf.net\/es\/ilcf\/la-red-de-asociaciones\/asociaciones-en-ucly\/","url":"https:\/\/www.ilcf.net\/es\/ilcf\/la-red-de-asociaciones\/asociaciones-en-ucly\/","name":"Asociaciones en UCLy - ILCF - Institut de Langue et de Culture Fran\u00e7aises","isPartOf":{"@id":"https:\/\/www.ilcf.net\/es\/#website"},"primaryImageOfPage":{"@id":"https:\/\/www.ilcf.net\/es\/ilcf\/la-red-de-asociaciones\/asociaciones-en-ucly\/#primaryimage"},"image":{"@id":"https:\/\/www.ilcf.net\/es\/ilcf\/la-red-de-asociaciones\/asociaciones-en-ucly\/#primaryimage"},"thumbnailUrl":"https:\/\/www.ilcf.net\/wp-content\/uploads\/sites\/20\/2020\/02\/header-lyon.jpg","datePublished":"2020-02-04T09:58:46+00:00","dateModified":"2020-02-04T09:59:44+00:00","description":"El ILCF de Lyon ha establecido relaciones con una amplia red de asociaciones para favorecer la comunicaci\u00f3n entre estudiantes internacionales y franceses","breadcrumb":{"@id":"https:\/\/www.ilcf.net\/es\/ilcf\/la-red-de-asociaciones\/asociaciones-en-ucly\/#breadcrumb"},"inLanguage":"es","potentialAction":[{"@type":"ReadAction","target":["https:\/\/www.ilcf.net\/es\/ilcf\/la-red-de-asociaciones\/asociaciones-en-ucly\/"]}]},{"@type":"ImageObject","inLanguage":"es","@id":"https:\/\/www.ilcf.net\/es\/ilcf\/la-red-de-asociaciones\/asociaciones-en-ucly\/#primaryimage","url":"https:\/\/www.ilcf.net\/wp-content\/uploads\/sites\/20\/2020\/02\/header-lyon.jpg","contentUrl":"https:\/\/www.ilcf.net\/wp-content\/uploads\/sites\/20\/2020\/02\/header-lyon.jpg","width":1920,"height":575,"caption":"Lyon capitale europ\u00e9enne"},{"@type":"BreadcrumbList","@id":"https:\/\/www.ilcf.net\/es\/ilcf\/la-red-de-asociaciones\/asociaciones-en-ucly\/#breadcrumb","itemListElement":[{"@type":"ListItem","position":1,"name":"Accueil","item":"https:\/\/www.ilcf.net\/es\/"},{"@type":"ListItem","position":2,"name":"ILCF","item":"https:\/\/www.ilcf.net\/es\/ilcf\/"},{"@type":"ListItem","position":3,"name":"La red de asociaciones","item":"https:\/\/www.ilcf.net\/es\/ilcf\/la-red-de-asociaciones\/"},{"@type":"ListItem","position":4,"name":"Asociaciones en UCLy"}]},{"@type":"WebSite","@id":"https:\/\/www.ilcf.net\/es\/#website","url":"https:\/\/www.ilcf.net\/es\/","name":"ILCF - Institut de Langue et de Culture Fran\u00e7aises","description":"ILCF - Institut de Langue et de Culture Fran\u00e7aises","publisher":{"@id":"https:\/\/www.ilcf.net\/es\/#organization"},"potentialAction":[{"@type":"SearchAction","target":{"@type":"EntryPoint","urlTemplate":"https:\/\/www.ilcf.net\/es\/?s={search_term_string}"},"query-input":{"@type":"PropertyValueSpecification","valueRequired":true,"valueName":"search_term_string"}}],"inLanguage":"es"},{"@type":"Organization","@id":"https:\/\/www.ilcf.net\/es\/#organization","name":"ILCF - Institut de Langue et de Culture Fran\u00e7aises","url":"https:\/\/www.ilcf.net\/es\/","logo":{"@type":"ImageObject","inLanguage":"es","@id":"https:\/\/www.ilcf.net\/es\/#\/schema\/logo\/image\/","url":"https:\/\/www.ilcf.net\/wp-content\/uploads\/sites\/20\/2019\/11\/ilcf_logo.svg","contentUrl":"https:\/\/www.ilcf.net\/wp-content\/uploads\/sites\/20\/2019\/11\/ilcf_logo.svg","caption":"ILCF - Institut de Langue et de Culture Fran\u00e7aises"},"image":{"@id":"https:\/\/www.ilcf.net\/es\/#\/schema\/logo\/image\/"}}]}},"_links":{"self":[{"href":"https:\/\/www.ilcf.net\/es\/wp-json\/wp\/v2\/pages\/5811","targetHints":{"allow":["GET"]}}],"collection":[{"href":"https:\/\/www.ilcf.net\/es\/wp-json\/wp\/v2\/pages"}],"about":[{"href":"https:\/\/www.ilcf.net\/es\/wp-json\/wp\/v2\/types\/page"}],"author":[{"embeddable":true,"href":"https:\/\/www.ilcf.net\/es\/wp-json\/wp\/v2\/users\/32"}],"replies":[{"embeddable":true,"href":"https:\/\/www.ilcf.net\/es\/wp-json\/wp\/v2\/comments?post=5811"}],"version-history":[{"count":3,"href":"https:\/\/www.ilcf.net\/es\/wp-json\/wp\/v2\/pages\/5811\/revisions"}],"predecessor-version":[{"id":5827,"href":"https:\/\/www.ilcf.net\/es\/wp-json\/wp\/v2\/pages\/5811\/revisions\/5827"}],"up":[{"embeddable":true,"href":"https:\/\/www.ilcf.net\/es\/wp-json\/wp\/v2\/pages\/5771"}],"wp:featuredmedia":[{"embeddable":true,"href":"https:\/\/www.ilcf.net\/es\/wp-json\/wp\/v2\/media\/6423"}],"wp:attachment":[{"href":"https:\/\/www.ilcf.net\/es\/wp-json\/wp\/v2\/media?parent=5811"}],"curies":[{"name":"wp","href":"https:\/\/api.w.org\/{rel}","templated":true}]}}