{"id":5768,"date":"2019-11-13T13:51:03","date_gmt":"2019-11-13T12:51:03","guid":{"rendered":"https:\/\/www.ilcf.net\/?page_id=5768"},"modified":"2025-08-05T11:05:57","modified_gmt":"2025-08-05T09:05:57","slug":"tramites-administrativos-relacionados-con-la-estancia-en-francia","status":"publish","type":"page","link":"https:\/\/www.ilcf.net\/es\/informacion-practica\/tramites-administrativos-relacionados-con-la-estancia-en-francia\/","title":{"rendered":"Tr\u00e1mites administrativos relacionados con la estancia en Francia"},"content":{"rendered":"<h2 class=\"wp-block-heading\">Visa de estudios<\/h2><p>Apenas tengamos tu expediente, el ILCF te enviar\u00e1 el certificado de preinscripci\u00f3n necesario para pedir tu Visa de Estudiante a la Embajada de Francia de tu pa\u00eds o a trav\u00e9s de la red Campus France.<br>No dudes en contactarlos para entregar tu expediente para pedir una visa.<\/p><ul class=\"wp-block-list\"><li> <a href=\"https:\/\/www.campusfrance.org\/es\" target=\"_blank\" rel=\"noreferrer noopener\" aria-label=\" (s\u2019ouvre dans un nouvel onglet)\">https:\/\/www.campusfrance.org\/es<\/a> <\/li>\n\n<li>  <a aria-label=\" (s\u2019ouvre dans un nouvel onglet)\" href=\"https:\/\/www.diplomatie.gouv.fr\/es\" target=\"_blank\" rel=\"noreferrer noopener\">https:\/\/www.diplomatie.gouv.fr\/es<\/a> - r\u00fabrica <a aria-label=\"&quot; Venir a francia&quot; (s\u2019ouvre dans un nouvel onglet)\" href=\"https:\/\/www.diplomatie.gouv.fr\/es\/venir-a-francia\/\" target=\"_blank\" rel=\"noreferrer noopener\">\" Venir a francia\"<\/a><\/li><\/ul><p>Ninguna visa de turismo podr\u00e1 transformarse en visa de estudios. La visa no podr\u00e1 ser entregada en ning\u00fan caso despu\u00e9s de tu llegada a Francia.<\/p><div class=\"wp-block-button js-fade-scroll\">\n\n    <a href=\"https:\/\/www.ucly.fr\/en\/student-life\/international-relations-office\/international-student-desk\/administrative-procedures\/visas-and-residence-permits\/before-your-stay-in-france\/\" target=\"_blank\" title=\"M\u00e1s informaci\u00f3n\" class=\"button primary\">M\u00e1s informaci\u00f3n<\/a>\n\n  <\/div><h2 class=\"wp-block-heading\">Rechazo de Visa<\/h2><p>En caso de rechazo de la visa en el pa\u00eds natal, y con presentaci\u00f3n del justificativo original, el anticipo ser\u00e1 reembolsado, pero se restar\u00e1n los gastos administrativos de un valor de 160 euros bajo reserva de informar a la secretar\u00eda, por escrito, en un plazo m\u00e1ximo de 8 d\u00edas antes del inicio de clase. Despu\u00e9s de esta fecha, el monto correspondiente al pago del curso ser\u00e1 para el ILCF.<\/p><h2 class=\"wp-block-heading\">Otros casos de anulaci\u00f3n<\/h2><p>Ning\u00fan monto ser\u00e1 reembolsado al estudiante que decida anular su preinscripci\u00f3n, su inscripci\u00f3n o las clases. La totalidad de la suma entregada pertenecer\u00e1 al ILCF (ver condiciones generales en www.ilcf.net).<\/p><h2 class=\"wp-block-heading\">Validaci\u00f3n de la visa \/ permiso de residencia<\/h2><p>Encuentre en nuestra web toda la informaci\u00f3n necesaria para validar su visado o permiso de residencia.<\/p><div class=\"wp-block-button js-fade-scroll\">\n\n    <a href=\"https:\/\/www.ucly.fr\/en\/student-life\/international-relations-office\/international-student-desk\/administrative-procedures\/visas-and-residence-permits\/during-your-stay\/\" target=\"\" title=\"M\u00e1s informaci\u00f3n\" class=\"button primary\">M\u00e1s informaci\u00f3n<\/a>\n\n  <\/div><h2 class=\"wp-block-heading\">Seguro m\u00e9dico obligatorio<\/h2><p>Todo lo que debe saber sobre su seguro de enfermedad para beneficiarse del reembolso parcial de sus gastos sanitarios en Francia.<\/p><div class=\"wp-block-button js-fade-scroll\">\n\n    <a href=\"https:\/\/www.ucly.fr\/en\/student-life\/international-relations-office\/international-student-desk\/administrative-procedures\/health-coverage\/\" target=\"_blank\" title=\"M\u00e1s informaci\u00f3n\" class=\"button primary\">M\u00e1s informaci\u00f3n<\/a>\n\n  <\/div><div class=\"wp-block-cross-content js-fade-scroll\">\n    <p class=\"wp-block-cross-content-title\">M\u00e1s informaci\u00f3n<\/p>\n            <div class=\"row wp-block-cross-content-row\">\n                                <div class=\"column small-12 medium-6 large-4 wp-block-cross-content-col\">\n                        <a class=\"wp-block-cross-content-top\" href=\"https:\/\/www.ilcf.net\/es\/informacion-practica\/inscribirse-al-ilcf\/\" title=\"Inscripci\u00f3n en ILCF\">\n                            <span class=\"wp-block-cross-content-name\">Inscripci\u00f3n en ILCF<\/span>\n                            <span class=\"wp-block-cross-content-image\"><img loading=\"lazy\" decoding=\"async\" width=\"630\" height=\"570\" src=\"https:\/\/www.ilcf.net\/wp-content\/uploads\/sites\/20\/2020\/02\/header-inscription-estri-630x570.jpg\" class=\" wp-post-image\" alt=\"Inscription \u00e0 l&#039;ILCF-Lyon\" \/><\/span>\n                            <span class=\"wp-block-cross-content-more\">\n                                <span class=\"icon-more\"><\/span>\n                            <\/span>\n                        <\/a>\n                        <div class=\"wp-block-cross-content-excerpt\"><\/div>\n                    <\/div>\n                                                <div class=\"column small-12 medium-6 large-4 wp-block-cross-content-col\">\n                        <a class=\"wp-block-cross-content-top\" href=\"https:\/\/www.ilcf.net\/es\/informacion-practica\/contacta-con-nosotros\/\" title=\"Contacta con nosotros\">\n                            <span class=\"wp-block-cross-content-name\">Contacta con nosotros<\/span>\n                            <span class=\"wp-block-cross-content-image\"><img loading=\"lazy\" decoding=\"async\" width=\"630\" height=\"570\" src=\"https:\/\/www.ilcf.net\/wp-content\/uploads\/sites\/20\/2020\/02\/header-estri3-630x570.jpg\" class=\" wp-post-image\" alt=\"Contacter ILCF\" \/><\/span>\n                            <span class=\"wp-block-cross-content-more\">\n                                <span class=\"icon-more\"><\/span>\n                            <\/span>\n                        <\/a>\n                        <div class=\"wp-block-cross-content-excerpt\"><p>Encontrar\u00e1 el correo electr\u00f3nico, el horario de oficina, la linea telefonica y la direccion de correo<\/p>\n<\/div>\n                    <\/div>\n                                                <div class=\"column small-12 medium-6 large-4 wp-block-cross-content-col\">\n                        <a class=\"wp-block-cross-content-top\" href=\"https:\/\/www.ucly.fr\/en\/student-life\/international-relations-office\/international-student-desk\/administrative-procedures\/\" title=\"Administrative procedures\">\n                            <span class=\"wp-block-cross-content-name\">Administrative procedures<\/span>\n                            <span class=\"wp-block-cross-content-image\">\n                                <img decoding=\"async\" src=\"https:\/\/www.ilcf.net\/wp-content\/uploads\/sites\/20\/2021\/10\/etudiantsucly.jpg\" alt=\"\" srcset=\"\">\n                            <\/span>\n                            <span class=\"wp-block-cross-content-more\">\n                                <span class=\"icon-more\"><\/span>\n                            <\/span>\n                        <\/a>\n                    <\/div>\n                                    <\/div>\n    <\/div>","protected":false},"excerpt":{"rendered":"<p>Visa de estudiosApenas tengamos tu expediente, el ILCF te enviar\u00e1 el certificado de preinscripci\u00f3n necesario para pedir tu Visa de Estudiante a la Embajada [&hellip;]<\/p>\n","protected":false},"author":32,"featured_media":6569,"parent":5639,"menu_order":2,"comment_status":"closed","ping_status":"closed","template":"","meta":{"_acf_changed":false,"footnotes":""},"class_list":["post-5768","page","type-page","status-publish","has-post-thumbnail","hentry"],"acf":[],"yoast_head":"<!-- This site is optimized with the Yoast SEO plugin v24.1 - https:\/\/yoast.com\/wordpress\/plugins\/seo\/ -->\n<title>Tr\u00e1mites administrativos relacionados con la estancia en Francia - ILCF - Institut de Langue et de Culture Fran\u00e7aises<\/title>\n<meta name=\"robots\" content=\"index, follow, max-snippet:-1, max-image-preview:large, max-video-preview:-1\" \/>\n<link rel=\"canonical\" href=\"https:\/\/www.ilcf.net\/es\/informacion-practica\/tramites-administrativos-relacionados-con-la-estancia-en-francia\/\" \/>\n<meta property=\"og:locale\" content=\"es_ES\" \/>\n<meta property=\"og:type\" content=\"article\" \/>\n<meta property=\"og:title\" content=\"Tr\u00e1mites administrativos relacionados con la estancia en Francia - ILCF - Institut de Langue et de Culture Fran\u00e7aises\" \/>\n<meta property=\"og:description\" content=\"Visa de estudiosApenas tengamos tu expediente, el ILCF te enviar\u00e1 el certificado de preinscripci\u00f3n necesario para pedir tu Visa de Estudiante a la Embajada [&hellip;]\" \/>\n<meta property=\"og:url\" content=\"https:\/\/www.ilcf.net\/es\/informacion-practica\/tramites-administrativos-relacionados-con-la-estancia-en-francia\/\" \/>\n<meta property=\"og:site_name\" content=\"ILCF - Institut de Langue et de Culture Fran\u00e7aises\" \/>\n<meta property=\"article:modified_time\" content=\"2025-08-05T09:05:57+00:00\" \/>\n<meta property=\"og:image\" content=\"https:\/\/www.ilcf.net\/wp-content\/uploads\/sites\/20\/2020\/02\/header-estri13.jpg\" \/>\n\t<meta property=\"og:image:width\" content=\"1920\" \/>\n\t<meta property=\"og:image:height\" content=\"575\" \/>\n\t<meta property=\"og:image:type\" content=\"image\/jpeg\" \/>\n<meta name=\"twitter:card\" content=\"summary_large_image\" \/>\n<meta name=\"twitter:label1\" content=\"Tiempo de lectura\" \/>\n\t<meta name=\"twitter:data1\" content=\"2 minutos\" \/>\n<script type=\"application\/ld+json\" class=\"yoast-schema-graph\">{\"@context\":\"https:\/\/schema.org\",\"@graph\":[{\"@type\":\"WebPage\",\"@id\":\"https:\/\/www.ilcf.net\/es\/informacion-practica\/tramites-administrativos-relacionados-con-la-estancia-en-francia\/\",\"url\":\"https:\/\/www.ilcf.net\/es\/informacion-practica\/tramites-administrativos-relacionados-con-la-estancia-en-francia\/\",\"name\":\"Tr\u00e1mites administrativos relacionados con la estancia en Francia - ILCF - Institut de Langue et de Culture Fran\u00e7aises\",\"isPartOf\":{\"@id\":\"https:\/\/www.ilcf.net\/es\/#website\"},\"primaryImageOfPage\":{\"@id\":\"https:\/\/www.ilcf.net\/es\/informacion-practica\/tramites-administrativos-relacionados-con-la-estancia-en-francia\/#primaryimage\"},\"image\":{\"@id\":\"https:\/\/www.ilcf.net\/es\/informacion-practica\/tramites-administrativos-relacionados-con-la-estancia-en-francia\/#primaryimage\"},\"thumbnailUrl\":\"https:\/\/www.ilcf.net\/wp-content\/uploads\/sites\/20\/2020\/02\/header-estri13.jpg\",\"datePublished\":\"2019-11-13T12:51:03+00:00\",\"dateModified\":\"2025-08-05T09:05:57+00:00\",\"breadcrumb\":{\"@id\":\"https:\/\/www.ilcf.net\/es\/informacion-practica\/tramites-administrativos-relacionados-con-la-estancia-en-francia\/#breadcrumb\"},\"inLanguage\":\"es\",\"potentialAction\":[{\"@type\":\"ReadAction\",\"target\":[\"https:\/\/www.ilcf.net\/es\/informacion-practica\/tramites-administrativos-relacionados-con-la-estancia-en-francia\/\"]}]},{\"@type\":\"ImageObject\",\"inLanguage\":\"es\",\"@id\":\"https:\/\/www.ilcf.net\/es\/informacion-practica\/tramites-administrativos-relacionados-con-la-estancia-en-francia\/#primaryimage\",\"url\":\"https:\/\/www.ilcf.net\/wp-content\/uploads\/sites\/20\/2020\/02\/header-estri13.jpg\",\"contentUrl\":\"https:\/\/www.ilcf.net\/wp-content\/uploads\/sites\/20\/2020\/02\/header-estri13.jpg\",\"width\":1920,\"height\":575,\"caption\":\"Formalit\u00e9s administratives ILCF\"},{\"@type\":\"BreadcrumbList\",\"@id\":\"https:\/\/www.ilcf.net\/es\/informacion-practica\/tramites-administrativos-relacionados-con-la-estancia-en-francia\/#breadcrumb\",\"itemListElement\":[{\"@type\":\"ListItem\",\"position\":1,\"name\":\"Accueil\",\"item\":\"https:\/\/www.ilcf.net\/es\/\"},{\"@type\":\"ListItem\",\"position\":2,\"name\":\"Informaci\u00f3n pr\u00e1ctica\",\"item\":\"https:\/\/www.ilcf.net\/es\/informacion-practica\/\"},{\"@type\":\"ListItem\",\"position\":3,\"name\":\"Tr\u00e1mites administrativos relacionados con la estancia en Francia\"}]},{\"@type\":\"WebSite\",\"@id\":\"https:\/\/www.ilcf.net\/es\/#website\",\"url\":\"https:\/\/www.ilcf.net\/es\/\",\"name\":\"ILCF - Institut de Langue et de Culture Fran\u00e7aises\",\"description\":\"ILCF - Institut de Langue et de Culture Fran\u00e7aises\",\"publisher\":{\"@id\":\"https:\/\/www.ilcf.net\/es\/#organization\"},\"potentialAction\":[{\"@type\":\"SearchAction\",\"target\":{\"@type\":\"EntryPoint\",\"urlTemplate\":\"https:\/\/www.ilcf.net\/es\/?s={search_term_string}\"},\"query-input\":{\"@type\":\"PropertyValueSpecification\",\"valueRequired\":true,\"valueName\":\"search_term_string\"}}],\"inLanguage\":\"es\"},{\"@type\":\"Organization\",\"@id\":\"https:\/\/www.ilcf.net\/es\/#organization\",\"name\":\"ILCF - Institut de Langue et de Culture Fran\u00e7aises\",\"url\":\"https:\/\/www.ilcf.net\/es\/\",\"logo\":{\"@type\":\"ImageObject\",\"inLanguage\":\"es\",\"@id\":\"https:\/\/www.ilcf.net\/es\/#\/schema\/logo\/image\/\",\"url\":\"https:\/\/www.ilcf.net\/wp-content\/uploads\/sites\/20\/2019\/11\/ilcf_logo.svg\",\"contentUrl\":\"https:\/\/www.ilcf.net\/wp-content\/uploads\/sites\/20\/2019\/11\/ilcf_logo.svg\",\"caption\":\"ILCF - Institut de Langue et de Culture Fran\u00e7aises\"},\"image\":{\"@id\":\"https:\/\/www.ilcf.net\/es\/#\/schema\/logo\/image\/\"}}]}<\/script>\n<!-- \/ Yoast SEO plugin. -->","yoast_head_json":{"title":"Tr\u00e1mites administrativos relacionados con la estancia en Francia - ILCF - Institut de Langue et de Culture Fran\u00e7aises","robots":{"index":"index","follow":"follow","max-snippet":"max-snippet:-1","max-image-preview":"max-image-preview:large","max-video-preview":"max-video-preview:-1"},"canonical":"https:\/\/www.ilcf.net\/es\/informacion-practica\/tramites-administrativos-relacionados-con-la-estancia-en-francia\/","og_locale":"es_ES","og_type":"article","og_title":"Tr\u00e1mites administrativos relacionados con la estancia en Francia - ILCF - Institut de Langue et de Culture Fran\u00e7aises","og_description":"Visa de estudiosApenas tengamos tu expediente, el ILCF te enviar\u00e1 el certificado de preinscripci\u00f3n necesario para pedir tu Visa de Estudiante a la Embajada [&hellip;]","og_url":"https:\/\/www.ilcf.net\/es\/informacion-practica\/tramites-administrativos-relacionados-con-la-estancia-en-francia\/","og_site_name":"ILCF - Institut de Langue et de Culture Fran\u00e7aises","article_modified_time":"2025-08-05T09:05:57+00:00","og_image":[{"width":1920,"height":575,"url":"https:\/\/www.ilcf.net\/wp-content\/uploads\/sites\/20\/2020\/02\/header-estri13.jpg","type":"image\/jpeg"}],"twitter_card":"summary_large_image","twitter_misc":{"Tiempo de lectura":"2 minutos"},"schema":{"@context":"https:\/\/schema.org","@graph":[{"@type":"WebPage","@id":"https:\/\/www.ilcf.net\/es\/informacion-practica\/tramites-administrativos-relacionados-con-la-estancia-en-francia\/","url":"https:\/\/www.ilcf.net\/es\/informacion-practica\/tramites-administrativos-relacionados-con-la-estancia-en-francia\/","name":"Tr\u00e1mites administrativos relacionados con la estancia en Francia - ILCF - Institut de Langue et de Culture Fran\u00e7aises","isPartOf":{"@id":"https:\/\/www.ilcf.net\/es\/#website"},"primaryImageOfPage":{"@id":"https:\/\/www.ilcf.net\/es\/informacion-practica\/tramites-administrativos-relacionados-con-la-estancia-en-francia\/#primaryimage"},"image":{"@id":"https:\/\/www.ilcf.net\/es\/informacion-practica\/tramites-administrativos-relacionados-con-la-estancia-en-francia\/#primaryimage"},"thumbnailUrl":"https:\/\/www.ilcf.net\/wp-content\/uploads\/sites\/20\/2020\/02\/header-estri13.jpg","datePublished":"2019-11-13T12:51:03+00:00","dateModified":"2025-08-05T09:05:57+00:00","breadcrumb":{"@id":"https:\/\/www.ilcf.net\/es\/informacion-practica\/tramites-administrativos-relacionados-con-la-estancia-en-francia\/#breadcrumb"},"inLanguage":"es","potentialAction":[{"@type":"ReadAction","target":["https:\/\/www.ilcf.net\/es\/informacion-practica\/tramites-administrativos-relacionados-con-la-estancia-en-francia\/"]}]},{"@type":"ImageObject","inLanguage":"es","@id":"https:\/\/www.ilcf.net\/es\/informacion-practica\/tramites-administrativos-relacionados-con-la-estancia-en-francia\/#primaryimage","url":"https:\/\/www.ilcf.net\/wp-content\/uploads\/sites\/20\/2020\/02\/header-estri13.jpg","contentUrl":"https:\/\/www.ilcf.net\/wp-content\/uploads\/sites\/20\/2020\/02\/header-estri13.jpg","width":1920,"height":575,"caption":"Formalit\u00e9s administratives ILCF"},{"@type":"BreadcrumbList","@id":"https:\/\/www.ilcf.net\/es\/informacion-practica\/tramites-administrativos-relacionados-con-la-estancia-en-francia\/#breadcrumb","itemListElement":[{"@type":"ListItem","position":1,"name":"Accueil","item":"https:\/\/www.ilcf.net\/es\/"},{"@type":"ListItem","position":2,"name":"Informaci\u00f3n pr\u00e1ctica","item":"https:\/\/www.ilcf.net\/es\/informacion-practica\/"},{"@type":"ListItem","position":3,"name":"Tr\u00e1mites administrativos relacionados con la estancia en Francia"}]},{"@type":"WebSite","@id":"https:\/\/www.ilcf.net\/es\/#website","url":"https:\/\/www.ilcf.net\/es\/","name":"ILCF - Institut de Langue et de Culture Fran\u00e7aises","description":"ILCF - Institut de Langue et de Culture Fran\u00e7aises","publisher":{"@id":"https:\/\/www.ilcf.net\/es\/#organization"},"potentialAction":[{"@type":"SearchAction","target":{"@type":"EntryPoint","urlTemplate":"https:\/\/www.ilcf.net\/es\/?s={search_term_string}"},"query-input":{"@type":"PropertyValueSpecification","valueRequired":true,"valueName":"search_term_string"}}],"inLanguage":"es"},{"@type":"Organization","@id":"https:\/\/www.ilcf.net\/es\/#organization","name":"ILCF - Institut de Langue et de Culture Fran\u00e7aises","url":"https:\/\/www.ilcf.net\/es\/","logo":{"@type":"ImageObject","inLanguage":"es","@id":"https:\/\/www.ilcf.net\/es\/#\/schema\/logo\/image\/","url":"https:\/\/www.ilcf.net\/wp-content\/uploads\/sites\/20\/2019\/11\/ilcf_logo.svg","contentUrl":"https:\/\/www.ilcf.net\/wp-content\/uploads\/sites\/20\/2019\/11\/ilcf_logo.svg","caption":"ILCF - Institut de Langue et de Culture Fran\u00e7aises"},"image":{"@id":"https:\/\/www.ilcf.net\/es\/#\/schema\/logo\/image\/"}}]}},"_links":{"self":[{"href":"https:\/\/www.ilcf.net\/es\/wp-json\/wp\/v2\/pages\/5768","targetHints":{"allow":["GET"]}}],"collection":[{"href":"https:\/\/www.ilcf.net\/es\/wp-json\/wp\/v2\/pages"}],"about":[{"href":"https:\/\/www.ilcf.net\/es\/wp-json\/wp\/v2\/types\/page"}],"author":[{"embeddable":true,"href":"https:\/\/www.ilcf.net\/es\/wp-json\/wp\/v2\/users\/32"}],"replies":[{"embeddable":true,"href":"https:\/\/www.ilcf.net\/es\/wp-json\/wp\/v2\/comments?post=5768"}],"version-history":[{"count":3,"href":"https:\/\/www.ilcf.net\/es\/wp-json\/wp\/v2\/pages\/5768\/revisions"}],"predecessor-version":[{"id":26015,"href":"https:\/\/www.ilcf.net\/es\/wp-json\/wp\/v2\/pages\/5768\/revisions\/26015"}],"up":[{"embeddable":true,"href":"https:\/\/www.ilcf.net\/es\/wp-json\/wp\/v2\/pages\/5639"}],"wp:featuredmedia":[{"embeddable":true,"href":"https:\/\/www.ilcf.net\/es\/wp-json\/wp\/v2\/media\/6569"}],"wp:attachment":[{"href":"https:\/\/www.ilcf.net\/es\/wp-json\/wp\/v2\/media?parent=5768"}],"curies":[{"name":"wp","href":"https:\/\/api.w.org\/{rel}","templated":true}]}}