{"id":5766,"date":"2020-02-03T16:41:36","date_gmt":"2020-02-03T15:41:36","guid":{"rendered":"https:\/\/www.ilcf.net\/?page_id=5766"},"modified":"2020-02-13T08:42:44","modified_gmt":"2020-02-13T07:42:44","slug":"inscribirse-al-ilcf","status":"publish","type":"page","link":"https:\/\/www.ilcf.net\/es\/informacion-practica\/inscribirse-al-ilcf\/","title":{"rendered":"Inscripci\u00f3n en ILCF"},"content":{"rendered":"<p>Inscripci\u00f3n a un programa de idiomas o a una sesi\u00f3n de examen, \u00a1elija!<\/p><div class=\"wp-block-list js-fade-scroll\">\n  <p class=\"wp-block-list-title\"><\/p>\n  <div class=\"wp-block-list-intro\"><\/div>\n\n          <a class=\"wp-block-list-item\" href=\"https:\/\/www.ilcf.net\/es\/quien-es-usted\/estudiante\/inscripcion-a-un-programa-de-lengua-y-de-cultura-francesas-2\/\" title=\"Inscripci\u00f3n a un programa de lengua y de cultura francesas\" target=\"_blank\" >\n      \n        <div class=\"wp-block-list-item-title\">Inscripci\u00f3n a un programa de lengua y de cultura francesas<\/div>\n        <div class=\"wp-block-list-item-intro\"><p>&nbsp;<\/p>\n<p>Inscripci\u00f3n a un programa de lengua y de cultura francesas : inscripci\u00f3n en linea, por el correos o por correo electr\u00f3nico<\/p>\n<p style=\"text-align: center;\"><img loading=\"lazy\" decoding=\"async\" width=\"450\" height=\"135\" class=\"wp-image-4229\" style=\"width: 450px;\" src=\"https:\/\/www.ilcf.net\/wp-content\/uploads\/sites\/20\/2019\/12\/header-inscription-cours-ilcf.jpg\" alt=\"\" srcset=\"https:\/\/www.ilcf.net\/wp-content\/uploads\/sites\/20\/2019\/12\/header-inscription-cours-ilcf.jpg 1920w, https:\/\/www.ilcf.net\/wp-content\/uploads\/sites\/20\/2019\/12\/header-inscription-cours-ilcf-1536x460.jpg 1536w, https:\/\/www.ilcf.net\/wp-content\/uploads\/sites\/20\/2019\/12\/header-inscription-cours-ilcf-280x84.jpg 280w\" sizes=\"auto, (max-width: 450px) 100vw, 450px\" \/><\/p>\n<\/div>\n\n                <span class=\"wp-block-list-item-link\">\n            <span class=\"icon-more\"><\/span>\n          <\/span>\n        <\/a>\n                  <a class=\"wp-block-list-item\" href=\"https:\/\/www.ilcf.net\/es\/quien-es-usted\/candidato-en-un-examen\/inscripcion-a-una-sesion-de-examenes\/\" title=\"Inscripci\u00f3n a una sesi\u00f3n de examenes\" target=\"_blank\" >\n      \n        <div class=\"wp-block-list-item-title\">Inscripci\u00f3n a una sesi\u00f3n de examenes<\/div>\n        <div class=\"wp-block-list-item-intro\"><p>&nbsp;<\/p>\n<p>\u00bfC\u00f3mo me matriculo en un examen? Toda la informaci\u00f3n relacionada con la inscripci\u00f3n a una sesi\u00f3n DELF, DALF<\/p>\n<p style=\"text-align: center;\"><img loading=\"lazy\" decoding=\"async\" width=\"450\" height=\"135\" class=\"wp-image-3697\" style=\"width: 450px;\" src=\"https:\/\/www.ilcf.net\/wp-content\/uploads\/sites\/20\/2019\/11\/centre-des-examens-ilcf.jpg\" alt=\"\" srcset=\"https:\/\/www.ilcf.net\/wp-content\/uploads\/sites\/20\/2019\/11\/centre-des-examens-ilcf.jpg 1920w, https:\/\/www.ilcf.net\/wp-content\/uploads\/sites\/20\/2019\/11\/centre-des-examens-ilcf-1536x460.jpg 1536w, https:\/\/www.ilcf.net\/wp-content\/uploads\/sites\/20\/2019\/11\/centre-des-examens-ilcf-180x54.jpg 180w\" sizes=\"auto, (max-width: 450px) 100vw, 450px\" \/><\/p>\n<\/div>\n\n                <span class=\"wp-block-list-item-link\">\n            <span class=\"icon-more\"><\/span>\n          <\/span>\n        <\/a>\n          <\/div><div class=\"wp-block-cross-content js-fade-scroll\">\n    <p class=\"wp-block-cross-content-title\"><\/p>\n            <div class=\"row wp-block-cross-content-row\">\n                                <div class=\"column small-12 medium-6 large-4 wp-block-cross-content-col\">\n                        <a class=\"wp-block-cross-content-top\" href=\"https:\/\/www.ilcf.net\/es\/nuestros-programas\/todos-los-cursos-del-ilcf\/\" title=\"Todos los cursos del ILCF\">\n                            <span class=\"wp-block-cross-content-name\">Todos los cursos del ILCF<\/span>\n                            <span class=\"wp-block-cross-content-image\"><img loading=\"lazy\" decoding=\"async\" width=\"630\" height=\"570\" src=\"https:\/\/www.ilcf.net\/wp-content\/uploads\/sites\/20\/2019\/12\/header-ilcf-630x570.jpg\" class=\" wp-post-image\" alt=\"\" \/><\/span>\n                            <span class=\"wp-block-cross-content-more\">\n                                <span class=\"icon-more\"><\/span>\n                            <\/span>\n                        <\/a>\n                        <div class=\"wp-block-cross-content-excerpt\"><p>Descubra nuestros cursos de franc\u00e9s y encuentre el programa que mejor se adapte a sus expectativas y objetivos.<\/p>\n<\/div>\n                    <\/div>\n                                                <div class=\"column small-12 medium-6 large-4 wp-block-cross-content-col\">\n                        <a class=\"wp-block-cross-content-top\" href=\"https:\/\/www.ilcf.net\/es\/pagina-de-inicio\/centro-oficial-de-examenes\/\" title=\"Centro oficial de ex\u00e1menes\">\n                            <span class=\"wp-block-cross-content-name\">Centro oficial de ex\u00e1menes<\/span>\n                            <span class=\"wp-block-cross-content-image\"><img loading=\"lazy\" decoding=\"async\" width=\"630\" height=\"570\" src=\"https:\/\/www.ilcf.net\/wp-content\/uploads\/sites\/20\/2020\/02\/header-examens-630x570.jpg\" class=\" wp-post-image\" alt=\"\" \/><\/span>\n                            <span class=\"wp-block-cross-content-more\">\n                                <span class=\"icon-more\"><\/span>\n                            <\/span>\n                        <\/a>\n                        <div class=\"wp-block-cross-content-excerpt\"><div class=\"QmZWSe\">\n<div class=\"DHcWmd\">\n<p><strong><\/strong><\/p>\n<p><strong><\/strong><\/p>\n<h2 class=\"wp-block-heading\"><span class=\"text-color-primary\"><span class=\"text-color-primary\">Toda la informaci\u00f3n sobre los ex\u00e1menes DELF, DALF y TCF<\/span><\/span><\/h2>\n<\/div>\n<\/div>\n<div class=\"oSioSc\">\n<div id=\"tw-target\">\n<div id=\"kAz1tf\" class=\"g9WsWb PZPZlf\" data-attrid=\"tw-targetArea\" data-entityname=\"Google Translate\">\n<div id=\"tw-target-text-container\" class=\"tw-ta-container F0azHf tw-nfl\" tabindex=\"0\" role=\"text\">\n<pre id=\"tw-target-text\" class=\"tw-data-text tw-text-large tw-ta\" dir=\"ltr\" data-placeholder=\"Translation\" data-ved=\"2ahUKEwjL59iUs6yKAxXI2gIHHVEaCFgQ3ewLegQIDBAT\" aria-label=\"Translated text: Nuestros ex\u00e1menes\"><span class=\"Y2IQFc\" lang=\"es\">\u00a0<\/span><\/pre>\n<\/div>\n<\/div>\n<\/div>\n<\/div>\n<\/div>\n                    <\/div>\n                                                <div class=\"column small-12 medium-6 large-4 wp-block-cross-content-col\">\n                        <a class=\"wp-block-cross-content-top\" href=\"https:\/\/www.ilcf.net\/es\/nuestros-programas\/actividades-culturales\/\" title=\"Actividades culturales\">\n                            <span class=\"wp-block-cross-content-name\">Actividades culturales<\/span>\n                            <span class=\"wp-block-cross-content-image\"><img loading=\"lazy\" decoding=\"async\" width=\"630\" height=\"570\" src=\"https:\/\/www.ilcf.net\/wp-content\/uploads\/sites\/20\/2019\/12\/beaujolais-activites-ilcf-630x570.jpg\" class=\" wp-post-image\" alt=\"\" \/><\/span>\n                            <span class=\"wp-block-cross-content-more\">\n                                <span class=\"icon-more\"><\/span>\n                            <\/span>\n                        <\/a>\n                        <div class=\"wp-block-cross-content-excerpt\"><\/div>\n                    <\/div>\n                                    <\/div>\n    <\/div>","protected":false},"excerpt":{"rendered":"<p>Inscripci\u00f3n a un programa de idiomas o a una sesi\u00f3n de examen, \u00a1elija!<\/p>\n","protected":false},"author":32,"featured_media":6292,"parent":5639,"menu_order":1,"comment_status":"closed","ping_status":"closed","template":"","meta":{"_acf_changed":false,"footnotes":""},"class_list":["post-5766","page","type-page","status-publish","has-post-thumbnail","hentry"],"acf":[],"yoast_head":"<!-- This site is optimized with the Yoast SEO plugin v24.1 - https:\/\/yoast.com\/wordpress\/plugins\/seo\/ -->\n<title>Inscripci\u00f3n en ILCF - ILCF - Institut de Langue et de Culture Fran\u00e7aises<\/title>\n<meta name=\"robots\" content=\"index, follow, max-snippet:-1, max-image-preview:large, max-video-preview:-1\" \/>\n<link rel=\"canonical\" href=\"https:\/\/www.ilcf.net\/es\/informacion-practica\/inscribirse-al-ilcf\/\" \/>\n<meta property=\"og:locale\" content=\"es_ES\" \/>\n<meta property=\"og:type\" content=\"article\" \/>\n<meta property=\"og:title\" content=\"Inscripci\u00f3n en ILCF - ILCF - Institut de Langue et de Culture Fran\u00e7aises\" \/>\n<meta property=\"og:description\" content=\"Inscripci\u00f3n a un programa de idiomas o a una sesi\u00f3n de examen, \u00a1elija!\" \/>\n<meta property=\"og:url\" content=\"https:\/\/www.ilcf.net\/es\/informacion-practica\/inscribirse-al-ilcf\/\" \/>\n<meta property=\"og:site_name\" content=\"ILCF - Institut de Langue et de Culture Fran\u00e7aises\" \/>\n<meta property=\"article:modified_time\" content=\"2020-02-13T07:42:44+00:00\" \/>\n<meta property=\"og:image\" content=\"https:\/\/www.ilcf.net\/wp-content\/uploads\/sites\/20\/2020\/02\/header-inscription-estri.jpg\" \/>\n\t<meta property=\"og:image:width\" content=\"1920\" \/>\n\t<meta property=\"og:image:height\" content=\"575\" \/>\n\t<meta property=\"og:image:type\" content=\"image\/jpeg\" \/>\n<meta name=\"twitter:card\" content=\"summary_large_image\" \/>\n<script type=\"application\/ld+json\" class=\"yoast-schema-graph\">{\"@context\":\"https:\/\/schema.org\",\"@graph\":[{\"@type\":\"WebPage\",\"@id\":\"https:\/\/www.ilcf.net\/es\/informacion-practica\/inscribirse-al-ilcf\/\",\"url\":\"https:\/\/www.ilcf.net\/es\/informacion-practica\/inscribirse-al-ilcf\/\",\"name\":\"Inscripci\u00f3n en ILCF - ILCF - Institut de Langue et de Culture Fran\u00e7aises\",\"isPartOf\":{\"@id\":\"https:\/\/www.ilcf.net\/es\/#website\"},\"primaryImageOfPage\":{\"@id\":\"https:\/\/www.ilcf.net\/es\/informacion-practica\/inscribirse-al-ilcf\/#primaryimage\"},\"image\":{\"@id\":\"https:\/\/www.ilcf.net\/es\/informacion-practica\/inscribirse-al-ilcf\/#primaryimage\"},\"thumbnailUrl\":\"https:\/\/www.ilcf.net\/wp-content\/uploads\/sites\/20\/2020\/02\/header-inscription-estri.jpg\",\"datePublished\":\"2020-02-03T15:41:36+00:00\",\"dateModified\":\"2020-02-13T07:42:44+00:00\",\"breadcrumb\":{\"@id\":\"https:\/\/www.ilcf.net\/es\/informacion-practica\/inscribirse-al-ilcf\/#breadcrumb\"},\"inLanguage\":\"es\",\"potentialAction\":[{\"@type\":\"ReadAction\",\"target\":[\"https:\/\/www.ilcf.net\/es\/informacion-practica\/inscribirse-al-ilcf\/\"]}]},{\"@type\":\"ImageObject\",\"inLanguage\":\"es\",\"@id\":\"https:\/\/www.ilcf.net\/es\/informacion-practica\/inscribirse-al-ilcf\/#primaryimage\",\"url\":\"https:\/\/www.ilcf.net\/wp-content\/uploads\/sites\/20\/2020\/02\/header-inscription-estri.jpg\",\"contentUrl\":\"https:\/\/www.ilcf.net\/wp-content\/uploads\/sites\/20\/2020\/02\/header-inscription-estri.jpg\",\"width\":1920,\"height\":575,\"caption\":\"Inscription \u00e0 l'ILCF-Lyon\"},{\"@type\":\"BreadcrumbList\",\"@id\":\"https:\/\/www.ilcf.net\/es\/informacion-practica\/inscribirse-al-ilcf\/#breadcrumb\",\"itemListElement\":[{\"@type\":\"ListItem\",\"position\":1,\"name\":\"Accueil\",\"item\":\"https:\/\/www.ilcf.net\/es\/\"},{\"@type\":\"ListItem\",\"position\":2,\"name\":\"Informaci\u00f3n pr\u00e1ctica\",\"item\":\"https:\/\/www.ilcf.net\/es\/informacion-practica\/\"},{\"@type\":\"ListItem\",\"position\":3,\"name\":\"Inscripci\u00f3n en ILCF\"}]},{\"@type\":\"WebSite\",\"@id\":\"https:\/\/www.ilcf.net\/es\/#website\",\"url\":\"https:\/\/www.ilcf.net\/es\/\",\"name\":\"ILCF - Institut de Langue et de Culture Fran\u00e7aises\",\"description\":\"ILCF - Institut de Langue et de Culture Fran\u00e7aises\",\"publisher\":{\"@id\":\"https:\/\/www.ilcf.net\/es\/#organization\"},\"potentialAction\":[{\"@type\":\"SearchAction\",\"target\":{\"@type\":\"EntryPoint\",\"urlTemplate\":\"https:\/\/www.ilcf.net\/es\/?s={search_term_string}\"},\"query-input\":{\"@type\":\"PropertyValueSpecification\",\"valueRequired\":true,\"valueName\":\"search_term_string\"}}],\"inLanguage\":\"es\"},{\"@type\":\"Organization\",\"@id\":\"https:\/\/www.ilcf.net\/es\/#organization\",\"name\":\"ILCF - Institut de Langue et de Culture Fran\u00e7aises\",\"url\":\"https:\/\/www.ilcf.net\/es\/\",\"logo\":{\"@type\":\"ImageObject\",\"inLanguage\":\"es\",\"@id\":\"https:\/\/www.ilcf.net\/es\/#\/schema\/logo\/image\/\",\"url\":\"https:\/\/www.ilcf.net\/wp-content\/uploads\/sites\/20\/2019\/11\/ilcf_logo.svg\",\"contentUrl\":\"https:\/\/www.ilcf.net\/wp-content\/uploads\/sites\/20\/2019\/11\/ilcf_logo.svg\",\"caption\":\"ILCF - Institut de Langue et de Culture Fran\u00e7aises\"},\"image\":{\"@id\":\"https:\/\/www.ilcf.net\/es\/#\/schema\/logo\/image\/\"}}]}<\/script>\n<!-- \/ Yoast SEO plugin. -->","yoast_head_json":{"title":"Inscripci\u00f3n en ILCF - ILCF - Institut de Langue et de Culture Fran\u00e7aises","robots":{"index":"index","follow":"follow","max-snippet":"max-snippet:-1","max-image-preview":"max-image-preview:large","max-video-preview":"max-video-preview:-1"},"canonical":"https:\/\/www.ilcf.net\/es\/informacion-practica\/inscribirse-al-ilcf\/","og_locale":"es_ES","og_type":"article","og_title":"Inscripci\u00f3n en ILCF - ILCF - Institut de Langue et de Culture Fran\u00e7aises","og_description":"Inscripci\u00f3n a un programa de idiomas o a una sesi\u00f3n de examen, \u00a1elija!","og_url":"https:\/\/www.ilcf.net\/es\/informacion-practica\/inscribirse-al-ilcf\/","og_site_name":"ILCF - Institut de Langue et de Culture Fran\u00e7aises","article_modified_time":"2020-02-13T07:42:44+00:00","og_image":[{"width":1920,"height":575,"url":"https:\/\/www.ilcf.net\/wp-content\/uploads\/sites\/20\/2020\/02\/header-inscription-estri.jpg","type":"image\/jpeg"}],"twitter_card":"summary_large_image","schema":{"@context":"https:\/\/schema.org","@graph":[{"@type":"WebPage","@id":"https:\/\/www.ilcf.net\/es\/informacion-practica\/inscribirse-al-ilcf\/","url":"https:\/\/www.ilcf.net\/es\/informacion-practica\/inscribirse-al-ilcf\/","name":"Inscripci\u00f3n en ILCF - ILCF - Institut de Langue et de Culture Fran\u00e7aises","isPartOf":{"@id":"https:\/\/www.ilcf.net\/es\/#website"},"primaryImageOfPage":{"@id":"https:\/\/www.ilcf.net\/es\/informacion-practica\/inscribirse-al-ilcf\/#primaryimage"},"image":{"@id":"https:\/\/www.ilcf.net\/es\/informacion-practica\/inscribirse-al-ilcf\/#primaryimage"},"thumbnailUrl":"https:\/\/www.ilcf.net\/wp-content\/uploads\/sites\/20\/2020\/02\/header-inscription-estri.jpg","datePublished":"2020-02-03T15:41:36+00:00","dateModified":"2020-02-13T07:42:44+00:00","breadcrumb":{"@id":"https:\/\/www.ilcf.net\/es\/informacion-practica\/inscribirse-al-ilcf\/#breadcrumb"},"inLanguage":"es","potentialAction":[{"@type":"ReadAction","target":["https:\/\/www.ilcf.net\/es\/informacion-practica\/inscribirse-al-ilcf\/"]}]},{"@type":"ImageObject","inLanguage":"es","@id":"https:\/\/www.ilcf.net\/es\/informacion-practica\/inscribirse-al-ilcf\/#primaryimage","url":"https:\/\/www.ilcf.net\/wp-content\/uploads\/sites\/20\/2020\/02\/header-inscription-estri.jpg","contentUrl":"https:\/\/www.ilcf.net\/wp-content\/uploads\/sites\/20\/2020\/02\/header-inscription-estri.jpg","width":1920,"height":575,"caption":"Inscription \u00e0 l'ILCF-Lyon"},{"@type":"BreadcrumbList","@id":"https:\/\/www.ilcf.net\/es\/informacion-practica\/inscribirse-al-ilcf\/#breadcrumb","itemListElement":[{"@type":"ListItem","position":1,"name":"Accueil","item":"https:\/\/www.ilcf.net\/es\/"},{"@type":"ListItem","position":2,"name":"Informaci\u00f3n pr\u00e1ctica","item":"https:\/\/www.ilcf.net\/es\/informacion-practica\/"},{"@type":"ListItem","position":3,"name":"Inscripci\u00f3n en ILCF"}]},{"@type":"WebSite","@id":"https:\/\/www.ilcf.net\/es\/#website","url":"https:\/\/www.ilcf.net\/es\/","name":"ILCF - Institut de Langue et de Culture Fran\u00e7aises","description":"ILCF - Institut de Langue et de Culture Fran\u00e7aises","publisher":{"@id":"https:\/\/www.ilcf.net\/es\/#organization"},"potentialAction":[{"@type":"SearchAction","target":{"@type":"EntryPoint","urlTemplate":"https:\/\/www.ilcf.net\/es\/?s={search_term_string}"},"query-input":{"@type":"PropertyValueSpecification","valueRequired":true,"valueName":"search_term_string"}}],"inLanguage":"es"},{"@type":"Organization","@id":"https:\/\/www.ilcf.net\/es\/#organization","name":"ILCF - Institut de Langue et de Culture Fran\u00e7aises","url":"https:\/\/www.ilcf.net\/es\/","logo":{"@type":"ImageObject","inLanguage":"es","@id":"https:\/\/www.ilcf.net\/es\/#\/schema\/logo\/image\/","url":"https:\/\/www.ilcf.net\/wp-content\/uploads\/sites\/20\/2019\/11\/ilcf_logo.svg","contentUrl":"https:\/\/www.ilcf.net\/wp-content\/uploads\/sites\/20\/2019\/11\/ilcf_logo.svg","caption":"ILCF - Institut de Langue et de Culture Fran\u00e7aises"},"image":{"@id":"https:\/\/www.ilcf.net\/es\/#\/schema\/logo\/image\/"}}]}},"_links":{"self":[{"href":"https:\/\/www.ilcf.net\/es\/wp-json\/wp\/v2\/pages\/5766","targetHints":{"allow":["GET"]}}],"collection":[{"href":"https:\/\/www.ilcf.net\/es\/wp-json\/wp\/v2\/pages"}],"about":[{"href":"https:\/\/www.ilcf.net\/es\/wp-json\/wp\/v2\/types\/page"}],"author":[{"embeddable":true,"href":"https:\/\/www.ilcf.net\/es\/wp-json\/wp\/v2\/users\/32"}],"replies":[{"embeddable":true,"href":"https:\/\/www.ilcf.net\/es\/wp-json\/wp\/v2\/comments?post=5766"}],"version-history":[{"count":15,"href":"https:\/\/www.ilcf.net\/es\/wp-json\/wp\/v2\/pages\/5766\/revisions"}],"predecessor-version":[{"id":7383,"href":"https:\/\/www.ilcf.net\/es\/wp-json\/wp\/v2\/pages\/5766\/revisions\/7383"}],"up":[{"embeddable":true,"href":"https:\/\/www.ilcf.net\/es\/wp-json\/wp\/v2\/pages\/5639"}],"wp:featuredmedia":[{"embeddable":true,"href":"https:\/\/www.ilcf.net\/es\/wp-json\/wp\/v2\/media\/6292"}],"wp:attachment":[{"href":"https:\/\/www.ilcf.net\/es\/wp-json\/wp\/v2\/media?parent=5766"}],"curies":[{"name":"wp","href":"https:\/\/api.w.org\/{rel}","templated":true}]}}