{"id":5761,"date":"2019-11-13T13:50:12","date_gmt":"2019-11-13T12:50:12","guid":{"rendered":"https:\/\/www.ilcf.net\/?page_id=5761"},"modified":"2025-06-18T09:58:44","modified_gmt":"2025-06-18T07:58:44","slug":"como-llegar-al-ilcf","status":"publish","type":"page","link":"https:\/\/www.ilcf.net\/es\/informacion-practica\/como-llegar-al-ilcf\/","title":{"rendered":"C\u00f3mo llegar al ILCF"},"content":{"rendered":"<h2 class=\"wp-block-heading\">Horario de apertura de la Secretar\u00eda:<\/h2><p><strong>Lunes<\/strong>: 10:00 a 12:30<br><strong>Martes<\/strong>: 10:00 a 16:00<br><strong>Miercoles<\/strong>: Cerrado<br><strong>Jueves<\/strong>: 10:00 to 16:00<br><strong>Viernes<\/strong>: 10:00 a 12:30<br><\/p><div class=\"wp-block-separator js-fade-scroll\"><\/div><h2 class=\"wp-block-heading\">Si vienes:<\/h2><h3 class=\"wp-block-heading\">En transporte p\u00fablico:<\/h3><p><img decoding=\"async\" class=\"wp-image-5897\" style=\"width: 80px;\" src=\"https:\/\/www.ilcf.net\/wp-content\/uploads\/sites\/20\/2020\/02\/004-bus.svg\" alt=\"\"><br><p><strong>Campus Carnot:<\/strong> toma el tranv\u00eda T1 (estaci\u00f3n de Perrache) o T2 en direcci\u00f3n a Perrache (baja en la \u00faltima parada), la l\u00ednea A del metro en direcci\u00f3n a Perrache (baja en la \u00faltima parada) o el autob\u00fas (l\u00edneas 8, 31, 32, 46, 49, 55, 63, 73, 96, 101, 103, 105\/125, 184 y 185).<\/p><p><strong>Campus Saint-Paul:<\/strong> tranv\u00eda T1 (estaci\u00f3n de Suchet) y T2 (estaci\u00f3n de Perrache) o estaci\u00f3n de metro de Perrache (l\u00ednea A).<\/p><h3 class=\"wp-block-heading\">En bicicleta:<\/h3><p><img decoding=\"async\" class=\"wp-image-5900\" style=\"width: 80px;\" src=\"https:\/\/www.ilcf.net\/wp-content\/uploads\/sites\/20\/2020\/02\/001-bicycle.svg\" alt=\"\"><br><p>Hay estaciones de alquiler de bicis Velo'v y aparcamiento para las bicis frente a los dos campus.<\/p><h3 class=\"wp-block-heading\">En carro:<\/h3><p><img decoding=\"async\" class=\"wp-image-5903\" style=\"width: 80px;\" src=\"https:\/\/www.ilcf.net\/wp-content\/uploads\/sites\/20\/2020\/02\/002-car.svg\" alt=\"\"><\/p><p><strong>Si vienes por el Norte <\/strong>(Desde Par\u00eds), toma el t\u00fanel de Fourvi\u00e8re y, despu\u00e9s, la direcci\u00f3n Lyon Centre, Gare de Perrache, Place Carnot.<\/p><p><strong>Si vienes por el Sur<\/strong> (Desde Marsella o Saint-\u00c9tienne), toma la direcci\u00f3n Lyon Centre, Gare de Perrache, Place Carnot.<\/p><h3 class=\"wp-block-heading\">En tren:<\/h3><p><img decoding=\"async\" class=\"wp-image-5903\" style=\"width: 80px;\" src=\"https:\/\/www.ilcf.net\/wp-content\/uploads\/sites\/20\/2025\/06\/electric-train_8865149.png\" alt=\"\"><\/p><p><strong><strong>Campus<\/strong><\/strong> <strong>Carnot:<\/strong> take the train to Perrache station, then exit onto the Place Carnot side, or take the train to Part-Dieu station, then take the T1 towards Debourg and get off at the Perrache stop<br><strong><strong>Campus<\/strong><\/strong> <strong>Saint-Paul:<\/strong> tome el tren hasta la estaci\u00f3n de Perrache, despu\u00e9s salga por el lado de la Place des Archives, o bien tome el tren hasta la estaci\u00f3n de Part-Dieu, despu\u00e9s tome la T1 en direcci\u00f3n a Debourg y baje en la parada de la Place des Archive<\/p><h3 class=\"wp-block-heading\">En avi\u00f3n:<\/h3><p><img decoding=\"async\" class=\"wp-image-5906\" style=\"width: 80px;\" src=\"https:\/\/www.ilcf.net\/wp-content\/uploads\/sites\/20\/2020\/02\/003-aeroplane.svg\" alt=\"\"><br><p>Desde el aeropuerto de Lyon Saint-Exup\u00e9ry, toma el tranv\u00eda Rh\u00f4nexpress, baja en la estaci\u00f3n de Vaulx-en-Velin la Soie y, despu\u00e9s, toma la l\u00ednea A del metro hasta la estaci\u00f3n de Perrache.<\/p><iframe loading=\"lazy\" src=\"https:\/\/www.google.com\/maps\/embed?pb=!1m19!1m8!1m3!1d53497.28675115897!2d4.811696654363694!3d45.737768443716675!3m2!1i1024!2i768!4f13.1!4m8!3e0!4m0!4m5!1s0x47f4ea52d447064d%3A0x1e4184910ddfebfd!2sILCF%20-%20Institut%20de%20Langue%20et%20de%20Culture%20Fran%C3%A7aises%20(UCLy)%2C%20Universit%C3%A9%20Catholique%20de%20Lyon%2C%20Place%20Carnot%2C%20Lyon!3m2!1d45.751610799999995!2d4.8265956999999995!5e0!3m2!1sfr!2sfr!4v1580815423491!5m2!1sfr!2sfr\" style=\"border:0;\" allowfullscreen=\"\" width=\"600\" height=\"450\" frameborder=\"0\"><\/iframe><div class=\"wp-block-cross-content js-fade-scroll\">\n    <p class=\"wp-block-cross-content-title\"><\/p>\n            <div class=\"row wp-block-cross-content-row\">\n                                <div class=\"column small-12 medium-6 large-4 wp-block-cross-content-col\">\n                        <a class=\"wp-block-cross-content-top\" href=\"https:\/\/www.ilcf.net\/es\/informacion-practica\/contacta-con-nosotros\/\" title=\"Contacta con nosotros\">\n                            <span class=\"wp-block-cross-content-name\">Contacta con nosotros<\/span>\n                            <span class=\"wp-block-cross-content-image\"><img loading=\"lazy\" decoding=\"async\" width=\"630\" height=\"570\" src=\"https:\/\/www.ilcf.net\/wp-content\/uploads\/sites\/20\/2020\/02\/header-estri3-630x570.jpg\" class=\" wp-post-image\" alt=\"Contacter ILCF\" \/><\/span>\n                            <span class=\"wp-block-cross-content-more\">\n                                <span class=\"icon-more\"><\/span>\n                            <\/span>\n                        <\/a>\n                        <div class=\"wp-block-cross-content-excerpt\"><p>Encontrar\u00e1 el correo electr\u00f3nico, el horario de oficina, la linea telefonica y la direccion de correo<\/p>\n<\/div>\n                    <\/div>\n                                                <div class=\"column small-12 medium-6 large-4 wp-block-cross-content-col\">\n                        <a class=\"wp-block-cross-content-top\" href=\"https:\/\/www.ilcf.net\/es\/informacion-practica\/inscribirse-al-ilcf\/\" title=\"Inscripci\u00f3n en ILCF\">\n                            <span class=\"wp-block-cross-content-name\">Inscripci\u00f3n en ILCF<\/span>\n                            <span class=\"wp-block-cross-content-image\"><img loading=\"lazy\" decoding=\"async\" width=\"630\" height=\"570\" src=\"https:\/\/www.ilcf.net\/wp-content\/uploads\/sites\/20\/2020\/02\/header-inscription-estri-630x570.jpg\" class=\" wp-post-image\" alt=\"Inscription \u00e0 l&#039;ILCF-Lyon\" \/><\/span>\n                            <span class=\"wp-block-cross-content-more\">\n                                <span class=\"icon-more\"><\/span>\n                            <\/span>\n                        <\/a>\n                        <div class=\"wp-block-cross-content-excerpt\"><\/div>\n                    <\/div>\n                                                <div class=\"column small-12 medium-6 large-4 wp-block-cross-content-col\">\n                        <a class=\"wp-block-cross-content-top\" href=\"https:\/\/www.ilcf.net\/es\/informacion-practica\/visita-virtual\/\" title=\"Visita virtual\">\n                            <span class=\"wp-block-cross-content-name\">Visita virtual<\/span>\n                            <span class=\"wp-block-cross-content-image\"><img loading=\"lazy\" decoding=\"async\" width=\"630\" height=\"570\" src=\"https:\/\/www.ilcf.net\/wp-content\/uploads\/sites\/20\/2020\/02\/header-carnot-630x570.jpg\" class=\" wp-post-image\" alt=\"Campus Carnot UCLY\" \/><\/span>\n                            <span class=\"wp-block-cross-content-more\">\n                                <span class=\"icon-more\"><\/span>\n                            <\/span>\n                        <\/a>\n                        <div class=\"wp-block-cross-content-excerpt\"><\/div>\n                    <\/div>\n                                    <\/div>\n    <\/div>","protected":false},"excerpt":{"rendered":"<p>Horario de apertura de la Secretar\u00eda:Lunes: 10:00 a 12:30Martes: 10:00 a 16:00Miercoles: CerradoJueves: 10:00 to 16:00Viernes: 10:00 a 12:30Si vienes:En transporte p\u00fablico:Campus Carnot: toma [&hellip;]<\/p>\n","protected":false},"author":32,"featured_media":5888,"parent":5639,"menu_order":4,"comment_status":"closed","ping_status":"closed","template":"","meta":{"_acf_changed":false,"footnotes":""},"class_list":["post-5761","page","type-page","status-publish","has-post-thumbnail","hentry"],"acf":[],"yoast_head":"<!-- This site is optimized with the Yoast SEO plugin v24.1 - https:\/\/yoast.com\/wordpress\/plugins\/seo\/ -->\n<title>C\u00f3mo llegar al ILCF - ILCF - Institut de Langue et de Culture Fran\u00e7aises<\/title>\n<meta name=\"description\" content=\"C\u00f3mo llegar al ILCF-Lyon, situado en el coraz\u00f3n de Lyon, en transporte p\u00fablico, en bicicleta, en coche y en avi\u00f3n\" \/>\n<meta name=\"robots\" content=\"index, follow, max-snippet:-1, max-image-preview:large, max-video-preview:-1\" \/>\n<link rel=\"canonical\" href=\"https:\/\/www.ilcf.net\/es\/informacion-practica\/como-llegar-al-ilcf\/\" \/>\n<meta property=\"og:locale\" content=\"es_ES\" \/>\n<meta property=\"og:type\" content=\"article\" \/>\n<meta property=\"og:title\" content=\"C\u00f3mo llegar al ILCF - ILCF - Institut de Langue et de Culture Fran\u00e7aises\" \/>\n<meta property=\"og:description\" content=\"C\u00f3mo llegar al ILCF-Lyon, situado en el coraz\u00f3n de Lyon, en transporte p\u00fablico, en bicicleta, en coche y en avi\u00f3n\" \/>\n<meta property=\"og:url\" content=\"https:\/\/www.ilcf.net\/es\/informacion-practica\/como-llegar-al-ilcf\/\" \/>\n<meta property=\"og:site_name\" content=\"ILCF - Institut de Langue et de Culture Fran\u00e7aises\" \/>\n<meta property=\"article:modified_time\" content=\"2025-06-18T07:58:44+00:00\" \/>\n<meta property=\"og:image\" content=\"https:\/\/www.ilcf.net\/wp-content\/uploads\/sites\/20\/2020\/02\/header-aller-a-ilcf.jpg\" \/>\n\t<meta property=\"og:image:width\" content=\"1920\" \/>\n\t<meta property=\"og:image:height\" content=\"575\" \/>\n\t<meta property=\"og:image:type\" content=\"image\/jpeg\" \/>\n<meta name=\"twitter:card\" content=\"summary_large_image\" \/>\n<meta name=\"twitter:label1\" content=\"Tiempo de lectura\" \/>\n\t<meta name=\"twitter:data1\" content=\"3 minutos\" \/>\n<script type=\"application\/ld+json\" class=\"yoast-schema-graph\">{\"@context\":\"https:\/\/schema.org\",\"@graph\":[{\"@type\":\"WebPage\",\"@id\":\"https:\/\/www.ilcf.net\/es\/informacion-practica\/como-llegar-al-ilcf\/\",\"url\":\"https:\/\/www.ilcf.net\/es\/informacion-practica\/como-llegar-al-ilcf\/\",\"name\":\"C\u00f3mo llegar al ILCF - ILCF - Institut de Langue et de Culture Fran\u00e7aises\",\"isPartOf\":{\"@id\":\"https:\/\/www.ilcf.net\/es\/#website\"},\"primaryImageOfPage\":{\"@id\":\"https:\/\/www.ilcf.net\/es\/informacion-practica\/como-llegar-al-ilcf\/#primaryimage\"},\"image\":{\"@id\":\"https:\/\/www.ilcf.net\/es\/informacion-practica\/como-llegar-al-ilcf\/#primaryimage\"},\"thumbnailUrl\":\"https:\/\/www.ilcf.net\/wp-content\/uploads\/sites\/20\/2020\/02\/header-aller-a-ilcf.jpg\",\"datePublished\":\"2019-11-13T12:50:12+00:00\",\"dateModified\":\"2025-06-18T07:58:44+00:00\",\"description\":\"C\u00f3mo llegar al ILCF-Lyon, situado en el coraz\u00f3n de Lyon, en transporte p\u00fablico, en bicicleta, en coche y en avi\u00f3n\",\"breadcrumb\":{\"@id\":\"https:\/\/www.ilcf.net\/es\/informacion-practica\/como-llegar-al-ilcf\/#breadcrumb\"},\"inLanguage\":\"es\",\"potentialAction\":[{\"@type\":\"ReadAction\",\"target\":[\"https:\/\/www.ilcf.net\/es\/informacion-practica\/como-llegar-al-ilcf\/\"]}]},{\"@type\":\"ImageObject\",\"inLanguage\":\"es\",\"@id\":\"https:\/\/www.ilcf.net\/es\/informacion-practica\/como-llegar-al-ilcf\/#primaryimage\",\"url\":\"https:\/\/www.ilcf.net\/wp-content\/uploads\/sites\/20\/2020\/02\/header-aller-a-ilcf.jpg\",\"contentUrl\":\"https:\/\/www.ilcf.net\/wp-content\/uploads\/sites\/20\/2020\/02\/header-aller-a-ilcf.jpg\",\"width\":1920,\"height\":575,\"caption\":\"Cr\u00e9dits : Cedric Flirck\"},{\"@type\":\"BreadcrumbList\",\"@id\":\"https:\/\/www.ilcf.net\/es\/informacion-practica\/como-llegar-al-ilcf\/#breadcrumb\",\"itemListElement\":[{\"@type\":\"ListItem\",\"position\":1,\"name\":\"Accueil\",\"item\":\"https:\/\/www.ilcf.net\/es\/\"},{\"@type\":\"ListItem\",\"position\":2,\"name\":\"Informaci\u00f3n pr\u00e1ctica\",\"item\":\"https:\/\/www.ilcf.net\/es\/informacion-practica\/\"},{\"@type\":\"ListItem\",\"position\":3,\"name\":\"C\u00f3mo llegar al ILCF\"}]},{\"@type\":\"WebSite\",\"@id\":\"https:\/\/www.ilcf.net\/es\/#website\",\"url\":\"https:\/\/www.ilcf.net\/es\/\",\"name\":\"ILCF - Institut de Langue et de Culture Fran\u00e7aises\",\"description\":\"ILCF - Institut de Langue et de Culture Fran\u00e7aises\",\"publisher\":{\"@id\":\"https:\/\/www.ilcf.net\/es\/#organization\"},\"potentialAction\":[{\"@type\":\"SearchAction\",\"target\":{\"@type\":\"EntryPoint\",\"urlTemplate\":\"https:\/\/www.ilcf.net\/es\/?s={search_term_string}\"},\"query-input\":{\"@type\":\"PropertyValueSpecification\",\"valueRequired\":true,\"valueName\":\"search_term_string\"}}],\"inLanguage\":\"es\"},{\"@type\":\"Organization\",\"@id\":\"https:\/\/www.ilcf.net\/es\/#organization\",\"name\":\"ILCF - Institut de Langue et de Culture Fran\u00e7aises\",\"url\":\"https:\/\/www.ilcf.net\/es\/\",\"logo\":{\"@type\":\"ImageObject\",\"inLanguage\":\"es\",\"@id\":\"https:\/\/www.ilcf.net\/es\/#\/schema\/logo\/image\/\",\"url\":\"https:\/\/www.ilcf.net\/wp-content\/uploads\/sites\/20\/2019\/11\/ilcf_logo.svg\",\"contentUrl\":\"https:\/\/www.ilcf.net\/wp-content\/uploads\/sites\/20\/2019\/11\/ilcf_logo.svg\",\"caption\":\"ILCF - Institut de Langue et de Culture Fran\u00e7aises\"},\"image\":{\"@id\":\"https:\/\/www.ilcf.net\/es\/#\/schema\/logo\/image\/\"}}]}<\/script>\n<!-- \/ Yoast SEO plugin. -->","yoast_head_json":{"title":"C\u00f3mo llegar al ILCF - ILCF - Institut de Langue et de Culture Fran\u00e7aises","description":"C\u00f3mo llegar al ILCF-Lyon, situado en el coraz\u00f3n de Lyon, en transporte p\u00fablico, en bicicleta, en coche y en avi\u00f3n","robots":{"index":"index","follow":"follow","max-snippet":"max-snippet:-1","max-image-preview":"max-image-preview:large","max-video-preview":"max-video-preview:-1"},"canonical":"https:\/\/www.ilcf.net\/es\/informacion-practica\/como-llegar-al-ilcf\/","og_locale":"es_ES","og_type":"article","og_title":"C\u00f3mo llegar al ILCF - ILCF - Institut de Langue et de Culture Fran\u00e7aises","og_description":"C\u00f3mo llegar al ILCF-Lyon, situado en el coraz\u00f3n de Lyon, en transporte p\u00fablico, en bicicleta, en coche y en avi\u00f3n","og_url":"https:\/\/www.ilcf.net\/es\/informacion-practica\/como-llegar-al-ilcf\/","og_site_name":"ILCF - Institut de Langue et de Culture Fran\u00e7aises","article_modified_time":"2025-06-18T07:58:44+00:00","og_image":[{"width":1920,"height":575,"url":"https:\/\/www.ilcf.net\/wp-content\/uploads\/sites\/20\/2020\/02\/header-aller-a-ilcf.jpg","type":"image\/jpeg"}],"twitter_card":"summary_large_image","twitter_misc":{"Tiempo de lectura":"3 minutos"},"schema":{"@context":"https:\/\/schema.org","@graph":[{"@type":"WebPage","@id":"https:\/\/www.ilcf.net\/es\/informacion-practica\/como-llegar-al-ilcf\/","url":"https:\/\/www.ilcf.net\/es\/informacion-practica\/como-llegar-al-ilcf\/","name":"C\u00f3mo llegar al ILCF - ILCF - Institut de Langue et de Culture Fran\u00e7aises","isPartOf":{"@id":"https:\/\/www.ilcf.net\/es\/#website"},"primaryImageOfPage":{"@id":"https:\/\/www.ilcf.net\/es\/informacion-practica\/como-llegar-al-ilcf\/#primaryimage"},"image":{"@id":"https:\/\/www.ilcf.net\/es\/informacion-practica\/como-llegar-al-ilcf\/#primaryimage"},"thumbnailUrl":"https:\/\/www.ilcf.net\/wp-content\/uploads\/sites\/20\/2020\/02\/header-aller-a-ilcf.jpg","datePublished":"2019-11-13T12:50:12+00:00","dateModified":"2025-06-18T07:58:44+00:00","description":"C\u00f3mo llegar al ILCF-Lyon, situado en el coraz\u00f3n de Lyon, en transporte p\u00fablico, en bicicleta, en coche y en avi\u00f3n","breadcrumb":{"@id":"https:\/\/www.ilcf.net\/es\/informacion-practica\/como-llegar-al-ilcf\/#breadcrumb"},"inLanguage":"es","potentialAction":[{"@type":"ReadAction","target":["https:\/\/www.ilcf.net\/es\/informacion-practica\/como-llegar-al-ilcf\/"]}]},{"@type":"ImageObject","inLanguage":"es","@id":"https:\/\/www.ilcf.net\/es\/informacion-practica\/como-llegar-al-ilcf\/#primaryimage","url":"https:\/\/www.ilcf.net\/wp-content\/uploads\/sites\/20\/2020\/02\/header-aller-a-ilcf.jpg","contentUrl":"https:\/\/www.ilcf.net\/wp-content\/uploads\/sites\/20\/2020\/02\/header-aller-a-ilcf.jpg","width":1920,"height":575,"caption":"Cr\u00e9dits : Cedric Flirck"},{"@type":"BreadcrumbList","@id":"https:\/\/www.ilcf.net\/es\/informacion-practica\/como-llegar-al-ilcf\/#breadcrumb","itemListElement":[{"@type":"ListItem","position":1,"name":"Accueil","item":"https:\/\/www.ilcf.net\/es\/"},{"@type":"ListItem","position":2,"name":"Informaci\u00f3n pr\u00e1ctica","item":"https:\/\/www.ilcf.net\/es\/informacion-practica\/"},{"@type":"ListItem","position":3,"name":"C\u00f3mo llegar al ILCF"}]},{"@type":"WebSite","@id":"https:\/\/www.ilcf.net\/es\/#website","url":"https:\/\/www.ilcf.net\/es\/","name":"ILCF - Institut de Langue et de Culture Fran\u00e7aises","description":"ILCF - Institut de Langue et de Culture Fran\u00e7aises","publisher":{"@id":"https:\/\/www.ilcf.net\/es\/#organization"},"potentialAction":[{"@type":"SearchAction","target":{"@type":"EntryPoint","urlTemplate":"https:\/\/www.ilcf.net\/es\/?s={search_term_string}"},"query-input":{"@type":"PropertyValueSpecification","valueRequired":true,"valueName":"search_term_string"}}],"inLanguage":"es"},{"@type":"Organization","@id":"https:\/\/www.ilcf.net\/es\/#organization","name":"ILCF - Institut de Langue et de Culture Fran\u00e7aises","url":"https:\/\/www.ilcf.net\/es\/","logo":{"@type":"ImageObject","inLanguage":"es","@id":"https:\/\/www.ilcf.net\/es\/#\/schema\/logo\/image\/","url":"https:\/\/www.ilcf.net\/wp-content\/uploads\/sites\/20\/2019\/11\/ilcf_logo.svg","contentUrl":"https:\/\/www.ilcf.net\/wp-content\/uploads\/sites\/20\/2019\/11\/ilcf_logo.svg","caption":"ILCF - Institut de Langue et de Culture Fran\u00e7aises"},"image":{"@id":"https:\/\/www.ilcf.net\/es\/#\/schema\/logo\/image\/"}}]}},"_links":{"self":[{"href":"https:\/\/www.ilcf.net\/es\/wp-json\/wp\/v2\/pages\/5761","targetHints":{"allow":["GET"]}}],"collection":[{"href":"https:\/\/www.ilcf.net\/es\/wp-json\/wp\/v2\/pages"}],"about":[{"href":"https:\/\/www.ilcf.net\/es\/wp-json\/wp\/v2\/types\/page"}],"author":[{"embeddable":true,"href":"https:\/\/www.ilcf.net\/es\/wp-json\/wp\/v2\/users\/32"}],"replies":[{"embeddable":true,"href":"https:\/\/www.ilcf.net\/es\/wp-json\/wp\/v2\/comments?post=5761"}],"version-history":[{"count":4,"href":"https:\/\/www.ilcf.net\/es\/wp-json\/wp\/v2\/pages\/5761\/revisions"}],"predecessor-version":[{"id":25786,"href":"https:\/\/www.ilcf.net\/es\/wp-json\/wp\/v2\/pages\/5761\/revisions\/25786"}],"up":[{"embeddable":true,"href":"https:\/\/www.ilcf.net\/es\/wp-json\/wp\/v2\/pages\/5639"}],"wp:featuredmedia":[{"embeddable":true,"href":"https:\/\/www.ilcf.net\/es\/wp-json\/wp\/v2\/media\/5888"}],"wp:attachment":[{"href":"https:\/\/www.ilcf.net\/es\/wp-json\/wp\/v2\/media?parent=5761"}],"curies":[{"name":"wp","href":"https:\/\/api.w.org\/{rel}","templated":true}]}}