{"id":5749,"date":"2019-11-14T10:09:55","date_gmt":"2019-11-14T09:09:55","guid":{"rendered":"https:\/\/www.ilcf.net\/?page_id=5749"},"modified":"2025-10-28T13:55:44","modified_gmt":"2025-10-28T12:55:44","slug":"nuestra-historia","status":"publish","type":"page","link":"https:\/\/www.ilcf.net\/es\/ilcf\/presentacion\/nuestra-historia\/","title":{"rendered":"Nuestra historia"},"content":{"rendered":"<p>Creado en 1948 en Lyon, capital europea,&nbsp;<strong>el Instituto de Lengua y de Cultura Francesas (ILCF de Lyon) imparte cursos de Franc\u00e9s como Lengua Extranjera (FLE)<\/strong>&nbsp;y es miembro de la Facultad de Letras e Idiomas de la UCLy.<\/p><p>La UCLy, creada en 1875 y acreditada como&nbsp;EESPIG, (Establecimiento de Ense\u00f1anza Superior Privada de Inter\u00e9s General), se apoya en 150 a\u00f1os de experiencia. Tiene dos campus en Lyon (Carnot y Saint-Paul) y un tercero en Annecy (Alpes Europe).<\/p><div class=\"wp-block-text-image\">\n  <div class=\"row align-bottom collapse\">\n    <div class=\"column small-12 medium-6 xlarge-5 xxlarge-expand wp-block-text-image-info js-fade-scroll\">\n      <p class=\"wp-block-text-image-title\">El Instituto de Lengua y de Cultura Francesas<\/p>\n      <div class=\"wp-block-text-image-intro\"><p>El ILCF tiene una dilatada experiencia en la acogida de estudiantes y tiene la ventaja de estar situado en el coraz\u00f3n de la ciudad de Lyon, declarada Patrimonio Hist\u00f3rico Mundial de la UNESCO.<\/p>\n<\/div>\n    <\/div>\n\n    <div class=\"column small-12 medium-6 xlarge-7 xxlarge-shrink wp-block-text-image-picture js-fade-scroll\">\n      <img loading=\"lazy\" decoding=\"async\" width=\"810\" height=\"560\" src=\"https:\/\/www.ilcf.net\/wp-content\/uploads\/sites\/20\/2019\/11\/header-ilcf-culture-bienvenue-810x560.jpg\" class=\"attachment-text_image size-text_image\" alt=\"\" \/>    <\/div>\n  <\/div>\n<\/div><h2 class=\"wp-block-heading\"><strong>\u00bfSab\u00eda usted?<\/strong><\/h2><p>La lengua francesa es, m\u00e1s que nunca, un idioma de futuro: en 2050, el franc\u00e9s ser\u00e1 la tercera lengua m\u00e1s hablada del mundo gracias, sobre todo, a la vitalidad demogr\u00e1fica y econ\u00f3mica del continente africano. La misi\u00f3n del ILCF de Lyon es hacer del franc\u00e9s no solamente una lengua de cultura, sino tambi\u00e9n una lengua de empleo y de econom\u00eda en un contexto mundial. <\/p><h2 style=\"text-align: center\"><strong>Ciudadanos del mundo, \u00a1bienvenidos a casa!<\/strong><\/h2><p><strong>Estudiar en el ILCF es estar abierto a conocer, a vivir en comunidad<\/strong>&nbsp;en una sociedad fraternal y contribuir al progreso de la paz gracias al di\u00e1logo intercultural e interreligioso, as\u00ed como participar en la econom\u00eda, la cultura y las decisiones del ma\u00f1ana.<\/p><p>El ILCF de Lyon es tambi\u00e9n <strong>un centro oficial de ex\u00e1menes, una decena de ex\u00e1menes y de diplomas<\/strong>, una oferta diversificada de franc\u00e9s especializado y&nbsp;<strong>los sellos de Calidad FLE y Club UNESCO<\/strong>.<\/p><h2 class=\"wp-block-heading\">El ILCF de Lyon en cifras<\/h2><div class=\"wp-block-icon-num js-fade-scroll\">\n  <div class=\"row align-middle collapse\">\n    <div class=\"column small-12 medium-shrink wp-block-icon-num-left\">\n              <p>77<\/p>\n          <\/div>\n\n    <div class=\"column small-12 medium-expand\">\n      <p class=\"wp-block-icon-num-title\">a\u00f1os de experiencia<\/p>\n      <div class=\"wp-block-icon-num-intro\"><\/div>\n    <\/div>\n  <\/div>\n<\/div><div class=\"wp-block-icon-num js-fade-scroll\">\n  <div class=\"row align-middle collapse\">\n    <div class=\"column small-12 medium-shrink wp-block-icon-num-left\">\n              <p>2000<\/p>\n          <\/div>\n\n    <div class=\"column small-12 medium-expand\">\n      <p class=\"wp-block-icon-num-title\">estudiantes<\/p>\n      <div class=\"wp-block-icon-num-intro\"><p>de 70 nacionalidades procedentes de los 5 continentes<\/p>\n<\/div>\n    <\/div>\n  <\/div>\n<\/div><div class=\"wp-block-icon-num js-fade-scroll\">\n  <div class=\"row align-middle collapse\">\n    <div class=\"column small-12 medium-shrink wp-block-icon-num-left\">\n              <p>2400<\/p>\n          <\/div>\n\n    <div class=\"column small-12 medium-expand\">\n      <p class=\"wp-block-icon-num-title\">candidatos<\/p>\n      <div class=\"wp-block-icon-num-intro\"><p>candidatos en 9 sesiones<\/p>\n<\/div>\n    <\/div>\n  <\/div>\n<\/div><div class=\"wp-block-contact js-fade-scroll\">\n  <p class=\"wp-block-contact-title\">Contacta con nosotros<\/p>\n\n        <div class=\"contact-info\">\n        <p class=\"contact-item\">\n          <span class=\"contact-strong\">oficina<\/span><br>\n          <span class=\"contact-light\"><\/span>\n        <\/p>\n        <span class=\"contact-separate\"><\/span>\n        <p class=\"contact-item\">\n          <a class=\"icon-phone contact-button show-for-small-only\" href=\"tel:00 33 - (0)4 72 32 50 53\"><\/a>\n          <span class=\"contact-strong hide-for-small-only\">00 33 - (0)4 72 32 50 53<\/span><br>\n          <a class=\"icon-mail contact-button show-for-small-only\" href=\"mailto:ilcf@univ-catholyon.fr\"><\/a>\n          <span class=\"contact-light hide-for-small-only\">ilcf@univ-catholyon.fr<\/span>\n        <\/p>\n      <\/div>\n    <\/div><div class=\"wp-block-cross-content js-fade-scroll\">\n    <p class=\"wp-block-cross-content-title\"><\/p>\n            <div class=\"row wp-block-cross-content-row\">\n                                <div class=\"column small-12 medium-6 large-4 wp-block-cross-content-col\">\n                        <a class=\"wp-block-cross-content-top\" href=\"https:\/\/www.ilcf.net\/es\/ilcf\/nuestras-ventajas\/\" title=\"Nuestras ventajas\">\n                            <span class=\"wp-block-cross-content-name\">Nuestras ventajas<\/span>\n                            <span class=\"wp-block-cross-content-image\"><img loading=\"lazy\" decoding=\"async\" width=\"630\" height=\"570\" src=\"https:\/\/www.ilcf.net\/wp-content\/uploads\/sites\/20\/2020\/02\/header-atouts-630x570.jpg\" class=\" wp-post-image\" alt=\"Header nos atouts\" \/><\/span>\n                            <span class=\"wp-block-cross-content-more\">\n                                <span class=\"icon-more\"><\/span>\n                            <\/span>\n                        <\/a>\n                        <div class=\"wp-block-cross-content-excerpt\"><\/div>\n                    <\/div>\n                                                <div class=\"column small-12 medium-6 large-4 wp-block-cross-content-col\">\n                        <a class=\"wp-block-cross-content-top\" href=\"https:\/\/www.ilcf.net\/es\/nuestros-programas\/\" title=\"Nuestros programas\">\n                            <span class=\"wp-block-cross-content-name\">Nuestros programas<\/span>\n                            <span class=\"wp-block-cross-content-image\"><img loading=\"lazy\" decoding=\"async\" width=\"630\" height=\"570\" src=\"https:\/\/www.ilcf.net\/wp-content\/uploads\/sites\/20\/2020\/02\/header-recrutement-stagiaire-estri-630x570.jpg\" class=\" wp-post-image\" alt=\"\" \/><\/span>\n                            <span class=\"wp-block-cross-content-more\">\n                                <span class=\"icon-more\"><\/span>\n                            <\/span>\n                        <\/a>\n                        <div class=\"wp-block-cross-content-excerpt\"><\/div>\n                    <\/div>\n                                                <div class=\"column small-12 medium-6 large-4 wp-block-cross-content-col\">\n                        <a class=\"wp-block-cross-content-top\" href=\"https:\/\/www.ilcf.net\/es\/pagina-de-inicio\/centro-oficial-de-examenes\/\" title=\"Centro oficial de ex\u00e1menes\">\n                            <span class=\"wp-block-cross-content-name\">Centro oficial de ex\u00e1menes<\/span>\n                            <span class=\"wp-block-cross-content-image\"><img loading=\"lazy\" decoding=\"async\" width=\"630\" height=\"570\" src=\"https:\/\/www.ilcf.net\/wp-content\/uploads\/sites\/20\/2020\/02\/header-examens-630x570.jpg\" class=\" wp-post-image\" alt=\"\" \/><\/span>\n                            <span class=\"wp-block-cross-content-more\">\n                                <span class=\"icon-more\"><\/span>\n                            <\/span>\n                        <\/a>\n                        <div class=\"wp-block-cross-content-excerpt\"><div class=\"QmZWSe\">\n<div class=\"DHcWmd\">\n<p><strong><\/strong><\/p>\n<p><strong><\/strong><\/p>\n<h2 class=\"wp-block-heading\"><span class=\"text-color-primary\"><span class=\"text-color-primary\">Toda la informaci\u00f3n sobre los ex\u00e1menes DELF, DALF y TCF<\/span><\/span><\/h2>\n<\/div>\n<\/div>\n<div class=\"oSioSc\">\n<div id=\"tw-target\">\n<div id=\"kAz1tf\" class=\"g9WsWb PZPZlf\" data-attrid=\"tw-targetArea\" data-entityname=\"Google Translate\">\n<div id=\"tw-target-text-container\" class=\"tw-ta-container F0azHf tw-nfl\" tabindex=\"0\" role=\"text\">\n<pre id=\"tw-target-text\" class=\"tw-data-text tw-text-large tw-ta\" dir=\"ltr\" data-placeholder=\"Translation\" data-ved=\"2ahUKEwjL59iUs6yKAxXI2gIHHVEaCFgQ3ewLegQIDBAT\" aria-label=\"Translated text: Nuestros ex\u00e1menes\"><span class=\"Y2IQFc\" lang=\"es\">\u00a0<\/span><\/pre>\n<\/div>\n<\/div>\n<\/div>\n<\/div>\n<\/div>\n                    <\/div>\n                                    <\/div>\n    <\/div>","protected":false},"excerpt":{"rendered":"<p>Creado en 1948 en Lyon, capital europea,&nbsp;el Instituto de Lengua y de Cultura Francesas (ILCF de Lyon) imparte cursos de Franc\u00e9s como Lengua Extranjera [&hellip;]<\/p>\n","protected":false},"author":32,"featured_media":6430,"parent":5735,"menu_order":2,"comment_status":"closed","ping_status":"closed","template":"","meta":{"_acf_changed":false,"footnotes":""},"class_list":["post-5749","page","type-page","status-publish","has-post-thumbnail","hentry"],"acf":[],"yoast_head":"<!-- This site is optimized with the Yoast SEO plugin v24.1 - https:\/\/yoast.com\/wordpress\/plugins\/seo\/ -->\n<title>Nuestra historia - ILCF - Institut de Langue et de Culture Fran\u00e7aises<\/title>\n<meta name=\"description\" content=\"Bienvenido\/a al Instituto de Lengua y Cultura Francesas, una dilatada experiencia en la acogida de estudiantes desde 1948 en el coraz\u00f3n de la ciudad de Lyon\" \/>\n<meta name=\"robots\" content=\"index, follow, max-snippet:-1, max-image-preview:large, max-video-preview:-1\" \/>\n<link rel=\"canonical\" href=\"https:\/\/www.ilcf.net\/es\/ilcf\/presentacion\/nuestra-historia\/\" \/>\n<meta property=\"og:locale\" content=\"es_ES\" \/>\n<meta property=\"og:type\" content=\"article\" \/>\n<meta property=\"og:title\" content=\"Nuestra historia - ILCF - Institut de Langue et de Culture Fran\u00e7aises\" \/>\n<meta property=\"og:description\" content=\"Bienvenido\/a al Instituto de Lengua y Cultura Francesas, una dilatada experiencia en la acogida de estudiantes desde 1948 en el coraz\u00f3n de la ciudad de Lyon\" \/>\n<meta property=\"og:url\" content=\"https:\/\/www.ilcf.net\/es\/ilcf\/presentacion\/nuestra-historia\/\" \/>\n<meta property=\"og:site_name\" content=\"ILCF - Institut de Langue et de Culture Fran\u00e7aises\" \/>\n<meta property=\"article:modified_time\" content=\"2025-10-28T12:55:44+00:00\" \/>\n<meta property=\"og:image\" content=\"https:\/\/www.ilcf.net\/wp-content\/uploads\/sites\/20\/2020\/02\/header-notre-histoire.jpg\" \/>\n\t<meta property=\"og:image:width\" content=\"1920\" \/>\n\t<meta property=\"og:image:height\" content=\"575\" \/>\n\t<meta property=\"og:image:type\" content=\"image\/jpeg\" \/>\n<meta name=\"twitter:card\" content=\"summary_large_image\" \/>\n<meta name=\"twitter:label1\" content=\"Tiempo de lectura\" \/>\n\t<meta name=\"twitter:data1\" content=\"2 minutos\" \/>\n<script type=\"application\/ld+json\" class=\"yoast-schema-graph\">{\"@context\":\"https:\/\/schema.org\",\"@graph\":[{\"@type\":\"WebPage\",\"@id\":\"https:\/\/www.ilcf.net\/es\/ilcf\/presentacion\/nuestra-historia\/\",\"url\":\"https:\/\/www.ilcf.net\/es\/ilcf\/presentacion\/nuestra-historia\/\",\"name\":\"Nuestra historia - ILCF - Institut de Langue et de Culture Fran\u00e7aises\",\"isPartOf\":{\"@id\":\"https:\/\/www.ilcf.net\/es\/#website\"},\"primaryImageOfPage\":{\"@id\":\"https:\/\/www.ilcf.net\/es\/ilcf\/presentacion\/nuestra-historia\/#primaryimage\"},\"image\":{\"@id\":\"https:\/\/www.ilcf.net\/es\/ilcf\/presentacion\/nuestra-historia\/#primaryimage\"},\"thumbnailUrl\":\"https:\/\/www.ilcf.net\/wp-content\/uploads\/sites\/20\/2020\/02\/header-notre-histoire.jpg\",\"datePublished\":\"2019-11-14T09:09:55+00:00\",\"dateModified\":\"2025-10-28T12:55:44+00:00\",\"description\":\"Bienvenido\/a al Instituto de Lengua y Cultura Francesas, una dilatada experiencia en la acogida de estudiantes desde 1948 en el coraz\u00f3n de la ciudad de Lyon\",\"breadcrumb\":{\"@id\":\"https:\/\/www.ilcf.net\/es\/ilcf\/presentacion\/nuestra-historia\/#breadcrumb\"},\"inLanguage\":\"es\",\"potentialAction\":[{\"@type\":\"ReadAction\",\"target\":[\"https:\/\/www.ilcf.net\/es\/ilcf\/presentacion\/nuestra-historia\/\"]}]},{\"@type\":\"ImageObject\",\"inLanguage\":\"es\",\"@id\":\"https:\/\/www.ilcf.net\/es\/ilcf\/presentacion\/nuestra-historia\/#primaryimage\",\"url\":\"https:\/\/www.ilcf.net\/wp-content\/uploads\/sites\/20\/2020\/02\/header-notre-histoire.jpg\",\"contentUrl\":\"https:\/\/www.ilcf.net\/wp-content\/uploads\/sites\/20\/2020\/02\/header-notre-histoire.jpg\",\"width\":1920,\"height\":575,\"caption\":\"Header notre histoire\"},{\"@type\":\"BreadcrumbList\",\"@id\":\"https:\/\/www.ilcf.net\/es\/ilcf\/presentacion\/nuestra-historia\/#breadcrumb\",\"itemListElement\":[{\"@type\":\"ListItem\",\"position\":1,\"name\":\"Accueil\",\"item\":\"https:\/\/www.ilcf.net\/es\/\"},{\"@type\":\"ListItem\",\"position\":2,\"name\":\"ILCF\",\"item\":\"https:\/\/www.ilcf.net\/es\/ilcf\/\"},{\"@type\":\"ListItem\",\"position\":3,\"name\":\"Presentaci\u00f3n\",\"item\":\"https:\/\/www.ilcf.net\/es\/ilcf\/presentacion\/\"},{\"@type\":\"ListItem\",\"position\":4,\"name\":\"Nuestra historia\"}]},{\"@type\":\"WebSite\",\"@id\":\"https:\/\/www.ilcf.net\/es\/#website\",\"url\":\"https:\/\/www.ilcf.net\/es\/\",\"name\":\"ILCF - Institut de Langue et de Culture Fran\u00e7aises\",\"description\":\"ILCF - Institut de Langue et de Culture Fran\u00e7aises\",\"publisher\":{\"@id\":\"https:\/\/www.ilcf.net\/es\/#organization\"},\"potentialAction\":[{\"@type\":\"SearchAction\",\"target\":{\"@type\":\"EntryPoint\",\"urlTemplate\":\"https:\/\/www.ilcf.net\/es\/?s={search_term_string}\"},\"query-input\":{\"@type\":\"PropertyValueSpecification\",\"valueRequired\":true,\"valueName\":\"search_term_string\"}}],\"inLanguage\":\"es\"},{\"@type\":\"Organization\",\"@id\":\"https:\/\/www.ilcf.net\/es\/#organization\",\"name\":\"ILCF - Institut de Langue et de Culture Fran\u00e7aises\",\"url\":\"https:\/\/www.ilcf.net\/es\/\",\"logo\":{\"@type\":\"ImageObject\",\"inLanguage\":\"es\",\"@id\":\"https:\/\/www.ilcf.net\/es\/#\/schema\/logo\/image\/\",\"url\":\"https:\/\/www.ilcf.net\/wp-content\/uploads\/sites\/20\/2019\/11\/ilcf_logo.svg\",\"contentUrl\":\"https:\/\/www.ilcf.net\/wp-content\/uploads\/sites\/20\/2019\/11\/ilcf_logo.svg\",\"caption\":\"ILCF - Institut de Langue et de Culture Fran\u00e7aises\"},\"image\":{\"@id\":\"https:\/\/www.ilcf.net\/es\/#\/schema\/logo\/image\/\"}}]}<\/script>\n<!-- \/ Yoast SEO plugin. -->","yoast_head_json":{"title":"Nuestra historia - ILCF - Institut de Langue et de Culture Fran\u00e7aises","description":"Bienvenido\/a al Instituto de Lengua y Cultura Francesas, una dilatada experiencia en la acogida de estudiantes desde 1948 en el coraz\u00f3n de la ciudad de Lyon","robots":{"index":"index","follow":"follow","max-snippet":"max-snippet:-1","max-image-preview":"max-image-preview:large","max-video-preview":"max-video-preview:-1"},"canonical":"https:\/\/www.ilcf.net\/es\/ilcf\/presentacion\/nuestra-historia\/","og_locale":"es_ES","og_type":"article","og_title":"Nuestra historia - ILCF - Institut de Langue et de Culture Fran\u00e7aises","og_description":"Bienvenido\/a al Instituto de Lengua y Cultura Francesas, una dilatada experiencia en la acogida de estudiantes desde 1948 en el coraz\u00f3n de la ciudad de Lyon","og_url":"https:\/\/www.ilcf.net\/es\/ilcf\/presentacion\/nuestra-historia\/","og_site_name":"ILCF - Institut de Langue et de Culture Fran\u00e7aises","article_modified_time":"2025-10-28T12:55:44+00:00","og_image":[{"width":1920,"height":575,"url":"https:\/\/www.ilcf.net\/wp-content\/uploads\/sites\/20\/2020\/02\/header-notre-histoire.jpg","type":"image\/jpeg"}],"twitter_card":"summary_large_image","twitter_misc":{"Tiempo de lectura":"2 minutos"},"schema":{"@context":"https:\/\/schema.org","@graph":[{"@type":"WebPage","@id":"https:\/\/www.ilcf.net\/es\/ilcf\/presentacion\/nuestra-historia\/","url":"https:\/\/www.ilcf.net\/es\/ilcf\/presentacion\/nuestra-historia\/","name":"Nuestra historia - ILCF - Institut de Langue et de Culture Fran\u00e7aises","isPartOf":{"@id":"https:\/\/www.ilcf.net\/es\/#website"},"primaryImageOfPage":{"@id":"https:\/\/www.ilcf.net\/es\/ilcf\/presentacion\/nuestra-historia\/#primaryimage"},"image":{"@id":"https:\/\/www.ilcf.net\/es\/ilcf\/presentacion\/nuestra-historia\/#primaryimage"},"thumbnailUrl":"https:\/\/www.ilcf.net\/wp-content\/uploads\/sites\/20\/2020\/02\/header-notre-histoire.jpg","datePublished":"2019-11-14T09:09:55+00:00","dateModified":"2025-10-28T12:55:44+00:00","description":"Bienvenido\/a al Instituto de Lengua y Cultura Francesas, una dilatada experiencia en la acogida de estudiantes desde 1948 en el coraz\u00f3n de la ciudad de Lyon","breadcrumb":{"@id":"https:\/\/www.ilcf.net\/es\/ilcf\/presentacion\/nuestra-historia\/#breadcrumb"},"inLanguage":"es","potentialAction":[{"@type":"ReadAction","target":["https:\/\/www.ilcf.net\/es\/ilcf\/presentacion\/nuestra-historia\/"]}]},{"@type":"ImageObject","inLanguage":"es","@id":"https:\/\/www.ilcf.net\/es\/ilcf\/presentacion\/nuestra-historia\/#primaryimage","url":"https:\/\/www.ilcf.net\/wp-content\/uploads\/sites\/20\/2020\/02\/header-notre-histoire.jpg","contentUrl":"https:\/\/www.ilcf.net\/wp-content\/uploads\/sites\/20\/2020\/02\/header-notre-histoire.jpg","width":1920,"height":575,"caption":"Header notre histoire"},{"@type":"BreadcrumbList","@id":"https:\/\/www.ilcf.net\/es\/ilcf\/presentacion\/nuestra-historia\/#breadcrumb","itemListElement":[{"@type":"ListItem","position":1,"name":"Accueil","item":"https:\/\/www.ilcf.net\/es\/"},{"@type":"ListItem","position":2,"name":"ILCF","item":"https:\/\/www.ilcf.net\/es\/ilcf\/"},{"@type":"ListItem","position":3,"name":"Presentaci\u00f3n","item":"https:\/\/www.ilcf.net\/es\/ilcf\/presentacion\/"},{"@type":"ListItem","position":4,"name":"Nuestra historia"}]},{"@type":"WebSite","@id":"https:\/\/www.ilcf.net\/es\/#website","url":"https:\/\/www.ilcf.net\/es\/","name":"ILCF - Institut de Langue et de Culture Fran\u00e7aises","description":"ILCF - Institut de Langue et de Culture Fran\u00e7aises","publisher":{"@id":"https:\/\/www.ilcf.net\/es\/#organization"},"potentialAction":[{"@type":"SearchAction","target":{"@type":"EntryPoint","urlTemplate":"https:\/\/www.ilcf.net\/es\/?s={search_term_string}"},"query-input":{"@type":"PropertyValueSpecification","valueRequired":true,"valueName":"search_term_string"}}],"inLanguage":"es"},{"@type":"Organization","@id":"https:\/\/www.ilcf.net\/es\/#organization","name":"ILCF - Institut de Langue et de Culture Fran\u00e7aises","url":"https:\/\/www.ilcf.net\/es\/","logo":{"@type":"ImageObject","inLanguage":"es","@id":"https:\/\/www.ilcf.net\/es\/#\/schema\/logo\/image\/","url":"https:\/\/www.ilcf.net\/wp-content\/uploads\/sites\/20\/2019\/11\/ilcf_logo.svg","contentUrl":"https:\/\/www.ilcf.net\/wp-content\/uploads\/sites\/20\/2019\/11\/ilcf_logo.svg","caption":"ILCF - Institut de Langue et de Culture Fran\u00e7aises"},"image":{"@id":"https:\/\/www.ilcf.net\/es\/#\/schema\/logo\/image\/"}}]}},"_links":{"self":[{"href":"https:\/\/www.ilcf.net\/es\/wp-json\/wp\/v2\/pages\/5749","targetHints":{"allow":["GET"]}}],"collection":[{"href":"https:\/\/www.ilcf.net\/es\/wp-json\/wp\/v2\/pages"}],"about":[{"href":"https:\/\/www.ilcf.net\/es\/wp-json\/wp\/v2\/types\/page"}],"author":[{"embeddable":true,"href":"https:\/\/www.ilcf.net\/es\/wp-json\/wp\/v2\/users\/32"}],"replies":[{"embeddable":true,"href":"https:\/\/www.ilcf.net\/es\/wp-json\/wp\/v2\/comments?post=5749"}],"version-history":[{"count":3,"href":"https:\/\/www.ilcf.net\/es\/wp-json\/wp\/v2\/pages\/5749\/revisions"}],"predecessor-version":[{"id":26308,"href":"https:\/\/www.ilcf.net\/es\/wp-json\/wp\/v2\/pages\/5749\/revisions\/26308"}],"up":[{"embeddable":true,"href":"https:\/\/www.ilcf.net\/es\/wp-json\/wp\/v2\/pages\/5735"}],"wp:featuredmedia":[{"embeddable":true,"href":"https:\/\/www.ilcf.net\/es\/wp-json\/wp\/v2\/media\/6430"}],"wp:attachment":[{"href":"https:\/\/www.ilcf.net\/es\/wp-json\/wp\/v2\/media?parent=5749"}],"curies":[{"name":"wp","href":"https:\/\/api.w.org\/{rel}","templated":true}]}}