{"id":5746,"date":"2019-11-14T09:34:38","date_gmt":"2019-11-14T08:34:38","guid":{"rendered":"https:\/\/www.ilcf.net\/?page_id=5746"},"modified":"2026-04-08T10:35:59","modified_gmt":"2026-04-08T08:35:59","slug":"el-equipo-del-ilcf","status":"publish","type":"page","link":"https:\/\/www.ilcf.net\/es\/ilcf\/presentacion\/el-equipo-del-ilcf\/","title":{"rendered":"El equipo del ILCF"},"content":{"rendered":"<p>El equipo formado por administrativos y profesores se dedica a la ense\u00f1enza del Franc\u00e8s.<\/p><div class=\"wp-block-gallery-ucly js-fade-scroll\"><div class=\"owl-carousel owl-theme owl-gallery\"><div class=\"item\"><img loading=\"lazy\" decoding=\"async\" width=\"900\" height=\"520\" src=\"https:\/\/www.ilcf.net\/wp-content\/uploads\/sites\/20\/2025\/10\/dsc08051-900x520.jpg\" class=\"\" alt=\"\" \/><div class=\"wp-block-gallery-ucly-caption\"><\/div><\/div><\/div><div class=\"owl-numbers\"><span class=\"owl-number-current\"><\/span><span class=\"owl-number-sep\"><\/span><span class=\"owl-number-total\"><\/span><\/div><\/div><h2 class=\"wp-block-heading\"><strong>La direcci\u00f3n<\/strong><\/h2><p><strong>Virginie CARTIER<\/strong>, Directora<br><strong><strong>Julie MULOT<\/strong><\/strong>, Subdirectora <\/p><h2 class=\"wp-block-heading\">Equipo administrativo<\/h2><p><strong><strong><strong>Marie-Fran\u00e7oise CUSANNO<\/strong><\/strong><\/strong>, Responsable Administrativa Universitaria<br><strong>H\u00e9l\u00e8ne THOMA<\/strong>, Alianzas internacionales y desarrollo<br><strong>Corinne COLPAERT<\/strong>, Asistente<br><strong>Isabelle GENY<\/strong>, Asistente<br><strong>Aline-Laure GRAS<\/strong>, Asistente del Direcci\u00f3n<br><strong>Chlo\u00e9 GUILLET<\/strong>, Asistente<br><strong>Juliette GUIENNE<\/strong>, Asistente<br><strong>Nasstasia MALATRAIT<\/strong>, Encargada de la animaci\u00f3n<br><strong>Jozef YAZBEK<\/strong>, Agregado de la comunicaci\u00f3n<\/p><h2 class=\"wp-block-heading\"><strong>Responsables de estudios<\/strong><\/h2><p><strong>Pascale ANSOUX LAMA<\/strong>, Responsable de estudios<br><strong>Pauline MARTIN<\/strong>, Responsable de estudios<br><strong>Julie VELDEMAN ABRY<\/strong>, Encargada DELF DALF<\/p><h2 class=\"wp-block-heading\"><strong>Profesores<\/strong><\/h2><p>AL CHAAR Wassim<br>ANSOUX LAMA Pascale<br>BEJUIT Brice<br>BOOSTANI Nooshin<br>BOUCHET Karine<br>CURINIER J\u00e9r\u00f4me<br>DREVON Anne<br>DUPRE Florence<br>FRECHET Claudine<br>LAGARDE V\u00e9ronique<br>MAGAUD V\u00e9ronique<br>MARTIN Pauline<br>MASSON Wendy<br>MONTMAGNON Olivier<br>RABIN SECHET St\u00e9phanie<br>RACINE VALDEBENITO M\u00e9lanie<br>RAKOTO Anne-Marie<br>ROUSSON Nelly<br>ROUX St\u00e9phanie<br>SOUVY S\u00e9bastien<br>VACHER Florence<br>VELDEMAN ABRY Julie<\/p><div class=\"wp-block-contact js-fade-scroll\">\n  <p class=\"wp-block-contact-title\">Contactarnos<\/p>\n\n        <div class=\"contact-info\">\n        <p class=\"contact-item\">\n          <span class=\"contact-strong\">Oficina del ILCF<\/span><br>\n          <span class=\"contact-light\"><\/span>\n        <\/p>\n        <span class=\"contact-separate\"><\/span>\n        <p class=\"contact-item\">\n          <a class=\"icon-phone contact-button show-for-small-only\" href=\"tel:00 33 - (0)4 72 32 50 53\"><\/a>\n          <span class=\"contact-strong hide-for-small-only\">00 33 - (0)4 72 32 50 53<\/span><br>\n          <a class=\"icon-mail contact-button show-for-small-only\" href=\"mailto:ilcf@univ-catholyon.fr\"><\/a>\n          <span class=\"contact-light hide-for-small-only\">ilcf@univ-catholyon.fr<\/span>\n        <\/p>\n      <\/div>\n    <\/div>","protected":false},"excerpt":{"rendered":"<p>El equipo formado por administrativos y profesores se dedica a la ense\u00f1enza del Franc\u00e8s.La direcci\u00f3nVirginie CARTIER, DirectoraJulie MULOT, Subdirectora Equipo administrativoMarie-Fran\u00e7oise CUSANNO, Responsable Administrativa [&hellip;]<\/p>\n","protected":false},"author":32,"featured_media":6412,"parent":5735,"menu_order":3,"comment_status":"closed","ping_status":"closed","template":"","meta":{"_acf_changed":false,"footnotes":""},"class_list":["post-5746","page","type-page","status-publish","has-post-thumbnail","hentry"],"acf":[],"yoast_head":"<!-- This site is optimized with the Yoast SEO plugin v24.1 - https:\/\/yoast.com\/wordpress\/plugins\/seo\/ -->\n<title>El equipo del ILCF - ILCF - Institut de Langue et de Culture Fran\u00e7aises<\/title>\n<meta name=\"robots\" content=\"index, follow, max-snippet:-1, max-image-preview:large, max-video-preview:-1\" \/>\n<link rel=\"canonical\" href=\"https:\/\/www.ilcf.net\/es\/ilcf\/presentacion\/el-equipo-del-ilcf\/\" \/>\n<meta property=\"og:locale\" content=\"es_ES\" \/>\n<meta property=\"og:type\" content=\"article\" \/>\n<meta property=\"og:title\" content=\"El equipo del ILCF - ILCF - Institut de Langue et de Culture Fran\u00e7aises\" \/>\n<meta property=\"og:description\" content=\"El equipo formado por administrativos y profesores se dedica a la ense\u00f1enza del Franc\u00e8s.La direcci\u00f3nVirginie CARTIER, DirectoraJulie MULOT, Subdirectora Equipo administrativoMarie-Fran\u00e7oise CUSANNO, Responsable Administrativa [&hellip;]\" \/>\n<meta property=\"og:url\" content=\"https:\/\/www.ilcf.net\/es\/ilcf\/presentacion\/el-equipo-del-ilcf\/\" \/>\n<meta property=\"og:site_name\" content=\"ILCF - Institut de Langue et de Culture Fran\u00e7aises\" \/>\n<meta property=\"article:modified_time\" content=\"2026-04-08T08:35:59+00:00\" \/>\n<meta property=\"og:image\" content=\"https:\/\/www.ilcf.net\/wp-content\/uploads\/sites\/20\/2020\/02\/header-ilcf.jpg\" \/>\n\t<meta property=\"og:image:width\" content=\"1920\" \/>\n\t<meta property=\"og:image:height\" content=\"575\" \/>\n\t<meta property=\"og:image:type\" content=\"image\/jpeg\" \/>\n<meta name=\"twitter:card\" content=\"summary_large_image\" \/>\n<meta name=\"twitter:label1\" content=\"Tiempo de lectura\" \/>\n\t<meta name=\"twitter:data1\" content=\"2 minutos\" \/>\n<script type=\"application\/ld+json\" class=\"yoast-schema-graph\">{\"@context\":\"https:\/\/schema.org\",\"@graph\":[{\"@type\":\"WebPage\",\"@id\":\"https:\/\/www.ilcf.net\/es\/ilcf\/presentacion\/el-equipo-del-ilcf\/\",\"url\":\"https:\/\/www.ilcf.net\/es\/ilcf\/presentacion\/el-equipo-del-ilcf\/\",\"name\":\"El equipo del ILCF - ILCF - Institut de Langue et de Culture Fran\u00e7aises\",\"isPartOf\":{\"@id\":\"https:\/\/www.ilcf.net\/es\/#website\"},\"primaryImageOfPage\":{\"@id\":\"https:\/\/www.ilcf.net\/es\/ilcf\/presentacion\/el-equipo-del-ilcf\/#primaryimage\"},\"image\":{\"@id\":\"https:\/\/www.ilcf.net\/es\/ilcf\/presentacion\/el-equipo-del-ilcf\/#primaryimage\"},\"thumbnailUrl\":\"https:\/\/www.ilcf.net\/wp-content\/uploads\/sites\/20\/2020\/02\/header-ilcf.jpg\",\"datePublished\":\"2019-11-14T08:34:38+00:00\",\"dateModified\":\"2026-04-08T08:35:59+00:00\",\"breadcrumb\":{\"@id\":\"https:\/\/www.ilcf.net\/es\/ilcf\/presentacion\/el-equipo-del-ilcf\/#breadcrumb\"},\"inLanguage\":\"es\",\"potentialAction\":[{\"@type\":\"ReadAction\",\"target\":[\"https:\/\/www.ilcf.net\/es\/ilcf\/presentacion\/el-equipo-del-ilcf\/\"]}]},{\"@type\":\"ImageObject\",\"inLanguage\":\"es\",\"@id\":\"https:\/\/www.ilcf.net\/es\/ilcf\/presentacion\/el-equipo-del-ilcf\/#primaryimage\",\"url\":\"https:\/\/www.ilcf.net\/wp-content\/uploads\/sites\/20\/2020\/02\/header-ilcf.jpg\",\"contentUrl\":\"https:\/\/www.ilcf.net\/wp-content\/uploads\/sites\/20\/2020\/02\/header-ilcf.jpg\",\"width\":1920,\"height\":575,\"caption\":\"ILCF\"},{\"@type\":\"BreadcrumbList\",\"@id\":\"https:\/\/www.ilcf.net\/es\/ilcf\/presentacion\/el-equipo-del-ilcf\/#breadcrumb\",\"itemListElement\":[{\"@type\":\"ListItem\",\"position\":1,\"name\":\"Accueil\",\"item\":\"https:\/\/www.ilcf.net\/es\/\"},{\"@type\":\"ListItem\",\"position\":2,\"name\":\"ILCF\",\"item\":\"https:\/\/www.ilcf.net\/es\/ilcf\/\"},{\"@type\":\"ListItem\",\"position\":3,\"name\":\"Presentaci\u00f3n\",\"item\":\"https:\/\/www.ilcf.net\/es\/ilcf\/presentacion\/\"},{\"@type\":\"ListItem\",\"position\":4,\"name\":\"El equipo del ILCF\"}]},{\"@type\":\"WebSite\",\"@id\":\"https:\/\/www.ilcf.net\/es\/#website\",\"url\":\"https:\/\/www.ilcf.net\/es\/\",\"name\":\"ILCF - Institut de Langue et de Culture Fran\u00e7aises\",\"description\":\"ILCF - Institut de Langue et de Culture Fran\u00e7aises\",\"publisher\":{\"@id\":\"https:\/\/www.ilcf.net\/es\/#organization\"},\"potentialAction\":[{\"@type\":\"SearchAction\",\"target\":{\"@type\":\"EntryPoint\",\"urlTemplate\":\"https:\/\/www.ilcf.net\/es\/?s={search_term_string}\"},\"query-input\":{\"@type\":\"PropertyValueSpecification\",\"valueRequired\":true,\"valueName\":\"search_term_string\"}}],\"inLanguage\":\"es\"},{\"@type\":\"Organization\",\"@id\":\"https:\/\/www.ilcf.net\/es\/#organization\",\"name\":\"ILCF - Institut de Langue et de Culture Fran\u00e7aises\",\"url\":\"https:\/\/www.ilcf.net\/es\/\",\"logo\":{\"@type\":\"ImageObject\",\"inLanguage\":\"es\",\"@id\":\"https:\/\/www.ilcf.net\/es\/#\/schema\/logo\/image\/\",\"url\":\"https:\/\/www.ilcf.net\/wp-content\/uploads\/sites\/20\/2019\/11\/ilcf_logo.svg\",\"contentUrl\":\"https:\/\/www.ilcf.net\/wp-content\/uploads\/sites\/20\/2019\/11\/ilcf_logo.svg\",\"caption\":\"ILCF - Institut de Langue et de Culture Fran\u00e7aises\"},\"image\":{\"@id\":\"https:\/\/www.ilcf.net\/es\/#\/schema\/logo\/image\/\"}}]}<\/script>\n<!-- \/ Yoast SEO plugin. -->","yoast_head_json":{"title":"El equipo del ILCF - ILCF - Institut de Langue et de Culture Fran\u00e7aises","robots":{"index":"index","follow":"follow","max-snippet":"max-snippet:-1","max-image-preview":"max-image-preview:large","max-video-preview":"max-video-preview:-1"},"canonical":"https:\/\/www.ilcf.net\/es\/ilcf\/presentacion\/el-equipo-del-ilcf\/","og_locale":"es_ES","og_type":"article","og_title":"El equipo del ILCF - ILCF - Institut de Langue et de Culture Fran\u00e7aises","og_description":"El equipo formado por administrativos y profesores se dedica a la ense\u00f1enza del Franc\u00e8s.La direcci\u00f3nVirginie CARTIER, DirectoraJulie MULOT, Subdirectora Equipo administrativoMarie-Fran\u00e7oise CUSANNO, Responsable Administrativa [&hellip;]","og_url":"https:\/\/www.ilcf.net\/es\/ilcf\/presentacion\/el-equipo-del-ilcf\/","og_site_name":"ILCF - Institut de Langue et de Culture Fran\u00e7aises","article_modified_time":"2026-04-08T08:35:59+00:00","og_image":[{"width":1920,"height":575,"url":"https:\/\/www.ilcf.net\/wp-content\/uploads\/sites\/20\/2020\/02\/header-ilcf.jpg","type":"image\/jpeg"}],"twitter_card":"summary_large_image","twitter_misc":{"Tiempo de lectura":"2 minutos"},"schema":{"@context":"https:\/\/schema.org","@graph":[{"@type":"WebPage","@id":"https:\/\/www.ilcf.net\/es\/ilcf\/presentacion\/el-equipo-del-ilcf\/","url":"https:\/\/www.ilcf.net\/es\/ilcf\/presentacion\/el-equipo-del-ilcf\/","name":"El equipo del ILCF - ILCF - Institut de Langue et de Culture Fran\u00e7aises","isPartOf":{"@id":"https:\/\/www.ilcf.net\/es\/#website"},"primaryImageOfPage":{"@id":"https:\/\/www.ilcf.net\/es\/ilcf\/presentacion\/el-equipo-del-ilcf\/#primaryimage"},"image":{"@id":"https:\/\/www.ilcf.net\/es\/ilcf\/presentacion\/el-equipo-del-ilcf\/#primaryimage"},"thumbnailUrl":"https:\/\/www.ilcf.net\/wp-content\/uploads\/sites\/20\/2020\/02\/header-ilcf.jpg","datePublished":"2019-11-14T08:34:38+00:00","dateModified":"2026-04-08T08:35:59+00:00","breadcrumb":{"@id":"https:\/\/www.ilcf.net\/es\/ilcf\/presentacion\/el-equipo-del-ilcf\/#breadcrumb"},"inLanguage":"es","potentialAction":[{"@type":"ReadAction","target":["https:\/\/www.ilcf.net\/es\/ilcf\/presentacion\/el-equipo-del-ilcf\/"]}]},{"@type":"ImageObject","inLanguage":"es","@id":"https:\/\/www.ilcf.net\/es\/ilcf\/presentacion\/el-equipo-del-ilcf\/#primaryimage","url":"https:\/\/www.ilcf.net\/wp-content\/uploads\/sites\/20\/2020\/02\/header-ilcf.jpg","contentUrl":"https:\/\/www.ilcf.net\/wp-content\/uploads\/sites\/20\/2020\/02\/header-ilcf.jpg","width":1920,"height":575,"caption":"ILCF"},{"@type":"BreadcrumbList","@id":"https:\/\/www.ilcf.net\/es\/ilcf\/presentacion\/el-equipo-del-ilcf\/#breadcrumb","itemListElement":[{"@type":"ListItem","position":1,"name":"Accueil","item":"https:\/\/www.ilcf.net\/es\/"},{"@type":"ListItem","position":2,"name":"ILCF","item":"https:\/\/www.ilcf.net\/es\/ilcf\/"},{"@type":"ListItem","position":3,"name":"Presentaci\u00f3n","item":"https:\/\/www.ilcf.net\/es\/ilcf\/presentacion\/"},{"@type":"ListItem","position":4,"name":"El equipo del ILCF"}]},{"@type":"WebSite","@id":"https:\/\/www.ilcf.net\/es\/#website","url":"https:\/\/www.ilcf.net\/es\/","name":"ILCF - Institut de Langue et de Culture Fran\u00e7aises","description":"ILCF - Institut de Langue et de Culture Fran\u00e7aises","publisher":{"@id":"https:\/\/www.ilcf.net\/es\/#organization"},"potentialAction":[{"@type":"SearchAction","target":{"@type":"EntryPoint","urlTemplate":"https:\/\/www.ilcf.net\/es\/?s={search_term_string}"},"query-input":{"@type":"PropertyValueSpecification","valueRequired":true,"valueName":"search_term_string"}}],"inLanguage":"es"},{"@type":"Organization","@id":"https:\/\/www.ilcf.net\/es\/#organization","name":"ILCF - Institut de Langue et de Culture Fran\u00e7aises","url":"https:\/\/www.ilcf.net\/es\/","logo":{"@type":"ImageObject","inLanguage":"es","@id":"https:\/\/www.ilcf.net\/es\/#\/schema\/logo\/image\/","url":"https:\/\/www.ilcf.net\/wp-content\/uploads\/sites\/20\/2019\/11\/ilcf_logo.svg","contentUrl":"https:\/\/www.ilcf.net\/wp-content\/uploads\/sites\/20\/2019\/11\/ilcf_logo.svg","caption":"ILCF - Institut de Langue et de Culture Fran\u00e7aises"},"image":{"@id":"https:\/\/www.ilcf.net\/es\/#\/schema\/logo\/image\/"}}]}},"_links":{"self":[{"href":"https:\/\/www.ilcf.net\/es\/wp-json\/wp\/v2\/pages\/5746","targetHints":{"allow":["GET"]}}],"collection":[{"href":"https:\/\/www.ilcf.net\/es\/wp-json\/wp\/v2\/pages"}],"about":[{"href":"https:\/\/www.ilcf.net\/es\/wp-json\/wp\/v2\/types\/page"}],"author":[{"embeddable":true,"href":"https:\/\/www.ilcf.net\/es\/wp-json\/wp\/v2\/users\/32"}],"replies":[{"embeddable":true,"href":"https:\/\/www.ilcf.net\/es\/wp-json\/wp\/v2\/comments?post=5746"}],"version-history":[{"count":3,"href":"https:\/\/www.ilcf.net\/es\/wp-json\/wp\/v2\/pages\/5746\/revisions"}],"predecessor-version":[{"id":27319,"href":"https:\/\/www.ilcf.net\/es\/wp-json\/wp\/v2\/pages\/5746\/revisions\/27319"}],"up":[{"embeddable":true,"href":"https:\/\/www.ilcf.net\/es\/wp-json\/wp\/v2\/pages\/5735"}],"wp:featuredmedia":[{"embeddable":true,"href":"https:\/\/www.ilcf.net\/es\/wp-json\/wp\/v2\/media\/6412"}],"wp:attachment":[{"href":"https:\/\/www.ilcf.net\/es\/wp-json\/wp\/v2\/media?parent=5746"}],"curies":[{"name":"wp","href":"https:\/\/api.w.org\/{rel}","templated":true}]}}