{"id":5727,"date":"2019-11-18T16:23:50","date_gmt":"2019-11-18T15:23:50","guid":{"rendered":"https:\/\/www.ilcf.net\/?page_id=5727"},"modified":"2021-06-22T14:24:12","modified_gmt":"2021-06-22T12:24:12","slug":"una-pedagogia-innovadora-para-prepararte-para-los-diplomas-oficiales","status":"publish","type":"page","link":"https:\/\/www.ilcf.net\/es\/ilcf\/nuestras-ventajas\/una-pedagogia-innovadora-para-prepararte-para-los-diplomas-oficiales\/","title":{"rendered":"Pedagog\u00eda innovadora para prepararte para los diplomas oficiales"},"content":{"rendered":"<h2 class=\"wp-block-heading\">Una pedagog\u00eda basada en la acci\u00f3n, innovadora y cercana<\/h2><h3 class=\"wp-block-heading\">Una perspectiva basada en la acci\u00f3n,<\/h3><p>y una pedagog\u00eda de proyecto adaptada al Marco Com\u00fan Europeo de Referencia para las Lenguas (MCERL): desde la realizaci\u00f3n de tareas ling\u00fc\u00edsticas que implican actividades de comunicaci\u00f3n hasta el desarrollo en grupo de un proyecto m\u00e1s complejo. La comunicaci\u00f3n est\u00e1 al servicio de la acci\u00f3n que le da sentido: aprender a actuar y actuar para aprender.<\/p><div class=\"wp-block-text-image\">\n  <div class=\"row align-bottom collapse\">\n    <div class=\"column small-12 medium-6 xlarge-5 xxlarge-expand wp-block-text-image-info js-fade-scroll\">\n      <p class=\"wp-block-text-image-title\">Una pedagog\u00eda cercana<\/p>\n      <div class=\"wp-block-text-image-intro\"><p>Centrada en la proximidad entre el estudiante y el docente y en adoptar un enfoque global y personalizado del estudiante en sus tres dimensiones: formativa, personal y profesional.<\/p>\n<\/div>\n    <\/div>\n\n    <div class=\"column small-12 medium-6 xlarge-7 xxlarge-shrink wp-block-text-image-picture js-fade-scroll\">\n      <img loading=\"lazy\" decoding=\"async\" width=\"780\" height=\"536\" src=\"https:\/\/www.ilcf.net\/wp-content\/uploads\/sites\/20\/2019\/12\/header-ilcf-780x536.jpg\" class=\"attachment-text_image size-text_image\" alt=\"\" \/>    <\/div>\n  <\/div>\n<\/div><h3 class=\"wp-block-heading\"><strong>Una pedagog\u00eda innovadora,<\/strong><\/h3><p>para conseguir progresos duraderos utilizando las nuevas tecnolog\u00edas (laboratorio de idiomas multimedia, espacio digital de trabajo, etc.), orientada a la inmersi\u00f3n y las artes en colaboraci\u00f3n con importantes instituciones culturales. <\/p><h2 class=\"wp-block-heading\">Diplomas reconocidos<\/h2><p><strong>El Centro Oficial de Ex\u00e1menes del ILCF se cre\u00f3 hace 30 a\u00f1os.&nbsp;<\/strong>Disponer de un centro como este aporta un verdadero valor a\u00f1adido al ILCF de Lyon. Nuestro equipo de profesores, examinadores y correctores de ex\u00e1menes oficiales de lengua francesa te guiar\u00e1 lo mejor posible y pondr\u00e1 todo su empe\u00f1o para que alcances tus objetivos.<\/p><p><strong>El ILCF de Lyon ofrece cursos de preparaci\u00f3n para los diplomas oficiales&nbsp;<\/strong>en los que proporciona la metodolog\u00eda necesaria y organiza simulaciones de ex\u00e1menes escritos y orales.<\/p><p>Puedes validar tus competencias en lengua y cultura francesas con un diploma reconocido en Francia y en todo el mundo : <\/p><h3 class=\"wp-block-heading\">Diplomas universitarios:<\/h3><p><strong>Diplomas Universitarios de Estudios Franceses (DUEF) <\/strong>y <strong>Certificados de Lengua y Cultura Francesas (CLCF) <\/strong>del nivel<strong> A1 <\/strong>al <strong>C1 <\/strong>del Marco Com\u00fan Europeo de Referencia para las Lenguas (MCERL).<\/p><p>Los DUEF est\u00e1n reconocidos por la <strong>Asociaci\u00f3n de Directores de Centros Universitarios de Estudios Franceses para Extranjeros&nbsp;(ADCUEFE)<\/strong>, de la que forma parte el ILCF de Lyon. Estas 35 universidades francesas se comprometen a reconocer de forma rec\u00edproca la validez de sus DUEF. A partir del nivel B2 y siempre que se cumplan ciertas condiciones, estos diplomas dan acceso a la universidad francesa.<\/p><h3 class=\"wp-block-heading\">Diplomas del Ministerio de Educaci\u00f3n franc\u00e9s: <\/h3><p><strong>DELF, DALF<\/strong>:<\/p><p style=\"text-align: center\"><a rel=\"noreferrer noopener\" aria-label=\"\ufffc (s\u2019ouvre dans un nouvel onglet)\" href=\"https:\/\/www.ilcf.net\/es\/centro-oficial-de-examenes\/delf-diploma-de-estudios-en-lengua-francesa\/\" target=\"_blank\"><img loading=\"lazy\" decoding=\"async\" width=\"170\" height=\"33\" class=\"wp-image-5450\" style=\"width: 170px;\" src=\"https:\/\/www.ilcf.net\/wp-content\/uploads\/sites\/20\/2019\/12\/delf-cmjn.png\" alt=\"\" srcset=\"https:\/\/www.ilcf.net\/wp-content\/uploads\/sites\/20\/2019\/12\/delf-cmjn.png 600w, https:\/\/www.ilcf.net\/wp-content\/uploads\/sites\/20\/2019\/12\/delf-cmjn-520x101.png 520w\" sizes=\"auto, (max-width: 170px) 100vw, 170px\" \/><\/a><a rel=\"noreferrer noopener\" aria-label=\"\ufffc (s\u2019ouvre dans un nouvel onglet)\" href=\"https:\/\/www.ilcf.net\/es\/centro-oficial-de-examenes\/dalf-diploma-avanzado-en-lengua-francesa\/\" target=\"_blank\"><img loading=\"lazy\" decoding=\"async\" width=\"170\" height=\"33\" class=\"wp-image-5449\" style=\"width: 170px;\" src=\"https:\/\/www.ilcf.net\/wp-content\/uploads\/sites\/20\/2019\/12\/dalf-cmjn.png\" alt=\"\" srcset=\"https:\/\/www.ilcf.net\/wp-content\/uploads\/sites\/20\/2019\/12\/dalf-cmjn.png 600w, https:\/\/www.ilcf.net\/wp-content\/uploads\/sites\/20\/2019\/12\/dalf-cmjn-520x101.png 520w\" sizes=\"auto, (max-width: 170px) 100vw, 170px\" \/><\/a><\/p><p>Diplomas oficiales franceses que validan tus competencias en franc\u00e9s general o profesional. <\/p><h3 class=\"wp-block-heading\">Diplomas de la C\u00e1mara de Comercio e Industria de Par\u00eds: <\/h3><p><strong>DFP Negocios B2, DFP Negocios C1 <\/strong>y <strong>DFP Turismo <\/strong>y <strong>Hosteler\u00eda B1<\/strong>:<br>Diplomas oficiales de franc\u00e9s especializado: Franc\u00e9s de negocios y franc\u00e9s de turismo y hosteler\u00eda.<\/p><h3 class=\"wp-block-heading\">Cr\u00e9ditos universitarios<\/h3><p>Si est\u00e1s estudiando en una universidad internacional, el ILCF de Lyon te expedir\u00e1 un informe detallado (cr\u00e9ditos y unidades de valor) de los resultados obtenidos en el ILCF o en una de las facultades de la Universidad Cat\u00f3lica de Lyon (seg\u00fan el complemento de formaci\u00f3n realizado). Los cr\u00e9ditos de los cursos son cr\u00e9ditos ECTS (European Credit Transfer System). Podr\u00e1s continuar tus estudios en una universidad francesa.<\/p><div class=\"wp-block-cross-content js-fade-scroll\">\n    <p class=\"wp-block-cross-content-title\"><\/p>\n            <div class=\"row wp-block-cross-content-row\">\n                                <div class=\"column small-12 medium-6 large-4 wp-block-cross-content-col\">\n                        <a class=\"wp-block-cross-content-top\" href=\"https:\/\/www.ilcf.net\/es\/ilcf\/nuestras-ventajas\/lyon-capital-europea\/\" title=\"Lyon, capital europea\">\n                            <span class=\"wp-block-cross-content-name\">Lyon, capital europea<\/span>\n                            <span class=\"wp-block-cross-content-image\"><img loading=\"lazy\" decoding=\"async\" width=\"630\" height=\"570\" src=\"https:\/\/www.ilcf.net\/wp-content\/uploads\/sites\/20\/2020\/02\/header-lyon-630x570.jpg\" class=\" wp-post-image\" alt=\"Lyon capitale europ\u00e9enne\" \/><\/span>\n                            <span class=\"wp-block-cross-content-more\">\n                                <span class=\"icon-more\"><\/span>\n                            <\/span>\n                        <\/a>\n                        <div class=\"wp-block-cross-content-excerpt\"><\/div>\n                    <\/div>\n                                                <div class=\"column small-12 medium-6 large-4 wp-block-cross-content-col\">\n                        <a class=\"wp-block-cross-content-top\" href=\"https:\/\/www.ilcf.net\/es\/ilcf\/nuestras-ventajas\/un-instituto-acreditado\/\" title=\"Un instituto acreditado\">\n                            <span class=\"wp-block-cross-content-name\">Un instituto acreditado<\/span>\n                            <span class=\"wp-block-cross-content-image\"><img loading=\"lazy\" decoding=\"async\" width=\"630\" height=\"570\" src=\"https:\/\/www.ilcf.net\/wp-content\/uploads\/sites\/20\/2020\/02\/header-institut-labellise-630x570.jpg\" class=\" wp-post-image\" alt=\"Institut labell\u00e9lis\u00e9\" \/><\/span>\n                            <span class=\"wp-block-cross-content-more\">\n                                <span class=\"icon-more\"><\/span>\n                            <\/span>\n                        <\/a>\n                        <div class=\"wp-block-cross-content-excerpt\"><\/div>\n                    <\/div>\n                                                <div class=\"column small-12 medium-6 large-4 wp-block-cross-content-col\">\n                        <a class=\"wp-block-cross-content-top\" href=\"https:\/\/www.ilcf.net\/es\/nuestros-programas\/\" title=\"Nuestros programas\">\n                            <span class=\"wp-block-cross-content-name\">Nuestros programas<\/span>\n                            <span class=\"wp-block-cross-content-image\"><img loading=\"lazy\" decoding=\"async\" width=\"630\" height=\"570\" src=\"https:\/\/www.ilcf.net\/wp-content\/uploads\/sites\/20\/2020\/02\/header-recrutement-stagiaire-estri-630x570.jpg\" class=\" wp-post-image\" alt=\"\" \/><\/span>\n                            <span class=\"wp-block-cross-content-more\">\n                                <span class=\"icon-more\"><\/span>\n                            <\/span>\n                        <\/a>\n                        <div class=\"wp-block-cross-content-excerpt\"><\/div>\n                    <\/div>\n                                    <\/div>\n    <\/div>","protected":false},"excerpt":{"rendered":"<p>Una pedagog\u00eda basada en la acci\u00f3n, innovadora y cercanaUna perspectiva basada en la acci\u00f3n,y una pedagog\u00eda de proyecto adaptada al Marco Com\u00fan Europeo de [&hellip;]<\/p>\n","protected":false},"author":32,"featured_media":6454,"parent":5704,"menu_order":0,"comment_status":"closed","ping_status":"closed","template":"","meta":{"_acf_changed":false,"footnotes":""},"class_list":["post-5727","page","type-page","status-publish","has-post-thumbnail","hentry"],"acf":[],"yoast_head":"<!-- This site is optimized with the Yoast SEO plugin v24.1 - https:\/\/yoast.com\/wordpress\/plugins\/seo\/ -->\n<title>Pedagog\u00eda innovadora para prepararte para los diplomas oficiales - ILCF - Institut de Langue et de Culture Fran\u00e7aises<\/title>\n<meta name=\"description\" content=\"Una pedagog\u00eda basada en la acci\u00f3n, innovadora y cercana para prepararte para los diplomas oficiales del Ministerio de Educaci\u00f3n franc\u00e9s\" \/>\n<meta name=\"robots\" content=\"index, follow, max-snippet:-1, max-image-preview:large, max-video-preview:-1\" \/>\n<link rel=\"canonical\" href=\"https:\/\/www.ilcf.net\/es\/ilcf\/nuestras-ventajas\/una-pedagogia-innovadora-para-prepararte-para-los-diplomas-oficiales\/\" \/>\n<meta property=\"og:locale\" content=\"es_ES\" \/>\n<meta property=\"og:type\" content=\"article\" \/>\n<meta property=\"og:title\" content=\"Pedagog\u00eda innovadora para prepararte para los diplomas oficiales - ILCF - Institut de Langue et de Culture Fran\u00e7aises\" \/>\n<meta property=\"og:description\" content=\"Una pedagog\u00eda basada en la acci\u00f3n, innovadora y cercana para prepararte para los diplomas oficiales del Ministerio de Educaci\u00f3n franc\u00e9s\" \/>\n<meta property=\"og:url\" content=\"https:\/\/www.ilcf.net\/es\/ilcf\/nuestras-ventajas\/una-pedagogia-innovadora-para-prepararte-para-los-diplomas-oficiales\/\" \/>\n<meta property=\"og:site_name\" content=\"ILCF - Institut de Langue et de Culture Fran\u00e7aises\" \/>\n<meta property=\"article:modified_time\" content=\"2021-06-22T12:24:12+00:00\" \/>\n<meta property=\"og:image\" content=\"https:\/\/www.ilcf.net\/wp-content\/uploads\/sites\/20\/2020\/02\/header-pedagogie.jpg\" \/>\n\t<meta property=\"og:image:width\" content=\"1920\" \/>\n\t<meta property=\"og:image:height\" content=\"575\" \/>\n\t<meta property=\"og:image:type\" content=\"image\/jpeg\" \/>\n<meta name=\"twitter:card\" content=\"summary_large_image\" \/>\n<meta name=\"twitter:label1\" content=\"Tiempo de lectura\" \/>\n\t<meta name=\"twitter:data1\" content=\"3 minutos\" \/>\n<script type=\"application\/ld+json\" class=\"yoast-schema-graph\">{\"@context\":\"https:\/\/schema.org\",\"@graph\":[{\"@type\":\"WebPage\",\"@id\":\"https:\/\/www.ilcf.net\/es\/ilcf\/nuestras-ventajas\/una-pedagogia-innovadora-para-prepararte-para-los-diplomas-oficiales\/\",\"url\":\"https:\/\/www.ilcf.net\/es\/ilcf\/nuestras-ventajas\/una-pedagogia-innovadora-para-prepararte-para-los-diplomas-oficiales\/\",\"name\":\"Pedagog\u00eda innovadora para prepararte para los diplomas oficiales - ILCF - Institut de Langue et de Culture Fran\u00e7aises\",\"isPartOf\":{\"@id\":\"https:\/\/www.ilcf.net\/es\/#website\"},\"primaryImageOfPage\":{\"@id\":\"https:\/\/www.ilcf.net\/es\/ilcf\/nuestras-ventajas\/una-pedagogia-innovadora-para-prepararte-para-los-diplomas-oficiales\/#primaryimage\"},\"image\":{\"@id\":\"https:\/\/www.ilcf.net\/es\/ilcf\/nuestras-ventajas\/una-pedagogia-innovadora-para-prepararte-para-los-diplomas-oficiales\/#primaryimage\"},\"thumbnailUrl\":\"https:\/\/www.ilcf.net\/wp-content\/uploads\/sites\/20\/2020\/02\/header-pedagogie.jpg\",\"datePublished\":\"2019-11-18T15:23:50+00:00\",\"dateModified\":\"2021-06-22T12:24:12+00:00\",\"description\":\"Una pedagog\u00eda basada en la acci\u00f3n, innovadora y cercana para prepararte para los diplomas oficiales del Ministerio de Educaci\u00f3n franc\u00e9s\",\"breadcrumb\":{\"@id\":\"https:\/\/www.ilcf.net\/es\/ilcf\/nuestras-ventajas\/una-pedagogia-innovadora-para-prepararte-para-los-diplomas-oficiales\/#breadcrumb\"},\"inLanguage\":\"es\",\"potentialAction\":[{\"@type\":\"ReadAction\",\"target\":[\"https:\/\/www.ilcf.net\/es\/ilcf\/nuestras-ventajas\/una-pedagogia-innovadora-para-prepararte-para-los-diplomas-oficiales\/\"]}]},{\"@type\":\"ImageObject\",\"inLanguage\":\"es\",\"@id\":\"https:\/\/www.ilcf.net\/es\/ilcf\/nuestras-ventajas\/una-pedagogia-innovadora-para-prepararte-para-los-diplomas-oficiales\/#primaryimage\",\"url\":\"https:\/\/www.ilcf.net\/wp-content\/uploads\/sites\/20\/2020\/02\/header-pedagogie.jpg\",\"contentUrl\":\"https:\/\/www.ilcf.net\/wp-content\/uploads\/sites\/20\/2020\/02\/header-pedagogie.jpg\",\"width\":1920,\"height\":575,\"caption\":\"Pedagogie innovante\"},{\"@type\":\"BreadcrumbList\",\"@id\":\"https:\/\/www.ilcf.net\/es\/ilcf\/nuestras-ventajas\/una-pedagogia-innovadora-para-prepararte-para-los-diplomas-oficiales\/#breadcrumb\",\"itemListElement\":[{\"@type\":\"ListItem\",\"position\":1,\"name\":\"Accueil\",\"item\":\"https:\/\/www.ilcf.net\/es\/\"},{\"@type\":\"ListItem\",\"position\":2,\"name\":\"ILCF\",\"item\":\"https:\/\/www.ilcf.net\/es\/ilcf\/\"},{\"@type\":\"ListItem\",\"position\":3,\"name\":\"Nuestras ventajas\",\"item\":\"https:\/\/www.ilcf.net\/es\/ilcf\/nuestras-ventajas\/\"},{\"@type\":\"ListItem\",\"position\":4,\"name\":\"Pedagog\u00eda innovadora para prepararte para los diplomas oficiales\"}]},{\"@type\":\"WebSite\",\"@id\":\"https:\/\/www.ilcf.net\/es\/#website\",\"url\":\"https:\/\/www.ilcf.net\/es\/\",\"name\":\"ILCF - Institut de Langue et de Culture Fran\u00e7aises\",\"description\":\"ILCF - Institut de Langue et de Culture Fran\u00e7aises\",\"publisher\":{\"@id\":\"https:\/\/www.ilcf.net\/es\/#organization\"},\"potentialAction\":[{\"@type\":\"SearchAction\",\"target\":{\"@type\":\"EntryPoint\",\"urlTemplate\":\"https:\/\/www.ilcf.net\/es\/?s={search_term_string}\"},\"query-input\":{\"@type\":\"PropertyValueSpecification\",\"valueRequired\":true,\"valueName\":\"search_term_string\"}}],\"inLanguage\":\"es\"},{\"@type\":\"Organization\",\"@id\":\"https:\/\/www.ilcf.net\/es\/#organization\",\"name\":\"ILCF - Institut de Langue et de Culture Fran\u00e7aises\",\"url\":\"https:\/\/www.ilcf.net\/es\/\",\"logo\":{\"@type\":\"ImageObject\",\"inLanguage\":\"es\",\"@id\":\"https:\/\/www.ilcf.net\/es\/#\/schema\/logo\/image\/\",\"url\":\"https:\/\/www.ilcf.net\/wp-content\/uploads\/sites\/20\/2019\/11\/ilcf_logo.svg\",\"contentUrl\":\"https:\/\/www.ilcf.net\/wp-content\/uploads\/sites\/20\/2019\/11\/ilcf_logo.svg\",\"caption\":\"ILCF - Institut de Langue et de Culture Fran\u00e7aises\"},\"image\":{\"@id\":\"https:\/\/www.ilcf.net\/es\/#\/schema\/logo\/image\/\"}}]}<\/script>\n<!-- \/ Yoast SEO plugin. -->","yoast_head_json":{"title":"Pedagog\u00eda innovadora para prepararte para los diplomas oficiales - ILCF - Institut de Langue et de Culture Fran\u00e7aises","description":"Una pedagog\u00eda basada en la acci\u00f3n, innovadora y cercana para prepararte para los diplomas oficiales del Ministerio de Educaci\u00f3n franc\u00e9s","robots":{"index":"index","follow":"follow","max-snippet":"max-snippet:-1","max-image-preview":"max-image-preview:large","max-video-preview":"max-video-preview:-1"},"canonical":"https:\/\/www.ilcf.net\/es\/ilcf\/nuestras-ventajas\/una-pedagogia-innovadora-para-prepararte-para-los-diplomas-oficiales\/","og_locale":"es_ES","og_type":"article","og_title":"Pedagog\u00eda innovadora para prepararte para los diplomas oficiales - ILCF - Institut de Langue et de Culture Fran\u00e7aises","og_description":"Una pedagog\u00eda basada en la acci\u00f3n, innovadora y cercana para prepararte para los diplomas oficiales del Ministerio de Educaci\u00f3n franc\u00e9s","og_url":"https:\/\/www.ilcf.net\/es\/ilcf\/nuestras-ventajas\/una-pedagogia-innovadora-para-prepararte-para-los-diplomas-oficiales\/","og_site_name":"ILCF - Institut de Langue et de Culture Fran\u00e7aises","article_modified_time":"2021-06-22T12:24:12+00:00","og_image":[{"width":1920,"height":575,"url":"https:\/\/www.ilcf.net\/wp-content\/uploads\/sites\/20\/2020\/02\/header-pedagogie.jpg","type":"image\/jpeg"}],"twitter_card":"summary_large_image","twitter_misc":{"Tiempo de lectura":"3 minutos"},"schema":{"@context":"https:\/\/schema.org","@graph":[{"@type":"WebPage","@id":"https:\/\/www.ilcf.net\/es\/ilcf\/nuestras-ventajas\/una-pedagogia-innovadora-para-prepararte-para-los-diplomas-oficiales\/","url":"https:\/\/www.ilcf.net\/es\/ilcf\/nuestras-ventajas\/una-pedagogia-innovadora-para-prepararte-para-los-diplomas-oficiales\/","name":"Pedagog\u00eda innovadora para prepararte para los diplomas oficiales - ILCF - Institut de Langue et de Culture Fran\u00e7aises","isPartOf":{"@id":"https:\/\/www.ilcf.net\/es\/#website"},"primaryImageOfPage":{"@id":"https:\/\/www.ilcf.net\/es\/ilcf\/nuestras-ventajas\/una-pedagogia-innovadora-para-prepararte-para-los-diplomas-oficiales\/#primaryimage"},"image":{"@id":"https:\/\/www.ilcf.net\/es\/ilcf\/nuestras-ventajas\/una-pedagogia-innovadora-para-prepararte-para-los-diplomas-oficiales\/#primaryimage"},"thumbnailUrl":"https:\/\/www.ilcf.net\/wp-content\/uploads\/sites\/20\/2020\/02\/header-pedagogie.jpg","datePublished":"2019-11-18T15:23:50+00:00","dateModified":"2021-06-22T12:24:12+00:00","description":"Una pedagog\u00eda basada en la acci\u00f3n, innovadora y cercana para prepararte para los diplomas oficiales del Ministerio de Educaci\u00f3n franc\u00e9s","breadcrumb":{"@id":"https:\/\/www.ilcf.net\/es\/ilcf\/nuestras-ventajas\/una-pedagogia-innovadora-para-prepararte-para-los-diplomas-oficiales\/#breadcrumb"},"inLanguage":"es","potentialAction":[{"@type":"ReadAction","target":["https:\/\/www.ilcf.net\/es\/ilcf\/nuestras-ventajas\/una-pedagogia-innovadora-para-prepararte-para-los-diplomas-oficiales\/"]}]},{"@type":"ImageObject","inLanguage":"es","@id":"https:\/\/www.ilcf.net\/es\/ilcf\/nuestras-ventajas\/una-pedagogia-innovadora-para-prepararte-para-los-diplomas-oficiales\/#primaryimage","url":"https:\/\/www.ilcf.net\/wp-content\/uploads\/sites\/20\/2020\/02\/header-pedagogie.jpg","contentUrl":"https:\/\/www.ilcf.net\/wp-content\/uploads\/sites\/20\/2020\/02\/header-pedagogie.jpg","width":1920,"height":575,"caption":"Pedagogie innovante"},{"@type":"BreadcrumbList","@id":"https:\/\/www.ilcf.net\/es\/ilcf\/nuestras-ventajas\/una-pedagogia-innovadora-para-prepararte-para-los-diplomas-oficiales\/#breadcrumb","itemListElement":[{"@type":"ListItem","position":1,"name":"Accueil","item":"https:\/\/www.ilcf.net\/es\/"},{"@type":"ListItem","position":2,"name":"ILCF","item":"https:\/\/www.ilcf.net\/es\/ilcf\/"},{"@type":"ListItem","position":3,"name":"Nuestras ventajas","item":"https:\/\/www.ilcf.net\/es\/ilcf\/nuestras-ventajas\/"},{"@type":"ListItem","position":4,"name":"Pedagog\u00eda innovadora para prepararte para los diplomas oficiales"}]},{"@type":"WebSite","@id":"https:\/\/www.ilcf.net\/es\/#website","url":"https:\/\/www.ilcf.net\/es\/","name":"ILCF - Institut de Langue et de Culture Fran\u00e7aises","description":"ILCF - Institut de Langue et de Culture Fran\u00e7aises","publisher":{"@id":"https:\/\/www.ilcf.net\/es\/#organization"},"potentialAction":[{"@type":"SearchAction","target":{"@type":"EntryPoint","urlTemplate":"https:\/\/www.ilcf.net\/es\/?s={search_term_string}"},"query-input":{"@type":"PropertyValueSpecification","valueRequired":true,"valueName":"search_term_string"}}],"inLanguage":"es"},{"@type":"Organization","@id":"https:\/\/www.ilcf.net\/es\/#organization","name":"ILCF - Institut de Langue et de Culture Fran\u00e7aises","url":"https:\/\/www.ilcf.net\/es\/","logo":{"@type":"ImageObject","inLanguage":"es","@id":"https:\/\/www.ilcf.net\/es\/#\/schema\/logo\/image\/","url":"https:\/\/www.ilcf.net\/wp-content\/uploads\/sites\/20\/2019\/11\/ilcf_logo.svg","contentUrl":"https:\/\/www.ilcf.net\/wp-content\/uploads\/sites\/20\/2019\/11\/ilcf_logo.svg","caption":"ILCF - Institut de Langue et de Culture Fran\u00e7aises"},"image":{"@id":"https:\/\/www.ilcf.net\/es\/#\/schema\/logo\/image\/"}}]}},"_links":{"self":[{"href":"https:\/\/www.ilcf.net\/es\/wp-json\/wp\/v2\/pages\/5727","targetHints":{"allow":["GET"]}}],"collection":[{"href":"https:\/\/www.ilcf.net\/es\/wp-json\/wp\/v2\/pages"}],"about":[{"href":"https:\/\/www.ilcf.net\/es\/wp-json\/wp\/v2\/types\/page"}],"author":[{"embeddable":true,"href":"https:\/\/www.ilcf.net\/es\/wp-json\/wp\/v2\/users\/32"}],"replies":[{"embeddable":true,"href":"https:\/\/www.ilcf.net\/es\/wp-json\/wp\/v2\/comments?post=5727"}],"version-history":[{"count":11,"href":"https:\/\/www.ilcf.net\/es\/wp-json\/wp\/v2\/pages\/5727\/revisions"}],"predecessor-version":[{"id":10981,"href":"https:\/\/www.ilcf.net\/es\/wp-json\/wp\/v2\/pages\/5727\/revisions\/10981"}],"up":[{"embeddable":true,"href":"https:\/\/www.ilcf.net\/es\/wp-json\/wp\/v2\/pages\/5704"}],"wp:featuredmedia":[{"embeddable":true,"href":"https:\/\/www.ilcf.net\/es\/wp-json\/wp\/v2\/media\/6454"}],"wp:attachment":[{"href":"https:\/\/www.ilcf.net\/es\/wp-json\/wp\/v2\/media?parent=5727"}],"curies":[{"name":"wp","href":"https:\/\/api.w.org\/{rel}","templated":true}]}}