{"id":5722,"date":"2019-11-18T16:27:23","date_gmt":"2019-11-18T15:27:23","guid":{"rendered":"https:\/\/www.ilcf.net\/?page_id=5722"},"modified":"2020-02-14T12:49:29","modified_gmt":"2020-02-14T11:49:29","slug":"club-unesco","status":"publish","type":"page","link":"https:\/\/www.ilcf.net\/es\/ilcf\/nuestras-ventajas\/un-instituto-acreditado\/club-unesco\/","title":{"rendered":"Club UNESCO"},"content":{"rendered":"<h2 class=\"wp-block-heading\">El ILCF de Lyon cuenta con el reconocimiento Club UNESCO <\/h2><p style=\"text-align: center\"><img loading=\"lazy\" decoding=\"async\" width=\"841\" height=\"400\" class=\"wp-image-3065\" style=\"width: 600px\" src=\"https:\/\/www.ilcf.net\/wp-content\/uploads\/sites\/20\/2019\/11\/logo-club-unesco-ffpu-e1575294991223.jpg\" alt=\"logo club UNESCO - FFPU\"><\/p><p><strong>El Club UNESCO ILCF de Lyon responde al mandato y al compromiso humanista de la UCLy<\/strong>bas\u00e1ndose en la experiencia de 30 a\u00f1os de ense\u00f1anza universitaria y de investigaciones interdisciplinares realizadas en nuestra universidad. Adem\u00e1s, el Club UNESCO se inscribe en la ampliaci\u00f3n de las actividades de la C\u00e1tedra UNESCO \"Memorias, culturas e interculturalidad\" creada en 2007.<\/p><p>Con la misma idea y vali\u00e9ndose de su influencia nacional e internacional,&nbsp;<strong>el ILCF promueve la integraci\u00f3n en la vida universitaria francesa de sus 2.000 estudiantes internacionales<\/strong>&nbsp;de m\u00e1s de 70 nacionalidades procedentes de los 5 continentes, a trav\u00e9s de las asociaciones de estudiantes como, por ejemplo, el International Diplomatic Forum, creado por estudiantes y para estudiantes, que ofrece simulaciones de debates y conferencias de la ONU siguiendo el modelo MUN (Model United Nations).&nbsp;<strong>De esta forma, el ILCF favorece la voluntad de comprensi\u00f3n y cooperaci\u00f3n mediante la comunicaci\u00f3n y el debate con los dem\u00e1s.<\/strong>&nbsp;Adem\u00e1s, se organizan actividades con el di\u00e1logo intercultural como eje central. Las excursiones y encuentros con familias lionesas y los intercambios con los estudiantes franceses en los Caf\u00e9s Langue garantizan a nuestros estudiantes una buena integraci\u00f3n cultural y ling\u00fc\u00edstica.<\/p><div class=\"wp-block-cross-content js-fade-scroll\">\n    <p class=\"wp-block-cross-content-title\">Un instituto acreditado<\/p>\n            <div class=\"row wp-block-cross-content-row\">\n                                <div class=\"column small-12 medium-6 large-4 wp-block-cross-content-col\">\n                        <a class=\"wp-block-cross-content-top\" href=\"https:\/\/www.ilcf.net\/es\/ilcf\/nuestras-ventajas\/un-instituto-acreditado\/campus-france\/\" title=\"Campus France\">\n                            <span class=\"wp-block-cross-content-name\">Campus France<\/span>\n                            <span class=\"wp-block-cross-content-image\"><img loading=\"lazy\" decoding=\"async\" width=\"630\" height=\"570\" src=\"https:\/\/www.ilcf.net\/wp-content\/uploads\/sites\/20\/2020\/02\/header-ilcf-4-630x570.jpg\" class=\" wp-post-image\" alt=\"Header ILCF\" \/><\/span>\n                            <span class=\"wp-block-cross-content-more\">\n                                <span class=\"icon-more\"><\/span>\n                            <\/span>\n                        <\/a>\n                        <div class=\"wp-block-cross-content-excerpt\"><\/div>\n                    <\/div>\n                                                <div class=\"column small-12 medium-6 large-4 wp-block-cross-content-col\">\n                        <a class=\"wp-block-cross-content-top\" href=\"https:\/\/www.ilcf.net\/es\/ilcf\/nuestras-ventajas\/un-instituto-acreditado\/centro-acreditado-con-el-sello-qualite-fle\/\" title=\"Centro acreditado con el sello Qualit\u00e9 FLE\">\n                            <span class=\"wp-block-cross-content-name\">Centro acreditado con el sello Qualit\u00e9 FLE<\/span>\n                            <span class=\"wp-block-cross-content-image\"><img loading=\"lazy\" decoding=\"async\" width=\"630\" height=\"570\" src=\"https:\/\/www.ilcf.net\/wp-content\/uploads\/sites\/20\/2020\/02\/header-ilcf-4-630x570.jpg\" class=\" wp-post-image\" alt=\"Header ILCF\" \/><\/span>\n                            <span class=\"wp-block-cross-content-more\">\n                                <span class=\"icon-more\"><\/span>\n                            <\/span>\n                        <\/a>\n                        <div class=\"wp-block-cross-content-excerpt\"><p>El ILCF ha obtenido la acreditaci\u00f3n \u00abQualit\u00e9 Fran\u00e7ais Langue \u00c9trang\u00e8re\u00bb garantiza la calidad de nuestros services y nuestra excelencia acad\u00e9mica.<\/p>\n<\/div>\n                    <\/div>\n                                                <div class=\"column small-12 medium-6 large-4 wp-block-cross-content-col\">\n                        <a class=\"wp-block-cross-content-top\" href=\"https:\/\/www.ilcf.net\/es\/ilcf\/presentacion\/cultura-de-bienvenida\/\" title=\"Cultura de bienvenida\">\n                            <span class=\"wp-block-cross-content-name\">Cultura de bienvenida<\/span>\n                            <span class=\"wp-block-cross-content-image\"><img loading=\"lazy\" decoding=\"async\" width=\"630\" height=\"570\" src=\"https:\/\/www.ilcf.net\/wp-content\/uploads\/sites\/20\/2020\/02\/header-bienvenue-630x570.jpg\" class=\" wp-post-image\" alt=\"Culture de la bienvneue\" \/><\/span>\n                            <span class=\"wp-block-cross-content-more\">\n                                <span class=\"icon-more\"><\/span>\n                            <\/span>\n                        <\/a>\n                        <div class=\"wp-block-cross-content-excerpt\"><\/div>\n                    <\/div>\n                                    <\/div>\n    <\/div>","protected":false},"excerpt":{"rendered":"<p>El ILCF de Lyon cuenta con el reconocimiento Club UNESCO El Club UNESCO ILCF de Lyon responde al mandato y al compromiso humanista de [&hellip;]<\/p>\n","protected":false},"author":32,"featured_media":6933,"parent":5711,"menu_order":0,"comment_status":"closed","ping_status":"closed","template":"","meta":{"_acf_changed":false,"footnotes":""},"class_list":["post-5722","page","type-page","status-publish","has-post-thumbnail","hentry"],"acf":[],"yoast_head":"<!-- This site is optimized with the Yoast SEO plugin v24.1 - https:\/\/yoast.com\/wordpress\/plugins\/seo\/ -->\n<title>Club UNESCO - ILCF - Institut de Langue et de Culture Fran\u00e7aises<\/title>\n<meta name=\"description\" content=\"Mientras que Lyon est\u00e1 declarada como Patrimonio Mundial de la UNESCO, el ILCF de Lyon defiende desde hace a\u00f1os al ideal promovido por la UNESCO.\" \/>\n<meta name=\"robots\" content=\"index, follow, max-snippet:-1, max-image-preview:large, max-video-preview:-1\" \/>\n<link rel=\"canonical\" href=\"https:\/\/www.ilcf.net\/es\/ilcf\/nuestras-ventajas\/un-instituto-acreditado\/club-unesco\/\" \/>\n<meta property=\"og:locale\" content=\"es_ES\" \/>\n<meta property=\"og:type\" content=\"article\" \/>\n<meta property=\"og:title\" content=\"Club UNESCO - ILCF - Institut de Langue et de Culture Fran\u00e7aises\" \/>\n<meta property=\"og:description\" content=\"Mientras que Lyon est\u00e1 declarada como Patrimonio Mundial de la UNESCO, el ILCF de Lyon defiende desde hace a\u00f1os al ideal promovido por la UNESCO.\" \/>\n<meta property=\"og:url\" content=\"https:\/\/www.ilcf.net\/es\/ilcf\/nuestras-ventajas\/un-instituto-acreditado\/club-unesco\/\" \/>\n<meta property=\"og:site_name\" content=\"ILCF - Institut de Langue et de Culture Fran\u00e7aises\" \/>\n<meta property=\"article:modified_time\" content=\"2020-02-14T11:49:29+00:00\" \/>\n<meta property=\"og:image\" content=\"https:\/\/www.ilcf.net\/wp-content\/uploads\/sites\/20\/2020\/02\/header-ilcf-4.jpg\" \/>\n\t<meta property=\"og:image:width\" content=\"1920\" \/>\n\t<meta property=\"og:image:height\" content=\"575\" \/>\n\t<meta property=\"og:image:type\" content=\"image\/jpeg\" \/>\n<meta name=\"twitter:card\" content=\"summary_large_image\" \/>\n<meta name=\"twitter:label1\" content=\"Tiempo de lectura\" \/>\n\t<meta name=\"twitter:data1\" content=\"1 minuto\" \/>\n<script type=\"application\/ld+json\" class=\"yoast-schema-graph\">{\"@context\":\"https:\/\/schema.org\",\"@graph\":[{\"@type\":\"WebPage\",\"@id\":\"https:\/\/www.ilcf.net\/es\/ilcf\/nuestras-ventajas\/un-instituto-acreditado\/club-unesco\/\",\"url\":\"https:\/\/www.ilcf.net\/es\/ilcf\/nuestras-ventajas\/un-instituto-acreditado\/club-unesco\/\",\"name\":\"Club UNESCO - ILCF - Institut de Langue et de Culture Fran\u00e7aises\",\"isPartOf\":{\"@id\":\"https:\/\/www.ilcf.net\/es\/#website\"},\"primaryImageOfPage\":{\"@id\":\"https:\/\/www.ilcf.net\/es\/ilcf\/nuestras-ventajas\/un-instituto-acreditado\/club-unesco\/#primaryimage\"},\"image\":{\"@id\":\"https:\/\/www.ilcf.net\/es\/ilcf\/nuestras-ventajas\/un-instituto-acreditado\/club-unesco\/#primaryimage\"},\"thumbnailUrl\":\"https:\/\/www.ilcf.net\/wp-content\/uploads\/sites\/20\/2020\/02\/header-ilcf-4.jpg\",\"datePublished\":\"2019-11-18T15:27:23+00:00\",\"dateModified\":\"2020-02-14T11:49:29+00:00\",\"description\":\"Mientras que Lyon est\u00e1 declarada como Patrimonio Mundial de la UNESCO, el ILCF de Lyon defiende desde hace a\u00f1os al ideal promovido por la UNESCO.\",\"breadcrumb\":{\"@id\":\"https:\/\/www.ilcf.net\/es\/ilcf\/nuestras-ventajas\/un-instituto-acreditado\/club-unesco\/#breadcrumb\"},\"inLanguage\":\"es\",\"potentialAction\":[{\"@type\":\"ReadAction\",\"target\":[\"https:\/\/www.ilcf.net\/es\/ilcf\/nuestras-ventajas\/un-instituto-acreditado\/club-unesco\/\"]}]},{\"@type\":\"ImageObject\",\"inLanguage\":\"es\",\"@id\":\"https:\/\/www.ilcf.net\/es\/ilcf\/nuestras-ventajas\/un-instituto-acreditado\/club-unesco\/#primaryimage\",\"url\":\"https:\/\/www.ilcf.net\/wp-content\/uploads\/sites\/20\/2020\/02\/header-ilcf-4.jpg\",\"contentUrl\":\"https:\/\/www.ilcf.net\/wp-content\/uploads\/sites\/20\/2020\/02\/header-ilcf-4.jpg\",\"width\":1920,\"height\":575,\"caption\":\"Header ILCF\"},{\"@type\":\"BreadcrumbList\",\"@id\":\"https:\/\/www.ilcf.net\/es\/ilcf\/nuestras-ventajas\/un-instituto-acreditado\/club-unesco\/#breadcrumb\",\"itemListElement\":[{\"@type\":\"ListItem\",\"position\":1,\"name\":\"Accueil\",\"item\":\"https:\/\/www.ilcf.net\/es\/\"},{\"@type\":\"ListItem\",\"position\":2,\"name\":\"ILCF\",\"item\":\"https:\/\/www.ilcf.net\/es\/ilcf\/\"},{\"@type\":\"ListItem\",\"position\":3,\"name\":\"Nuestras ventajas\",\"item\":\"https:\/\/www.ilcf.net\/es\/ilcf\/nuestras-ventajas\/\"},{\"@type\":\"ListItem\",\"position\":4,\"name\":\"Un instituto acreditado\",\"item\":\"https:\/\/www.ilcf.net\/es\/ilcf\/nuestras-ventajas\/un-instituto-acreditado\/\"},{\"@type\":\"ListItem\",\"position\":5,\"name\":\"Club UNESCO\"}]},{\"@type\":\"WebSite\",\"@id\":\"https:\/\/www.ilcf.net\/es\/#website\",\"url\":\"https:\/\/www.ilcf.net\/es\/\",\"name\":\"ILCF - Institut de Langue et de Culture Fran\u00e7aises\",\"description\":\"ILCF - Institut de Langue et de Culture Fran\u00e7aises\",\"publisher\":{\"@id\":\"https:\/\/www.ilcf.net\/es\/#organization\"},\"potentialAction\":[{\"@type\":\"SearchAction\",\"target\":{\"@type\":\"EntryPoint\",\"urlTemplate\":\"https:\/\/www.ilcf.net\/es\/?s={search_term_string}\"},\"query-input\":{\"@type\":\"PropertyValueSpecification\",\"valueRequired\":true,\"valueName\":\"search_term_string\"}}],\"inLanguage\":\"es\"},{\"@type\":\"Organization\",\"@id\":\"https:\/\/www.ilcf.net\/es\/#organization\",\"name\":\"ILCF - Institut de Langue et de Culture Fran\u00e7aises\",\"url\":\"https:\/\/www.ilcf.net\/es\/\",\"logo\":{\"@type\":\"ImageObject\",\"inLanguage\":\"es\",\"@id\":\"https:\/\/www.ilcf.net\/es\/#\/schema\/logo\/image\/\",\"url\":\"https:\/\/www.ilcf.net\/wp-content\/uploads\/sites\/20\/2019\/11\/ilcf_logo.svg\",\"contentUrl\":\"https:\/\/www.ilcf.net\/wp-content\/uploads\/sites\/20\/2019\/11\/ilcf_logo.svg\",\"caption\":\"ILCF - Institut de Langue et de Culture Fran\u00e7aises\"},\"image\":{\"@id\":\"https:\/\/www.ilcf.net\/es\/#\/schema\/logo\/image\/\"}}]}<\/script>\n<!-- \/ Yoast SEO plugin. -->","yoast_head_json":{"title":"Club UNESCO - ILCF - Institut de Langue et de Culture Fran\u00e7aises","description":"Mientras que Lyon est\u00e1 declarada como Patrimonio Mundial de la UNESCO, el ILCF de Lyon defiende desde hace a\u00f1os al ideal promovido por la UNESCO.","robots":{"index":"index","follow":"follow","max-snippet":"max-snippet:-1","max-image-preview":"max-image-preview:large","max-video-preview":"max-video-preview:-1"},"canonical":"https:\/\/www.ilcf.net\/es\/ilcf\/nuestras-ventajas\/un-instituto-acreditado\/club-unesco\/","og_locale":"es_ES","og_type":"article","og_title":"Club UNESCO - ILCF - Institut de Langue et de Culture Fran\u00e7aises","og_description":"Mientras que Lyon est\u00e1 declarada como Patrimonio Mundial de la UNESCO, el ILCF de Lyon defiende desde hace a\u00f1os al ideal promovido por la UNESCO.","og_url":"https:\/\/www.ilcf.net\/es\/ilcf\/nuestras-ventajas\/un-instituto-acreditado\/club-unesco\/","og_site_name":"ILCF - Institut de Langue et de Culture Fran\u00e7aises","article_modified_time":"2020-02-14T11:49:29+00:00","og_image":[{"width":1920,"height":575,"url":"https:\/\/www.ilcf.net\/wp-content\/uploads\/sites\/20\/2020\/02\/header-ilcf-4.jpg","type":"image\/jpeg"}],"twitter_card":"summary_large_image","twitter_misc":{"Tiempo de lectura":"1 minuto"},"schema":{"@context":"https:\/\/schema.org","@graph":[{"@type":"WebPage","@id":"https:\/\/www.ilcf.net\/es\/ilcf\/nuestras-ventajas\/un-instituto-acreditado\/club-unesco\/","url":"https:\/\/www.ilcf.net\/es\/ilcf\/nuestras-ventajas\/un-instituto-acreditado\/club-unesco\/","name":"Club UNESCO - ILCF - Institut de Langue et de Culture Fran\u00e7aises","isPartOf":{"@id":"https:\/\/www.ilcf.net\/es\/#website"},"primaryImageOfPage":{"@id":"https:\/\/www.ilcf.net\/es\/ilcf\/nuestras-ventajas\/un-instituto-acreditado\/club-unesco\/#primaryimage"},"image":{"@id":"https:\/\/www.ilcf.net\/es\/ilcf\/nuestras-ventajas\/un-instituto-acreditado\/club-unesco\/#primaryimage"},"thumbnailUrl":"https:\/\/www.ilcf.net\/wp-content\/uploads\/sites\/20\/2020\/02\/header-ilcf-4.jpg","datePublished":"2019-11-18T15:27:23+00:00","dateModified":"2020-02-14T11:49:29+00:00","description":"Mientras que Lyon est\u00e1 declarada como Patrimonio Mundial de la UNESCO, el ILCF de Lyon defiende desde hace a\u00f1os al ideal promovido por la UNESCO.","breadcrumb":{"@id":"https:\/\/www.ilcf.net\/es\/ilcf\/nuestras-ventajas\/un-instituto-acreditado\/club-unesco\/#breadcrumb"},"inLanguage":"es","potentialAction":[{"@type":"ReadAction","target":["https:\/\/www.ilcf.net\/es\/ilcf\/nuestras-ventajas\/un-instituto-acreditado\/club-unesco\/"]}]},{"@type":"ImageObject","inLanguage":"es","@id":"https:\/\/www.ilcf.net\/es\/ilcf\/nuestras-ventajas\/un-instituto-acreditado\/club-unesco\/#primaryimage","url":"https:\/\/www.ilcf.net\/wp-content\/uploads\/sites\/20\/2020\/02\/header-ilcf-4.jpg","contentUrl":"https:\/\/www.ilcf.net\/wp-content\/uploads\/sites\/20\/2020\/02\/header-ilcf-4.jpg","width":1920,"height":575,"caption":"Header ILCF"},{"@type":"BreadcrumbList","@id":"https:\/\/www.ilcf.net\/es\/ilcf\/nuestras-ventajas\/un-instituto-acreditado\/club-unesco\/#breadcrumb","itemListElement":[{"@type":"ListItem","position":1,"name":"Accueil","item":"https:\/\/www.ilcf.net\/es\/"},{"@type":"ListItem","position":2,"name":"ILCF","item":"https:\/\/www.ilcf.net\/es\/ilcf\/"},{"@type":"ListItem","position":3,"name":"Nuestras ventajas","item":"https:\/\/www.ilcf.net\/es\/ilcf\/nuestras-ventajas\/"},{"@type":"ListItem","position":4,"name":"Un instituto acreditado","item":"https:\/\/www.ilcf.net\/es\/ilcf\/nuestras-ventajas\/un-instituto-acreditado\/"},{"@type":"ListItem","position":5,"name":"Club UNESCO"}]},{"@type":"WebSite","@id":"https:\/\/www.ilcf.net\/es\/#website","url":"https:\/\/www.ilcf.net\/es\/","name":"ILCF - Institut de Langue et de Culture Fran\u00e7aises","description":"ILCF - Institut de Langue et de Culture Fran\u00e7aises","publisher":{"@id":"https:\/\/www.ilcf.net\/es\/#organization"},"potentialAction":[{"@type":"SearchAction","target":{"@type":"EntryPoint","urlTemplate":"https:\/\/www.ilcf.net\/es\/?s={search_term_string}"},"query-input":{"@type":"PropertyValueSpecification","valueRequired":true,"valueName":"search_term_string"}}],"inLanguage":"es"},{"@type":"Organization","@id":"https:\/\/www.ilcf.net\/es\/#organization","name":"ILCF - Institut de Langue et de Culture Fran\u00e7aises","url":"https:\/\/www.ilcf.net\/es\/","logo":{"@type":"ImageObject","inLanguage":"es","@id":"https:\/\/www.ilcf.net\/es\/#\/schema\/logo\/image\/","url":"https:\/\/www.ilcf.net\/wp-content\/uploads\/sites\/20\/2019\/11\/ilcf_logo.svg","contentUrl":"https:\/\/www.ilcf.net\/wp-content\/uploads\/sites\/20\/2019\/11\/ilcf_logo.svg","caption":"ILCF - Institut de Langue et de Culture Fran\u00e7aises"},"image":{"@id":"https:\/\/www.ilcf.net\/es\/#\/schema\/logo\/image\/"}}]}},"_links":{"self":[{"href":"https:\/\/www.ilcf.net\/es\/wp-json\/wp\/v2\/pages\/5722","targetHints":{"allow":["GET"]}}],"collection":[{"href":"https:\/\/www.ilcf.net\/es\/wp-json\/wp\/v2\/pages"}],"about":[{"href":"https:\/\/www.ilcf.net\/es\/wp-json\/wp\/v2\/types\/page"}],"author":[{"embeddable":true,"href":"https:\/\/www.ilcf.net\/es\/wp-json\/wp\/v2\/users\/32"}],"replies":[{"embeddable":true,"href":"https:\/\/www.ilcf.net\/es\/wp-json\/wp\/v2\/comments?post=5722"}],"version-history":[{"count":5,"href":"https:\/\/www.ilcf.net\/es\/wp-json\/wp\/v2\/pages\/5722\/revisions"}],"predecessor-version":[{"id":7511,"href":"https:\/\/www.ilcf.net\/es\/wp-json\/wp\/v2\/pages\/5722\/revisions\/7511"}],"up":[{"embeddable":true,"href":"https:\/\/www.ilcf.net\/es\/wp-json\/wp\/v2\/pages\/5711"}],"wp:featuredmedia":[{"embeddable":true,"href":"https:\/\/www.ilcf.net\/es\/wp-json\/wp\/v2\/media\/6933"}],"wp:attachment":[{"href":"https:\/\/www.ilcf.net\/es\/wp-json\/wp\/v2\/media?parent=5722"}],"curies":[{"name":"wp","href":"https:\/\/api.w.org\/{rel}","templated":true}]}}