{"id":5717,"date":"2019-11-18T16:27:43","date_gmt":"2019-11-18T15:27:43","guid":{"rendered":"https:\/\/www.ilcf.net\/?page_id=5717"},"modified":"2025-09-04T12:07:39","modified_gmt":"2025-09-04T10:07:39","slug":"centro-acreditado-con-el-sello-qualite-fle","status":"publish","type":"page","link":"https:\/\/www.ilcf.net\/es\/ilcf\/nuestras-ventajas\/un-instituto-acreditado\/centro-acreditado-con-el-sello-qualite-fle\/","title":{"rendered":"Centro acreditado con el sello Qualit\u00e9 FLE"},"content":{"rendered":"<div class=\"wp-block-text-image\">\n  <div class=\"row align-bottom collapse\">\n    <div class=\"column small-12 medium-6 xlarge-5 xxlarge-expand wp-block-text-image-info js-fade-scroll\">\n      <p class=\"wp-block-text-image-title\">Acreditaci\u00f3n \"Qualit\u00e9 Fran\u00e7ais Langue \u00c9trang\u00e8re\"<\/p>\n      <div class=\"wp-block-text-image-intro\"><\/div>\n    <\/div>\n\n    <div class=\"column small-12 medium-6 xlarge-7 xxlarge-shrink wp-block-text-image-picture js-fade-scroll\">\n      <img loading=\"lazy\" decoding=\"async\" width=\"577\" height=\"385\" src=\"https:\/\/www.ilcf.net\/wp-content\/uploads\/sites\/20\/2020\/02\/qualite-fle-visuel.jpg\" class=\"attachment-text_image size-text_image\" alt=\"\" srcset=\"https:\/\/www.ilcf.net\/wp-content\/uploads\/sites\/20\/2020\/02\/qualite-fle-visuel.jpg 577w, https:\/\/www.ilcf.net\/wp-content\/uploads\/sites\/20\/2020\/02\/qualite-fle-visuel-210x140.jpg 210w, https:\/\/www.ilcf.net\/wp-content\/uploads\/sites\/20\/2020\/02\/qualite-fle-visuel-550x366.jpg 550w\" sizes=\"auto, (max-width: 577px) 100vw, 577px\" \/>    <\/div>\n  <\/div>\n<\/div><p><strong>La Comisi\u00f3n Interministerial de Acreditaci\u00f3n de los Centros de Franc\u00e9s como Lengua Extranjera concedi\u00f3 en 2025, para un periodo de 4 a\u00f1os, la acreditaci\u00f3n \"Qualit\u00e9 Fran\u00e7ais Langue \u00c9trang\u00e8re\" al Instituto de Lengua y Cultura Francesas de Lyon.<\/strong><\/p><p>Este logro colectivo demuestra la calidad continua del trabajo que realiza el ILCF de Lyon en los 5 \u00e1mbitos siguientes: &nbsp;<\/p><ul class=\"wp-block-list\"><li>Acogida y acompa\u00f1amiento<\/li>\n\n<li>Espacios y equipos<\/li>\n\n<li>Profesorado y gesti\u00f3n del profesorado<\/li>\n\n<li>Formaci\u00f3n del profesorado<\/li>\n\n<li>Gesti\u00f3n del centro<\/li><\/ul><p><strong>Esta acreditaci\u00f3n garantiza la calidad de nuestros servicios.<\/strong> El ILCF ha obtenido la m\u00e1xima nota con 3 estrellas en cada \u00e1mbito, garant\u00eda de nuestra excelencia acad\u00e9mica.<\/p><p>El ILCF de Lyon figura en el registro de Centros de Franc\u00e9s como Lengua Extranjera editado y difundido en todo el mundo por el CIEP y cuenta con la promoci\u00f3n y el apoyo de puestos diplom\u00e1ticos (embajadas y consulados), de los institutos franceses y de Campus France.<\/p><p>La Comisi\u00f3n Interministerial de Acreditaci\u00f3n de Centros de Franc\u00e9s como Lengua extranjera est\u00e1 formada por el Ministerio de Asuntos Exteriores y Europeos franc\u00e9s, el Ministerio de Ense\u00f1anza Superior e Investigaci\u00f3n franc\u00e9s y el Ministerio de Cultura y Comunicaci\u00f3n franc\u00e9s.<\/p><div class=\"wp-block-cross-content js-fade-scroll\">\n    <p class=\"wp-block-cross-content-title\">Un instituto acreditado<\/p>\n            <div class=\"row wp-block-cross-content-row\">\n                                <div class=\"column small-12 medium-6 large-4 wp-block-cross-content-col\">\n                        <a class=\"wp-block-cross-content-top\" href=\"https:\/\/www.ilcf.net\/es\/ilcf\/nuestras-ventajas\/un-instituto-acreditado\/club-unesco\/\" title=\"Club UNESCO\">\n                            <span class=\"wp-block-cross-content-name\">Club UNESCO<\/span>\n                            <span class=\"wp-block-cross-content-image\"><img loading=\"lazy\" decoding=\"async\" width=\"630\" height=\"570\" src=\"https:\/\/www.ilcf.net\/wp-content\/uploads\/sites\/20\/2020\/02\/header-ilcf-4-630x570.jpg\" class=\" wp-post-image\" alt=\"Header ILCF\" \/><\/span>\n                            <span class=\"wp-block-cross-content-more\">\n                                <span class=\"icon-more\"><\/span>\n                            <\/span>\n                        <\/a>\n                        <div class=\"wp-block-cross-content-excerpt\"><p>Mientras que Lyon est\u00e1 declarada como Patrimonio Mundial de la UNESCO, el ILCF de Lyon cuenta, por su parte, con el reconocimiento Club UNESCO, ya que defiende desde hace a\u00f1os al ideal de igualdad, respeto, tolerancia y comprensi\u00f3n entre las culturas promovido por la UNESCO.<\/p>\n<\/div>\n                    <\/div>\n                                                <div class=\"column small-12 medium-6 large-4 wp-block-cross-content-col\">\n                        <a class=\"wp-block-cross-content-top\" href=\"https:\/\/www.ilcf.net\/es\/ilcf\/nuestras-ventajas\/un-instituto-acreditado\/campus-france\/\" title=\"Campus France\">\n                            <span class=\"wp-block-cross-content-name\">Campus France<\/span>\n                            <span class=\"wp-block-cross-content-image\"><img loading=\"lazy\" decoding=\"async\" width=\"630\" height=\"570\" src=\"https:\/\/www.ilcf.net\/wp-content\/uploads\/sites\/20\/2020\/02\/header-ilcf-4-630x570.jpg\" class=\" wp-post-image\" alt=\"Header ILCF\" \/><\/span>\n                            <span class=\"wp-block-cross-content-more\">\n                                <span class=\"icon-more\"><\/span>\n                            <\/span>\n                        <\/a>\n                        <div class=\"wp-block-cross-content-excerpt\"><\/div>\n                    <\/div>\n                                                <div class=\"column small-12 medium-6 large-4 wp-block-cross-content-col\">\n                        <a class=\"wp-block-cross-content-top\" href=\"https:\/\/www.ilcf.net\/es\/ilcf\/presentacion\/cultura-de-bienvenida\/\" title=\"Cultura de bienvenida\">\n                            <span class=\"wp-block-cross-content-name\">Cultura de bienvenida<\/span>\n                            <span class=\"wp-block-cross-content-image\"><img loading=\"lazy\" decoding=\"async\" width=\"630\" height=\"570\" src=\"https:\/\/www.ilcf.net\/wp-content\/uploads\/sites\/20\/2020\/02\/header-bienvenue-630x570.jpg\" class=\" wp-post-image\" alt=\"Culture de la bienvneue\" \/><\/span>\n                            <span class=\"wp-block-cross-content-more\">\n                                <span class=\"icon-more\"><\/span>\n                            <\/span>\n                        <\/a>\n                        <div class=\"wp-block-cross-content-excerpt\"><\/div>\n                    <\/div>\n                                    <\/div>\n    <\/div>","protected":false},"excerpt":{"rendered":"<p>La Comisi\u00f3n Interministerial de Acreditaci\u00f3n de los Centros de Franc\u00e9s como Lengua Extranjera concedi\u00f3 en 2025, para un periodo de 4 a\u00f1os, la acreditaci\u00f3n [&hellip;]<\/p>\n","protected":false},"author":32,"featured_media":6933,"parent":5711,"menu_order":0,"comment_status":"closed","ping_status":"closed","template":"","meta":{"_acf_changed":false,"footnotes":""},"class_list":["post-5717","page","type-page","status-publish","has-post-thumbnail","hentry"],"acf":[],"yoast_head":"<!-- This site is optimized with the Yoast SEO plugin v24.1 - https:\/\/yoast.com\/wordpress\/plugins\/seo\/ -->\n<title>Centro acreditado con el sello Qualit\u00e9 FLE - ILCF - Institut de Langue et de Culture Fran\u00e7aises<\/title>\n<meta name=\"description\" content=\"El ILCF ha obtenido la acreditaci\u00f3n &quot;Qualit\u00e9 Fran\u00e7ais Langue \u00c9trang\u00e8re&quot; garantiza la calidad de nuestros servicios y nuestra excelencia acad\u00e9mica\" \/>\n<meta name=\"robots\" content=\"index, follow, max-snippet:-1, max-image-preview:large, max-video-preview:-1\" \/>\n<link rel=\"canonical\" href=\"https:\/\/www.ilcf.net\/es\/ilcf\/nuestras-ventajas\/un-instituto-acreditado\/centro-acreditado-con-el-sello-qualite-fle\/\" \/>\n<meta property=\"og:locale\" content=\"es_ES\" \/>\n<meta property=\"og:type\" content=\"article\" \/>\n<meta property=\"og:title\" content=\"Centro acreditado con el sello Qualit\u00e9 FLE - ILCF - Institut de Langue et de Culture Fran\u00e7aises\" \/>\n<meta property=\"og:description\" content=\"El ILCF ha obtenido la acreditaci\u00f3n &quot;Qualit\u00e9 Fran\u00e7ais Langue \u00c9trang\u00e8re&quot; garantiza la calidad de nuestros servicios y nuestra excelencia acad\u00e9mica\" \/>\n<meta property=\"og:url\" content=\"https:\/\/www.ilcf.net\/es\/ilcf\/nuestras-ventajas\/un-instituto-acreditado\/centro-acreditado-con-el-sello-qualite-fle\/\" \/>\n<meta property=\"og:site_name\" content=\"ILCF - Institut de Langue et de Culture Fran\u00e7aises\" \/>\n<meta property=\"article:modified_time\" content=\"2025-09-04T10:07:39+00:00\" \/>\n<meta property=\"og:image\" content=\"https:\/\/www.ilcf.net\/wp-content\/uploads\/sites\/20\/2020\/02\/header-ilcf-4.jpg\" \/>\n\t<meta property=\"og:image:width\" content=\"1920\" \/>\n\t<meta property=\"og:image:height\" content=\"575\" \/>\n\t<meta property=\"og:image:type\" content=\"image\/jpeg\" \/>\n<meta name=\"twitter:card\" content=\"summary_large_image\" \/>\n<meta name=\"twitter:label1\" content=\"Tiempo de lectura\" \/>\n\t<meta name=\"twitter:data1\" content=\"2 minutos\" \/>\n<script type=\"application\/ld+json\" class=\"yoast-schema-graph\">{\"@context\":\"https:\/\/schema.org\",\"@graph\":[{\"@type\":\"WebPage\",\"@id\":\"https:\/\/www.ilcf.net\/es\/ilcf\/nuestras-ventajas\/un-instituto-acreditado\/centro-acreditado-con-el-sello-qualite-fle\/\",\"url\":\"https:\/\/www.ilcf.net\/es\/ilcf\/nuestras-ventajas\/un-instituto-acreditado\/centro-acreditado-con-el-sello-qualite-fle\/\",\"name\":\"Centro acreditado con el sello Qualit\u00e9 FLE - ILCF - Institut de Langue et de Culture Fran\u00e7aises\",\"isPartOf\":{\"@id\":\"https:\/\/www.ilcf.net\/es\/#website\"},\"primaryImageOfPage\":{\"@id\":\"https:\/\/www.ilcf.net\/es\/ilcf\/nuestras-ventajas\/un-instituto-acreditado\/centro-acreditado-con-el-sello-qualite-fle\/#primaryimage\"},\"image\":{\"@id\":\"https:\/\/www.ilcf.net\/es\/ilcf\/nuestras-ventajas\/un-instituto-acreditado\/centro-acreditado-con-el-sello-qualite-fle\/#primaryimage\"},\"thumbnailUrl\":\"https:\/\/www.ilcf.net\/wp-content\/uploads\/sites\/20\/2020\/02\/header-ilcf-4.jpg\",\"datePublished\":\"2019-11-18T15:27:43+00:00\",\"dateModified\":\"2025-09-04T10:07:39+00:00\",\"description\":\"El ILCF ha obtenido la acreditaci\u00f3n \\\"Qualit\u00e9 Fran\u00e7ais Langue \u00c9trang\u00e8re\\\" garantiza la calidad de nuestros servicios y nuestra excelencia acad\u00e9mica\",\"breadcrumb\":{\"@id\":\"https:\/\/www.ilcf.net\/es\/ilcf\/nuestras-ventajas\/un-instituto-acreditado\/centro-acreditado-con-el-sello-qualite-fle\/#breadcrumb\"},\"inLanguage\":\"es\",\"potentialAction\":[{\"@type\":\"ReadAction\",\"target\":[\"https:\/\/www.ilcf.net\/es\/ilcf\/nuestras-ventajas\/un-instituto-acreditado\/centro-acreditado-con-el-sello-qualite-fle\/\"]}]},{\"@type\":\"ImageObject\",\"inLanguage\":\"es\",\"@id\":\"https:\/\/www.ilcf.net\/es\/ilcf\/nuestras-ventajas\/un-instituto-acreditado\/centro-acreditado-con-el-sello-qualite-fle\/#primaryimage\",\"url\":\"https:\/\/www.ilcf.net\/wp-content\/uploads\/sites\/20\/2020\/02\/header-ilcf-4.jpg\",\"contentUrl\":\"https:\/\/www.ilcf.net\/wp-content\/uploads\/sites\/20\/2020\/02\/header-ilcf-4.jpg\",\"width\":1920,\"height\":575,\"caption\":\"Header ILCF\"},{\"@type\":\"BreadcrumbList\",\"@id\":\"https:\/\/www.ilcf.net\/es\/ilcf\/nuestras-ventajas\/un-instituto-acreditado\/centro-acreditado-con-el-sello-qualite-fle\/#breadcrumb\",\"itemListElement\":[{\"@type\":\"ListItem\",\"position\":1,\"name\":\"Accueil\",\"item\":\"https:\/\/www.ilcf.net\/es\/\"},{\"@type\":\"ListItem\",\"position\":2,\"name\":\"ILCF\",\"item\":\"https:\/\/www.ilcf.net\/es\/ilcf\/\"},{\"@type\":\"ListItem\",\"position\":3,\"name\":\"Nuestras ventajas\",\"item\":\"https:\/\/www.ilcf.net\/es\/ilcf\/nuestras-ventajas\/\"},{\"@type\":\"ListItem\",\"position\":4,\"name\":\"Un instituto acreditado\",\"item\":\"https:\/\/www.ilcf.net\/es\/ilcf\/nuestras-ventajas\/un-instituto-acreditado\/\"},{\"@type\":\"ListItem\",\"position\":5,\"name\":\"Centro acreditado con el sello Qualit\u00e9 FLE\"}]},{\"@type\":\"WebSite\",\"@id\":\"https:\/\/www.ilcf.net\/es\/#website\",\"url\":\"https:\/\/www.ilcf.net\/es\/\",\"name\":\"ILCF - Institut de Langue et de Culture Fran\u00e7aises\",\"description\":\"ILCF - Institut de Langue et de Culture Fran\u00e7aises\",\"publisher\":{\"@id\":\"https:\/\/www.ilcf.net\/es\/#organization\"},\"potentialAction\":[{\"@type\":\"SearchAction\",\"target\":{\"@type\":\"EntryPoint\",\"urlTemplate\":\"https:\/\/www.ilcf.net\/es\/?s={search_term_string}\"},\"query-input\":{\"@type\":\"PropertyValueSpecification\",\"valueRequired\":true,\"valueName\":\"search_term_string\"}}],\"inLanguage\":\"es\"},{\"@type\":\"Organization\",\"@id\":\"https:\/\/www.ilcf.net\/es\/#organization\",\"name\":\"ILCF - Institut de Langue et de Culture Fran\u00e7aises\",\"url\":\"https:\/\/www.ilcf.net\/es\/\",\"logo\":{\"@type\":\"ImageObject\",\"inLanguage\":\"es\",\"@id\":\"https:\/\/www.ilcf.net\/es\/#\/schema\/logo\/image\/\",\"url\":\"https:\/\/www.ilcf.net\/wp-content\/uploads\/sites\/20\/2019\/11\/ilcf_logo.svg\",\"contentUrl\":\"https:\/\/www.ilcf.net\/wp-content\/uploads\/sites\/20\/2019\/11\/ilcf_logo.svg\",\"caption\":\"ILCF - Institut de Langue et de Culture Fran\u00e7aises\"},\"image\":{\"@id\":\"https:\/\/www.ilcf.net\/es\/#\/schema\/logo\/image\/\"}}]}<\/script>\n<!-- \/ Yoast SEO plugin. -->","yoast_head_json":{"title":"Centro acreditado con el sello Qualit\u00e9 FLE - ILCF - Institut de Langue et de Culture Fran\u00e7aises","description":"El ILCF ha obtenido la acreditaci\u00f3n \"Qualit\u00e9 Fran\u00e7ais Langue \u00c9trang\u00e8re\" garantiza la calidad de nuestros servicios y nuestra excelencia acad\u00e9mica","robots":{"index":"index","follow":"follow","max-snippet":"max-snippet:-1","max-image-preview":"max-image-preview:large","max-video-preview":"max-video-preview:-1"},"canonical":"https:\/\/www.ilcf.net\/es\/ilcf\/nuestras-ventajas\/un-instituto-acreditado\/centro-acreditado-con-el-sello-qualite-fle\/","og_locale":"es_ES","og_type":"article","og_title":"Centro acreditado con el sello Qualit\u00e9 FLE - ILCF - Institut de Langue et de Culture Fran\u00e7aises","og_description":"El ILCF ha obtenido la acreditaci\u00f3n \"Qualit\u00e9 Fran\u00e7ais Langue \u00c9trang\u00e8re\" garantiza la calidad de nuestros servicios y nuestra excelencia acad\u00e9mica","og_url":"https:\/\/www.ilcf.net\/es\/ilcf\/nuestras-ventajas\/un-instituto-acreditado\/centro-acreditado-con-el-sello-qualite-fle\/","og_site_name":"ILCF - Institut de Langue et de Culture Fran\u00e7aises","article_modified_time":"2025-09-04T10:07:39+00:00","og_image":[{"width":1920,"height":575,"url":"https:\/\/www.ilcf.net\/wp-content\/uploads\/sites\/20\/2020\/02\/header-ilcf-4.jpg","type":"image\/jpeg"}],"twitter_card":"summary_large_image","twitter_misc":{"Tiempo de lectura":"2 minutos"},"schema":{"@context":"https:\/\/schema.org","@graph":[{"@type":"WebPage","@id":"https:\/\/www.ilcf.net\/es\/ilcf\/nuestras-ventajas\/un-instituto-acreditado\/centro-acreditado-con-el-sello-qualite-fle\/","url":"https:\/\/www.ilcf.net\/es\/ilcf\/nuestras-ventajas\/un-instituto-acreditado\/centro-acreditado-con-el-sello-qualite-fle\/","name":"Centro acreditado con el sello Qualit\u00e9 FLE - ILCF - Institut de Langue et de Culture Fran\u00e7aises","isPartOf":{"@id":"https:\/\/www.ilcf.net\/es\/#website"},"primaryImageOfPage":{"@id":"https:\/\/www.ilcf.net\/es\/ilcf\/nuestras-ventajas\/un-instituto-acreditado\/centro-acreditado-con-el-sello-qualite-fle\/#primaryimage"},"image":{"@id":"https:\/\/www.ilcf.net\/es\/ilcf\/nuestras-ventajas\/un-instituto-acreditado\/centro-acreditado-con-el-sello-qualite-fle\/#primaryimage"},"thumbnailUrl":"https:\/\/www.ilcf.net\/wp-content\/uploads\/sites\/20\/2020\/02\/header-ilcf-4.jpg","datePublished":"2019-11-18T15:27:43+00:00","dateModified":"2025-09-04T10:07:39+00:00","description":"El ILCF ha obtenido la acreditaci\u00f3n \"Qualit\u00e9 Fran\u00e7ais Langue \u00c9trang\u00e8re\" garantiza la calidad de nuestros servicios y nuestra excelencia acad\u00e9mica","breadcrumb":{"@id":"https:\/\/www.ilcf.net\/es\/ilcf\/nuestras-ventajas\/un-instituto-acreditado\/centro-acreditado-con-el-sello-qualite-fle\/#breadcrumb"},"inLanguage":"es","potentialAction":[{"@type":"ReadAction","target":["https:\/\/www.ilcf.net\/es\/ilcf\/nuestras-ventajas\/un-instituto-acreditado\/centro-acreditado-con-el-sello-qualite-fle\/"]}]},{"@type":"ImageObject","inLanguage":"es","@id":"https:\/\/www.ilcf.net\/es\/ilcf\/nuestras-ventajas\/un-instituto-acreditado\/centro-acreditado-con-el-sello-qualite-fle\/#primaryimage","url":"https:\/\/www.ilcf.net\/wp-content\/uploads\/sites\/20\/2020\/02\/header-ilcf-4.jpg","contentUrl":"https:\/\/www.ilcf.net\/wp-content\/uploads\/sites\/20\/2020\/02\/header-ilcf-4.jpg","width":1920,"height":575,"caption":"Header ILCF"},{"@type":"BreadcrumbList","@id":"https:\/\/www.ilcf.net\/es\/ilcf\/nuestras-ventajas\/un-instituto-acreditado\/centro-acreditado-con-el-sello-qualite-fle\/#breadcrumb","itemListElement":[{"@type":"ListItem","position":1,"name":"Accueil","item":"https:\/\/www.ilcf.net\/es\/"},{"@type":"ListItem","position":2,"name":"ILCF","item":"https:\/\/www.ilcf.net\/es\/ilcf\/"},{"@type":"ListItem","position":3,"name":"Nuestras ventajas","item":"https:\/\/www.ilcf.net\/es\/ilcf\/nuestras-ventajas\/"},{"@type":"ListItem","position":4,"name":"Un instituto acreditado","item":"https:\/\/www.ilcf.net\/es\/ilcf\/nuestras-ventajas\/un-instituto-acreditado\/"},{"@type":"ListItem","position":5,"name":"Centro acreditado con el sello Qualit\u00e9 FLE"}]},{"@type":"WebSite","@id":"https:\/\/www.ilcf.net\/es\/#website","url":"https:\/\/www.ilcf.net\/es\/","name":"ILCF - Institut de Langue et de Culture Fran\u00e7aises","description":"ILCF - Institut de Langue et de Culture Fran\u00e7aises","publisher":{"@id":"https:\/\/www.ilcf.net\/es\/#organization"},"potentialAction":[{"@type":"SearchAction","target":{"@type":"EntryPoint","urlTemplate":"https:\/\/www.ilcf.net\/es\/?s={search_term_string}"},"query-input":{"@type":"PropertyValueSpecification","valueRequired":true,"valueName":"search_term_string"}}],"inLanguage":"es"},{"@type":"Organization","@id":"https:\/\/www.ilcf.net\/es\/#organization","name":"ILCF - Institut de Langue et de Culture Fran\u00e7aises","url":"https:\/\/www.ilcf.net\/es\/","logo":{"@type":"ImageObject","inLanguage":"es","@id":"https:\/\/www.ilcf.net\/es\/#\/schema\/logo\/image\/","url":"https:\/\/www.ilcf.net\/wp-content\/uploads\/sites\/20\/2019\/11\/ilcf_logo.svg","contentUrl":"https:\/\/www.ilcf.net\/wp-content\/uploads\/sites\/20\/2019\/11\/ilcf_logo.svg","caption":"ILCF - Institut de Langue et de Culture Fran\u00e7aises"},"image":{"@id":"https:\/\/www.ilcf.net\/es\/#\/schema\/logo\/image\/"}}]}},"_links":{"self":[{"href":"https:\/\/www.ilcf.net\/es\/wp-json\/wp\/v2\/pages\/5717","targetHints":{"allow":["GET"]}}],"collection":[{"href":"https:\/\/www.ilcf.net\/es\/wp-json\/wp\/v2\/pages"}],"about":[{"href":"https:\/\/www.ilcf.net\/es\/wp-json\/wp\/v2\/types\/page"}],"author":[{"embeddable":true,"href":"https:\/\/www.ilcf.net\/es\/wp-json\/wp\/v2\/users\/32"}],"replies":[{"embeddable":true,"href":"https:\/\/www.ilcf.net\/es\/wp-json\/wp\/v2\/comments?post=5717"}],"version-history":[{"count":3,"href":"https:\/\/www.ilcf.net\/es\/wp-json\/wp\/v2\/pages\/5717\/revisions"}],"predecessor-version":[{"id":26092,"href":"https:\/\/www.ilcf.net\/es\/wp-json\/wp\/v2\/pages\/5717\/revisions\/26092"}],"up":[{"embeddable":true,"href":"https:\/\/www.ilcf.net\/es\/wp-json\/wp\/v2\/pages\/5711"}],"wp:featuredmedia":[{"embeddable":true,"href":"https:\/\/www.ilcf.net\/es\/wp-json\/wp\/v2\/media\/6933"}],"wp:attachment":[{"href":"https:\/\/www.ilcf.net\/es\/wp-json\/wp\/v2\/media?parent=5717"}],"curies":[{"name":"wp","href":"https:\/\/api.w.org\/{rel}","templated":true}]}}