{"id":5711,"date":"2019-11-13T13:44:33","date_gmt":"2019-11-13T12:44:33","guid":{"rendered":"https:\/\/www.ilcf.net\/?page_id=5711"},"modified":"2020-02-05T16:33:09","modified_gmt":"2020-02-05T15:33:09","slug":"un-instituto-acreditado","status":"publish","type":"page","link":"https:\/\/www.ilcf.net\/es\/ilcf\/nuestras-ventajas\/un-instituto-acreditado\/","title":{"rendered":"Un instituto acreditado"},"content":{"rendered":"<div class=\"wp-block-text-image\">\n  <div class=\"row align-bottom collapse\">\n    <div class=\"column small-12 medium-6 xlarge-5 xxlarge-expand wp-block-text-image-info js-fade-scroll\">\n      <p class=\"wp-block-text-image-title\">Centro acreditado con el sello Qualit\u00e9 FLE<\/p>\n      <div class=\"wp-block-text-image-intro\"><p>El ILCF ha obtenido la acreditaci\u00f3n \u00abQualit\u00e9 Fran\u00e7ais Langue \u00c9trang\u00e8re\u00bb garantiza la calidad de nuestros services y nuestra excelencia acad\u00e9mica.<\/p>\n<p>&nbsp;<\/p>\n<p><a href=\"https:\/\/www.ilcf.net\/es\/ilcf\/nuestras-ventajas\/un-instituto-acreditado\/centro-acreditado-con-el-sello-qualite-fle\/\" target=\"_blank\" rel=\"noopener\" target=\"_blank\" rel=\"noopener\"><span class=\"button\"><strong>Obtener\u00a0m\u00e1s\u00a0informaci\u00f3n<\/strong><\/span><\/a><\/p>\n<\/div>\n    <\/div>\n\n    <div class=\"column small-12 medium-6 xlarge-7 xxlarge-shrink wp-block-text-image-picture js-fade-scroll\">\n      <img loading=\"lazy\" decoding=\"async\" width=\"577\" height=\"385\" src=\"https:\/\/www.ilcf.net\/wp-content\/uploads\/sites\/20\/2020\/02\/qualite-fle-visuel.jpg\" class=\"attachment-text_image size-text_image\" alt=\"\" srcset=\"https:\/\/www.ilcf.net\/wp-content\/uploads\/sites\/20\/2020\/02\/qualite-fle-visuel.jpg 577w, https:\/\/www.ilcf.net\/wp-content\/uploads\/sites\/20\/2020\/02\/qualite-fle-visuel-210x140.jpg 210w, https:\/\/www.ilcf.net\/wp-content\/uploads\/sites\/20\/2020\/02\/qualite-fle-visuel-550x366.jpg 550w\" sizes=\"auto, (max-width: 577px) 100vw, 577px\" \/>    <\/div>\n  <\/div>\n<\/div><div class=\"wp-block-text-image\">\n  <div class=\"row align-bottom collapse\">\n    <div class=\"column small-12 medium-6 xlarge-5 xxlarge-expand wp-block-text-image-info js-fade-scroll\">\n      <p class=\"wp-block-text-image-title\">Club UNESCO<\/p>\n      <div class=\"wp-block-text-image-intro\"><p>Mientras que Lyon est\u00e1 declarada como Patrimonio Mundial de la UNESCO, el ILCF de Lyon cuenta, por su parte, con el reconocimiento Club UNESCO, ya que defiende desde hace a\u00f1os al ideal de igualdad, respeto, tolerancia y comprensi\u00f3n entre las culturas promovido por la UNESCO.<\/p>\n<p>&nbsp;<\/p>\n<p><a href=\"https:\/\/www.ilcf.net\/es\/ilcf\/nuestras-ventajas\/un-instituto-acreditado\/club-unesco\/\" target=\"_blank\" rel=\"noopener\" target=\"_blank\" rel=\"noopener\"><span class=\"button\"><strong>Obtener\u00a0m\u00e1s\u00a0informaci\u00f3n<\/strong><\/span><\/a><\/p>\n<\/div>\n    <\/div>\n\n    <div class=\"column small-12 medium-6 xlarge-7 xxlarge-shrink wp-block-text-image-picture js-fade-scroll\">\n      <img loading=\"lazy\" decoding=\"async\" width=\"577\" height=\"385\" src=\"https:\/\/www.ilcf.net\/wp-content\/uploads\/sites\/20\/2020\/02\/unesco-visuel.jpg\" class=\"attachment-text_image size-text_image\" alt=\"Club UNESCO\" srcset=\"https:\/\/www.ilcf.net\/wp-content\/uploads\/sites\/20\/2020\/02\/unesco-visuel.jpg 577w, https:\/\/www.ilcf.net\/wp-content\/uploads\/sites\/20\/2020\/02\/unesco-visuel-210x140.jpg 210w, https:\/\/www.ilcf.net\/wp-content\/uploads\/sites\/20\/2020\/02\/unesco-visuel-550x366.jpg 550w\" sizes=\"auto, (max-width: 577px) 100vw, 577px\" \/>    <\/div>\n  <\/div>\n<\/div><div class=\"wp-block-text-image\">\n  <div class=\"row align-bottom collapse\">\n    <div class=\"column small-12 medium-6 xlarge-5 xxlarge-expand wp-block-text-image-info js-fade-scroll\">\n      <p class=\"wp-block-text-image-title\">Campus France<\/p>\n      <div class=\"wp-block-text-image-intro\"><p><strong>\u00a1\u00a0Una red de m\u00e1s de 200 Espacios Campus France en el mundo !<\/strong><\/p>\n<p>&nbsp;<\/p>\n<p><a href=\"https:\/\/www.ilcf.net\/es\/ilcf\/nuestras-ventajas\/un-instituto-acreditado\/campus-france\/\" target=\"_blank\" rel=\"noopener\" target=\"_blank\" rel=\"noopener\"><span class=\"button\"><strong>Obtener\u00a0m\u00e1s\u00a0informaci\u00f3n<\/strong><\/span><\/a><\/p>\n<\/div>\n    <\/div>\n\n    <div class=\"column small-12 medium-6 xlarge-7 xxlarge-shrink wp-block-text-image-picture js-fade-scroll\">\n      <img loading=\"lazy\" decoding=\"async\" width=\"577\" height=\"385\" src=\"https:\/\/www.ilcf.net\/wp-content\/uploads\/sites\/20\/2020\/02\/campus-france-visuel.jpg\" class=\"attachment-text_image size-text_image\" alt=\"\" srcset=\"https:\/\/www.ilcf.net\/wp-content\/uploads\/sites\/20\/2020\/02\/campus-france-visuel.jpg 577w, https:\/\/www.ilcf.net\/wp-content\/uploads\/sites\/20\/2020\/02\/campus-france-visuel-210x140.jpg 210w, https:\/\/www.ilcf.net\/wp-content\/uploads\/sites\/20\/2020\/02\/campus-france-visuel-550x366.jpg 550w\" sizes=\"auto, (max-width: 577px) 100vw, 577px\" \/>    <\/div>\n  <\/div>\n<\/div>","protected":false},"excerpt":{"rendered":"","protected":false},"author":32,"featured_media":6520,"parent":5704,"menu_order":0,"comment_status":"closed","ping_status":"closed","template":"","meta":{"_acf_changed":false,"footnotes":""},"class_list":["post-5711","page","type-page","status-publish","has-post-thumbnail","hentry"],"acf":[],"yoast_head":"<!-- This site is optimized with the Yoast SEO plugin v24.1 - https:\/\/yoast.com\/wordpress\/plugins\/seo\/ -->\n<title>Un instituto acreditado - ILCF - Institut de Langue et de Culture Fran\u00e7aises<\/title>\n<meta name=\"robots\" content=\"index, follow, max-snippet:-1, max-image-preview:large, max-video-preview:-1\" \/>\n<link rel=\"canonical\" href=\"https:\/\/www.ilcf.net\/es\/ilcf\/nuestras-ventajas\/un-instituto-acreditado\/\" \/>\n<meta property=\"og:locale\" content=\"es_ES\" \/>\n<meta property=\"og:type\" content=\"article\" \/>\n<meta property=\"og:title\" content=\"Un instituto acreditado - ILCF - Institut de Langue et de Culture Fran\u00e7aises\" \/>\n<meta property=\"og:url\" content=\"https:\/\/www.ilcf.net\/es\/ilcf\/nuestras-ventajas\/un-instituto-acreditado\/\" \/>\n<meta property=\"og:site_name\" content=\"ILCF - Institut de Langue et de Culture Fran\u00e7aises\" \/>\n<meta property=\"article:modified_time\" content=\"2020-02-05T15:33:09+00:00\" \/>\n<meta property=\"og:image\" content=\"https:\/\/www.ilcf.net\/wp-content\/uploads\/sites\/20\/2020\/02\/header-institut-labellise.jpg\" \/>\n\t<meta property=\"og:image:width\" content=\"1920\" \/>\n\t<meta property=\"og:image:height\" content=\"575\" \/>\n\t<meta property=\"og:image:type\" content=\"image\/jpeg\" \/>\n<meta name=\"twitter:card\" content=\"summary_large_image\" \/>\n<script type=\"application\/ld+json\" class=\"yoast-schema-graph\">{\"@context\":\"https:\/\/schema.org\",\"@graph\":[{\"@type\":\"WebPage\",\"@id\":\"https:\/\/www.ilcf.net\/es\/ilcf\/nuestras-ventajas\/un-instituto-acreditado\/\",\"url\":\"https:\/\/www.ilcf.net\/es\/ilcf\/nuestras-ventajas\/un-instituto-acreditado\/\",\"name\":\"Un instituto acreditado - ILCF - Institut de Langue et de Culture Fran\u00e7aises\",\"isPartOf\":{\"@id\":\"https:\/\/www.ilcf.net\/es\/#website\"},\"primaryImageOfPage\":{\"@id\":\"https:\/\/www.ilcf.net\/es\/ilcf\/nuestras-ventajas\/un-instituto-acreditado\/#primaryimage\"},\"image\":{\"@id\":\"https:\/\/www.ilcf.net\/es\/ilcf\/nuestras-ventajas\/un-instituto-acreditado\/#primaryimage\"},\"thumbnailUrl\":\"https:\/\/www.ilcf.net\/wp-content\/uploads\/sites\/20\/2020\/02\/header-institut-labellise.jpg\",\"datePublished\":\"2019-11-13T12:44:33+00:00\",\"dateModified\":\"2020-02-05T15:33:09+00:00\",\"breadcrumb\":{\"@id\":\"https:\/\/www.ilcf.net\/es\/ilcf\/nuestras-ventajas\/un-instituto-acreditado\/#breadcrumb\"},\"inLanguage\":\"es\",\"potentialAction\":[{\"@type\":\"ReadAction\",\"target\":[\"https:\/\/www.ilcf.net\/es\/ilcf\/nuestras-ventajas\/un-instituto-acreditado\/\"]}]},{\"@type\":\"ImageObject\",\"inLanguage\":\"es\",\"@id\":\"https:\/\/www.ilcf.net\/es\/ilcf\/nuestras-ventajas\/un-instituto-acreditado\/#primaryimage\",\"url\":\"https:\/\/www.ilcf.net\/wp-content\/uploads\/sites\/20\/2020\/02\/header-institut-labellise.jpg\",\"contentUrl\":\"https:\/\/www.ilcf.net\/wp-content\/uploads\/sites\/20\/2020\/02\/header-institut-labellise.jpg\",\"width\":1920,\"height\":575,\"caption\":\"Institut labell\u00e9lis\u00e9\"},{\"@type\":\"BreadcrumbList\",\"@id\":\"https:\/\/www.ilcf.net\/es\/ilcf\/nuestras-ventajas\/un-instituto-acreditado\/#breadcrumb\",\"itemListElement\":[{\"@type\":\"ListItem\",\"position\":1,\"name\":\"Accueil\",\"item\":\"https:\/\/www.ilcf.net\/es\/\"},{\"@type\":\"ListItem\",\"position\":2,\"name\":\"ILCF\",\"item\":\"https:\/\/www.ilcf.net\/es\/ilcf\/\"},{\"@type\":\"ListItem\",\"position\":3,\"name\":\"Nuestras ventajas\",\"item\":\"https:\/\/www.ilcf.net\/es\/ilcf\/nuestras-ventajas\/\"},{\"@type\":\"ListItem\",\"position\":4,\"name\":\"Un instituto acreditado\"}]},{\"@type\":\"WebSite\",\"@id\":\"https:\/\/www.ilcf.net\/es\/#website\",\"url\":\"https:\/\/www.ilcf.net\/es\/\",\"name\":\"ILCF - Institut de Langue et de Culture Fran\u00e7aises\",\"description\":\"ILCF - Institut de Langue et de Culture Fran\u00e7aises\",\"publisher\":{\"@id\":\"https:\/\/www.ilcf.net\/es\/#organization\"},\"potentialAction\":[{\"@type\":\"SearchAction\",\"target\":{\"@type\":\"EntryPoint\",\"urlTemplate\":\"https:\/\/www.ilcf.net\/es\/?s={search_term_string}\"},\"query-input\":{\"@type\":\"PropertyValueSpecification\",\"valueRequired\":true,\"valueName\":\"search_term_string\"}}],\"inLanguage\":\"es\"},{\"@type\":\"Organization\",\"@id\":\"https:\/\/www.ilcf.net\/es\/#organization\",\"name\":\"ILCF - Institut de Langue et de Culture Fran\u00e7aises\",\"url\":\"https:\/\/www.ilcf.net\/es\/\",\"logo\":{\"@type\":\"ImageObject\",\"inLanguage\":\"es\",\"@id\":\"https:\/\/www.ilcf.net\/es\/#\/schema\/logo\/image\/\",\"url\":\"https:\/\/www.ilcf.net\/wp-content\/uploads\/sites\/20\/2019\/11\/ilcf_logo.svg\",\"contentUrl\":\"https:\/\/www.ilcf.net\/wp-content\/uploads\/sites\/20\/2019\/11\/ilcf_logo.svg\",\"caption\":\"ILCF - Institut de Langue et de Culture Fran\u00e7aises\"},\"image\":{\"@id\":\"https:\/\/www.ilcf.net\/es\/#\/schema\/logo\/image\/\"}}]}<\/script>\n<!-- \/ Yoast SEO plugin. -->","yoast_head_json":{"title":"Un instituto acreditado - ILCF - Institut de Langue et de Culture Fran\u00e7aises","robots":{"index":"index","follow":"follow","max-snippet":"max-snippet:-1","max-image-preview":"max-image-preview:large","max-video-preview":"max-video-preview:-1"},"canonical":"https:\/\/www.ilcf.net\/es\/ilcf\/nuestras-ventajas\/un-instituto-acreditado\/","og_locale":"es_ES","og_type":"article","og_title":"Un instituto acreditado - ILCF - Institut de Langue et de Culture Fran\u00e7aises","og_url":"https:\/\/www.ilcf.net\/es\/ilcf\/nuestras-ventajas\/un-instituto-acreditado\/","og_site_name":"ILCF - Institut de Langue et de Culture Fran\u00e7aises","article_modified_time":"2020-02-05T15:33:09+00:00","og_image":[{"width":1920,"height":575,"url":"https:\/\/www.ilcf.net\/wp-content\/uploads\/sites\/20\/2020\/02\/header-institut-labellise.jpg","type":"image\/jpeg"}],"twitter_card":"summary_large_image","schema":{"@context":"https:\/\/schema.org","@graph":[{"@type":"WebPage","@id":"https:\/\/www.ilcf.net\/es\/ilcf\/nuestras-ventajas\/un-instituto-acreditado\/","url":"https:\/\/www.ilcf.net\/es\/ilcf\/nuestras-ventajas\/un-instituto-acreditado\/","name":"Un instituto acreditado - ILCF - Institut de Langue et de Culture Fran\u00e7aises","isPartOf":{"@id":"https:\/\/www.ilcf.net\/es\/#website"},"primaryImageOfPage":{"@id":"https:\/\/www.ilcf.net\/es\/ilcf\/nuestras-ventajas\/un-instituto-acreditado\/#primaryimage"},"image":{"@id":"https:\/\/www.ilcf.net\/es\/ilcf\/nuestras-ventajas\/un-instituto-acreditado\/#primaryimage"},"thumbnailUrl":"https:\/\/www.ilcf.net\/wp-content\/uploads\/sites\/20\/2020\/02\/header-institut-labellise.jpg","datePublished":"2019-11-13T12:44:33+00:00","dateModified":"2020-02-05T15:33:09+00:00","breadcrumb":{"@id":"https:\/\/www.ilcf.net\/es\/ilcf\/nuestras-ventajas\/un-instituto-acreditado\/#breadcrumb"},"inLanguage":"es","potentialAction":[{"@type":"ReadAction","target":["https:\/\/www.ilcf.net\/es\/ilcf\/nuestras-ventajas\/un-instituto-acreditado\/"]}]},{"@type":"ImageObject","inLanguage":"es","@id":"https:\/\/www.ilcf.net\/es\/ilcf\/nuestras-ventajas\/un-instituto-acreditado\/#primaryimage","url":"https:\/\/www.ilcf.net\/wp-content\/uploads\/sites\/20\/2020\/02\/header-institut-labellise.jpg","contentUrl":"https:\/\/www.ilcf.net\/wp-content\/uploads\/sites\/20\/2020\/02\/header-institut-labellise.jpg","width":1920,"height":575,"caption":"Institut labell\u00e9lis\u00e9"},{"@type":"BreadcrumbList","@id":"https:\/\/www.ilcf.net\/es\/ilcf\/nuestras-ventajas\/un-instituto-acreditado\/#breadcrumb","itemListElement":[{"@type":"ListItem","position":1,"name":"Accueil","item":"https:\/\/www.ilcf.net\/es\/"},{"@type":"ListItem","position":2,"name":"ILCF","item":"https:\/\/www.ilcf.net\/es\/ilcf\/"},{"@type":"ListItem","position":3,"name":"Nuestras ventajas","item":"https:\/\/www.ilcf.net\/es\/ilcf\/nuestras-ventajas\/"},{"@type":"ListItem","position":4,"name":"Un instituto acreditado"}]},{"@type":"WebSite","@id":"https:\/\/www.ilcf.net\/es\/#website","url":"https:\/\/www.ilcf.net\/es\/","name":"ILCF - Institut de Langue et de Culture Fran\u00e7aises","description":"ILCF - Institut de Langue et de Culture Fran\u00e7aises","publisher":{"@id":"https:\/\/www.ilcf.net\/es\/#organization"},"potentialAction":[{"@type":"SearchAction","target":{"@type":"EntryPoint","urlTemplate":"https:\/\/www.ilcf.net\/es\/?s={search_term_string}"},"query-input":{"@type":"PropertyValueSpecification","valueRequired":true,"valueName":"search_term_string"}}],"inLanguage":"es"},{"@type":"Organization","@id":"https:\/\/www.ilcf.net\/es\/#organization","name":"ILCF - Institut de Langue et de Culture Fran\u00e7aises","url":"https:\/\/www.ilcf.net\/es\/","logo":{"@type":"ImageObject","inLanguage":"es","@id":"https:\/\/www.ilcf.net\/es\/#\/schema\/logo\/image\/","url":"https:\/\/www.ilcf.net\/wp-content\/uploads\/sites\/20\/2019\/11\/ilcf_logo.svg","contentUrl":"https:\/\/www.ilcf.net\/wp-content\/uploads\/sites\/20\/2019\/11\/ilcf_logo.svg","caption":"ILCF - Institut de Langue et de Culture Fran\u00e7aises"},"image":{"@id":"https:\/\/www.ilcf.net\/es\/#\/schema\/logo\/image\/"}}]}},"_links":{"self":[{"href":"https:\/\/www.ilcf.net\/es\/wp-json\/wp\/v2\/pages\/5711","targetHints":{"allow":["GET"]}}],"collection":[{"href":"https:\/\/www.ilcf.net\/es\/wp-json\/wp\/v2\/pages"}],"about":[{"href":"https:\/\/www.ilcf.net\/es\/wp-json\/wp\/v2\/types\/page"}],"author":[{"embeddable":true,"href":"https:\/\/www.ilcf.net\/es\/wp-json\/wp\/v2\/users\/32"}],"replies":[{"embeddable":true,"href":"https:\/\/www.ilcf.net\/es\/wp-json\/wp\/v2\/comments?post=5711"}],"version-history":[{"count":7,"href":"https:\/\/www.ilcf.net\/es\/wp-json\/wp\/v2\/pages\/5711\/revisions"}],"predecessor-version":[{"id":6637,"href":"https:\/\/www.ilcf.net\/es\/wp-json\/wp\/v2\/pages\/5711\/revisions\/6637"}],"up":[{"embeddable":true,"href":"https:\/\/www.ilcf.net\/es\/wp-json\/wp\/v2\/pages\/5704"}],"wp:featuredmedia":[{"embeddable":true,"href":"https:\/\/www.ilcf.net\/es\/wp-json\/wp\/v2\/media\/6520"}],"wp:attachment":[{"href":"https:\/\/www.ilcf.net\/es\/wp-json\/wp\/v2\/media?parent=5711"}],"curies":[{"name":"wp","href":"https:\/\/api.w.org\/{rel}","templated":true}]}}