{"id":5687,"date":"2019-11-13T17:08:42","date_gmt":"2019-11-13T16:08:42","guid":{"rendered":"https:\/\/www.ilcf.net\/?page_id=5687"},"modified":"2025-10-02T16:14:46","modified_gmt":"2025-10-02T14:14:46","slug":"inscripcion-a-una-sesion-de-examenes","status":"publish","type":"page","link":"https:\/\/www.ilcf.net\/es\/quien-es-usted\/candidato-en-un-examen\/inscripcion-a-una-sesion-de-examenes\/","title":{"rendered":"Inscripci\u00f3n a una sesi\u00f3n de examenes DELF DALF"},"content":{"rendered":"<p>Para realizar un examen DELF DALF en el ILCF, lea el calendario de ex\u00e1menes y reg\u00edstrese en el sitio o en l\u00ednea.<\/p><h3 class=\"wp-block-heading\">SESI\u00d3N DELF DALF DE NOVIEMBRE DE 2023<\/h3><p>La inscripci\u00f3n tendr\u00e1 lugar in situ en la secretar\u00eda del ILCF el lunes 16 de octubre y en l\u00ednea el lunes 16, el martes 17 y el miercoles 18 de octubre (sujeto a disponibilidad).<\/p><div class=\"wp-block-separator js-fade-scroll\"><\/div><h2 class=\"wp-block-heading\">\u00bfC\u00f3mo me matriculo en un examen?<\/h2><p>Para cualquier inscripci\u00f3n a una sesi\u00f3n DELF o DALF :<\/p><h3 class=\"wp-block-heading\"><strong>Paso 1 : <\/strong><\/h3><p>Encuentre las tarifas en nuestra p\u00e1gina dedicada :&nbsp;<a href=\"https:\/\/www.ilcf.net\/es\/quien-es-usted\/candidato-en-un-examen\/fechas-y-tarifas-de-los-examenes\/\" target=\"_blank\" rel=\"noreferrer noopener\" aria-label=\"Fechas y tarifas (s\u2019ouvre dans un nouvel onglet)\">Fechas y tarifas<\/a> <\/p><h3 class=\"wp-block-heading\"><strong>Paso 2 :<\/strong><\/h3><ul class=\"wp-block-list\"><li>Puede inscribirse directamente in situ en la oficina ILCF : 23, Place Carnot 69002 Lyon <\/li>\n\n<li>Puede rellenar un formulario de pre-inscripci\u00f3n <a href=\"https:\/\/inscriptions.ucly.fr\/?orga=LC2\">en linea<\/a><\/li><\/ul><div class=\"wp-block-button js-fade-scroll\">\n\n    <a href=\"https:\/\/atlas.ucly.fr\/atlas\/!formInscrs.connection?ww_c_formulaire=CANDIDATURE&ww_x_infos=ILCF_DET-DELF\" target=\"_blank\" title=\"Preinscribirse para el examen DELF (A2, B1, B2)\" class=\"button primary\">Preinscribirse para el examen DELF (A2, B1, B2)<\/a>\n\n  <\/div><div class=\"wp-block-button js-fade-scroll\">\n\n    <a href=\"https:\/\/atlas.ucly.fr\/atlas\/!formInscrs.connection?ww_c_formulaire=CANDIDATURE&ww_x_infos=ILCF_DET-DALF\" target=\"\" title=\"Preinscribirse para el examen DALF (C1)\" class=\"button primary\">Preinscribirse para el examen DALF (C1)<\/a>\n\n  <\/div><div class=\"wp-block-cross-content js-fade-scroll\">\n    <p class=\"wp-block-cross-content-title\"><\/p>\n            <div class=\"row wp-block-cross-content-row\">\n                                <div class=\"column small-12 medium-6 large-4 wp-block-cross-content-col\">\n                        <a class=\"wp-block-cross-content-top\" href=\"https:\/\/www.ilcf.net\/es\/quien-es-usted\/candidato-en-un-examen\/delf-diploma-de-estudios-en-lengua-francesa\/\" title=\"DELF - Diploma de Estudios en Lengua Francesa\">\n                            <span class=\"wp-block-cross-content-name\">DELF - Diploma de Estudios en Lengua Francesa<\/span>\n                            <span class=\"wp-block-cross-content-image\"><img loading=\"lazy\" decoding=\"async\" width=\"630\" height=\"570\" src=\"https:\/\/www.ilcf.net\/wp-content\/uploads\/sites\/20\/2019\/12\/header-delf-630x570.jpg\" class=\" wp-post-image\" alt=\"\" \/><\/span>\n                            <span class=\"wp-block-cross-content-more\">\n                                <span class=\"icon-more\"><\/span>\n                            <\/span>\n                        <\/a>\n                        <div class=\"wp-block-cross-content-excerpt\"><\/div>\n                    <\/div>\n                                                <div class=\"column small-12 medium-6 large-4 wp-block-cross-content-col\">\n                        <a class=\"wp-block-cross-content-top\" href=\"https:\/\/www.ilcf.net\/es\/quien-es-usted\/candidato-en-un-examen\/dalf-diploma-avanzado-en-lengua-francesa\/\" title=\"DALF - Diploma Avanzado en Lengua Francesa\">\n                            <span class=\"wp-block-cross-content-name\">DALF - Diploma Avanzado en Lengua Francesa<\/span>\n                            <span class=\"wp-block-cross-content-image\"><img loading=\"lazy\" decoding=\"async\" width=\"630\" height=\"570\" src=\"https:\/\/www.ilcf.net\/wp-content\/uploads\/sites\/20\/2019\/12\/header-dalf-v2-scaled-630x570.jpg\" class=\" wp-post-image\" alt=\"\" \/><\/span>\n                            <span class=\"wp-block-cross-content-more\">\n                                <span class=\"icon-more\"><\/span>\n                            <\/span>\n                        <\/a>\n                        <div class=\"wp-block-cross-content-excerpt\"><\/div>\n                    <\/div>\n                                                <div class=\"column small-12 medium-6 large-4 wp-block-cross-content-col\">\n                        <a class=\"wp-block-cross-content-top\" href=\"https:\/\/www.ilcf.net\/es\/quien-es-usted\/candidato-en-un-examen\/resultados-examenes-delf-dalf\/\" title=\"Resultados de los ex\u00e1menes DELF DALF\">\n                            <span class=\"wp-block-cross-content-name\">Resultados de los ex\u00e1menes DELF DALF<\/span>\n                            <span class=\"wp-block-cross-content-image\"><img loading=\"lazy\" decoding=\"async\" width=\"630\" height=\"570\" src=\"https:\/\/www.ilcf.net\/wp-content\/uploads\/sites\/20\/2019\/12\/header-candidat-admis-630x570.jpg\" class=\" wp-post-image\" alt=\"R\u00e9sultats examens DELF DALF\" \/><\/span>\n                            <span class=\"wp-block-cross-content-more\">\n                                <span class=\"icon-more\"><\/span>\n                            <\/span>\n                        <\/a>\n                        <div class=\"wp-block-cross-content-excerpt\"><p>Acceda a los resultados de los ex\u00e1menes del Centro oficial de ex\u00e1menes del ILCF : DELF y DALF<\/p>\n<\/div>\n                    <\/div>\n                                    <\/div>\n    <\/div>","protected":false},"excerpt":{"rendered":"<p>Para realizar un examen DELF DALF en el ILCF, lea el calendario de ex\u00e1menes y reg\u00edstrese en el sitio o en l\u00ednea.SESI\u00d3N DELF DALF [&hellip;]<\/p>\n","protected":false},"author":32,"featured_media":5411,"parent":5629,"menu_order":5,"comment_status":"closed","ping_status":"closed","template":"","meta":{"_acf_changed":false,"footnotes":""},"class_list":["post-5687","page","type-page","status-publish","has-post-thumbnail","hentry"],"acf":[],"yoast_head":"<!-- This site is optimized with the Yoast SEO plugin v24.1 - https:\/\/yoast.com\/wordpress\/plugins\/seo\/ -->\n<title>Inscripci\u00f3n a una sesi\u00f3n de examenes DELF DALF - ILCF - Institut de Langue et de Culture Fran\u00e7aises<\/title>\n<meta name=\"robots\" content=\"index, follow, max-snippet:-1, max-image-preview:large, max-video-preview:-1\" \/>\n<link rel=\"canonical\" href=\"https:\/\/www.ilcf.net\/es\/quien-es-usted\/candidato-en-un-examen\/inscripcion-a-una-sesion-de-examenes\/\" \/>\n<meta property=\"og:locale\" content=\"es_ES\" \/>\n<meta property=\"og:type\" content=\"article\" \/>\n<meta property=\"og:title\" content=\"Inscripci\u00f3n a una sesi\u00f3n de examenes DELF DALF - ILCF - Institut de Langue et de Culture Fran\u00e7aises\" \/>\n<meta property=\"og:description\" content=\"Para realizar un examen DELF DALF en el ILCF, lea el calendario de ex\u00e1menes y reg\u00edstrese en el sitio o en l\u00ednea.SESI\u00d3N DELF DALF [&hellip;]\" \/>\n<meta property=\"og:url\" content=\"https:\/\/www.ilcf.net\/es\/quien-es-usted\/candidato-en-un-examen\/inscripcion-a-una-sesion-de-examenes\/\" \/>\n<meta property=\"og:site_name\" content=\"ILCF - Institut de Langue et de Culture Fran\u00e7aises\" \/>\n<meta property=\"article:modified_time\" content=\"2025-10-02T14:14:46+00:00\" \/>\n<meta property=\"og:image\" content=\"https:\/\/www.ilcf.net\/wp-content\/uploads\/sites\/20\/2019\/11\/centre-des-examens-ilcf.jpg\" \/>\n\t<meta property=\"og:image:width\" content=\"1920\" \/>\n\t<meta property=\"og:image:height\" content=\"575\" \/>\n\t<meta property=\"og:image:type\" content=\"image\/jpeg\" \/>\n<meta name=\"twitter:card\" content=\"summary_large_image\" \/>\n<meta name=\"twitter:label1\" content=\"Tiempo de lectura\" \/>\n\t<meta name=\"twitter:data1\" content=\"1 minuto\" \/>\n<script type=\"application\/ld+json\" class=\"yoast-schema-graph\">{\"@context\":\"https:\/\/schema.org\",\"@graph\":[{\"@type\":\"WebPage\",\"@id\":\"https:\/\/www.ilcf.net\/es\/quien-es-usted\/candidato-en-un-examen\/inscripcion-a-una-sesion-de-examenes\/\",\"url\":\"https:\/\/www.ilcf.net\/es\/quien-es-usted\/candidato-en-un-examen\/inscripcion-a-una-sesion-de-examenes\/\",\"name\":\"Inscripci\u00f3n a una sesi\u00f3n de examenes DELF DALF - ILCF - Institut de Langue et de Culture Fran\u00e7aises\",\"isPartOf\":{\"@id\":\"https:\/\/www.ilcf.net\/es\/#website\"},\"primaryImageOfPage\":{\"@id\":\"https:\/\/www.ilcf.net\/es\/quien-es-usted\/candidato-en-un-examen\/inscripcion-a-una-sesion-de-examenes\/#primaryimage\"},\"image\":{\"@id\":\"https:\/\/www.ilcf.net\/es\/quien-es-usted\/candidato-en-un-examen\/inscripcion-a-una-sesion-de-examenes\/#primaryimage\"},\"thumbnailUrl\":\"https:\/\/www.ilcf.net\/wp-content\/uploads\/sites\/20\/2019\/11\/centre-des-examens-ilcf.jpg\",\"datePublished\":\"2019-11-13T16:08:42+00:00\",\"dateModified\":\"2025-10-02T14:14:46+00:00\",\"breadcrumb\":{\"@id\":\"https:\/\/www.ilcf.net\/es\/quien-es-usted\/candidato-en-un-examen\/inscripcion-a-una-sesion-de-examenes\/#breadcrumb\"},\"inLanguage\":\"es\",\"potentialAction\":[{\"@type\":\"ReadAction\",\"target\":[\"https:\/\/www.ilcf.net\/es\/quien-es-usted\/candidato-en-un-examen\/inscripcion-a-una-sesion-de-examenes\/\"]}]},{\"@type\":\"ImageObject\",\"inLanguage\":\"es\",\"@id\":\"https:\/\/www.ilcf.net\/es\/quien-es-usted\/candidato-en-un-examen\/inscripcion-a-una-sesion-de-examenes\/#primaryimage\",\"url\":\"https:\/\/www.ilcf.net\/wp-content\/uploads\/sites\/20\/2019\/11\/centre-des-examens-ilcf.jpg\",\"contentUrl\":\"https:\/\/www.ilcf.net\/wp-content\/uploads\/sites\/20\/2019\/11\/centre-des-examens-ilcf.jpg\",\"width\":1920,\"height\":575},{\"@type\":\"BreadcrumbList\",\"@id\":\"https:\/\/www.ilcf.net\/es\/quien-es-usted\/candidato-en-un-examen\/inscripcion-a-una-sesion-de-examenes\/#breadcrumb\",\"itemListElement\":[{\"@type\":\"ListItem\",\"position\":1,\"name\":\"Accueil\",\"item\":\"https:\/\/www.ilcf.net\/es\/\"},{\"@type\":\"ListItem\",\"position\":2,\"name\":\"\u00bfQui\u00e9n es usted?\",\"item\":\"https:\/\/www.ilcf.net\/es\/quien-es-usted\/\"},{\"@type\":\"ListItem\",\"position\":3,\"name\":\"Candidato en un examen\",\"item\":\"https:\/\/www.ilcf.net\/es\/quien-es-usted\/candidato-en-un-examen\/\"},{\"@type\":\"ListItem\",\"position\":4,\"name\":\"Inscripci\u00f3n a una sesi\u00f3n de examenes DELF DALF\"}]},{\"@type\":\"WebSite\",\"@id\":\"https:\/\/www.ilcf.net\/es\/#website\",\"url\":\"https:\/\/www.ilcf.net\/es\/\",\"name\":\"ILCF - Institut de Langue et de Culture Fran\u00e7aises\",\"description\":\"ILCF - Institut de Langue et de Culture Fran\u00e7aises\",\"publisher\":{\"@id\":\"https:\/\/www.ilcf.net\/es\/#organization\"},\"potentialAction\":[{\"@type\":\"SearchAction\",\"target\":{\"@type\":\"EntryPoint\",\"urlTemplate\":\"https:\/\/www.ilcf.net\/es\/?s={search_term_string}\"},\"query-input\":{\"@type\":\"PropertyValueSpecification\",\"valueRequired\":true,\"valueName\":\"search_term_string\"}}],\"inLanguage\":\"es\"},{\"@type\":\"Organization\",\"@id\":\"https:\/\/www.ilcf.net\/es\/#organization\",\"name\":\"ILCF - Institut de Langue et de Culture Fran\u00e7aises\",\"url\":\"https:\/\/www.ilcf.net\/es\/\",\"logo\":{\"@type\":\"ImageObject\",\"inLanguage\":\"es\",\"@id\":\"https:\/\/www.ilcf.net\/es\/#\/schema\/logo\/image\/\",\"url\":\"https:\/\/www.ilcf.net\/wp-content\/uploads\/sites\/20\/2019\/11\/ilcf_logo.svg\",\"contentUrl\":\"https:\/\/www.ilcf.net\/wp-content\/uploads\/sites\/20\/2019\/11\/ilcf_logo.svg\",\"caption\":\"ILCF - Institut de Langue et de Culture Fran\u00e7aises\"},\"image\":{\"@id\":\"https:\/\/www.ilcf.net\/es\/#\/schema\/logo\/image\/\"}}]}<\/script>\n<!-- \/ Yoast SEO plugin. -->","yoast_head_json":{"title":"Inscripci\u00f3n a una sesi\u00f3n de examenes DELF DALF - ILCF - Institut de Langue et de Culture Fran\u00e7aises","robots":{"index":"index","follow":"follow","max-snippet":"max-snippet:-1","max-image-preview":"max-image-preview:large","max-video-preview":"max-video-preview:-1"},"canonical":"https:\/\/www.ilcf.net\/es\/quien-es-usted\/candidato-en-un-examen\/inscripcion-a-una-sesion-de-examenes\/","og_locale":"es_ES","og_type":"article","og_title":"Inscripci\u00f3n a una sesi\u00f3n de examenes DELF DALF - ILCF - Institut de Langue et de Culture Fran\u00e7aises","og_description":"Para realizar un examen DELF DALF en el ILCF, lea el calendario de ex\u00e1menes y reg\u00edstrese en el sitio o en l\u00ednea.SESI\u00d3N DELF DALF [&hellip;]","og_url":"https:\/\/www.ilcf.net\/es\/quien-es-usted\/candidato-en-un-examen\/inscripcion-a-una-sesion-de-examenes\/","og_site_name":"ILCF - Institut de Langue et de Culture Fran\u00e7aises","article_modified_time":"2025-10-02T14:14:46+00:00","og_image":[{"width":1920,"height":575,"url":"https:\/\/www.ilcf.net\/wp-content\/uploads\/sites\/20\/2019\/11\/centre-des-examens-ilcf.jpg","type":"image\/jpeg"}],"twitter_card":"summary_large_image","twitter_misc":{"Tiempo de lectura":"1 minuto"},"schema":{"@context":"https:\/\/schema.org","@graph":[{"@type":"WebPage","@id":"https:\/\/www.ilcf.net\/es\/quien-es-usted\/candidato-en-un-examen\/inscripcion-a-una-sesion-de-examenes\/","url":"https:\/\/www.ilcf.net\/es\/quien-es-usted\/candidato-en-un-examen\/inscripcion-a-una-sesion-de-examenes\/","name":"Inscripci\u00f3n a una sesi\u00f3n de examenes DELF DALF - ILCF - Institut de Langue et de Culture Fran\u00e7aises","isPartOf":{"@id":"https:\/\/www.ilcf.net\/es\/#website"},"primaryImageOfPage":{"@id":"https:\/\/www.ilcf.net\/es\/quien-es-usted\/candidato-en-un-examen\/inscripcion-a-una-sesion-de-examenes\/#primaryimage"},"image":{"@id":"https:\/\/www.ilcf.net\/es\/quien-es-usted\/candidato-en-un-examen\/inscripcion-a-una-sesion-de-examenes\/#primaryimage"},"thumbnailUrl":"https:\/\/www.ilcf.net\/wp-content\/uploads\/sites\/20\/2019\/11\/centre-des-examens-ilcf.jpg","datePublished":"2019-11-13T16:08:42+00:00","dateModified":"2025-10-02T14:14:46+00:00","breadcrumb":{"@id":"https:\/\/www.ilcf.net\/es\/quien-es-usted\/candidato-en-un-examen\/inscripcion-a-una-sesion-de-examenes\/#breadcrumb"},"inLanguage":"es","potentialAction":[{"@type":"ReadAction","target":["https:\/\/www.ilcf.net\/es\/quien-es-usted\/candidato-en-un-examen\/inscripcion-a-una-sesion-de-examenes\/"]}]},{"@type":"ImageObject","inLanguage":"es","@id":"https:\/\/www.ilcf.net\/es\/quien-es-usted\/candidato-en-un-examen\/inscripcion-a-una-sesion-de-examenes\/#primaryimage","url":"https:\/\/www.ilcf.net\/wp-content\/uploads\/sites\/20\/2019\/11\/centre-des-examens-ilcf.jpg","contentUrl":"https:\/\/www.ilcf.net\/wp-content\/uploads\/sites\/20\/2019\/11\/centre-des-examens-ilcf.jpg","width":1920,"height":575},{"@type":"BreadcrumbList","@id":"https:\/\/www.ilcf.net\/es\/quien-es-usted\/candidato-en-un-examen\/inscripcion-a-una-sesion-de-examenes\/#breadcrumb","itemListElement":[{"@type":"ListItem","position":1,"name":"Accueil","item":"https:\/\/www.ilcf.net\/es\/"},{"@type":"ListItem","position":2,"name":"\u00bfQui\u00e9n es usted?","item":"https:\/\/www.ilcf.net\/es\/quien-es-usted\/"},{"@type":"ListItem","position":3,"name":"Candidato en un examen","item":"https:\/\/www.ilcf.net\/es\/quien-es-usted\/candidato-en-un-examen\/"},{"@type":"ListItem","position":4,"name":"Inscripci\u00f3n a una sesi\u00f3n de examenes DELF DALF"}]},{"@type":"WebSite","@id":"https:\/\/www.ilcf.net\/es\/#website","url":"https:\/\/www.ilcf.net\/es\/","name":"ILCF - Institut de Langue et de Culture Fran\u00e7aises","description":"ILCF - Institut de Langue et de Culture Fran\u00e7aises","publisher":{"@id":"https:\/\/www.ilcf.net\/es\/#organization"},"potentialAction":[{"@type":"SearchAction","target":{"@type":"EntryPoint","urlTemplate":"https:\/\/www.ilcf.net\/es\/?s={search_term_string}"},"query-input":{"@type":"PropertyValueSpecification","valueRequired":true,"valueName":"search_term_string"}}],"inLanguage":"es"},{"@type":"Organization","@id":"https:\/\/www.ilcf.net\/es\/#organization","name":"ILCF - Institut de Langue et de Culture Fran\u00e7aises","url":"https:\/\/www.ilcf.net\/es\/","logo":{"@type":"ImageObject","inLanguage":"es","@id":"https:\/\/www.ilcf.net\/es\/#\/schema\/logo\/image\/","url":"https:\/\/www.ilcf.net\/wp-content\/uploads\/sites\/20\/2019\/11\/ilcf_logo.svg","contentUrl":"https:\/\/www.ilcf.net\/wp-content\/uploads\/sites\/20\/2019\/11\/ilcf_logo.svg","caption":"ILCF - Institut de Langue et de Culture Fran\u00e7aises"},"image":{"@id":"https:\/\/www.ilcf.net\/es\/#\/schema\/logo\/image\/"}}]}},"_links":{"self":[{"href":"https:\/\/www.ilcf.net\/es\/wp-json\/wp\/v2\/pages\/5687","targetHints":{"allow":["GET"]}}],"collection":[{"href":"https:\/\/www.ilcf.net\/es\/wp-json\/wp\/v2\/pages"}],"about":[{"href":"https:\/\/www.ilcf.net\/es\/wp-json\/wp\/v2\/types\/page"}],"author":[{"embeddable":true,"href":"https:\/\/www.ilcf.net\/es\/wp-json\/wp\/v2\/users\/32"}],"replies":[{"embeddable":true,"href":"https:\/\/www.ilcf.net\/es\/wp-json\/wp\/v2\/comments?post=5687"}],"version-history":[{"count":2,"href":"https:\/\/www.ilcf.net\/es\/wp-json\/wp\/v2\/pages\/5687\/revisions"}],"predecessor-version":[{"id":26191,"href":"https:\/\/www.ilcf.net\/es\/wp-json\/wp\/v2\/pages\/5687\/revisions\/26191"}],"up":[{"embeddable":true,"href":"https:\/\/www.ilcf.net\/es\/wp-json\/wp\/v2\/pages\/5629"}],"wp:featuredmedia":[{"embeddable":true,"href":"https:\/\/www.ilcf.net\/es\/wp-json\/wp\/v2\/media\/5411"}],"wp:attachment":[{"href":"https:\/\/www.ilcf.net\/es\/wp-json\/wp\/v2\/media?parent=5687"}],"curies":[{"name":"wp","href":"https:\/\/api.w.org\/{rel}","templated":true}]}}