{"id":5673,"date":"2019-11-14T09:25:13","date_gmt":"2019-11-14T08:25:13","guid":{"rendered":"https:\/\/www.ilcf.net\/?page_id=5673"},"modified":"2025-12-01T13:44:05","modified_gmt":"2025-12-01T12:44:05","slug":"contacta-con-nosotros","status":"publish","type":"page","link":"https:\/\/www.ilcf.net\/es\/informacion-practica\/contacta-con-nosotros\/","title":{"rendered":"Contacta con nosotros"},"content":{"rendered":"<h2 class=\"wp-block-heading\">Ponerse en contacto con ILCF<\/h2><p><a rel=\"noreferrer noopener\" aria-label=\"ilcf@univ-catholyon.fr  (s\u2019ouvre dans un nouvel onglet)\" href=\"mailto:ilcf@univ-catholyon.fr\" target=\"_blank\">ilcf@univ-catholyon.fr <\/a><\/p><h2 class=\"wp-block-heading\">Horario de oficina <\/h2><p><strong>El lunes: <\/strong>desde las 10h00 hasta las 12h30<br><strong>El martes:<\/strong> desde las 10h00 hasta las 16h00<br><strong>El miercoles:<\/strong> cerrado<br><strong>El jueves:<\/strong> desde las 10h00 hasta las 16h00<br><strong>El viernes<\/strong>: desde las 10h00 hasta las 12h30<\/p><h2 class=\"wp-block-heading\">Linea telefonica<\/h2><p><strong>Desde el lunes hasta el jueves :<\/strong> desde las 9:00 hasta las 12:00 y desde las 2:00 hasta las 5:00<br><strong>El viernes :<\/strong> desde las 9:00 hasta las 12:00 y desde las 2:00 hasta las 4:00<\/p><p>T\u00e9l. : 00 33 - (0)4 72 32 50 53 <\/p><h2 class=\"wp-block-heading\">Direccion de correo<\/h2><p>UCLy - ILCF&nbsp; Lyon<br>23, place Carnot<br>69286 Lyon Cedex 02<br>FRANCE <\/p><div class=\"wp-block-cross-content js-fade-scroll\">\n    <p class=\"wp-block-cross-content-title\"><\/p>\n            <div class=\"row wp-block-cross-content-row\">\n                                <div class=\"column small-12 medium-6 large-4 wp-block-cross-content-col\">\n                        <a class=\"wp-block-cross-content-top\" href=\"https:\/\/www.ilcf.net\/es\/pagina-de-inicio\/centro-oficial-de-examenes\/\" title=\"Centro oficial de ex\u00e1menes\">\n                            <span class=\"wp-block-cross-content-name\">Centro oficial de ex\u00e1menes<\/span>\n                            <span class=\"wp-block-cross-content-image\"><img loading=\"lazy\" decoding=\"async\" width=\"630\" height=\"570\" src=\"https:\/\/www.ilcf.net\/wp-content\/uploads\/sites\/20\/2020\/02\/header-examens-630x570.jpg\" class=\" wp-post-image\" alt=\"\" \/><\/span>\n                            <span class=\"wp-block-cross-content-more\">\n                                <span class=\"icon-more\"><\/span>\n                            <\/span>\n                        <\/a>\n                        <div class=\"wp-block-cross-content-excerpt\"><div class=\"QmZWSe\">\n<div class=\"DHcWmd\">\n<p><strong><\/strong><\/p>\n<p><strong><\/strong><\/p>\n<h2 class=\"wp-block-heading\"><span class=\"text-color-primary\"><span class=\"text-color-primary\">Toda la informaci\u00f3n sobre los ex\u00e1menes DELF, DALF y TCF<\/span><\/span><\/h2>\n<\/div>\n<\/div>\n<div class=\"oSioSc\">\n<div id=\"tw-target\">\n<div id=\"kAz1tf\" class=\"g9WsWb PZPZlf\" data-attrid=\"tw-targetArea\" data-entityname=\"Google Translate\">\n<div id=\"tw-target-text-container\" class=\"tw-ta-container F0azHf tw-nfl\" tabindex=\"0\" role=\"text\">\n<pre id=\"tw-target-text\" class=\"tw-data-text tw-text-large tw-ta\" dir=\"ltr\" data-placeholder=\"Translation\" data-ved=\"2ahUKEwjL59iUs6yKAxXI2gIHHVEaCFgQ3ewLegQIDBAT\" aria-label=\"Translated text: Nuestros ex\u00e1menes\"><span class=\"Y2IQFc\" lang=\"es\">\u00a0<\/span><\/pre>\n<\/div>\n<\/div>\n<\/div>\n<\/div>\n<\/div>\n                    <\/div>\n                                                <div class=\"column small-12 medium-6 large-4 wp-block-cross-content-col\">\n                        <a class=\"wp-block-cross-content-top\" href=\"https:\/\/www.ilcf.net\/es\/nuestros-programas\/todos-los-cursos-del-ilcf\/\" title=\"Todos los cursos del ILCF\">\n                            <span class=\"wp-block-cross-content-name\">Todos los cursos del ILCF<\/span>\n                            <span class=\"wp-block-cross-content-image\"><img loading=\"lazy\" decoding=\"async\" width=\"630\" height=\"570\" src=\"https:\/\/www.ilcf.net\/wp-content\/uploads\/sites\/20\/2019\/12\/header-ilcf-630x570.jpg\" class=\" wp-post-image\" alt=\"\" \/><\/span>\n                            <span class=\"wp-block-cross-content-more\">\n                                <span class=\"icon-more\"><\/span>\n                            <\/span>\n                        <\/a>\n                        <div class=\"wp-block-cross-content-excerpt\"><p>Descubra nuestros cursos de franc\u00e9s y encuentre el programa que mejor se adapte a sus expectativas y objetivos.<\/p>\n<\/div>\n                    <\/div>\n                                                <div class=\"column small-12 medium-6 large-4 wp-block-cross-content-col\">\n                        <a class=\"wp-block-cross-content-top\" href=\"https:\/\/www.ilcf.net\/es\/informacion-practica\/\" title=\"Informaci\u00f3n pr\u00e1ctica\">\n                            <span class=\"wp-block-cross-content-name\">Informaci\u00f3n pr\u00e1ctica<\/span>\n                            <span class=\"wp-block-cross-content-image\"><img loading=\"lazy\" decoding=\"async\" width=\"550\" height=\"500\" src=\"https:\/\/www.ilcf.net\/wp-content\/uploads\/sites\/20\/2019\/11\/header-ilcf-tousesmomentsla-550x500.jpg\" class=\" wp-post-image\" alt=\"\" \/><\/span>\n                            <span class=\"wp-block-cross-content-more\">\n                                <span class=\"icon-more\"><\/span>\n                            <\/span>\n                        <\/a>\n                        <div class=\"wp-block-cross-content-excerpt\"><\/div>\n                    <\/div>\n                                    <\/div>\n    <\/div>","protected":false},"excerpt":{"rendered":"<p>Ponerse en contacto con ILCFilcf@univ-catholyon.fr Horario de oficina El lunes: desde las 10h00 hasta las 12h30El martes: desde las 10h00 hasta las 16h00El miercoles: [&hellip;]<\/p>\n","protected":false},"author":32,"featured_media":6566,"parent":5639,"menu_order":3,"comment_status":"closed","ping_status":"closed","template":"","meta":{"_acf_changed":false,"footnotes":""},"class_list":["post-5673","page","type-page","status-publish","has-post-thumbnail","hentry"],"acf":[],"yoast_head":"<!-- This site is optimized with the Yoast SEO plugin v24.1 - https:\/\/yoast.com\/wordpress\/plugins\/seo\/ -->\n<title>Contacta con nosotros - ILCF - Institut de Langue et de Culture Fran\u00e7aises<\/title>\n<meta name=\"description\" content=\"Contacta con nosotros : encontrar\u00e1 el correo electr\u00f3nico, el horario de oficina, la linea telefonica y la direccion de correo\" \/>\n<meta name=\"robots\" content=\"index, follow, max-snippet:-1, max-image-preview:large, max-video-preview:-1\" \/>\n<link rel=\"canonical\" href=\"https:\/\/www.ilcf.net\/es\/informacion-practica\/contacta-con-nosotros\/\" \/>\n<meta property=\"og:locale\" content=\"es_ES\" \/>\n<meta property=\"og:type\" content=\"article\" \/>\n<meta property=\"og:title\" content=\"Contacta con nosotros - ILCF - Institut de Langue et de Culture Fran\u00e7aises\" \/>\n<meta property=\"og:description\" content=\"Contacta con nosotros : encontrar\u00e1 el correo electr\u00f3nico, el horario de oficina, la linea telefonica y la direccion de correo\" \/>\n<meta property=\"og:url\" content=\"https:\/\/www.ilcf.net\/es\/informacion-practica\/contacta-con-nosotros\/\" \/>\n<meta property=\"og:site_name\" content=\"ILCF - Institut de Langue et de Culture Fran\u00e7aises\" \/>\n<meta property=\"article:modified_time\" content=\"2025-12-01T12:44:05+00:00\" \/>\n<meta property=\"og:image\" content=\"https:\/\/www.ilcf.net\/wp-content\/uploads\/sites\/20\/2020\/02\/header-estri3.jpg\" \/>\n\t<meta property=\"og:image:width\" content=\"1920\" \/>\n\t<meta property=\"og:image:height\" content=\"575\" \/>\n\t<meta property=\"og:image:type\" content=\"image\/jpeg\" \/>\n<meta name=\"twitter:card\" content=\"summary_large_image\" \/>\n<meta name=\"twitter:label1\" content=\"Tiempo de lectura\" \/>\n\t<meta name=\"twitter:data1\" content=\"1 minuto\" \/>\n<script type=\"application\/ld+json\" class=\"yoast-schema-graph\">{\"@context\":\"https:\/\/schema.org\",\"@graph\":[{\"@type\":\"WebPage\",\"@id\":\"https:\/\/www.ilcf.net\/es\/informacion-practica\/contacta-con-nosotros\/\",\"url\":\"https:\/\/www.ilcf.net\/es\/informacion-practica\/contacta-con-nosotros\/\",\"name\":\"Contacta con nosotros - ILCF - Institut de Langue et de Culture Fran\u00e7aises\",\"isPartOf\":{\"@id\":\"https:\/\/www.ilcf.net\/es\/#website\"},\"primaryImageOfPage\":{\"@id\":\"https:\/\/www.ilcf.net\/es\/informacion-practica\/contacta-con-nosotros\/#primaryimage\"},\"image\":{\"@id\":\"https:\/\/www.ilcf.net\/es\/informacion-practica\/contacta-con-nosotros\/#primaryimage\"},\"thumbnailUrl\":\"https:\/\/www.ilcf.net\/wp-content\/uploads\/sites\/20\/2020\/02\/header-estri3.jpg\",\"datePublished\":\"2019-11-14T08:25:13+00:00\",\"dateModified\":\"2025-12-01T12:44:05+00:00\",\"description\":\"Contacta con nosotros : encontrar\u00e1 el correo electr\u00f3nico, el horario de oficina, la linea telefonica y la direccion de correo\",\"breadcrumb\":{\"@id\":\"https:\/\/www.ilcf.net\/es\/informacion-practica\/contacta-con-nosotros\/#breadcrumb\"},\"inLanguage\":\"es\",\"potentialAction\":[{\"@type\":\"ReadAction\",\"target\":[\"https:\/\/www.ilcf.net\/es\/informacion-practica\/contacta-con-nosotros\/\"]}]},{\"@type\":\"ImageObject\",\"inLanguage\":\"es\",\"@id\":\"https:\/\/www.ilcf.net\/es\/informacion-practica\/contacta-con-nosotros\/#primaryimage\",\"url\":\"https:\/\/www.ilcf.net\/wp-content\/uploads\/sites\/20\/2020\/02\/header-estri3.jpg\",\"contentUrl\":\"https:\/\/www.ilcf.net\/wp-content\/uploads\/sites\/20\/2020\/02\/header-estri3.jpg\",\"width\":1920,\"height\":575,\"caption\":\"Contacter ILCF\"},{\"@type\":\"BreadcrumbList\",\"@id\":\"https:\/\/www.ilcf.net\/es\/informacion-practica\/contacta-con-nosotros\/#breadcrumb\",\"itemListElement\":[{\"@type\":\"ListItem\",\"position\":1,\"name\":\"Accueil\",\"item\":\"https:\/\/www.ilcf.net\/es\/\"},{\"@type\":\"ListItem\",\"position\":2,\"name\":\"Informaci\u00f3n pr\u00e1ctica\",\"item\":\"https:\/\/www.ilcf.net\/es\/informacion-practica\/\"},{\"@type\":\"ListItem\",\"position\":3,\"name\":\"Contacta con nosotros\"}]},{\"@type\":\"WebSite\",\"@id\":\"https:\/\/www.ilcf.net\/es\/#website\",\"url\":\"https:\/\/www.ilcf.net\/es\/\",\"name\":\"ILCF - Institut de Langue et de Culture Fran\u00e7aises\",\"description\":\"ILCF - Institut de Langue et de Culture Fran\u00e7aises\",\"publisher\":{\"@id\":\"https:\/\/www.ilcf.net\/es\/#organization\"},\"potentialAction\":[{\"@type\":\"SearchAction\",\"target\":{\"@type\":\"EntryPoint\",\"urlTemplate\":\"https:\/\/www.ilcf.net\/es\/?s={search_term_string}\"},\"query-input\":{\"@type\":\"PropertyValueSpecification\",\"valueRequired\":true,\"valueName\":\"search_term_string\"}}],\"inLanguage\":\"es\"},{\"@type\":\"Organization\",\"@id\":\"https:\/\/www.ilcf.net\/es\/#organization\",\"name\":\"ILCF - Institut de Langue et de Culture Fran\u00e7aises\",\"url\":\"https:\/\/www.ilcf.net\/es\/\",\"logo\":{\"@type\":\"ImageObject\",\"inLanguage\":\"es\",\"@id\":\"https:\/\/www.ilcf.net\/es\/#\/schema\/logo\/image\/\",\"url\":\"https:\/\/www.ilcf.net\/wp-content\/uploads\/sites\/20\/2019\/11\/ilcf_logo.svg\",\"contentUrl\":\"https:\/\/www.ilcf.net\/wp-content\/uploads\/sites\/20\/2019\/11\/ilcf_logo.svg\",\"caption\":\"ILCF - Institut de Langue et de Culture Fran\u00e7aises\"},\"image\":{\"@id\":\"https:\/\/www.ilcf.net\/es\/#\/schema\/logo\/image\/\"}}]}<\/script>\n<!-- \/ Yoast SEO plugin. -->","yoast_head_json":{"title":"Contacta con nosotros - ILCF - Institut de Langue et de Culture Fran\u00e7aises","description":"Contacta con nosotros : encontrar\u00e1 el correo electr\u00f3nico, el horario de oficina, la linea telefonica y la direccion de correo","robots":{"index":"index","follow":"follow","max-snippet":"max-snippet:-1","max-image-preview":"max-image-preview:large","max-video-preview":"max-video-preview:-1"},"canonical":"https:\/\/www.ilcf.net\/es\/informacion-practica\/contacta-con-nosotros\/","og_locale":"es_ES","og_type":"article","og_title":"Contacta con nosotros - ILCF - Institut de Langue et de Culture Fran\u00e7aises","og_description":"Contacta con nosotros : encontrar\u00e1 el correo electr\u00f3nico, el horario de oficina, la linea telefonica y la direccion de correo","og_url":"https:\/\/www.ilcf.net\/es\/informacion-practica\/contacta-con-nosotros\/","og_site_name":"ILCF - Institut de Langue et de Culture Fran\u00e7aises","article_modified_time":"2025-12-01T12:44:05+00:00","og_image":[{"width":1920,"height":575,"url":"https:\/\/www.ilcf.net\/wp-content\/uploads\/sites\/20\/2020\/02\/header-estri3.jpg","type":"image\/jpeg"}],"twitter_card":"summary_large_image","twitter_misc":{"Tiempo de lectura":"1 minuto"},"schema":{"@context":"https:\/\/schema.org","@graph":[{"@type":"WebPage","@id":"https:\/\/www.ilcf.net\/es\/informacion-practica\/contacta-con-nosotros\/","url":"https:\/\/www.ilcf.net\/es\/informacion-practica\/contacta-con-nosotros\/","name":"Contacta con nosotros - ILCF - Institut de Langue et de Culture Fran\u00e7aises","isPartOf":{"@id":"https:\/\/www.ilcf.net\/es\/#website"},"primaryImageOfPage":{"@id":"https:\/\/www.ilcf.net\/es\/informacion-practica\/contacta-con-nosotros\/#primaryimage"},"image":{"@id":"https:\/\/www.ilcf.net\/es\/informacion-practica\/contacta-con-nosotros\/#primaryimage"},"thumbnailUrl":"https:\/\/www.ilcf.net\/wp-content\/uploads\/sites\/20\/2020\/02\/header-estri3.jpg","datePublished":"2019-11-14T08:25:13+00:00","dateModified":"2025-12-01T12:44:05+00:00","description":"Contacta con nosotros : encontrar\u00e1 el correo electr\u00f3nico, el horario de oficina, la linea telefonica y la direccion de correo","breadcrumb":{"@id":"https:\/\/www.ilcf.net\/es\/informacion-practica\/contacta-con-nosotros\/#breadcrumb"},"inLanguage":"es","potentialAction":[{"@type":"ReadAction","target":["https:\/\/www.ilcf.net\/es\/informacion-practica\/contacta-con-nosotros\/"]}]},{"@type":"ImageObject","inLanguage":"es","@id":"https:\/\/www.ilcf.net\/es\/informacion-practica\/contacta-con-nosotros\/#primaryimage","url":"https:\/\/www.ilcf.net\/wp-content\/uploads\/sites\/20\/2020\/02\/header-estri3.jpg","contentUrl":"https:\/\/www.ilcf.net\/wp-content\/uploads\/sites\/20\/2020\/02\/header-estri3.jpg","width":1920,"height":575,"caption":"Contacter ILCF"},{"@type":"BreadcrumbList","@id":"https:\/\/www.ilcf.net\/es\/informacion-practica\/contacta-con-nosotros\/#breadcrumb","itemListElement":[{"@type":"ListItem","position":1,"name":"Accueil","item":"https:\/\/www.ilcf.net\/es\/"},{"@type":"ListItem","position":2,"name":"Informaci\u00f3n pr\u00e1ctica","item":"https:\/\/www.ilcf.net\/es\/informacion-practica\/"},{"@type":"ListItem","position":3,"name":"Contacta con nosotros"}]},{"@type":"WebSite","@id":"https:\/\/www.ilcf.net\/es\/#website","url":"https:\/\/www.ilcf.net\/es\/","name":"ILCF - Institut de Langue et de Culture Fran\u00e7aises","description":"ILCF - Institut de Langue et de Culture Fran\u00e7aises","publisher":{"@id":"https:\/\/www.ilcf.net\/es\/#organization"},"potentialAction":[{"@type":"SearchAction","target":{"@type":"EntryPoint","urlTemplate":"https:\/\/www.ilcf.net\/es\/?s={search_term_string}"},"query-input":{"@type":"PropertyValueSpecification","valueRequired":true,"valueName":"search_term_string"}}],"inLanguage":"es"},{"@type":"Organization","@id":"https:\/\/www.ilcf.net\/es\/#organization","name":"ILCF - Institut de Langue et de Culture Fran\u00e7aises","url":"https:\/\/www.ilcf.net\/es\/","logo":{"@type":"ImageObject","inLanguage":"es","@id":"https:\/\/www.ilcf.net\/es\/#\/schema\/logo\/image\/","url":"https:\/\/www.ilcf.net\/wp-content\/uploads\/sites\/20\/2019\/11\/ilcf_logo.svg","contentUrl":"https:\/\/www.ilcf.net\/wp-content\/uploads\/sites\/20\/2019\/11\/ilcf_logo.svg","caption":"ILCF - Institut de Langue et de Culture Fran\u00e7aises"},"image":{"@id":"https:\/\/www.ilcf.net\/es\/#\/schema\/logo\/image\/"}}]}},"_links":{"self":[{"href":"https:\/\/www.ilcf.net\/es\/wp-json\/wp\/v2\/pages\/5673","targetHints":{"allow":["GET"]}}],"collection":[{"href":"https:\/\/www.ilcf.net\/es\/wp-json\/wp\/v2\/pages"}],"about":[{"href":"https:\/\/www.ilcf.net\/es\/wp-json\/wp\/v2\/types\/page"}],"author":[{"embeddable":true,"href":"https:\/\/www.ilcf.net\/es\/wp-json\/wp\/v2\/users\/32"}],"replies":[{"embeddable":true,"href":"https:\/\/www.ilcf.net\/es\/wp-json\/wp\/v2\/comments?post=5673"}],"version-history":[{"count":3,"href":"https:\/\/www.ilcf.net\/es\/wp-json\/wp\/v2\/pages\/5673\/revisions"}],"predecessor-version":[{"id":26526,"href":"https:\/\/www.ilcf.net\/es\/wp-json\/wp\/v2\/pages\/5673\/revisions\/26526"}],"up":[{"embeddable":true,"href":"https:\/\/www.ilcf.net\/es\/wp-json\/wp\/v2\/pages\/5639"}],"wp:featuredmedia":[{"embeddable":true,"href":"https:\/\/www.ilcf.net\/es\/wp-json\/wp\/v2\/media\/6566"}],"wp:attachment":[{"href":"https:\/\/www.ilcf.net\/es\/wp-json\/wp\/v2\/media?parent=5673"}],"curies":[{"name":"wp","href":"https:\/\/api.w.org\/{rel}","templated":true}]}}