{"id":5555,"date":"2019-11-18T15:09:42","date_gmt":"2019-11-18T14:09:42","guid":{"rendered":"https:\/\/www.ilcf.net\/?page_id=5555"},"modified":"2021-06-02T12:12:58","modified_gmt":"2021-06-02T10:12:58","slug":"dalf-diploma-avanzado-en-lengua-francesa","status":"publish","type":"page","link":"https:\/\/www.ilcf.net\/es\/quien-es-usted\/candidato-en-un-examen\/dalf-diploma-avanzado-en-lengua-francesa\/","title":{"rendered":"DALF - Diploma Avanzado en Lengua Francesa"},"content":{"rendered":"<p>Eres extranjero y quieres evaluar tus competencias en franc\u00e9s con fines personales o profesionales? \u00bfEres franc\u00e9s originario de un pa\u00eds no franc\u00f3fono y no posees un diploma oficial franc\u00e9s de ense\u00f1anza secundaria o superior? Puedes presentarte al DELF y\/o al DALF.<\/p><div class=\"wp-block-text-image\">\n  <div class=\"row align-bottom collapse\">\n    <div class=\"column small-12 medium-6 xlarge-5 xxlarge-expand wp-block-text-image-info js-fade-scroll\">\n      <p class=\"wp-block-text-image-title\">DALF - Diploma Avanzado en Lengua Francesa<\/p>\n      <div class=\"wp-block-text-image-intro\"><p>El <a href=\"https:\/\/www.ciep.fr\/en\/dalf\" target=\"_blank\" rel=\"noreferrer noopener\" aria-label=\"DALF (s\u2019ouvre dans un nouvel onglet)\">DALF<\/a> es un diploma oficial expedido por el Ministerio franc\u00e9s de Educaci\u00f3n que certifica las competencias en franc\u00e9s de los candidatos extranjeros. El DALF se compone de dos diplomas independientes, uno por cada uno de los dos \u00faltimos niveles del Marco Com\u00fan Europeo de Referencia para las Lenguas. El DALF (C1 o C2) exime de la realizaci\u00f3n de pruebas ling\u00fc\u00edsticas para acceder a la universidad francesa.<\/p>\n<\/div>\n    <\/div>\n\n    <div class=\"column small-12 medium-6 xlarge-7 xxlarge-shrink wp-block-text-image-picture js-fade-scroll\">\n      <img loading=\"lazy\" decoding=\"async\" width=\"600\" height=\"116\" src=\"https:\/\/www.ilcf.net\/wp-content\/uploads\/sites\/20\/2021\/06\/logo-dalf-21-bd.jpg\" class=\"attachment-text_image size-text_image\" alt=\"Logo DALF\" srcset=\"https:\/\/www.ilcf.net\/wp-content\/uploads\/sites\/20\/2021\/06\/logo-dalf-21-bd.jpg 600w, https:\/\/www.ilcf.net\/wp-content\/uploads\/sites\/20\/2021\/06\/logo-dalf-21-bd-520x101.jpg 520w\" sizes=\"auto, (max-width: 600px) 100vw, 600px\" \/>    <\/div>\n  <\/div>\n<\/div><div class=\"wp-block-separator js-fade-scroll\"><\/div><h2 class=\"wp-block-heading\">DALF C1<\/h2><p>El usuario de la lengua a nivel C1 es aut\u00f3nomo. Es capaz de entablar una comunicaci\u00f3n fluida y espont\u00e1nea. Posee un repertorio l\u00e9xico amplio y puede elegir una expresi\u00f3n adecuada para introducir sus comentarios. Produce un discurso claro, bien construido y sin vacilaciones que muestra un buen dominio de las estructuras. <\/p><div class=\"wp-block-table js-fade-scroll\">\n  <p class=\"wp-block-table-title\">Descripci\u00f3n de las pruebas DALF C1<\/p>\n\n  <div class=\"wp-block-table-responsive\">\n    <table>\n              <thead>\n          <tr>\n                          <th>Tipo de prueba: C1<\/th>\n                          <th>Duraci\u00f3n<\/th>\n                          <th>\nNota sobre<\/th>\n                      <\/tr>\n        <\/thead>\n      \n      <tbody>\n                  <tr>\n                          <td>Comprensi\u00f3n oral:<br>\nResponder a cuestionarios de comprensi\u00f3n relativos a unas grabaciones:<br>\n- una grabaci\u00f3n larga (entrevista, curso, conferencia, etc.), de unos ocho minutos aproximadamente (se podr\u00e1 escuchar dos veces<br>\n-  varias grabaciones de radio breves (flashes informativos, encuestas, anuncios publicitarios, etc.) (s\u00f3lo se podr\u00e1 escuchar una vez)<br>\n<i>Duraci\u00f3n m\u00e1xima de las grabaciones: 10 min<\/i><br>\t\n <\/td>\n                          <td>0 h 40\naproximadamente<\/td>\n                          <td>\/25<\/td>\n                      <\/tr>\n                  <tr>\n                          <td>Comprensi\u00f3n escrita:<br>\nResponder a un cuestionario de comprensi\u00f3n relativo a un texto de ideas (literario o period\u00edstico), de 1.500 a 2.000 palabras.<br>\n<\/td>\n                          <td>0h50<\/td>\n                          <td>\/25<\/td>\n                      <\/tr>\n                  <tr>\n                          <td>Expresi\u00f3n escrita:<br>\nPrueba en dos partes:<br>\n- s\u00edntesis de varios documentos escritos de unas 1.000 palabras en total<br>\n- ensayo argumentado a partir del contenido de los documentos<br>\n    <i>El candidato podr\u00e1 elegir entre dos \u00e1mbitos: letras y humanidades, ciencias<\/i><br>\n<\/td>\n                          <td>2h30<\/td>\n                          <td>\/25<\/td>\n                      <\/tr>\n                  <tr>\n                          <td>Expresi\u00f3n oral:<br>\nPresentaci\u00f3n oral de varios documentos escritos, seguida de una discusi\u00f3n con el jurado.<br>\n   <i>El candidato podr\u00e1 elegir entre dos \u00e1mbitos: letras y humanidades, ciencias<\/i><br>\n<\/td>\n                          <td>0 h 30<br>\n<i>preparaci\u00f3n: 1 h<\/i><\/td>\n                          <td>\/25<\/td>\n                      <\/tr>\n              <\/tbody>\n    <\/table>\n  <\/div>\n\n  <p class=\"wp-block-table-caption\"><\/p>\n<\/div><p>Duraci\u00f3n total de las pruebas colectivas: 4 h 00<br>Nota total sobre 100<br>Nota m\u00ednima necesaria para obtener el diploma: 50\/100<br>Nota m\u00ednima requerida por prueba: 5\/25<\/p><div class=\"wp-block-separator js-fade-scroll\"><\/div><h2 class=\"wp-block-heading\">DALF C2<\/h2><p>El dominio de la lengua se traduce en un alto grado de precisi\u00f3n, adecuaci\u00f3n y fluidez en la expresi\u00f3n. El candidato C2 es capaz de realizar tareas acad\u00e9micas o de nivel avanzado. <\/p><div class=\"wp-block-table js-fade-scroll\">\n  <p class=\"wp-block-table-title\">Descripci\u00f3n de las pruebas DALF C2<\/p>\n\n  <div class=\"wp-block-table-responsive\">\n    <table>\n              <thead>\n          <tr>\n                          <th>Tipo de prueba: C2<\/th>\n                          <th>Duraci\u00f3n<\/th>\n                          <th>Nota sobre<\/th>\n                      <\/tr>\n        <\/thead>\n      \n      <tbody>\n                  <tr>\n                          <td>Comprensi\u00f3n y expresi\u00f3n orales:<br>\nPrueba en tres partes:<br>\n- rese\u00f1a del contenido de un documento sonoro (se podr\u00e1 escuchar dos veces)<br>\n- desarrollo personal a partir de la problem\u00e1tica expuesta en el documento<br>\n- debate con el jurado.<br>\n    <i>El candidato podr\u00e1 elegir entre dos \u00e1mbitos: letras y humanidades, ciencias<\/i><br>\n<\/td>\n                          <td>passation :<br>\n0 h 30\n\n<br><i>pr\u00e9paration :<br>\n1 h<\/i>\n<\/td>\n                          <td>\/50<\/td>\n                      <\/tr>\n                  <tr>\n                          <td>Comprensi\u00f3n y expresi\u00f3n escritas:<br>\nRedacci\u00f3n de un texto estructurado (art\u00edculo, editorial, informe, discurso, etc.), a partir de un conjunto de documentos de unas 2.000 palabras en total.<br>\n    <i>El candidato podr\u00e1 elegir entre dos \u00e1mbitos: letras y humanidades, ciencias<\/i>\n<\/td>\n                          <td>3h30<\/td>\n                          <td>\/50<\/td>\n                      <\/tr>\n              <\/tbody>\n    <\/table>\n  <\/div>\n\n  <p class=\"wp-block-table-caption\"><\/p>\n<\/div><p>Duraci\u00f3n total de las pruebas colectivas: 3 h 30<\/p><div class=\"wp-block-separator js-fade-scroll\"><\/div><h2 class=\"wp-block-heading\">\u00bfDELF DALF a qu\u00e9 diploma me presento?<\/h2><p>Los diplomas del DELF y del DALF son independientes, por lo que puedes presentarte libremente al examen que elijas. Tambi\u00e9n puedes presentarte a varios diplomas en una misma sesi\u00f3n. <\/p><h2 class=\"wp-block-heading\"><strong>\u00bfD\u00f3nde puedo matricularme?<\/strong><\/h2><ul class=\"wp-block-list\"><li>En linea : <a aria-label=\"Inscripci\u00f3n a una sesi\u00f3n de examenes (s\u2019ouvre dans un nouvel onglet)\" rel=\"noreferrer noopener\" href=\"https:\/\/www.ilcf.net\/es\/quien-es-usted\/candidato-en-un-examen\/inscripcion-a-una-sesion-de-examenes\/\" target=\"_blank\">Inscripci\u00f3n a una sesi\u00f3n de examenes<\/a><\/li><li>En la secretar\u00eda del ILCF de Lyon, situada en el n\u00famero 23 de Place Carnot, en el 2\u00ba distrito de Lyon (parada de metro de Perrache).<\/li><li>Por&nbsp;correo electr\u00f3nico: ilcf@univ-catholyon.fr<\/li><li>Por tel\u00e9fono: 00 33 - (0) 4 72 32 50 53<\/li><\/ul><h2 class=\"wp-block-heading\"><strong>\u00bfCu\u00e1les son las sesiones de examen y las fechas de las pruebas?<\/strong> <\/h2><p>Consulte la p\u00e1gina dedicada a <a rel=\"noreferrer noopener\" aria-label=\"las fechas de las pruebas y las tarifas (s\u2019ouvre dans un nouvel onglet)\" href=\"https:\/\/www.ilcf.net\/es\/quien-es-usted\/candidato-en-un-examen\/fechas-y-tarifas-de-los-examenes\/\" target=\"_blank\">las fechas de las pruebas y las tarifas<\/a>.<\/p><h2 class=\"wp-block-heading\">\u00bfC\u00f3mo puedo prepararme para los ex\u00e1menes?<\/h2><p>El <a rel=\"noreferrer noopener\" href=\"https:\/\/www.ilcf.net\/es\/trainings\/programa-intensivo-semestral-y-anual\/\" target=\"_blank\">programa intensivo semestral<\/a>&nbsp;y el <a rel=\"noreferrer noopener\" href=\"https:\/\/www.ilcf.net\/es\/trainings\/programa-semintensivo-semestral-o-anual\/\" target=\"_blank\">programa semintensivo semestral<\/a>&nbsp;impartidos en el ILCF preparan para el DELF y para el DALF en funci\u00f3n del grupo de nivel. <\/p><ul class=\"wp-block-list\"><li><a href=\"http:\/\/www.ciep.fr\/es\/delf-tout-public\/presentacion-detallada-las-pruebas\" target=\"_blank\" rel=\"noreferrer noopener\" aria-label=\" (s\u2019ouvre dans un nouvel onglet)\">Descripci\u00f3n de las pruebas<\/a><\/li><li><a rel=\"noreferrer noopener\" href=\"http:\/\/www.ciep.fr\/es\/delf-tout-public\/exemplos-sujeitos\" target=\"_blank\">Ejemplos de pruebas de comprensi\u00f3n oral<\/a><\/li><li><a rel=\"noreferrer noopener\" href=\"http:\/\/www.ciep.fr\/es\/delf-tout-public\/textos-referencia\" target=\"_blank\">Bibliograf\u00eda<\/a><\/li><\/ul><div class=\"wp-block-button js-fade-scroll\">\n\n    <a href=\"http:\/\/www.ciep.fr\/es\/delf-dalf\" target=\"_blank\" title=\"Para obtener m\u00e1s informaci\u00f3n : ciep.fr\/es\" class=\"button primary\">Para obtener m\u00e1s informaci\u00f3n : ciep.fr\/es<\/a>\n\n  <\/div><p> * fuente <em>France \u00c9ducation International<\/em> <\/p><div class=\"wp-block-cross-content js-fade-scroll\">\n    <p class=\"wp-block-cross-content-title\"><\/p>\n            <div class=\"row wp-block-cross-content-row\">\n                                <div class=\"column small-12 medium-6 large-4 wp-block-cross-content-col\">\n                        <a class=\"wp-block-cross-content-top\" href=\"https:\/\/www.ilcf.net\/es\/quien-es-usted\/candidato-en-un-examen\/delf-diploma-de-estudios-en-lengua-francesa\/\" title=\"DELF - Diploma de Estudios en Lengua Francesa\">\n                            <span class=\"wp-block-cross-content-name\">DELF - Diploma de Estudios en Lengua Francesa<\/span>\n                            <span class=\"wp-block-cross-content-image\"><img loading=\"lazy\" decoding=\"async\" width=\"630\" height=\"570\" src=\"https:\/\/www.ilcf.net\/wp-content\/uploads\/sites\/20\/2019\/12\/header-delf-630x570.jpg\" class=\" wp-post-image\" alt=\"\" \/><\/span>\n                            <span class=\"wp-block-cross-content-more\">\n                                <span class=\"icon-more\"><\/span>\n                            <\/span>\n                        <\/a>\n                        <div class=\"wp-block-cross-content-excerpt\"><\/div>\n                    <\/div>\n                                                <div class=\"column small-12 medium-6 large-4 wp-block-cross-content-col\">\n                        <a class=\"wp-block-cross-content-top\" href=\"https:\/\/www.ilcf.net\/es\/quien-es-usted\/candidato-en-un-examen\/inscripcion-a-una-sesion-de-examenes\/\" title=\"Inscripci\u00f3n a una sesi\u00f3n de examenes DELF DALF\">\n                            <span class=\"wp-block-cross-content-name\">Inscripci\u00f3n a una sesi\u00f3n de examenes DELF DALF<\/span>\n                            <span class=\"wp-block-cross-content-image\"><img loading=\"lazy\" decoding=\"async\" width=\"630\" height=\"570\" src=\"https:\/\/www.ilcf.net\/wp-content\/uploads\/sites\/20\/2019\/11\/centre-des-examens-ilcf-630x570.jpg\" class=\" wp-post-image\" alt=\"\" \/><\/span>\n                            <span class=\"wp-block-cross-content-more\">\n                                <span class=\"icon-more\"><\/span>\n                            <\/span>\n                        <\/a>\n                        <div class=\"wp-block-cross-content-excerpt\"><\/div>\n                    <\/div>\n                                                <div class=\"column small-12 medium-6 large-4 wp-block-cross-content-col\">\n                        <a class=\"wp-block-cross-content-top\" href=\"https:\/\/www.ilcf.net\/es\/quien-es-usted\/candidato-en-un-examen\/resultados-examenes-delf-dalf\/\" title=\"Resultados de los ex\u00e1menes DELF DALF\">\n                            <span class=\"wp-block-cross-content-name\">Resultados de los ex\u00e1menes DELF DALF<\/span>\n                            <span class=\"wp-block-cross-content-image\"><img loading=\"lazy\" decoding=\"async\" width=\"630\" height=\"570\" src=\"https:\/\/www.ilcf.net\/wp-content\/uploads\/sites\/20\/2019\/12\/header-candidat-admis-630x570.jpg\" class=\" wp-post-image\" alt=\"R\u00e9sultats examens DELF DALF\" \/><\/span>\n                            <span class=\"wp-block-cross-content-more\">\n                                <span class=\"icon-more\"><\/span>\n                            <\/span>\n                        <\/a>\n                        <div class=\"wp-block-cross-content-excerpt\"><p>Acceda a los resultados de los ex\u00e1menes del Centro oficial de ex\u00e1menes del ILCF : DELF y DALF<\/p>\n<\/div>\n                    <\/div>\n                                    <\/div>\n    <\/div>","protected":false},"excerpt":{"rendered":"<p>Eres extranjero y quieres evaluar tus competencias en franc\u00e9s con fines personales o profesionales? \u00bfEres franc\u00e9s originario de un pa\u00eds no franc\u00f3fono y no [&hellip;]<\/p>\n","protected":false},"author":32,"featured_media":5445,"parent":5629,"menu_order":2,"comment_status":"closed","ping_status":"closed","template":"","meta":{"_acf_changed":false,"footnotes":""},"class_list":["post-5555","page","type-page","status-publish","has-post-thumbnail","hentry"],"acf":[],"yoast_head":"<!-- This site is optimized with the Yoast SEO plugin v24.1 - https:\/\/yoast.com\/wordpress\/plugins\/seo\/ -->\n<title>DALF - Diploma Avanzado en Lengua Francesa - ILCF - Institut de Langue et de Culture Fran\u00e7aises<\/title>\n<meta name=\"description\" content=\"El DALF es un diploma oficial expedido por el Ministerio franc\u00e9s de Educaci\u00f3n que certifica las competencias en franc\u00e9s de los candidatos extranjeros.\" \/>\n<meta name=\"robots\" content=\"index, follow, max-snippet:-1, max-image-preview:large, max-video-preview:-1\" \/>\n<link rel=\"canonical\" href=\"https:\/\/www.ilcf.net\/es\/quien-es-usted\/candidato-en-un-examen\/dalf-diploma-avanzado-en-lengua-francesa\/\" \/>\n<meta property=\"og:locale\" content=\"es_ES\" \/>\n<meta property=\"og:type\" content=\"article\" \/>\n<meta property=\"og:title\" content=\"DALF - Diploma Avanzado en Lengua Francesa - ILCF - Institut de Langue et de Culture Fran\u00e7aises\" \/>\n<meta property=\"og:description\" content=\"El DALF es un diploma oficial expedido por el Ministerio franc\u00e9s de Educaci\u00f3n que certifica las competencias en franc\u00e9s de los candidatos extranjeros.\" \/>\n<meta property=\"og:url\" content=\"https:\/\/www.ilcf.net\/es\/quien-es-usted\/candidato-en-un-examen\/dalf-diploma-avanzado-en-lengua-francesa\/\" \/>\n<meta property=\"og:site_name\" content=\"ILCF - Institut de Langue et de Culture Fran\u00e7aises\" \/>\n<meta property=\"article:modified_time\" content=\"2021-06-02T10:12:58+00:00\" \/>\n<meta property=\"og:image\" content=\"https:\/\/www.ilcf.net\/wp-content\/uploads\/sites\/20\/2019\/12\/header-dalf-v2-scaled.jpg\" \/>\n\t<meta property=\"og:image:width\" content=\"1920\" \/>\n\t<meta property=\"og:image:height\" content=\"575\" \/>\n\t<meta property=\"og:image:type\" content=\"image\/jpeg\" \/>\n<meta name=\"twitter:card\" content=\"summary_large_image\" \/>\n<meta name=\"twitter:label1\" content=\"Tiempo de lectura\" \/>\n\t<meta name=\"twitter:data1\" content=\"2 minutos\" \/>\n<script type=\"application\/ld+json\" class=\"yoast-schema-graph\">{\"@context\":\"https:\/\/schema.org\",\"@graph\":[{\"@type\":\"WebPage\",\"@id\":\"https:\/\/www.ilcf.net\/es\/quien-es-usted\/candidato-en-un-examen\/dalf-diploma-avanzado-en-lengua-francesa\/\",\"url\":\"https:\/\/www.ilcf.net\/es\/quien-es-usted\/candidato-en-un-examen\/dalf-diploma-avanzado-en-lengua-francesa\/\",\"name\":\"DALF - Diploma Avanzado en Lengua Francesa - ILCF - Institut de Langue et de Culture Fran\u00e7aises\",\"isPartOf\":{\"@id\":\"https:\/\/www.ilcf.net\/es\/#website\"},\"primaryImageOfPage\":{\"@id\":\"https:\/\/www.ilcf.net\/es\/quien-es-usted\/candidato-en-un-examen\/dalf-diploma-avanzado-en-lengua-francesa\/#primaryimage\"},\"image\":{\"@id\":\"https:\/\/www.ilcf.net\/es\/quien-es-usted\/candidato-en-un-examen\/dalf-diploma-avanzado-en-lengua-francesa\/#primaryimage\"},\"thumbnailUrl\":\"https:\/\/www.ilcf.net\/wp-content\/uploads\/sites\/20\/2019\/12\/header-dalf-v2-scaled.jpg\",\"datePublished\":\"2019-11-18T14:09:42+00:00\",\"dateModified\":\"2021-06-02T10:12:58+00:00\",\"description\":\"El DALF es un diploma oficial expedido por el Ministerio franc\u00e9s de Educaci\u00f3n que certifica las competencias en franc\u00e9s de los candidatos extranjeros.\",\"breadcrumb\":{\"@id\":\"https:\/\/www.ilcf.net\/es\/quien-es-usted\/candidato-en-un-examen\/dalf-diploma-avanzado-en-lengua-francesa\/#breadcrumb\"},\"inLanguage\":\"es\",\"potentialAction\":[{\"@type\":\"ReadAction\",\"target\":[\"https:\/\/www.ilcf.net\/es\/quien-es-usted\/candidato-en-un-examen\/dalf-diploma-avanzado-en-lengua-francesa\/\"]}]},{\"@type\":\"ImageObject\",\"inLanguage\":\"es\",\"@id\":\"https:\/\/www.ilcf.net\/es\/quien-es-usted\/candidato-en-un-examen\/dalf-diploma-avanzado-en-lengua-francesa\/#primaryimage\",\"url\":\"https:\/\/www.ilcf.net\/wp-content\/uploads\/sites\/20\/2019\/12\/header-dalf-v2-scaled.jpg\",\"contentUrl\":\"https:\/\/www.ilcf.net\/wp-content\/uploads\/sites\/20\/2019\/12\/header-dalf-v2-scaled.jpg\",\"width\":1920,\"height\":575},{\"@type\":\"BreadcrumbList\",\"@id\":\"https:\/\/www.ilcf.net\/es\/quien-es-usted\/candidato-en-un-examen\/dalf-diploma-avanzado-en-lengua-francesa\/#breadcrumb\",\"itemListElement\":[{\"@type\":\"ListItem\",\"position\":1,\"name\":\"Accueil\",\"item\":\"https:\/\/www.ilcf.net\/es\/\"},{\"@type\":\"ListItem\",\"position\":2,\"name\":\"\u00bfQui\u00e9n es usted?\",\"item\":\"https:\/\/www.ilcf.net\/es\/quien-es-usted\/\"},{\"@type\":\"ListItem\",\"position\":3,\"name\":\"Candidato en un examen\",\"item\":\"https:\/\/www.ilcf.net\/es\/quien-es-usted\/candidato-en-un-examen\/\"},{\"@type\":\"ListItem\",\"position\":4,\"name\":\"DALF - Diploma Avanzado en Lengua Francesa\"}]},{\"@type\":\"WebSite\",\"@id\":\"https:\/\/www.ilcf.net\/es\/#website\",\"url\":\"https:\/\/www.ilcf.net\/es\/\",\"name\":\"ILCF - Institut de Langue et de Culture Fran\u00e7aises\",\"description\":\"ILCF - Institut de Langue et de Culture Fran\u00e7aises\",\"publisher\":{\"@id\":\"https:\/\/www.ilcf.net\/es\/#organization\"},\"potentialAction\":[{\"@type\":\"SearchAction\",\"target\":{\"@type\":\"EntryPoint\",\"urlTemplate\":\"https:\/\/www.ilcf.net\/es\/?s={search_term_string}\"},\"query-input\":{\"@type\":\"PropertyValueSpecification\",\"valueRequired\":true,\"valueName\":\"search_term_string\"}}],\"inLanguage\":\"es\"},{\"@type\":\"Organization\",\"@id\":\"https:\/\/www.ilcf.net\/es\/#organization\",\"name\":\"ILCF - Institut de Langue et de Culture Fran\u00e7aises\",\"url\":\"https:\/\/www.ilcf.net\/es\/\",\"logo\":{\"@type\":\"ImageObject\",\"inLanguage\":\"es\",\"@id\":\"https:\/\/www.ilcf.net\/es\/#\/schema\/logo\/image\/\",\"url\":\"https:\/\/www.ilcf.net\/wp-content\/uploads\/sites\/20\/2019\/11\/ilcf_logo.svg\",\"contentUrl\":\"https:\/\/www.ilcf.net\/wp-content\/uploads\/sites\/20\/2019\/11\/ilcf_logo.svg\",\"caption\":\"ILCF - Institut de Langue et de Culture Fran\u00e7aises\"},\"image\":{\"@id\":\"https:\/\/www.ilcf.net\/es\/#\/schema\/logo\/image\/\"}}]}<\/script>\n<!-- \/ Yoast SEO plugin. -->","yoast_head_json":{"title":"DALF - Diploma Avanzado en Lengua Francesa - ILCF - Institut de Langue et de Culture Fran\u00e7aises","description":"El DALF es un diploma oficial expedido por el Ministerio franc\u00e9s de Educaci\u00f3n que certifica las competencias en franc\u00e9s de los candidatos extranjeros.","robots":{"index":"index","follow":"follow","max-snippet":"max-snippet:-1","max-image-preview":"max-image-preview:large","max-video-preview":"max-video-preview:-1"},"canonical":"https:\/\/www.ilcf.net\/es\/quien-es-usted\/candidato-en-un-examen\/dalf-diploma-avanzado-en-lengua-francesa\/","og_locale":"es_ES","og_type":"article","og_title":"DALF - Diploma Avanzado en Lengua Francesa - ILCF - Institut de Langue et de Culture Fran\u00e7aises","og_description":"El DALF es un diploma oficial expedido por el Ministerio franc\u00e9s de Educaci\u00f3n que certifica las competencias en franc\u00e9s de los candidatos extranjeros.","og_url":"https:\/\/www.ilcf.net\/es\/quien-es-usted\/candidato-en-un-examen\/dalf-diploma-avanzado-en-lengua-francesa\/","og_site_name":"ILCF - Institut de Langue et de Culture Fran\u00e7aises","article_modified_time":"2021-06-02T10:12:58+00:00","og_image":[{"width":1920,"height":575,"url":"https:\/\/www.ilcf.net\/wp-content\/uploads\/sites\/20\/2019\/12\/header-dalf-v2-scaled.jpg","type":"image\/jpeg"}],"twitter_card":"summary_large_image","twitter_misc":{"Tiempo de lectura":"2 minutos"},"schema":{"@context":"https:\/\/schema.org","@graph":[{"@type":"WebPage","@id":"https:\/\/www.ilcf.net\/es\/quien-es-usted\/candidato-en-un-examen\/dalf-diploma-avanzado-en-lengua-francesa\/","url":"https:\/\/www.ilcf.net\/es\/quien-es-usted\/candidato-en-un-examen\/dalf-diploma-avanzado-en-lengua-francesa\/","name":"DALF - Diploma Avanzado en Lengua Francesa - ILCF - Institut de Langue et de Culture Fran\u00e7aises","isPartOf":{"@id":"https:\/\/www.ilcf.net\/es\/#website"},"primaryImageOfPage":{"@id":"https:\/\/www.ilcf.net\/es\/quien-es-usted\/candidato-en-un-examen\/dalf-diploma-avanzado-en-lengua-francesa\/#primaryimage"},"image":{"@id":"https:\/\/www.ilcf.net\/es\/quien-es-usted\/candidato-en-un-examen\/dalf-diploma-avanzado-en-lengua-francesa\/#primaryimage"},"thumbnailUrl":"https:\/\/www.ilcf.net\/wp-content\/uploads\/sites\/20\/2019\/12\/header-dalf-v2-scaled.jpg","datePublished":"2019-11-18T14:09:42+00:00","dateModified":"2021-06-02T10:12:58+00:00","description":"El DALF es un diploma oficial expedido por el Ministerio franc\u00e9s de Educaci\u00f3n que certifica las competencias en franc\u00e9s de los candidatos extranjeros.","breadcrumb":{"@id":"https:\/\/www.ilcf.net\/es\/quien-es-usted\/candidato-en-un-examen\/dalf-diploma-avanzado-en-lengua-francesa\/#breadcrumb"},"inLanguage":"es","potentialAction":[{"@type":"ReadAction","target":["https:\/\/www.ilcf.net\/es\/quien-es-usted\/candidato-en-un-examen\/dalf-diploma-avanzado-en-lengua-francesa\/"]}]},{"@type":"ImageObject","inLanguage":"es","@id":"https:\/\/www.ilcf.net\/es\/quien-es-usted\/candidato-en-un-examen\/dalf-diploma-avanzado-en-lengua-francesa\/#primaryimage","url":"https:\/\/www.ilcf.net\/wp-content\/uploads\/sites\/20\/2019\/12\/header-dalf-v2-scaled.jpg","contentUrl":"https:\/\/www.ilcf.net\/wp-content\/uploads\/sites\/20\/2019\/12\/header-dalf-v2-scaled.jpg","width":1920,"height":575},{"@type":"BreadcrumbList","@id":"https:\/\/www.ilcf.net\/es\/quien-es-usted\/candidato-en-un-examen\/dalf-diploma-avanzado-en-lengua-francesa\/#breadcrumb","itemListElement":[{"@type":"ListItem","position":1,"name":"Accueil","item":"https:\/\/www.ilcf.net\/es\/"},{"@type":"ListItem","position":2,"name":"\u00bfQui\u00e9n es usted?","item":"https:\/\/www.ilcf.net\/es\/quien-es-usted\/"},{"@type":"ListItem","position":3,"name":"Candidato en un examen","item":"https:\/\/www.ilcf.net\/es\/quien-es-usted\/candidato-en-un-examen\/"},{"@type":"ListItem","position":4,"name":"DALF - Diploma Avanzado en Lengua Francesa"}]},{"@type":"WebSite","@id":"https:\/\/www.ilcf.net\/es\/#website","url":"https:\/\/www.ilcf.net\/es\/","name":"ILCF - Institut de Langue et de Culture Fran\u00e7aises","description":"ILCF - Institut de Langue et de Culture Fran\u00e7aises","publisher":{"@id":"https:\/\/www.ilcf.net\/es\/#organization"},"potentialAction":[{"@type":"SearchAction","target":{"@type":"EntryPoint","urlTemplate":"https:\/\/www.ilcf.net\/es\/?s={search_term_string}"},"query-input":{"@type":"PropertyValueSpecification","valueRequired":true,"valueName":"search_term_string"}}],"inLanguage":"es"},{"@type":"Organization","@id":"https:\/\/www.ilcf.net\/es\/#organization","name":"ILCF - Institut de Langue et de Culture Fran\u00e7aises","url":"https:\/\/www.ilcf.net\/es\/","logo":{"@type":"ImageObject","inLanguage":"es","@id":"https:\/\/www.ilcf.net\/es\/#\/schema\/logo\/image\/","url":"https:\/\/www.ilcf.net\/wp-content\/uploads\/sites\/20\/2019\/11\/ilcf_logo.svg","contentUrl":"https:\/\/www.ilcf.net\/wp-content\/uploads\/sites\/20\/2019\/11\/ilcf_logo.svg","caption":"ILCF - Institut de Langue et de Culture Fran\u00e7aises"},"image":{"@id":"https:\/\/www.ilcf.net\/es\/#\/schema\/logo\/image\/"}}]}},"_links":{"self":[{"href":"https:\/\/www.ilcf.net\/es\/wp-json\/wp\/v2\/pages\/5555","targetHints":{"allow":["GET"]}}],"collection":[{"href":"https:\/\/www.ilcf.net\/es\/wp-json\/wp\/v2\/pages"}],"about":[{"href":"https:\/\/www.ilcf.net\/es\/wp-json\/wp\/v2\/types\/page"}],"author":[{"embeddable":true,"href":"https:\/\/www.ilcf.net\/es\/wp-json\/wp\/v2\/users\/32"}],"replies":[{"embeddable":true,"href":"https:\/\/www.ilcf.net\/es\/wp-json\/wp\/v2\/comments?post=5555"}],"version-history":[{"count":34,"href":"https:\/\/www.ilcf.net\/es\/wp-json\/wp\/v2\/pages\/5555\/revisions"}],"predecessor-version":[{"id":10657,"href":"https:\/\/www.ilcf.net\/es\/wp-json\/wp\/v2\/pages\/5555\/revisions\/10657"}],"up":[{"embeddable":true,"href":"https:\/\/www.ilcf.net\/es\/wp-json\/wp\/v2\/pages\/5629"}],"wp:featuredmedia":[{"embeddable":true,"href":"https:\/\/www.ilcf.net\/es\/wp-json\/wp\/v2\/media\/5445"}],"wp:attachment":[{"href":"https:\/\/www.ilcf.net\/es\/wp-json\/wp\/v2\/media?parent=5555"}],"curies":[{"name":"wp","href":"https:\/\/api.w.org\/{rel}","templated":true}]}}