{"id":5536,"date":"2019-11-18T15:10:29","date_gmt":"2019-11-18T14:10:29","guid":{"rendered":"https:\/\/www.ilcf.net\/?page_id=5536"},"modified":"2020-02-14T12:45:34","modified_gmt":"2020-02-14T11:45:34","slug":"clcf-certificado-de-lengua-y-cultura-francesas","status":"publish","type":"page","link":"https:\/\/www.ilcf.net\/es\/nuestros-programas\/diplomas-y-certificados\/clcf-certificado-de-lengua-y-cultura-francesas\/","title":{"rendered":"CLCF - Certificado de Lengua y Cultura Francesas"},"content":{"rendered":"<h2 class=\"wp-block-heading\">V\u00edas de obtenci\u00f3n<\/h2><ul class=\"wp-block-list\"><li>Estar matriculado en el\u00a0<a rel=\"noreferrer noopener\" aria-label=\" (s\u2019ouvre dans un nouvel onglet)\" href=\"https:\/\/www.ilcf.net\/es\/trainings\/curso-mensual-intensivo-febrero-y-junio\/\" target=\"_blank\">curso intensivo mensual<\/a>\u00a0o ne el\u00a0<a rel=\"noreferrer noopener\" aria-label=\" (s\u2019ouvre dans un nouvel onglet)\" href=\"https:\/\/www.ilcf.net\/es\/trainings\/cursos-intensivos-de-verano-julio-agosto-y-septiembre\/\" target=\"_blank\">curso intensivo de verano<\/a>\u00a0del ILCF.<\/li><li>Aprobar los ex\u00e1menes de evaluaci\u00f3n continua y participar en clase.<\/li><li>Obtener la media en la evaluaci\u00f3n continua.<\/li><li>Asistir a clase. En caso contrario, solo se expedir\u00e1 un certificado de formaci\u00f3n.<\/li><\/ul><h2 class=\"wp-block-heading\">Niveles<\/h2><p>Este certificado corresponde a&nbsp;<strong>un curso de 76 u 80 horas<\/strong>.<br>Se expide con menci\u00f3n del nivel alcanzado. Los niveles siguen el&nbsp;<a href=\"http:\/\/cvc.cervantes.es\/ensenanza\/biblioteca_ele\/marco\/cap_03_02.htm\">Marco Com\u00fan Europeo de Referencia para las Lenguas<\/a>&nbsp;:<\/p><ul class=\"wp-block-list\"><li>Iniciaci\u00f3n: principiante<\/li><li>A1: Acceso<\/li><li>A2: Plataforma<\/li><li>B1: Umbral<\/li><li>B2: Avanzado<\/li><li>C1: Dominio operativo eficaz<\/li><li>C2: Maestr\u00eda<\/li><\/ul><div class=\"wp-block-cross-content js-fade-scroll\">\n    <p class=\"wp-block-cross-content-title\"><\/p>\n            <div class=\"row wp-block-cross-content-row\">\n                                <div class=\"column small-12 medium-6 large-4 wp-block-cross-content-col\">\n                        <a class=\"wp-block-cross-content-top\" href=\"https:\/\/www.ilcf.net\/es\/programas\/curso-de-frances-para-principiantes-febrero\/\" title=\"Curso de franc\u00e9s para principiantes : Febrero\">\n                            <span class=\"wp-block-cross-content-name\">Curso de franc\u00e9s para principiantes : Febrero<\/span>\n                            <span class=\"wp-block-cross-content-image\"><img loading=\"lazy\" decoding=\"async\" width=\"550\" height=\"500\" src=\"https:\/\/www.ilcf.net\/wp-content\/uploads\/sites\/20\/2019\/11\/header-coursmensuel-ilcf-tousesmomentsla-550x500.jpg\" class=\" wp-post-image\" alt=\"\" \/><\/span>\n                            <span class=\"wp-block-cross-content-more\">\n                                <span class=\"icon-more\"><\/span>\n                            <\/span>\n                        <\/a>\n                        <div class=\"wp-block-cross-content-excerpt\"><\/div>\n                    <\/div>\n                                                <div class=\"column small-12 medium-6 large-4 wp-block-cross-content-col\">\n                        <a class=\"wp-block-cross-content-top\" href=\"https:\/\/www.ilcf.net\/es\/programas\/programa-clcf-de-verano-intensivo-junio-julio-y-agosto\/\" title=\"Programa CLCF de verano intensivo: junio, julio y agosto\">\n                            <span class=\"wp-block-cross-content-name\">Programa CLCF de verano intensivo: junio, julio y agosto<\/span>\n                            <span class=\"wp-block-cross-content-image\"><img loading=\"lazy\" decoding=\"async\" width=\"630\" height=\"570\" src=\"https:\/\/www.ilcf.net\/wp-content\/uploads\/sites\/20\/2019\/11\/header-programme-ete-ilcf-2023-630x570.jpg\" class=\" wp-post-image\" alt=\"Programme \u00e9t\u00e9 ILCF\" \/><\/span>\n                            <span class=\"wp-block-cross-content-more\">\n                                <span class=\"icon-more\"><\/span>\n                            <\/span>\n                        <\/a>\n                        <div class=\"wp-block-cross-content-excerpt\"><\/div>\n                    <\/div>\n                                                <div class=\"column small-12 medium-6 large-4 wp-block-cross-content-col\">\n                        <a class=\"wp-block-cross-content-top\" href=\"https:\/\/www.ilcf.net\/es\/marco-comun-europeo-de-referencia-para-las-lenguas\/\" title=\"Marco Com\u00fan Europeo de Referencia para las Lenguas\">\n                            <span class=\"wp-block-cross-content-name\">Marco Com\u00fan Europeo de Referencia para las Lenguas<\/span>\n                            <span class=\"wp-block-cross-content-image\"><img loading=\"lazy\" decoding=\"async\" width=\"630\" height=\"570\" src=\"https:\/\/www.ilcf.net\/wp-content\/uploads\/sites\/20\/2020\/02\/header-cecrl-630x570.jpg\" class=\" wp-post-image\" alt=\"Header CECRL\" \/><\/span>\n                            <span class=\"wp-block-cross-content-more\">\n                                <span class=\"icon-more\"><\/span>\n                            <\/span>\n                        <\/a>\n                        <div class=\"wp-block-cross-content-excerpt\"><\/div>\n                    <\/div>\n                                    <\/div>\n    <\/div>","protected":false},"excerpt":{"rendered":"<p>V\u00edas de obtenci\u00f3nEstar matriculado en el\u00a0curso intensivo mensual\u00a0o ne el\u00a0curso intensivo de verano\u00a0del ILCF.Aprobar los ex\u00e1menes de evaluaci\u00f3n continua y participar en clase.Obtener la [&hellip;]<\/p>\n","protected":false},"author":32,"featured_media":6391,"parent":5526,"menu_order":2,"comment_status":"closed","ping_status":"closed","template":"","meta":{"_acf_changed":false,"footnotes":""},"class_list":["post-5536","page","type-page","status-publish","has-post-thumbnail","hentry"],"acf":[],"yoast_head":"<!-- This site is optimized with the Yoast SEO plugin v24.1 - https:\/\/yoast.com\/wordpress\/plugins\/seo\/ -->\n<title>CLCF - Certificado de Lengua y Cultura Francesas - ILCF - Institut de Langue et de Culture Fran\u00e7aises<\/title>\n<meta name=\"robots\" content=\"index, follow, max-snippet:-1, max-image-preview:large, max-video-preview:-1\" \/>\n<link rel=\"canonical\" href=\"https:\/\/www.ilcf.net\/es\/nuestros-programas\/diplomas-y-certificados\/clcf-certificado-de-lengua-y-cultura-francesas\/\" \/>\n<meta property=\"og:locale\" content=\"es_ES\" \/>\n<meta property=\"og:type\" content=\"article\" \/>\n<meta property=\"og:title\" content=\"CLCF - Certificado de Lengua y Cultura Francesas - ILCF - Institut de Langue et de Culture Fran\u00e7aises\" \/>\n<meta property=\"og:description\" content=\"V\u00edas de obtenci\u00f3nEstar matriculado en el\u00a0curso intensivo mensual\u00a0o ne el\u00a0curso intensivo de verano\u00a0del ILCF.Aprobar los ex\u00e1menes de evaluaci\u00f3n continua y participar en clase.Obtener la [&hellip;]\" \/>\n<meta property=\"og:url\" content=\"https:\/\/www.ilcf.net\/es\/nuestros-programas\/diplomas-y-certificados\/clcf-certificado-de-lengua-y-cultura-francesas\/\" \/>\n<meta property=\"og:site_name\" content=\"ILCF - Institut de Langue et de Culture Fran\u00e7aises\" \/>\n<meta property=\"article:modified_time\" content=\"2020-02-14T11:45:34+00:00\" \/>\n<meta property=\"og:image\" content=\"https:\/\/www.ilcf.net\/wp-content\/uploads\/sites\/20\/2020\/02\/header-lettres-renforcees.jpg\" \/>\n\t<meta property=\"og:image:width\" content=\"1920\" \/>\n\t<meta property=\"og:image:height\" content=\"575\" \/>\n\t<meta property=\"og:image:type\" content=\"image\/jpeg\" \/>\n<meta name=\"twitter:card\" content=\"summary_large_image\" \/>\n<meta name=\"twitter:label1\" content=\"Tiempo de lectura\" \/>\n\t<meta name=\"twitter:data1\" content=\"1 minuto\" \/>\n<script type=\"application\/ld+json\" class=\"yoast-schema-graph\">{\"@context\":\"https:\/\/schema.org\",\"@graph\":[{\"@type\":\"WebPage\",\"@id\":\"https:\/\/www.ilcf.net\/es\/nuestros-programas\/diplomas-y-certificados\/clcf-certificado-de-lengua-y-cultura-francesas\/\",\"url\":\"https:\/\/www.ilcf.net\/es\/nuestros-programas\/diplomas-y-certificados\/clcf-certificado-de-lengua-y-cultura-francesas\/\",\"name\":\"CLCF - Certificado de Lengua y Cultura Francesas - ILCF - Institut de Langue et de Culture Fran\u00e7aises\",\"isPartOf\":{\"@id\":\"https:\/\/www.ilcf.net\/es\/#website\"},\"primaryImageOfPage\":{\"@id\":\"https:\/\/www.ilcf.net\/es\/nuestros-programas\/diplomas-y-certificados\/clcf-certificado-de-lengua-y-cultura-francesas\/#primaryimage\"},\"image\":{\"@id\":\"https:\/\/www.ilcf.net\/es\/nuestros-programas\/diplomas-y-certificados\/clcf-certificado-de-lengua-y-cultura-francesas\/#primaryimage\"},\"thumbnailUrl\":\"https:\/\/www.ilcf.net\/wp-content\/uploads\/sites\/20\/2020\/02\/header-lettres-renforcees.jpg\",\"datePublished\":\"2019-11-18T14:10:29+00:00\",\"dateModified\":\"2020-02-14T11:45:34+00:00\",\"breadcrumb\":{\"@id\":\"https:\/\/www.ilcf.net\/es\/nuestros-programas\/diplomas-y-certificados\/clcf-certificado-de-lengua-y-cultura-francesas\/#breadcrumb\"},\"inLanguage\":\"es\",\"potentialAction\":[{\"@type\":\"ReadAction\",\"target\":[\"https:\/\/www.ilcf.net\/es\/nuestros-programas\/diplomas-y-certificados\/clcf-certificado-de-lengua-y-cultura-francesas\/\"]}]},{\"@type\":\"ImageObject\",\"inLanguage\":\"es\",\"@id\":\"https:\/\/www.ilcf.net\/es\/nuestros-programas\/diplomas-y-certificados\/clcf-certificado-de-lengua-y-cultura-francesas\/#primaryimage\",\"url\":\"https:\/\/www.ilcf.net\/wp-content\/uploads\/sites\/20\/2020\/02\/header-lettres-renforcees.jpg\",\"contentUrl\":\"https:\/\/www.ilcf.net\/wp-content\/uploads\/sites\/20\/2020\/02\/header-lettres-renforcees.jpg\",\"width\":1920,\"height\":575,\"caption\":\"CLCF ILCF\"},{\"@type\":\"BreadcrumbList\",\"@id\":\"https:\/\/www.ilcf.net\/es\/nuestros-programas\/diplomas-y-certificados\/clcf-certificado-de-lengua-y-cultura-francesas\/#breadcrumb\",\"itemListElement\":[{\"@type\":\"ListItem\",\"position\":1,\"name\":\"Accueil\",\"item\":\"https:\/\/www.ilcf.net\/es\/\"},{\"@type\":\"ListItem\",\"position\":2,\"name\":\"Nuestros programas\",\"item\":\"https:\/\/www.ilcf.net\/es\/nuestros-programas\/\"},{\"@type\":\"ListItem\",\"position\":3,\"name\":\"Diplomas y certificados\",\"item\":\"https:\/\/www.ilcf.net\/es\/nuestros-programas\/diplomas-y-certificados\/\"},{\"@type\":\"ListItem\",\"position\":4,\"name\":\"CLCF - Certificado de Lengua y Cultura Francesas\"}]},{\"@type\":\"WebSite\",\"@id\":\"https:\/\/www.ilcf.net\/es\/#website\",\"url\":\"https:\/\/www.ilcf.net\/es\/\",\"name\":\"ILCF - Institut de Langue et de Culture Fran\u00e7aises\",\"description\":\"ILCF - Institut de Langue et de Culture Fran\u00e7aises\",\"publisher\":{\"@id\":\"https:\/\/www.ilcf.net\/es\/#organization\"},\"potentialAction\":[{\"@type\":\"SearchAction\",\"target\":{\"@type\":\"EntryPoint\",\"urlTemplate\":\"https:\/\/www.ilcf.net\/es\/?s={search_term_string}\"},\"query-input\":{\"@type\":\"PropertyValueSpecification\",\"valueRequired\":true,\"valueName\":\"search_term_string\"}}],\"inLanguage\":\"es\"},{\"@type\":\"Organization\",\"@id\":\"https:\/\/www.ilcf.net\/es\/#organization\",\"name\":\"ILCF - Institut de Langue et de Culture Fran\u00e7aises\",\"url\":\"https:\/\/www.ilcf.net\/es\/\",\"logo\":{\"@type\":\"ImageObject\",\"inLanguage\":\"es\",\"@id\":\"https:\/\/www.ilcf.net\/es\/#\/schema\/logo\/image\/\",\"url\":\"https:\/\/www.ilcf.net\/wp-content\/uploads\/sites\/20\/2019\/11\/ilcf_logo.svg\",\"contentUrl\":\"https:\/\/www.ilcf.net\/wp-content\/uploads\/sites\/20\/2019\/11\/ilcf_logo.svg\",\"caption\":\"ILCF - Institut de Langue et de Culture Fran\u00e7aises\"},\"image\":{\"@id\":\"https:\/\/www.ilcf.net\/es\/#\/schema\/logo\/image\/\"}}]}<\/script>\n<!-- \/ Yoast SEO plugin. -->","yoast_head_json":{"title":"CLCF - Certificado de Lengua y Cultura Francesas - ILCF - Institut de Langue et de Culture Fran\u00e7aises","robots":{"index":"index","follow":"follow","max-snippet":"max-snippet:-1","max-image-preview":"max-image-preview:large","max-video-preview":"max-video-preview:-1"},"canonical":"https:\/\/www.ilcf.net\/es\/nuestros-programas\/diplomas-y-certificados\/clcf-certificado-de-lengua-y-cultura-francesas\/","og_locale":"es_ES","og_type":"article","og_title":"CLCF - Certificado de Lengua y Cultura Francesas - ILCF - Institut de Langue et de Culture Fran\u00e7aises","og_description":"V\u00edas de obtenci\u00f3nEstar matriculado en el\u00a0curso intensivo mensual\u00a0o ne el\u00a0curso intensivo de verano\u00a0del ILCF.Aprobar los ex\u00e1menes de evaluaci\u00f3n continua y participar en clase.Obtener la [&hellip;]","og_url":"https:\/\/www.ilcf.net\/es\/nuestros-programas\/diplomas-y-certificados\/clcf-certificado-de-lengua-y-cultura-francesas\/","og_site_name":"ILCF - Institut de Langue et de Culture Fran\u00e7aises","article_modified_time":"2020-02-14T11:45:34+00:00","og_image":[{"width":1920,"height":575,"url":"https:\/\/www.ilcf.net\/wp-content\/uploads\/sites\/20\/2020\/02\/header-lettres-renforcees.jpg","type":"image\/jpeg"}],"twitter_card":"summary_large_image","twitter_misc":{"Tiempo de lectura":"1 minuto"},"schema":{"@context":"https:\/\/schema.org","@graph":[{"@type":"WebPage","@id":"https:\/\/www.ilcf.net\/es\/nuestros-programas\/diplomas-y-certificados\/clcf-certificado-de-lengua-y-cultura-francesas\/","url":"https:\/\/www.ilcf.net\/es\/nuestros-programas\/diplomas-y-certificados\/clcf-certificado-de-lengua-y-cultura-francesas\/","name":"CLCF - Certificado de Lengua y Cultura Francesas - ILCF - Institut de Langue et de Culture Fran\u00e7aises","isPartOf":{"@id":"https:\/\/www.ilcf.net\/es\/#website"},"primaryImageOfPage":{"@id":"https:\/\/www.ilcf.net\/es\/nuestros-programas\/diplomas-y-certificados\/clcf-certificado-de-lengua-y-cultura-francesas\/#primaryimage"},"image":{"@id":"https:\/\/www.ilcf.net\/es\/nuestros-programas\/diplomas-y-certificados\/clcf-certificado-de-lengua-y-cultura-francesas\/#primaryimage"},"thumbnailUrl":"https:\/\/www.ilcf.net\/wp-content\/uploads\/sites\/20\/2020\/02\/header-lettres-renforcees.jpg","datePublished":"2019-11-18T14:10:29+00:00","dateModified":"2020-02-14T11:45:34+00:00","breadcrumb":{"@id":"https:\/\/www.ilcf.net\/es\/nuestros-programas\/diplomas-y-certificados\/clcf-certificado-de-lengua-y-cultura-francesas\/#breadcrumb"},"inLanguage":"es","potentialAction":[{"@type":"ReadAction","target":["https:\/\/www.ilcf.net\/es\/nuestros-programas\/diplomas-y-certificados\/clcf-certificado-de-lengua-y-cultura-francesas\/"]}]},{"@type":"ImageObject","inLanguage":"es","@id":"https:\/\/www.ilcf.net\/es\/nuestros-programas\/diplomas-y-certificados\/clcf-certificado-de-lengua-y-cultura-francesas\/#primaryimage","url":"https:\/\/www.ilcf.net\/wp-content\/uploads\/sites\/20\/2020\/02\/header-lettres-renforcees.jpg","contentUrl":"https:\/\/www.ilcf.net\/wp-content\/uploads\/sites\/20\/2020\/02\/header-lettres-renforcees.jpg","width":1920,"height":575,"caption":"CLCF ILCF"},{"@type":"BreadcrumbList","@id":"https:\/\/www.ilcf.net\/es\/nuestros-programas\/diplomas-y-certificados\/clcf-certificado-de-lengua-y-cultura-francesas\/#breadcrumb","itemListElement":[{"@type":"ListItem","position":1,"name":"Accueil","item":"https:\/\/www.ilcf.net\/es\/"},{"@type":"ListItem","position":2,"name":"Nuestros programas","item":"https:\/\/www.ilcf.net\/es\/nuestros-programas\/"},{"@type":"ListItem","position":3,"name":"Diplomas y certificados","item":"https:\/\/www.ilcf.net\/es\/nuestros-programas\/diplomas-y-certificados\/"},{"@type":"ListItem","position":4,"name":"CLCF - Certificado de Lengua y Cultura Francesas"}]},{"@type":"WebSite","@id":"https:\/\/www.ilcf.net\/es\/#website","url":"https:\/\/www.ilcf.net\/es\/","name":"ILCF - Institut de Langue et de Culture Fran\u00e7aises","description":"ILCF - Institut de Langue et de Culture Fran\u00e7aises","publisher":{"@id":"https:\/\/www.ilcf.net\/es\/#organization"},"potentialAction":[{"@type":"SearchAction","target":{"@type":"EntryPoint","urlTemplate":"https:\/\/www.ilcf.net\/es\/?s={search_term_string}"},"query-input":{"@type":"PropertyValueSpecification","valueRequired":true,"valueName":"search_term_string"}}],"inLanguage":"es"},{"@type":"Organization","@id":"https:\/\/www.ilcf.net\/es\/#organization","name":"ILCF - Institut de Langue et de Culture Fran\u00e7aises","url":"https:\/\/www.ilcf.net\/es\/","logo":{"@type":"ImageObject","inLanguage":"es","@id":"https:\/\/www.ilcf.net\/es\/#\/schema\/logo\/image\/","url":"https:\/\/www.ilcf.net\/wp-content\/uploads\/sites\/20\/2019\/11\/ilcf_logo.svg","contentUrl":"https:\/\/www.ilcf.net\/wp-content\/uploads\/sites\/20\/2019\/11\/ilcf_logo.svg","caption":"ILCF - Institut de Langue et de Culture Fran\u00e7aises"},"image":{"@id":"https:\/\/www.ilcf.net\/es\/#\/schema\/logo\/image\/"}}]}},"_links":{"self":[{"href":"https:\/\/www.ilcf.net\/es\/wp-json\/wp\/v2\/pages\/5536","targetHints":{"allow":["GET"]}}],"collection":[{"href":"https:\/\/www.ilcf.net\/es\/wp-json\/wp\/v2\/pages"}],"about":[{"href":"https:\/\/www.ilcf.net\/es\/wp-json\/wp\/v2\/types\/page"}],"author":[{"embeddable":true,"href":"https:\/\/www.ilcf.net\/es\/wp-json\/wp\/v2\/users\/32"}],"replies":[{"embeddable":true,"href":"https:\/\/www.ilcf.net\/es\/wp-json\/wp\/v2\/comments?post=5536"}],"version-history":[{"count":5,"href":"https:\/\/www.ilcf.net\/es\/wp-json\/wp\/v2\/pages\/5536\/revisions"}],"predecessor-version":[{"id":7504,"href":"https:\/\/www.ilcf.net\/es\/wp-json\/wp\/v2\/pages\/5536\/revisions\/7504"}],"up":[{"embeddable":true,"href":"https:\/\/www.ilcf.net\/es\/wp-json\/wp\/v2\/pages\/5526"}],"wp:featuredmedia":[{"embeddable":true,"href":"https:\/\/www.ilcf.net\/es\/wp-json\/wp\/v2\/media\/6391"}],"wp:attachment":[{"href":"https:\/\/www.ilcf.net\/es\/wp-json\/wp\/v2\/media?parent=5536"}],"curies":[{"name":"wp","href":"https:\/\/api.w.org\/{rel}","templated":true}]}}