{"id":5516,"date":"2019-11-18T16:29:37","date_gmt":"2019-11-18T15:29:37","guid":{"rendered":"https:\/\/www.ilcf.net\/?page_id=5516"},"modified":"2020-02-07T09:10:10","modified_gmt":"2020-02-07T08:10:10","slug":"cultura-y-frances-de-las-artes","status":"publish","type":"page","link":"https:\/\/www.ilcf.net\/es\/nuestros-programas\/frances-especializado\/cultura-y-frances-de-las-artes\/","title":{"rendered":"Cultura y franc\u00e9s de las artes"},"content":{"rendered":"<p>\u00bfEstudias en el campo de la cultura y las artes o te apasionan las actividades art\u00edsticas y culturales?<\/p><p>El ILCF te propone diferentes cursos que&nbsp;<strong>se centra en los grandes cambios, en las grandes rupturas art\u00edsticas y los grandes movimientos y artistas<\/strong>&nbsp;destacados de la vida art\u00edstica (artes pl\u00e1sticas, artes esc\u00e9nicas, fotograf\u00eda, arquitectura, moda, etc.).<\/p><p>Estos cursos incluyen\u00a0<strong>visitas a museos y espacios culturales<\/strong>\u00a0y te aportar\u00e1n vocabulario espec\u00edfico de la historia del arte y una cultura general, adem\u00e1s de ayudarte a perfeccionar tu formaci\u00f3n con vistas a realizar estudios art\u00edsticos en Francia. Aprender\u00e1s a describir y a comentar una obra de arte.<\/p><div class=\"wp-block-contact js-fade-scroll\">\n  <p class=\"wp-block-contact-title\">contacta con nosotros<\/p>\n\n        <div class=\"contact-info\">\n        <p class=\"contact-item\">\n          <span class=\"contact-strong\">Oficina del ILCF<\/span><br>\n          <span class=\"contact-light\"><\/span>\n        <\/p>\n        <span class=\"contact-separate\"><\/span>\n        <p class=\"contact-item\">\n          <a class=\"icon-phone contact-button show-for-small-only\" href=\"tel:00 33 - (0)4 72 32 50 53\"><\/a>\n          <span class=\"contact-strong hide-for-small-only\">00 33 - (0)4 72 32 50 53<\/span><br>\n          <a class=\"icon-mail contact-button show-for-small-only\" href=\"mailto:ilcf@univ-catholyon.fr\"><\/a>\n          <span class=\"contact-light hide-for-small-only\">ilcf@univ-catholyon.fr<\/span>\n        <\/p>\n      <\/div>\n    <\/div><div class=\"wp-block-cross-content js-fade-scroll\">\n    <p class=\"wp-block-cross-content-title\"><\/p>\n            <div class=\"row wp-block-cross-content-row\">\n                                <div class=\"column small-12 medium-6 large-4 wp-block-cross-content-col\">\n                        <a class=\"wp-block-cross-content-top\" href=\"https:\/\/www.ilcf.net\/es\/nuestros-programas\/todos-los-cursos-del-ilcf\/\" title=\"Todos los cursos del ILCF\">\n                            <span class=\"wp-block-cross-content-name\">Todos los cursos del ILCF<\/span>\n                            <span class=\"wp-block-cross-content-image\"><img loading=\"lazy\" decoding=\"async\" width=\"630\" height=\"570\" src=\"https:\/\/www.ilcf.net\/wp-content\/uploads\/sites\/20\/2019\/12\/header-ilcf-630x570.jpg\" class=\" wp-post-image\" alt=\"\" \/><\/span>\n                            <span class=\"wp-block-cross-content-more\">\n                                <span class=\"icon-more\"><\/span>\n                            <\/span>\n                        <\/a>\n                        <div class=\"wp-block-cross-content-excerpt\"><p>Descubra nuestros cursos de franc\u00e9s y encuentre el programa que mejor se adapte a sus expectativas y objetivos.<\/p>\n<\/div>\n                    <\/div>\n                                                <div class=\"column small-12 medium-6 large-4 wp-block-cross-content-col\">\n                        <a class=\"wp-block-cross-content-top\" href=\"https:\/\/www.ilcf.net\/es\/nuestros-programas\/actividades-culturales\/\" title=\"Actividades culturales\">\n                            <span class=\"wp-block-cross-content-name\">Actividades culturales<\/span>\n                            <span class=\"wp-block-cross-content-image\"><img loading=\"lazy\" decoding=\"async\" width=\"630\" height=\"570\" src=\"https:\/\/www.ilcf.net\/wp-content\/uploads\/sites\/20\/2019\/12\/beaujolais-activites-ilcf-630x570.jpg\" class=\" wp-post-image\" alt=\"\" \/><\/span>\n                            <span class=\"wp-block-cross-content-more\">\n                                <span class=\"icon-more\"><\/span>\n                            <\/span>\n                        <\/a>\n                        <div class=\"wp-block-cross-content-excerpt\"><\/div>\n                    <\/div>\n                                                <div class=\"column small-12 medium-6 large-4 wp-block-cross-content-col\">\n                        <a class=\"wp-block-cross-content-top\" href=\"https:\/\/www.ilcf.net\/es\/programas\/programa-duef\/\" title=\"Programa DUEF\">\n                            <span class=\"wp-block-cross-content-name\">Programa DUEF<\/span>\n                            <span class=\"wp-block-cross-content-image\"><img loading=\"lazy\" decoding=\"async\" width=\"630\" height=\"570\" src=\"https:\/\/www.ilcf.net\/wp-content\/uploads\/sites\/20\/2019\/11\/programme-cours-ilcf-630x570.jpg\" class=\" wp-post-image\" alt=\"\" \/><\/span>\n                            <span class=\"wp-block-cross-content-more\">\n                                <span class=\"icon-more\"><\/span>\n                            <\/span>\n                        <\/a>\n                        <div class=\"wp-block-cross-content-excerpt\"><\/div>\n                    <\/div>\n                                    <\/div>\n    <\/div>","protected":false},"excerpt":{"rendered":"<p>\u00bfEstudias en el campo de la cultura y las artes o te apasionan las actividades art\u00edsticas y culturales?El ILCF te propone diferentes cursos que&nbsp;se [&hellip;]<\/p>\n","protected":false},"author":32,"featured_media":6302,"parent":5506,"menu_order":0,"comment_status":"closed","ping_status":"closed","template":"","meta":{"_acf_changed":false,"footnotes":""},"class_list":["post-5516","page","type-page","status-publish","has-post-thumbnail","hentry"],"acf":[],"yoast_head":"<!-- This site is optimized with the Yoast SEO plugin v24.1 - https:\/\/yoast.com\/wordpress\/plugins\/seo\/ -->\n<title>Cultura y franc\u00e9s de las artes - ILCF - Institut de Langue et de Culture Fran\u00e7aises<\/title>\n<meta name=\"description\" content=\"\u00bfEstudias en el campo de la cultura y las artes o te apasionan las actividades art\u00edsticas y culturales? El ILCF te propone diferentes cursos.\" \/>\n<meta name=\"robots\" content=\"index, follow, max-snippet:-1, max-image-preview:large, max-video-preview:-1\" \/>\n<link rel=\"canonical\" href=\"https:\/\/www.ilcf.net\/es\/nuestros-programas\/frances-especializado\/cultura-y-frances-de-las-artes\/\" \/>\n<meta property=\"og:locale\" content=\"es_ES\" \/>\n<meta property=\"og:type\" content=\"article\" \/>\n<meta property=\"og:title\" content=\"Cultura y franc\u00e9s de las artes - ILCF - Institut de Langue et de Culture Fran\u00e7aises\" \/>\n<meta property=\"og:description\" content=\"\u00bfEstudias en el campo de la cultura y las artes o te apasionan las actividades art\u00edsticas y culturales? El ILCF te propone diferentes cursos.\" \/>\n<meta property=\"og:url\" content=\"https:\/\/www.ilcf.net\/es\/nuestros-programas\/frances-especializado\/cultura-y-frances-de-las-artes\/\" \/>\n<meta property=\"og:site_name\" content=\"ILCF - Institut de Langue et de Culture Fran\u00e7aises\" \/>\n<meta property=\"article:modified_time\" content=\"2020-02-07T08:10:10+00:00\" \/>\n<meta property=\"og:image\" content=\"https:\/\/www.ilcf.net\/wp-content\/uploads\/sites\/20\/2020\/02\/header-mineure-culture.jpg\" \/>\n\t<meta property=\"og:image:width\" content=\"1920\" \/>\n\t<meta property=\"og:image:height\" content=\"575\" \/>\n\t<meta property=\"og:image:type\" content=\"image\/jpeg\" \/>\n<meta name=\"twitter:card\" content=\"summary_large_image\" \/>\n<meta name=\"twitter:label1\" content=\"Tiempo de lectura\" \/>\n\t<meta name=\"twitter:data1\" content=\"1 minuto\" \/>\n<script type=\"application\/ld+json\" class=\"yoast-schema-graph\">{\"@context\":\"https:\/\/schema.org\",\"@graph\":[{\"@type\":\"WebPage\",\"@id\":\"https:\/\/www.ilcf.net\/es\/nuestros-programas\/frances-especializado\/cultura-y-frances-de-las-artes\/\",\"url\":\"https:\/\/www.ilcf.net\/es\/nuestros-programas\/frances-especializado\/cultura-y-frances-de-las-artes\/\",\"name\":\"Cultura y franc\u00e9s de las artes - ILCF - Institut de Langue et de Culture Fran\u00e7aises\",\"isPartOf\":{\"@id\":\"https:\/\/www.ilcf.net\/es\/#website\"},\"primaryImageOfPage\":{\"@id\":\"https:\/\/www.ilcf.net\/es\/nuestros-programas\/frances-especializado\/cultura-y-frances-de-las-artes\/#primaryimage\"},\"image\":{\"@id\":\"https:\/\/www.ilcf.net\/es\/nuestros-programas\/frances-especializado\/cultura-y-frances-de-las-artes\/#primaryimage\"},\"thumbnailUrl\":\"https:\/\/www.ilcf.net\/wp-content\/uploads\/sites\/20\/2020\/02\/header-mineure-culture.jpg\",\"datePublished\":\"2019-11-18T15:29:37+00:00\",\"dateModified\":\"2020-02-07T08:10:10+00:00\",\"description\":\"\u00bfEstudias en el campo de la cultura y las artes o te apasionan las actividades art\u00edsticas y culturales? El ILCF te propone diferentes cursos.\",\"breadcrumb\":{\"@id\":\"https:\/\/www.ilcf.net\/es\/nuestros-programas\/frances-especializado\/cultura-y-frances-de-las-artes\/#breadcrumb\"},\"inLanguage\":\"es\",\"potentialAction\":[{\"@type\":\"ReadAction\",\"target\":[\"https:\/\/www.ilcf.net\/es\/nuestros-programas\/frances-especializado\/cultura-y-frances-de-las-artes\/\"]}]},{\"@type\":\"ImageObject\",\"inLanguage\":\"es\",\"@id\":\"https:\/\/www.ilcf.net\/es\/nuestros-programas\/frances-especializado\/cultura-y-frances-de-las-artes\/#primaryimage\",\"url\":\"https:\/\/www.ilcf.net\/wp-content\/uploads\/sites\/20\/2020\/02\/header-mineure-culture.jpg\",\"contentUrl\":\"https:\/\/www.ilcf.net\/wp-content\/uploads\/sites\/20\/2020\/02\/header-mineure-culture.jpg\",\"width\":1920,\"height\":575,\"caption\":\"Header module culture\"},{\"@type\":\"BreadcrumbList\",\"@id\":\"https:\/\/www.ilcf.net\/es\/nuestros-programas\/frances-especializado\/cultura-y-frances-de-las-artes\/#breadcrumb\",\"itemListElement\":[{\"@type\":\"ListItem\",\"position\":1,\"name\":\"Accueil\",\"item\":\"https:\/\/www.ilcf.net\/es\/\"},{\"@type\":\"ListItem\",\"position\":2,\"name\":\"Nuestros programas\",\"item\":\"https:\/\/www.ilcf.net\/es\/nuestros-programas\/\"},{\"@type\":\"ListItem\",\"position\":3,\"name\":\"Franc\u00e9s especializado\",\"item\":\"https:\/\/www.ilcf.net\/es\/nuestros-programas\/frances-especializado\/\"},{\"@type\":\"ListItem\",\"position\":4,\"name\":\"Cultura y franc\u00e9s de las artes\"}]},{\"@type\":\"WebSite\",\"@id\":\"https:\/\/www.ilcf.net\/es\/#website\",\"url\":\"https:\/\/www.ilcf.net\/es\/\",\"name\":\"ILCF - Institut de Langue et de Culture Fran\u00e7aises\",\"description\":\"ILCF - Institut de Langue et de Culture Fran\u00e7aises\",\"publisher\":{\"@id\":\"https:\/\/www.ilcf.net\/es\/#organization\"},\"potentialAction\":[{\"@type\":\"SearchAction\",\"target\":{\"@type\":\"EntryPoint\",\"urlTemplate\":\"https:\/\/www.ilcf.net\/es\/?s={search_term_string}\"},\"query-input\":{\"@type\":\"PropertyValueSpecification\",\"valueRequired\":true,\"valueName\":\"search_term_string\"}}],\"inLanguage\":\"es\"},{\"@type\":\"Organization\",\"@id\":\"https:\/\/www.ilcf.net\/es\/#organization\",\"name\":\"ILCF - Institut de Langue et de Culture Fran\u00e7aises\",\"url\":\"https:\/\/www.ilcf.net\/es\/\",\"logo\":{\"@type\":\"ImageObject\",\"inLanguage\":\"es\",\"@id\":\"https:\/\/www.ilcf.net\/es\/#\/schema\/logo\/image\/\",\"url\":\"https:\/\/www.ilcf.net\/wp-content\/uploads\/sites\/20\/2019\/11\/ilcf_logo.svg\",\"contentUrl\":\"https:\/\/www.ilcf.net\/wp-content\/uploads\/sites\/20\/2019\/11\/ilcf_logo.svg\",\"caption\":\"ILCF - Institut de Langue et de Culture Fran\u00e7aises\"},\"image\":{\"@id\":\"https:\/\/www.ilcf.net\/es\/#\/schema\/logo\/image\/\"}}]}<\/script>\n<!-- \/ Yoast SEO plugin. -->","yoast_head_json":{"title":"Cultura y franc\u00e9s de las artes - ILCF - Institut de Langue et de Culture Fran\u00e7aises","description":"\u00bfEstudias en el campo de la cultura y las artes o te apasionan las actividades art\u00edsticas y culturales? El ILCF te propone diferentes cursos.","robots":{"index":"index","follow":"follow","max-snippet":"max-snippet:-1","max-image-preview":"max-image-preview:large","max-video-preview":"max-video-preview:-1"},"canonical":"https:\/\/www.ilcf.net\/es\/nuestros-programas\/frances-especializado\/cultura-y-frances-de-las-artes\/","og_locale":"es_ES","og_type":"article","og_title":"Cultura y franc\u00e9s de las artes - ILCF - Institut de Langue et de Culture Fran\u00e7aises","og_description":"\u00bfEstudias en el campo de la cultura y las artes o te apasionan las actividades art\u00edsticas y culturales? El ILCF te propone diferentes cursos.","og_url":"https:\/\/www.ilcf.net\/es\/nuestros-programas\/frances-especializado\/cultura-y-frances-de-las-artes\/","og_site_name":"ILCF - Institut de Langue et de Culture Fran\u00e7aises","article_modified_time":"2020-02-07T08:10:10+00:00","og_image":[{"width":1920,"height":575,"url":"https:\/\/www.ilcf.net\/wp-content\/uploads\/sites\/20\/2020\/02\/header-mineure-culture.jpg","type":"image\/jpeg"}],"twitter_card":"summary_large_image","twitter_misc":{"Tiempo de lectura":"1 minuto"},"schema":{"@context":"https:\/\/schema.org","@graph":[{"@type":"WebPage","@id":"https:\/\/www.ilcf.net\/es\/nuestros-programas\/frances-especializado\/cultura-y-frances-de-las-artes\/","url":"https:\/\/www.ilcf.net\/es\/nuestros-programas\/frances-especializado\/cultura-y-frances-de-las-artes\/","name":"Cultura y franc\u00e9s de las artes - ILCF - Institut de Langue et de Culture Fran\u00e7aises","isPartOf":{"@id":"https:\/\/www.ilcf.net\/es\/#website"},"primaryImageOfPage":{"@id":"https:\/\/www.ilcf.net\/es\/nuestros-programas\/frances-especializado\/cultura-y-frances-de-las-artes\/#primaryimage"},"image":{"@id":"https:\/\/www.ilcf.net\/es\/nuestros-programas\/frances-especializado\/cultura-y-frances-de-las-artes\/#primaryimage"},"thumbnailUrl":"https:\/\/www.ilcf.net\/wp-content\/uploads\/sites\/20\/2020\/02\/header-mineure-culture.jpg","datePublished":"2019-11-18T15:29:37+00:00","dateModified":"2020-02-07T08:10:10+00:00","description":"\u00bfEstudias en el campo de la cultura y las artes o te apasionan las actividades art\u00edsticas y culturales? El ILCF te propone diferentes cursos.","breadcrumb":{"@id":"https:\/\/www.ilcf.net\/es\/nuestros-programas\/frances-especializado\/cultura-y-frances-de-las-artes\/#breadcrumb"},"inLanguage":"es","potentialAction":[{"@type":"ReadAction","target":["https:\/\/www.ilcf.net\/es\/nuestros-programas\/frances-especializado\/cultura-y-frances-de-las-artes\/"]}]},{"@type":"ImageObject","inLanguage":"es","@id":"https:\/\/www.ilcf.net\/es\/nuestros-programas\/frances-especializado\/cultura-y-frances-de-las-artes\/#primaryimage","url":"https:\/\/www.ilcf.net\/wp-content\/uploads\/sites\/20\/2020\/02\/header-mineure-culture.jpg","contentUrl":"https:\/\/www.ilcf.net\/wp-content\/uploads\/sites\/20\/2020\/02\/header-mineure-culture.jpg","width":1920,"height":575,"caption":"Header module culture"},{"@type":"BreadcrumbList","@id":"https:\/\/www.ilcf.net\/es\/nuestros-programas\/frances-especializado\/cultura-y-frances-de-las-artes\/#breadcrumb","itemListElement":[{"@type":"ListItem","position":1,"name":"Accueil","item":"https:\/\/www.ilcf.net\/es\/"},{"@type":"ListItem","position":2,"name":"Nuestros programas","item":"https:\/\/www.ilcf.net\/es\/nuestros-programas\/"},{"@type":"ListItem","position":3,"name":"Franc\u00e9s especializado","item":"https:\/\/www.ilcf.net\/es\/nuestros-programas\/frances-especializado\/"},{"@type":"ListItem","position":4,"name":"Cultura y franc\u00e9s de las artes"}]},{"@type":"WebSite","@id":"https:\/\/www.ilcf.net\/es\/#website","url":"https:\/\/www.ilcf.net\/es\/","name":"ILCF - Institut de Langue et de Culture Fran\u00e7aises","description":"ILCF - Institut de Langue et de Culture Fran\u00e7aises","publisher":{"@id":"https:\/\/www.ilcf.net\/es\/#organization"},"potentialAction":[{"@type":"SearchAction","target":{"@type":"EntryPoint","urlTemplate":"https:\/\/www.ilcf.net\/es\/?s={search_term_string}"},"query-input":{"@type":"PropertyValueSpecification","valueRequired":true,"valueName":"search_term_string"}}],"inLanguage":"es"},{"@type":"Organization","@id":"https:\/\/www.ilcf.net\/es\/#organization","name":"ILCF - Institut de Langue et de Culture Fran\u00e7aises","url":"https:\/\/www.ilcf.net\/es\/","logo":{"@type":"ImageObject","inLanguage":"es","@id":"https:\/\/www.ilcf.net\/es\/#\/schema\/logo\/image\/","url":"https:\/\/www.ilcf.net\/wp-content\/uploads\/sites\/20\/2019\/11\/ilcf_logo.svg","contentUrl":"https:\/\/www.ilcf.net\/wp-content\/uploads\/sites\/20\/2019\/11\/ilcf_logo.svg","caption":"ILCF - Institut de Langue et de Culture Fran\u00e7aises"},"image":{"@id":"https:\/\/www.ilcf.net\/es\/#\/schema\/logo\/image\/"}}]}},"_links":{"self":[{"href":"https:\/\/www.ilcf.net\/es\/wp-json\/wp\/v2\/pages\/5516","targetHints":{"allow":["GET"]}}],"collection":[{"href":"https:\/\/www.ilcf.net\/es\/wp-json\/wp\/v2\/pages"}],"about":[{"href":"https:\/\/www.ilcf.net\/es\/wp-json\/wp\/v2\/types\/page"}],"author":[{"embeddable":true,"href":"https:\/\/www.ilcf.net\/es\/wp-json\/wp\/v2\/users\/32"}],"replies":[{"embeddable":true,"href":"https:\/\/www.ilcf.net\/es\/wp-json\/wp\/v2\/comments?post=5516"}],"version-history":[{"count":5,"href":"https:\/\/www.ilcf.net\/es\/wp-json\/wp\/v2\/pages\/5516\/revisions"}],"predecessor-version":[{"id":7021,"href":"https:\/\/www.ilcf.net\/es\/wp-json\/wp\/v2\/pages\/5516\/revisions\/7021"}],"up":[{"embeddable":true,"href":"https:\/\/www.ilcf.net\/es\/wp-json\/wp\/v2\/pages\/5506"}],"wp:featuredmedia":[{"embeddable":true,"href":"https:\/\/www.ilcf.net\/es\/wp-json\/wp\/v2\/media\/6302"}],"wp:attachment":[{"href":"https:\/\/www.ilcf.net\/es\/wp-json\/wp\/v2\/media?parent=5516"}],"curies":[{"name":"wp","href":"https:\/\/api.w.org\/{rel}","templated":true}]}}