{"id":5508,"date":"2019-11-14T14:02:12","date_gmt":"2019-11-14T13:02:12","guid":{"rendered":"https:\/\/www.ilcf.net\/?page_id=5508"},"modified":"2020-02-06T17:30:52","modified_gmt":"2020-02-06T16:30:52","slug":"empresa-y-mundo-laboral","status":"publish","type":"page","link":"https:\/\/www.ilcf.net\/es\/nuestros-programas\/frances-especializado\/empresa-y-mundo-laboral\/","title":{"rendered":"Empresa y mundo laboral"},"content":{"rendered":"<p>\u00bfTrabajas en una empresa y est\u00e1s en contacto con empresas franc\u00f3fonas? \u00bfEs importante el franc\u00e9s en tu proyecto profesional y te abre mejores perspectivas de carrera? \u00bfEstudias administraci\u00f3n o comercio internacional y quieres hacer unas pr\u00e1cticas en un pa\u00eds franc\u00f3fono? \u00bfQuieres poder \"desenvolverte\" en franc\u00e9s en situaciones del d\u00eda a d\u00eda profesional? \u00bfQuieres aprender las t\u00e9cnicas de b\u00fasqueda de empleo (CV, cartas, etc.)?<\/p><p><strong>Este curso de franc\u00e9s profesional te ayudar\u00e1 a sumergirte en el mundo de las empresas franc\u00f3fonas<\/strong>&nbsp;proponi\u00e9ndote temas actuales y motivadores, as\u00ed como actividades pragm\u00e1ticas, variadas y din\u00e1micas para afrontar situaciones concretas de la vida profesional.<\/p><p>Podr\u00e1s ir dominando progresivamente y seg\u00fan el nivel establecido&nbsp;<strong>el funcionamiento de la lengua francesa adquiriendo destrezas \u00fatiles para desenvolverte en las situaciones corrientes de la vida profesional<\/strong>&nbsp;y, de esta forma, ser competente en franc\u00e9s en tu sector de actividad.<\/p><p>Hay otros cursos disponibles en funci\u00f3n de la demanda y del personal:<\/p><ul class=\"wp-block-list\"><li>Franc\u00e9s de la medicina<\/li><li>Franc\u00e9s de ciencias y t\u00e9cnicas<\/li><li>Franc\u00e9s jur\u00eddico<\/li><li>Franc\u00e9s de la restauraci\u00f3n<\/li><li>Franc\u00e9s de la moda<\/li><li>Franc\u00e9s de la diplomacia y las relaciones internacionales<\/li><\/ul><div class=\"wp-block-contact js-fade-scroll\">\n  <p class=\"wp-block-contact-title\">contacta con nosotros<\/p>\n\n        <div class=\"contact-info\">\n        <p class=\"contact-item\">\n          <span class=\"contact-strong\">Oficina del ILCF<\/span><br>\n          <span class=\"contact-light\"><\/span>\n        <\/p>\n        <span class=\"contact-separate\"><\/span>\n        <p class=\"contact-item\">\n          <a class=\"icon-phone contact-button show-for-small-only\" href=\"tel:00 33 - (0)4 72 32 50 53\"><\/a>\n          <span class=\"contact-strong hide-for-small-only\">00 33 - (0)4 72 32 50 53<\/span><br>\n          <a class=\"icon-mail contact-button show-for-small-only\" href=\"mailto:ilcf@univ-catholyon.fr\"><\/a>\n          <span class=\"contact-light hide-for-small-only\">ilcf@univ-catholyon.fr<\/span>\n        <\/p>\n      <\/div>\n    <\/div><div class=\"wp-block-cross-content js-fade-scroll\">\n    <p class=\"wp-block-cross-content-title\"><\/p>\n            <div class=\"row wp-block-cross-content-row\">\n                                <div class=\"column small-12 medium-6 large-4 wp-block-cross-content-col\">\n                        <a class=\"wp-block-cross-content-top\" href=\"https:\/\/www.ilcf.net\/es\/programas\/programa-clcf-de-verano-intensivo-junio-julio-y-agosto\/\" title=\"Programa CLCF de verano intensivo: junio, julio y agosto\">\n                            <span class=\"wp-block-cross-content-name\">Programa CLCF de verano intensivo: junio, julio y agosto<\/span>\n                            <span class=\"wp-block-cross-content-image\"><img loading=\"lazy\" decoding=\"async\" width=\"630\" height=\"570\" src=\"https:\/\/www.ilcf.net\/wp-content\/uploads\/sites\/20\/2019\/11\/header-programme-ete-ilcf-2023-630x570.jpg\" class=\" wp-post-image\" alt=\"Programme \u00e9t\u00e9 ILCF\" \/><\/span>\n                            <span class=\"wp-block-cross-content-more\">\n                                <span class=\"icon-more\"><\/span>\n                            <\/span>\n                        <\/a>\n                        <div class=\"wp-block-cross-content-excerpt\"><\/div>\n                    <\/div>\n                                                <div class=\"column small-12 medium-6 large-4 wp-block-cross-content-col\">\n                        <a class=\"wp-block-cross-content-top\" href=\"https:\/\/www.ilcf.net\/es\/programas\/programa-duef\/\" title=\"Programa DUEF\">\n                            <span class=\"wp-block-cross-content-name\">Programa DUEF<\/span>\n                            <span class=\"wp-block-cross-content-image\"><img loading=\"lazy\" decoding=\"async\" width=\"630\" height=\"570\" src=\"https:\/\/www.ilcf.net\/wp-content\/uploads\/sites\/20\/2019\/11\/programme-cours-ilcf-630x570.jpg\" class=\" wp-post-image\" alt=\"\" \/><\/span>\n                            <span class=\"wp-block-cross-content-more\">\n                                <span class=\"icon-more\"><\/span>\n                            <\/span>\n                        <\/a>\n                        <div class=\"wp-block-cross-content-excerpt\"><\/div>\n                    <\/div>\n                                                <div class=\"column small-12 medium-6 large-4 wp-block-cross-content-col\">\n                        <a class=\"wp-block-cross-content-top\" href=\"https:\/\/www.ilcf.net\/es\/programas\/programa-complementario-lengua-cultura-y-civilizacion\/\" title=\"Programa complementario Lengua, cultura y civilizaci\u00f3n\">\n                            <span class=\"wp-block-cross-content-name\">Programa complementario Lengua, cultura y civilizaci\u00f3n<\/span>\n                            <span class=\"wp-block-cross-content-image\"><img loading=\"lazy\" decoding=\"async\" width=\"630\" height=\"570\" src=\"https:\/\/www.ilcf.net\/wp-content\/uploads\/sites\/20\/2019\/11\/header-cours-semi-intensif-630x570.jpg\" class=\" wp-post-image\" alt=\"\" \/><\/span>\n                            <span class=\"wp-block-cross-content-more\">\n                                <span class=\"icon-more\"><\/span>\n                            <\/span>\n                        <\/a>\n                        <div class=\"wp-block-cross-content-excerpt\"><\/div>\n                    <\/div>\n                                    <\/div>\n    <\/div>","protected":false},"excerpt":{"rendered":"<p>\u00bfTrabajas en una empresa y est\u00e1s en contacto con empresas franc\u00f3fonas? \u00bfEs importante el franc\u00e9s en tu proyecto profesional y te abre mejores perspectivas [&hellip;]<\/p>\n","protected":false},"author":32,"featured_media":5430,"parent":5506,"menu_order":0,"comment_status":"closed","ping_status":"closed","template":"","meta":{"_acf_changed":false,"footnotes":""},"class_list":["post-5508","page","type-page","status-publish","has-post-thumbnail","hentry"],"acf":[],"yoast_head":"<!-- This site is optimized with the Yoast SEO plugin v24.1 - https:\/\/yoast.com\/wordpress\/plugins\/seo\/ -->\n<title>Empresa y mundo laboral - ILCF - Institut de Langue et de Culture Fran\u00e7aises<\/title>\n<meta name=\"robots\" content=\"index, follow, max-snippet:-1, max-image-preview:large, max-video-preview:-1\" \/>\n<link rel=\"canonical\" href=\"https:\/\/www.ilcf.net\/es\/nuestros-programas\/frances-especializado\/empresa-y-mundo-laboral\/\" \/>\n<meta property=\"og:locale\" content=\"es_ES\" \/>\n<meta property=\"og:type\" content=\"article\" \/>\n<meta property=\"og:title\" content=\"Empresa y mundo laboral - ILCF - Institut de Langue et de Culture Fran\u00e7aises\" \/>\n<meta property=\"og:description\" content=\"\u00bfTrabajas en una empresa y est\u00e1s en contacto con empresas franc\u00f3fonas? \u00bfEs importante el franc\u00e9s en tu proyecto profesional y te abre mejores perspectivas [&hellip;]\" \/>\n<meta property=\"og:url\" content=\"https:\/\/www.ilcf.net\/es\/nuestros-programas\/frances-especializado\/empresa-y-mundo-laboral\/\" \/>\n<meta property=\"og:site_name\" content=\"ILCF - Institut de Langue et de Culture Fran\u00e7aises\" \/>\n<meta property=\"article:modified_time\" content=\"2020-02-06T16:30:52+00:00\" \/>\n<meta property=\"og:image\" content=\"https:\/\/www.ilcf.net\/wp-content\/uploads\/sites\/20\/2019\/12\/header-francais-entreprise2.jpg\" \/>\n\t<meta property=\"og:image:width\" content=\"1920\" \/>\n\t<meta property=\"og:image:height\" content=\"575\" \/>\n\t<meta property=\"og:image:type\" content=\"image\/jpeg\" \/>\n<meta name=\"twitter:card\" content=\"summary_large_image\" \/>\n<meta name=\"twitter:label1\" content=\"Tiempo de lectura\" \/>\n\t<meta name=\"twitter:data1\" content=\"1 minuto\" \/>\n<script type=\"application\/ld+json\" class=\"yoast-schema-graph\">{\"@context\":\"https:\/\/schema.org\",\"@graph\":[{\"@type\":\"WebPage\",\"@id\":\"https:\/\/www.ilcf.net\/es\/nuestros-programas\/frances-especializado\/empresa-y-mundo-laboral\/\",\"url\":\"https:\/\/www.ilcf.net\/es\/nuestros-programas\/frances-especializado\/empresa-y-mundo-laboral\/\",\"name\":\"Empresa y mundo laboral - ILCF - Institut de Langue et de Culture Fran\u00e7aises\",\"isPartOf\":{\"@id\":\"https:\/\/www.ilcf.net\/es\/#website\"},\"primaryImageOfPage\":{\"@id\":\"https:\/\/www.ilcf.net\/es\/nuestros-programas\/frances-especializado\/empresa-y-mundo-laboral\/#primaryimage\"},\"image\":{\"@id\":\"https:\/\/www.ilcf.net\/es\/nuestros-programas\/frances-especializado\/empresa-y-mundo-laboral\/#primaryimage\"},\"thumbnailUrl\":\"https:\/\/www.ilcf.net\/wp-content\/uploads\/sites\/20\/2019\/12\/header-francais-entreprise2.jpg\",\"datePublished\":\"2019-11-14T13:02:12+00:00\",\"dateModified\":\"2020-02-06T16:30:52+00:00\",\"breadcrumb\":{\"@id\":\"https:\/\/www.ilcf.net\/es\/nuestros-programas\/frances-especializado\/empresa-y-mundo-laboral\/#breadcrumb\"},\"inLanguage\":\"es\",\"potentialAction\":[{\"@type\":\"ReadAction\",\"target\":[\"https:\/\/www.ilcf.net\/es\/nuestros-programas\/frances-especializado\/empresa-y-mundo-laboral\/\"]}]},{\"@type\":\"ImageObject\",\"inLanguage\":\"es\",\"@id\":\"https:\/\/www.ilcf.net\/es\/nuestros-programas\/frances-especializado\/empresa-y-mundo-laboral\/#primaryimage\",\"url\":\"https:\/\/www.ilcf.net\/wp-content\/uploads\/sites\/20\/2019\/12\/header-francais-entreprise2.jpg\",\"contentUrl\":\"https:\/\/www.ilcf.net\/wp-content\/uploads\/sites\/20\/2019\/12\/header-francais-entreprise2.jpg\",\"width\":1920,\"height\":575},{\"@type\":\"BreadcrumbList\",\"@id\":\"https:\/\/www.ilcf.net\/es\/nuestros-programas\/frances-especializado\/empresa-y-mundo-laboral\/#breadcrumb\",\"itemListElement\":[{\"@type\":\"ListItem\",\"position\":1,\"name\":\"Accueil\",\"item\":\"https:\/\/www.ilcf.net\/es\/\"},{\"@type\":\"ListItem\",\"position\":2,\"name\":\"Nuestros programas\",\"item\":\"https:\/\/www.ilcf.net\/es\/nuestros-programas\/\"},{\"@type\":\"ListItem\",\"position\":3,\"name\":\"Franc\u00e9s especializado\",\"item\":\"https:\/\/www.ilcf.net\/es\/nuestros-programas\/frances-especializado\/\"},{\"@type\":\"ListItem\",\"position\":4,\"name\":\"Empresa y mundo laboral\"}]},{\"@type\":\"WebSite\",\"@id\":\"https:\/\/www.ilcf.net\/es\/#website\",\"url\":\"https:\/\/www.ilcf.net\/es\/\",\"name\":\"ILCF - Institut de Langue et de Culture Fran\u00e7aises\",\"description\":\"ILCF - Institut de Langue et de Culture Fran\u00e7aises\",\"publisher\":{\"@id\":\"https:\/\/www.ilcf.net\/es\/#organization\"},\"potentialAction\":[{\"@type\":\"SearchAction\",\"target\":{\"@type\":\"EntryPoint\",\"urlTemplate\":\"https:\/\/www.ilcf.net\/es\/?s={search_term_string}\"},\"query-input\":{\"@type\":\"PropertyValueSpecification\",\"valueRequired\":true,\"valueName\":\"search_term_string\"}}],\"inLanguage\":\"es\"},{\"@type\":\"Organization\",\"@id\":\"https:\/\/www.ilcf.net\/es\/#organization\",\"name\":\"ILCF - Institut de Langue et de Culture Fran\u00e7aises\",\"url\":\"https:\/\/www.ilcf.net\/es\/\",\"logo\":{\"@type\":\"ImageObject\",\"inLanguage\":\"es\",\"@id\":\"https:\/\/www.ilcf.net\/es\/#\/schema\/logo\/image\/\",\"url\":\"https:\/\/www.ilcf.net\/wp-content\/uploads\/sites\/20\/2019\/11\/ilcf_logo.svg\",\"contentUrl\":\"https:\/\/www.ilcf.net\/wp-content\/uploads\/sites\/20\/2019\/11\/ilcf_logo.svg\",\"caption\":\"ILCF - Institut de Langue et de Culture Fran\u00e7aises\"},\"image\":{\"@id\":\"https:\/\/www.ilcf.net\/es\/#\/schema\/logo\/image\/\"}}]}<\/script>\n<!-- \/ Yoast SEO plugin. -->","yoast_head_json":{"title":"Empresa y mundo laboral - ILCF - Institut de Langue et de Culture Fran\u00e7aises","robots":{"index":"index","follow":"follow","max-snippet":"max-snippet:-1","max-image-preview":"max-image-preview:large","max-video-preview":"max-video-preview:-1"},"canonical":"https:\/\/www.ilcf.net\/es\/nuestros-programas\/frances-especializado\/empresa-y-mundo-laboral\/","og_locale":"es_ES","og_type":"article","og_title":"Empresa y mundo laboral - ILCF - Institut de Langue et de Culture Fran\u00e7aises","og_description":"\u00bfTrabajas en una empresa y est\u00e1s en contacto con empresas franc\u00f3fonas? \u00bfEs importante el franc\u00e9s en tu proyecto profesional y te abre mejores perspectivas [&hellip;]","og_url":"https:\/\/www.ilcf.net\/es\/nuestros-programas\/frances-especializado\/empresa-y-mundo-laboral\/","og_site_name":"ILCF - Institut de Langue et de Culture Fran\u00e7aises","article_modified_time":"2020-02-06T16:30:52+00:00","og_image":[{"width":1920,"height":575,"url":"https:\/\/www.ilcf.net\/wp-content\/uploads\/sites\/20\/2019\/12\/header-francais-entreprise2.jpg","type":"image\/jpeg"}],"twitter_card":"summary_large_image","twitter_misc":{"Tiempo de lectura":"1 minuto"},"schema":{"@context":"https:\/\/schema.org","@graph":[{"@type":"WebPage","@id":"https:\/\/www.ilcf.net\/es\/nuestros-programas\/frances-especializado\/empresa-y-mundo-laboral\/","url":"https:\/\/www.ilcf.net\/es\/nuestros-programas\/frances-especializado\/empresa-y-mundo-laboral\/","name":"Empresa y mundo laboral - ILCF - Institut de Langue et de Culture Fran\u00e7aises","isPartOf":{"@id":"https:\/\/www.ilcf.net\/es\/#website"},"primaryImageOfPage":{"@id":"https:\/\/www.ilcf.net\/es\/nuestros-programas\/frances-especializado\/empresa-y-mundo-laboral\/#primaryimage"},"image":{"@id":"https:\/\/www.ilcf.net\/es\/nuestros-programas\/frances-especializado\/empresa-y-mundo-laboral\/#primaryimage"},"thumbnailUrl":"https:\/\/www.ilcf.net\/wp-content\/uploads\/sites\/20\/2019\/12\/header-francais-entreprise2.jpg","datePublished":"2019-11-14T13:02:12+00:00","dateModified":"2020-02-06T16:30:52+00:00","breadcrumb":{"@id":"https:\/\/www.ilcf.net\/es\/nuestros-programas\/frances-especializado\/empresa-y-mundo-laboral\/#breadcrumb"},"inLanguage":"es","potentialAction":[{"@type":"ReadAction","target":["https:\/\/www.ilcf.net\/es\/nuestros-programas\/frances-especializado\/empresa-y-mundo-laboral\/"]}]},{"@type":"ImageObject","inLanguage":"es","@id":"https:\/\/www.ilcf.net\/es\/nuestros-programas\/frances-especializado\/empresa-y-mundo-laboral\/#primaryimage","url":"https:\/\/www.ilcf.net\/wp-content\/uploads\/sites\/20\/2019\/12\/header-francais-entreprise2.jpg","contentUrl":"https:\/\/www.ilcf.net\/wp-content\/uploads\/sites\/20\/2019\/12\/header-francais-entreprise2.jpg","width":1920,"height":575},{"@type":"BreadcrumbList","@id":"https:\/\/www.ilcf.net\/es\/nuestros-programas\/frances-especializado\/empresa-y-mundo-laboral\/#breadcrumb","itemListElement":[{"@type":"ListItem","position":1,"name":"Accueil","item":"https:\/\/www.ilcf.net\/es\/"},{"@type":"ListItem","position":2,"name":"Nuestros programas","item":"https:\/\/www.ilcf.net\/es\/nuestros-programas\/"},{"@type":"ListItem","position":3,"name":"Franc\u00e9s especializado","item":"https:\/\/www.ilcf.net\/es\/nuestros-programas\/frances-especializado\/"},{"@type":"ListItem","position":4,"name":"Empresa y mundo laboral"}]},{"@type":"WebSite","@id":"https:\/\/www.ilcf.net\/es\/#website","url":"https:\/\/www.ilcf.net\/es\/","name":"ILCF - Institut de Langue et de Culture Fran\u00e7aises","description":"ILCF - Institut de Langue et de Culture Fran\u00e7aises","publisher":{"@id":"https:\/\/www.ilcf.net\/es\/#organization"},"potentialAction":[{"@type":"SearchAction","target":{"@type":"EntryPoint","urlTemplate":"https:\/\/www.ilcf.net\/es\/?s={search_term_string}"},"query-input":{"@type":"PropertyValueSpecification","valueRequired":true,"valueName":"search_term_string"}}],"inLanguage":"es"},{"@type":"Organization","@id":"https:\/\/www.ilcf.net\/es\/#organization","name":"ILCF - Institut de Langue et de Culture Fran\u00e7aises","url":"https:\/\/www.ilcf.net\/es\/","logo":{"@type":"ImageObject","inLanguage":"es","@id":"https:\/\/www.ilcf.net\/es\/#\/schema\/logo\/image\/","url":"https:\/\/www.ilcf.net\/wp-content\/uploads\/sites\/20\/2019\/11\/ilcf_logo.svg","contentUrl":"https:\/\/www.ilcf.net\/wp-content\/uploads\/sites\/20\/2019\/11\/ilcf_logo.svg","caption":"ILCF - Institut de Langue et de Culture Fran\u00e7aises"},"image":{"@id":"https:\/\/www.ilcf.net\/es\/#\/schema\/logo\/image\/"}}]}},"_links":{"self":[{"href":"https:\/\/www.ilcf.net\/es\/wp-json\/wp\/v2\/pages\/5508","targetHints":{"allow":["GET"]}}],"collection":[{"href":"https:\/\/www.ilcf.net\/es\/wp-json\/wp\/v2\/pages"}],"about":[{"href":"https:\/\/www.ilcf.net\/es\/wp-json\/wp\/v2\/types\/page"}],"author":[{"embeddable":true,"href":"https:\/\/www.ilcf.net\/es\/wp-json\/wp\/v2\/users\/32"}],"replies":[{"embeddable":true,"href":"https:\/\/www.ilcf.net\/es\/wp-json\/wp\/v2\/comments?post=5508"}],"version-history":[{"count":7,"href":"https:\/\/www.ilcf.net\/es\/wp-json\/wp\/v2\/pages\/5508\/revisions"}],"predecessor-version":[{"id":6997,"href":"https:\/\/www.ilcf.net\/es\/wp-json\/wp\/v2\/pages\/5508\/revisions\/6997"}],"up":[{"embeddable":true,"href":"https:\/\/www.ilcf.net\/es\/wp-json\/wp\/v2\/pages\/5506"}],"wp:featuredmedia":[{"embeddable":true,"href":"https:\/\/www.ilcf.net\/es\/wp-json\/wp\/v2\/media\/5430"}],"wp:attachment":[{"href":"https:\/\/www.ilcf.net\/es\/wp-json\/wp\/v2\/media?parent=5508"}],"curies":[{"name":"wp","href":"https:\/\/api.w.org\/{rel}","templated":true}]}}