{"id":16698,"date":"2022-02-22T17:23:38","date_gmt":"2022-02-22T16:23:38","guid":{"rendered":"https:\/\/www.ilcf.net\/?page_id=16698"},"modified":"2026-05-07T18:05:00","modified_gmt":"2026-05-07T16:05:00","slug":"fechas-tarifas-cursos-2026-2027","status":"publish","type":"page","link":"https:\/\/www.ilcf.net\/es\/nuestros-programas\/fechas-tarifas-cursos\/fechas-tarifas-cursos-2026-2027\/","title":{"rendered":"Fechas y tarifas de los cursos 2026-2027"},"content":{"rendered":"<h2 class=\"wp-block-heading\" id=\"fechas-2022-2023\">Fechas 2026-2027<\/h2><p>Se organiza una prueba de nivel en l\u00ednea antes del inicio de cada sesi\u00f3n.<\/p><h3 class=\"wp-block-heading\" id=\"cursos-intensivos-de-verano\">Programa de impulso de septiembre<\/h3><p><strong>Del mi\u00e8rcoles 2 al viernes 18 de septiembre de 2026<\/strong><\/p><h3 class=\"wp-block-heading\" id=\"1-semestre\"><strong>Semestre de Oto\u00f1o (S1)<\/strong><\/h3><ul class=\"wp-block-list\"><li><strong>Del<\/strong> <strong>martes 15 de septiembre al viernes 18 de diciembre de 2026<\/strong><\/li>\n\n<li>Pruebas orales de nivel: martes 15 de septiembre de 2026<\/li>\n\n<li>Inicio de clases:<strong> <\/strong>lunes 21 de septiembre de 2026<\/li>\n\n<li>Vacaciones:<br>&gt; del s\u00e1bado 24 de octubre al domingo 1 de noviembre de 2026<br>&gt; del s\u00e1bado 19 de diciembre de 2026 al domingo 3 de enero de 2027<\/li>\n\n<li><strong>D\u00eda festivo: <\/strong><br>&gt; mi\u00e9rcoles 11 de noviembre de 2026<\/li><\/ul><h3 class=\"wp-block-heading\" id=\"cursos-intensivos-de-verano\">Curso de franc\u00e9s para principiantes : Febrero<\/h3><p><strong>Del martes 2 al viernes 19 de Febrero de 2027<\/strong><\/p><h3 class=\"wp-block-heading\" id=\"2-semestre\"><strong>Semestre de Primavera (S2)<\/strong><\/h3><ul class=\"wp-block-list\"><li><strong>Del<\/strong> <strong>jueves 7 de enero al viernes 14 de mayo de 2027<\/strong><\/li>\n\n<li>Pruebas orales de nivel: jueves 7 de enero de 2027<\/li>\n\n<li>Inicio de clases: martes 12 de enero de 2027<\/li>\n\n<li>Vacaciones:<br>&gt; del s\u00e1bado 20 de febrero al domingo 28 de febrero de 2027<br>&gt; del s\u00e1bado 10 de abril al domingo 25 de abril de 2027<\/li><\/ul><h3 class=\"wp-block-heading\" id=\"mensual-intensivo-apertura-bajo-reserva-de-un-numero-suficiente-de-participantes\">Programa intensivo de verano CLCF<\/h3><ul class=\"wp-block-list\"><li><strong>Sesi\u00f3n de junio:<\/strong> del mi\u00e9rcoles 2 al martes 22 de junio de 2027<\/li>\n\n<li><strong>Sesi\u00f3n de julio:<\/strong> del lunes 5 al martes 27 de julio de 2027<br><em>(excepto el mi\u00e9rcoles 14 de julio - d\u00eda festivo)<\/em><\/li>\n\n<li><strong>Sesi\u00f3n de agosto:<\/strong> del lunes 2 al martes 24 de agosto de 2027<\/li><\/ul><div class=\"wp-block-separator js-fade-scroll\"><\/div><h2 class=\"wp-block-heading\" id=\"tarifas-2022-2023\">Tarifas 2026-2027<\/h2><div class=\"wp-block-table js-fade-scroll\">\n  <p class=\"wp-block-table-title\">Programa DUEF<\/p>\n\n  <div class=\"wp-block-table-responsive\">\n    <table>\n              <thead>\n          <tr>\n                          <th>Programa<\/th>\n                          <th>Duraci\u00f3n<\/th>\n                          <th>Tarifas<\/th>\n                      <\/tr>\n        <\/thead>\n      \n      <tbody>\n                  <tr>\n                          <td>1 semestre<\/td>\n                          <td>200h<\/td>\n                          <td>2240 \u20ac<\/td>\n                      <\/tr>\n                  <tr>\n                          <td>A\u00f1o acad\u00e9mico completo<\/td>\n                          <td>400h<\/td>\n                          <td>3990 \u20ac<\/td>\n                      <\/tr>\n                  <tr>\n                          <td>1 semestre complementario<\/td>\n                          <td>+200h<\/td>\n                          <td>+2050 \u20ac<\/td>\n                      <\/tr>\n              <\/tbody>\n    <\/table>\n  <\/div>\n\n  <p class=\"wp-block-table-caption\"><\/p>\n<\/div><div style=\"\n  margin:-18px 0 12px 0;\n  padding:14px 18px;\n  background-color:#f7f7f7;\n  border:1px solid #e0e0e0;\n  border-left:4px solid #B70033;\n  border-radius:4px;\n  box-sizing:border-box;\n\">\n  <p style=\"\n    margin:0;\n    font-size:15.5px;\n    font-weight:600;\n    color:#000;\n    line-height:1.4;\n  \">\n    Se solicitar\u00e1 un anticipo de 370 \u20ac por semestre.\n  <\/p>\n<\/div><div class=\"wp-block-table js-fade-scroll\">\n  <p class=\"wp-block-table-title\">Programa complementario<\/p>\n\n  <div class=\"wp-block-table-responsive\">\n    <table>\n              <thead>\n          <tr>\n                          <th>Programa<\/th>\n                          <th>Duraci\u00f3n<\/th>\n                          <th>Tarifas<\/th>\n                      <\/tr>\n        <\/thead>\n      \n      <tbody>\n                  <tr>\n                          <td>Programa complementario - 1 semestre<\/td>\n                          <td>+40h<\/td>\n                          <td>+555 \u20ac<\/td>\n                      <\/tr>\n                  <tr>\n                          <td>Programa complementario - 1 a\u00f1o acad\u00e9mico<\/td>\n                          <td>+80h<\/td>\n                          <td>+1100 \u20ac<\/td>\n                      <\/tr>\n              <\/tbody>\n    <\/table>\n  <\/div>\n\n  <p class=\"wp-block-table-caption\"><\/p>\n<\/div><div class=\"wp-block-separator js-fade-scroll\"><\/div><div class=\"wp-block-table js-fade-scroll\">\n  <p class=\"wp-block-table-title\">Programa intensivo de verano CLCF<\/p>\n\n  <div class=\"wp-block-table-responsive\">\n    <table>\n              <thead>\n          <tr>\n                          <th>Programa<\/th>\n                          <th>Duraci\u00f3n<\/th>\n                          <th>Tarifas<\/th>\n                      <\/tr>\n        <\/thead>\n      \n      <tbody>\n                  <tr>\n                          <td>Junio<\/td>\n                          <td>60h<\/td>\n                          <td>900 \u20ac<\/td>\n                      <\/tr>\n                  <tr>\n                          <td>1 mes (julio o agosto)<\/td>\n                          <td>80h<\/td>\n                          <td>1020 \u20ac<\/td>\n                      <\/tr>\n                  <tr>\n                          <td>Mes adicional<\/td>\n                          <td>+80h<\/td>\n                          <td>+970 \u20ac<\/td>\n                      <\/tr>\n              <\/tbody>\n    <\/table>\n  <\/div>\n\n  <p class=\"wp-block-table-caption\"><\/p>\n<\/div><div style=\"\n  margin:-18px 0 12px 0;\n  padding:14px 18px;\n  background-color:#f7f7f7;\n  border:1px solid #e0e0e0;\n  border-left:4px solid #B70033;\n  border-radius:4px;\n  box-sizing:border-box;\n\">\n  <p style=\"\n    margin:0;\n    font-size:15.5px;\n    font-weight:600;\n    color:#000;\n    line-height:1.4;\n  \">\n    Se solicitar\u00e1 un anticipo de 280 \u20ac por mes.\n  <\/p>\n<\/div><div class=\"wp-block-separator js-fade-scroll\"><\/div><div class=\"wp-block-separator js-fade-scroll\"><\/div><div class=\"wp-block-table js-fade-scroll\">\n  <p class=\"wp-block-table-title\">Programas espec\u00edficos<\/p>\n\n  <div class=\"wp-block-table-responsive\">\n    <table>\n              <thead>\n          <tr>\n                          <th>Programa<\/th>\n                          <th>Duraci\u00f3n<\/th>\n                          <th>Tarifas<\/th>\n                      <\/tr>\n        <\/thead>\n      \n      <tbody>\n                  <tr>\n                          <td>Programa de impulso de septiembre<\/td>\n                          <td>40h<\/td>\n                          <td>585 \u20ac<\/td>\n                      <\/tr>\n                  <tr>\n                          <td>Curso de franc\u00e9s para principiantes : Febrero<\/td>\n                          <td>60h<\/td>\n                          <td>900\u20ac<\/td>\n                      <\/tr>\n              <\/tbody>\n    <\/table>\n  <\/div>\n\n  <p class=\"wp-block-table-caption\"><\/p>\n<\/div><div style=\"\n  margin:-18px 0 12px 0;\n  padding:14px 18px;\n  background-color:#f7f7f7;\n  border:1px solid #e0e0e0;\n  border-left:4px solid #B70033;\n  border-radius:4px;\n  box-sizing:border-box;\n\">\n  <p style=\"\n    margin:0;\n    font-size:15.5px;\n    font-weight:600;\n    color:#000;\n    line-height:1.4;\n  \">\n    Pago en el momento de la inscripci\u00f3n\n  <\/p>\n<\/div><div class=\"wp-block-separator js-fade-scroll\"><\/div><h2 class=\"wp-block-heading\">Gastos complementarios obligatorios*<\/h2><ul class=\"wp-block-list\"><li>Al mes: 15 \u20ac<\/li>\n\n<li>Por semestre: 114 \u20ac<\/li><\/ul><p>*Tarifas indicativas del a\u00f1o acad\u00e9mico 2025-2026.<\/p><p>(Estos gastos incluyen: el seguro de responsabilidad civil, la biblioteca, la contribuci\u00f3n de salud de la UCLy, as\u00ed como los fondos de solidaridad)<\/p><div class=\"wp-block-cross-content js-fade-scroll\">\n    <p class=\"wp-block-cross-content-title\">M\u00e1s informaci\u00f3n<\/p>\n            <div class=\"row wp-block-cross-content-row\">\n                                <div class=\"column small-12 medium-6 large-4 wp-block-cross-content-col\">\n                        <a class=\"wp-block-cross-content-top\" href=\"https:\/\/www.ilcf.net\/es\/nuestros-programas\/\" title=\"Nuestros programas\">\n                            <span class=\"wp-block-cross-content-name\">Nuestros programas<\/span>\n                            <span class=\"wp-block-cross-content-image\"><img loading=\"lazy\" decoding=\"async\" width=\"630\" height=\"570\" src=\"https:\/\/www.ilcf.net\/wp-content\/uploads\/sites\/20\/2020\/02\/header-recrutement-stagiaire-estri-630x570.jpg\" class=\" wp-post-image\" alt=\"\" \/><\/span>\n                            <span class=\"wp-block-cross-content-more\">\n                                <span class=\"icon-more\"><\/span>\n                            <\/span>\n                        <\/a>\n                        <div class=\"wp-block-cross-content-excerpt\"><\/div>\n                    <\/div>\n                                                <div class=\"column small-12 medium-6 large-4 wp-block-cross-content-col\">\n                        <a class=\"wp-block-cross-content-top\" href=\"https:\/\/www.ilcf.net\/es\/quien-es-usted\/estudiante\/inscripcion-a-un-programa-de-lengua-y-de-cultura-francesas-2\/\" title=\"Inscripci\u00f3n a un programa de lengua y de cultura francesas\">\n                            <span class=\"wp-block-cross-content-name\">Inscripci\u00f3n a un programa de lengua y de cultura francesas<\/span>\n                            <span class=\"wp-block-cross-content-image\"><img loading=\"lazy\" decoding=\"async\" width=\"630\" height=\"570\" src=\"https:\/\/www.ilcf.net\/wp-content\/uploads\/sites\/20\/2019\/12\/header-inscription-cours-ilcf-630x570.jpg\" class=\" wp-post-image\" alt=\"\" \/><\/span>\n                            <span class=\"wp-block-cross-content-more\">\n                                <span class=\"icon-more\"><\/span>\n                            <\/span>\n                        <\/a>\n                        <div class=\"wp-block-cross-content-excerpt\"><\/div>\n                    <\/div>\n                                    <\/div>\n    <\/div>","protected":false},"excerpt":{"rendered":"<p>Fechas 2026-2027Se organiza una prueba de nivel en l\u00ednea antes del inicio de cada sesi\u00f3n.Programa de impulso de septiembreDel mi\u00e8rcoles 2 al viernes 18 [&hellip;]<\/p>\n","protected":false},"author":305,"featured_media":26655,"parent":10008,"menu_order":6,"comment_status":"closed","ping_status":"closed","template":"","meta":{"_acf_changed":false,"footnotes":""},"class_list":["post-16698","page","type-page","status-publish","has-post-thumbnail","hentry"],"acf":[],"yoast_head":"<!-- This site is optimized with the Yoast SEO plugin v24.1 - https:\/\/yoast.com\/wordpress\/plugins\/seo\/ -->\n<title>Fechas y tarifas de los cursos 2026-2027 - ILCF - Institut de Langue et de Culture Fran\u00e7aises<\/title>\n<meta name=\"robots\" content=\"index, follow, max-snippet:-1, max-image-preview:large, max-video-preview:-1\" \/>\n<link rel=\"canonical\" href=\"https:\/\/www.ilcf.net\/es\/nuestros-programas\/fechas-tarifas-cursos\/fechas-tarifas-cursos-2026-2027\/\" \/>\n<meta property=\"og:locale\" content=\"es_ES\" \/>\n<meta property=\"og:type\" content=\"article\" \/>\n<meta property=\"og:title\" content=\"Fechas y tarifas de los cursos 2026-2027 - ILCF - Institut de Langue et de Culture Fran\u00e7aises\" \/>\n<meta property=\"og:description\" content=\"Fechas 2026-2027Se organiza una prueba de nivel en l\u00ednea antes del inicio de cada sesi\u00f3n.Programa de impulso de septiembreDel mi\u00e8rcoles 2 al viernes 18 [&hellip;]\" \/>\n<meta property=\"og:url\" content=\"https:\/\/www.ilcf.net\/es\/nuestros-programas\/fechas-tarifas-cursos\/fechas-tarifas-cursos-2026-2027\/\" \/>\n<meta property=\"og:site_name\" content=\"ILCF - Institut de Langue et de Culture Fran\u00e7aises\" \/>\n<meta property=\"article:modified_time\" content=\"2026-05-07T16:05:00+00:00\" \/>\n<meta property=\"og:image\" content=\"https:\/\/www.ilcf.net\/wp-content\/uploads\/sites\/20\/2026\/02\/ilcf-calendrier-site-2026-2027-1.jpg\" \/>\n\t<meta property=\"og:image:width\" content=\"1920\" \/>\n\t<meta property=\"og:image:height\" content=\"575\" \/>\n\t<meta property=\"og:image:type\" content=\"image\/jpeg\" \/>\n<meta name=\"twitter:card\" content=\"summary_large_image\" \/>\n<meta name=\"twitter:label1\" content=\"Tiempo de lectura\" \/>\n\t<meta name=\"twitter:data1\" content=\"2 minutos\" \/>\n<script type=\"application\/ld+json\" class=\"yoast-schema-graph\">{\"@context\":\"https:\/\/schema.org\",\"@graph\":[{\"@type\":\"WebPage\",\"@id\":\"https:\/\/www.ilcf.net\/es\/nuestros-programas\/fechas-tarifas-cursos\/fechas-tarifas-cursos-2026-2027\/\",\"url\":\"https:\/\/www.ilcf.net\/es\/nuestros-programas\/fechas-tarifas-cursos\/fechas-tarifas-cursos-2026-2027\/\",\"name\":\"Fechas y tarifas de los cursos 2026-2027 - ILCF - Institut de Langue et de Culture Fran\u00e7aises\",\"isPartOf\":{\"@id\":\"https:\/\/www.ilcf.net\/es\/#website\"},\"primaryImageOfPage\":{\"@id\":\"https:\/\/www.ilcf.net\/es\/nuestros-programas\/fechas-tarifas-cursos\/fechas-tarifas-cursos-2026-2027\/#primaryimage\"},\"image\":{\"@id\":\"https:\/\/www.ilcf.net\/es\/nuestros-programas\/fechas-tarifas-cursos\/fechas-tarifas-cursos-2026-2027\/#primaryimage\"},\"thumbnailUrl\":\"https:\/\/www.ilcf.net\/wp-content\/uploads\/sites\/20\/2026\/02\/ilcf-calendrier-site-2026-2027-1.jpg\",\"datePublished\":\"2022-02-22T16:23:38+00:00\",\"dateModified\":\"2026-05-07T16:05:00+00:00\",\"breadcrumb\":{\"@id\":\"https:\/\/www.ilcf.net\/es\/nuestros-programas\/fechas-tarifas-cursos\/fechas-tarifas-cursos-2026-2027\/#breadcrumb\"},\"inLanguage\":\"es\",\"potentialAction\":[{\"@type\":\"ReadAction\",\"target\":[\"https:\/\/www.ilcf.net\/es\/nuestros-programas\/fechas-tarifas-cursos\/fechas-tarifas-cursos-2026-2027\/\"]}]},{\"@type\":\"ImageObject\",\"inLanguage\":\"es\",\"@id\":\"https:\/\/www.ilcf.net\/es\/nuestros-programas\/fechas-tarifas-cursos\/fechas-tarifas-cursos-2026-2027\/#primaryimage\",\"url\":\"https:\/\/www.ilcf.net\/wp-content\/uploads\/sites\/20\/2026\/02\/ilcf-calendrier-site-2026-2027-1.jpg\",\"contentUrl\":\"https:\/\/www.ilcf.net\/wp-content\/uploads\/sites\/20\/2026\/02\/ilcf-calendrier-site-2026-2027-1.jpg\",\"width\":1920,\"height\":575},{\"@type\":\"BreadcrumbList\",\"@id\":\"https:\/\/www.ilcf.net\/es\/nuestros-programas\/fechas-tarifas-cursos\/fechas-tarifas-cursos-2026-2027\/#breadcrumb\",\"itemListElement\":[{\"@type\":\"ListItem\",\"position\":1,\"name\":\"Accueil\",\"item\":\"https:\/\/www.ilcf.net\/es\/\"},{\"@type\":\"ListItem\",\"position\":2,\"name\":\"Nuestros programas\",\"item\":\"https:\/\/www.ilcf.net\/es\/nuestros-programas\/\"},{\"@type\":\"ListItem\",\"position\":3,\"name\":\"Fechas y tarifas de los cursos\",\"item\":\"https:\/\/www.ilcf.net\/es\/nuestros-programas\/fechas-tarifas-cursos\/\"},{\"@type\":\"ListItem\",\"position\":4,\"name\":\"Fechas y tarifas de los cursos 2026-2027\"}]},{\"@type\":\"WebSite\",\"@id\":\"https:\/\/www.ilcf.net\/es\/#website\",\"url\":\"https:\/\/www.ilcf.net\/es\/\",\"name\":\"ILCF - Institut de Langue et de Culture Fran\u00e7aises\",\"description\":\"ILCF - Institut de Langue et de Culture Fran\u00e7aises\",\"publisher\":{\"@id\":\"https:\/\/www.ilcf.net\/es\/#organization\"},\"potentialAction\":[{\"@type\":\"SearchAction\",\"target\":{\"@type\":\"EntryPoint\",\"urlTemplate\":\"https:\/\/www.ilcf.net\/es\/?s={search_term_string}\"},\"query-input\":{\"@type\":\"PropertyValueSpecification\",\"valueRequired\":true,\"valueName\":\"search_term_string\"}}],\"inLanguage\":\"es\"},{\"@type\":\"Organization\",\"@id\":\"https:\/\/www.ilcf.net\/es\/#organization\",\"name\":\"ILCF - Institut de Langue et de Culture Fran\u00e7aises\",\"url\":\"https:\/\/www.ilcf.net\/es\/\",\"logo\":{\"@type\":\"ImageObject\",\"inLanguage\":\"es\",\"@id\":\"https:\/\/www.ilcf.net\/es\/#\/schema\/logo\/image\/\",\"url\":\"https:\/\/www.ilcf.net\/wp-content\/uploads\/sites\/20\/2019\/11\/ilcf_logo.svg\",\"contentUrl\":\"https:\/\/www.ilcf.net\/wp-content\/uploads\/sites\/20\/2019\/11\/ilcf_logo.svg\",\"caption\":\"ILCF - Institut de Langue et de Culture Fran\u00e7aises\"},\"image\":{\"@id\":\"https:\/\/www.ilcf.net\/es\/#\/schema\/logo\/image\/\"}}]}<\/script>\n<!-- \/ Yoast SEO plugin. -->","yoast_head_json":{"title":"Fechas y tarifas de los cursos 2026-2027 - ILCF - Institut de Langue et de Culture Fran\u00e7aises","robots":{"index":"index","follow":"follow","max-snippet":"max-snippet:-1","max-image-preview":"max-image-preview:large","max-video-preview":"max-video-preview:-1"},"canonical":"https:\/\/www.ilcf.net\/es\/nuestros-programas\/fechas-tarifas-cursos\/fechas-tarifas-cursos-2026-2027\/","og_locale":"es_ES","og_type":"article","og_title":"Fechas y tarifas de los cursos 2026-2027 - ILCF - Institut de Langue et de Culture Fran\u00e7aises","og_description":"Fechas 2026-2027Se organiza una prueba de nivel en l\u00ednea antes del inicio de cada sesi\u00f3n.Programa de impulso de septiembreDel mi\u00e8rcoles 2 al viernes 18 [&hellip;]","og_url":"https:\/\/www.ilcf.net\/es\/nuestros-programas\/fechas-tarifas-cursos\/fechas-tarifas-cursos-2026-2027\/","og_site_name":"ILCF - Institut de Langue et de Culture Fran\u00e7aises","article_modified_time":"2026-05-07T16:05:00+00:00","og_image":[{"width":1920,"height":575,"url":"https:\/\/www.ilcf.net\/wp-content\/uploads\/sites\/20\/2026\/02\/ilcf-calendrier-site-2026-2027-1.jpg","type":"image\/jpeg"}],"twitter_card":"summary_large_image","twitter_misc":{"Tiempo de lectura":"2 minutos"},"schema":{"@context":"https:\/\/schema.org","@graph":[{"@type":"WebPage","@id":"https:\/\/www.ilcf.net\/es\/nuestros-programas\/fechas-tarifas-cursos\/fechas-tarifas-cursos-2026-2027\/","url":"https:\/\/www.ilcf.net\/es\/nuestros-programas\/fechas-tarifas-cursos\/fechas-tarifas-cursos-2026-2027\/","name":"Fechas y tarifas de los cursos 2026-2027 - ILCF - Institut de Langue et de Culture Fran\u00e7aises","isPartOf":{"@id":"https:\/\/www.ilcf.net\/es\/#website"},"primaryImageOfPage":{"@id":"https:\/\/www.ilcf.net\/es\/nuestros-programas\/fechas-tarifas-cursos\/fechas-tarifas-cursos-2026-2027\/#primaryimage"},"image":{"@id":"https:\/\/www.ilcf.net\/es\/nuestros-programas\/fechas-tarifas-cursos\/fechas-tarifas-cursos-2026-2027\/#primaryimage"},"thumbnailUrl":"https:\/\/www.ilcf.net\/wp-content\/uploads\/sites\/20\/2026\/02\/ilcf-calendrier-site-2026-2027-1.jpg","datePublished":"2022-02-22T16:23:38+00:00","dateModified":"2026-05-07T16:05:00+00:00","breadcrumb":{"@id":"https:\/\/www.ilcf.net\/es\/nuestros-programas\/fechas-tarifas-cursos\/fechas-tarifas-cursos-2026-2027\/#breadcrumb"},"inLanguage":"es","potentialAction":[{"@type":"ReadAction","target":["https:\/\/www.ilcf.net\/es\/nuestros-programas\/fechas-tarifas-cursos\/fechas-tarifas-cursos-2026-2027\/"]}]},{"@type":"ImageObject","inLanguage":"es","@id":"https:\/\/www.ilcf.net\/es\/nuestros-programas\/fechas-tarifas-cursos\/fechas-tarifas-cursos-2026-2027\/#primaryimage","url":"https:\/\/www.ilcf.net\/wp-content\/uploads\/sites\/20\/2026\/02\/ilcf-calendrier-site-2026-2027-1.jpg","contentUrl":"https:\/\/www.ilcf.net\/wp-content\/uploads\/sites\/20\/2026\/02\/ilcf-calendrier-site-2026-2027-1.jpg","width":1920,"height":575},{"@type":"BreadcrumbList","@id":"https:\/\/www.ilcf.net\/es\/nuestros-programas\/fechas-tarifas-cursos\/fechas-tarifas-cursos-2026-2027\/#breadcrumb","itemListElement":[{"@type":"ListItem","position":1,"name":"Accueil","item":"https:\/\/www.ilcf.net\/es\/"},{"@type":"ListItem","position":2,"name":"Nuestros programas","item":"https:\/\/www.ilcf.net\/es\/nuestros-programas\/"},{"@type":"ListItem","position":3,"name":"Fechas y tarifas de los cursos","item":"https:\/\/www.ilcf.net\/es\/nuestros-programas\/fechas-tarifas-cursos\/"},{"@type":"ListItem","position":4,"name":"Fechas y tarifas de los cursos 2026-2027"}]},{"@type":"WebSite","@id":"https:\/\/www.ilcf.net\/es\/#website","url":"https:\/\/www.ilcf.net\/es\/","name":"ILCF - Institut de Langue et de Culture Fran\u00e7aises","description":"ILCF - Institut de Langue et de Culture Fran\u00e7aises","publisher":{"@id":"https:\/\/www.ilcf.net\/es\/#organization"},"potentialAction":[{"@type":"SearchAction","target":{"@type":"EntryPoint","urlTemplate":"https:\/\/www.ilcf.net\/es\/?s={search_term_string}"},"query-input":{"@type":"PropertyValueSpecification","valueRequired":true,"valueName":"search_term_string"}}],"inLanguage":"es"},{"@type":"Organization","@id":"https:\/\/www.ilcf.net\/es\/#organization","name":"ILCF - Institut de Langue et de Culture Fran\u00e7aises","url":"https:\/\/www.ilcf.net\/es\/","logo":{"@type":"ImageObject","inLanguage":"es","@id":"https:\/\/www.ilcf.net\/es\/#\/schema\/logo\/image\/","url":"https:\/\/www.ilcf.net\/wp-content\/uploads\/sites\/20\/2019\/11\/ilcf_logo.svg","contentUrl":"https:\/\/www.ilcf.net\/wp-content\/uploads\/sites\/20\/2019\/11\/ilcf_logo.svg","caption":"ILCF - Institut de Langue et de Culture Fran\u00e7aises"},"image":{"@id":"https:\/\/www.ilcf.net\/es\/#\/schema\/logo\/image\/"}}]}},"_links":{"self":[{"href":"https:\/\/www.ilcf.net\/es\/wp-json\/wp\/v2\/pages\/16698","targetHints":{"allow":["GET"]}}],"collection":[{"href":"https:\/\/www.ilcf.net\/es\/wp-json\/wp\/v2\/pages"}],"about":[{"href":"https:\/\/www.ilcf.net\/es\/wp-json\/wp\/v2\/types\/page"}],"author":[{"embeddable":true,"href":"https:\/\/www.ilcf.net\/es\/wp-json\/wp\/v2\/users\/305"}],"replies":[{"embeddable":true,"href":"https:\/\/www.ilcf.net\/es\/wp-json\/wp\/v2\/comments?post=16698"}],"version-history":[{"count":2,"href":"https:\/\/www.ilcf.net\/es\/wp-json\/wp\/v2\/pages\/16698\/revisions"}],"predecessor-version":[{"id":27510,"href":"https:\/\/www.ilcf.net\/es\/wp-json\/wp\/v2\/pages\/16698\/revisions\/27510"}],"up":[{"embeddable":true,"href":"https:\/\/www.ilcf.net\/es\/wp-json\/wp\/v2\/pages\/10008"}],"wp:featuredmedia":[{"embeddable":true,"href":"https:\/\/www.ilcf.net\/es\/wp-json\/wp\/v2\/media\/26655"}],"wp:attachment":[{"href":"https:\/\/www.ilcf.net\/es\/wp-json\/wp\/v2\/media?parent=16698"}],"curies":[{"name":"wp","href":"https:\/\/api.w.org\/{rel}","templated":true}]}}