{"id":10838,"date":"2021-06-15T14:25:43","date_gmt":"2021-06-15T12:25:43","guid":{"rendered":"https:\/\/www.ilcf.net\/?page_id=10838"},"modified":"2026-04-29T18:06:01","modified_gmt":"2026-04-29T16:06:01","slug":"inscripcion-a-un-programa-de-lengua-y-de-cultura-francesas-2","status":"publish","type":"page","link":"https:\/\/www.ilcf.net\/es\/quien-es-usted\/estudiante\/inscripcion-a-un-programa-de-lengua-y-de-cultura-francesas-2\/","title":{"rendered":"Inscripci\u00f3n a un programa de lengua y de cultura francesas"},"content":{"rendered":"<p>Para inscribirse en un programa de Franc\u00e9s como Lengua Extranjera en ILCF-Lyon, solo tiene que seguir los pasos que se indican a continuaci\u00f3n. En primer lugar, realice una preinscripci\u00f3n en l\u00ednea o por correo postal. A continuaci\u00f3n, para completar su solicitud, env\u00ede todos los documentos requeridos y abone el dep\u00f3sito correspondiente.<\/p><h2 class=\"wp-block-heading\" id=\"prerequisites\">Condiciones de admisi\u00f3n<\/h2><ul class=\"wp-block-list\"><li>Tener <strong>18 a\u00f1os o al menos 17<\/strong> con una autorizaci\u00f3n escrita de los padres o tutores;<\/li>\n\n<li>Disponer de un <strong>t\u00edtulo de educaci\u00f3n secundaria<\/strong>, salvo en el caso de programas de verano o de corta duraci\u00f3n;<\/li>\n\n<li><strong>Desde nivel principiante hasta C1 (nivel m\u00ednimo A1 para el programa intensivo de corta duraci\u00f3n).<\/strong><\/li><\/ul><h2 class=\"wp-block-heading\" id=\"choosing-to-register-for-a-french-as-a-foreign-language-programme\">Elegir inscribirse en un programa de Franc\u00e9s como Lengua Extranjera<\/h2><h3 class=\"wp-block-heading\" id=\"pre-enrolment\">Preinscripci\u00f3n<\/h3><p>Puede inscribirse directamente en l\u00ednea y completar el formulario de preinscripci\u00f3n.<\/p><p><strong>\u00a1Las inscripciones para el verano de 2026 y para el curso acad\u00e9mico 2026\u20132027 ya est\u00e1n abiertas!<\/strong><\/p><div class=\"wp-block-button js-fade-scroll\">\n\n    <a href=\"https:\/\/atlas.ucly.fr\/atlas\/!formInscrs.connection?ww_i_formInscr=343534246&ww_c_langue=en&ww_n_keyInfos=\" target=\"_blank\" title=\"Inscr\u00edbase en un programa aqu\u00ed\" class=\"button primary\">Inscr\u00edbase en un programa aqu\u00ed<\/a>\n\n  <\/div><h3 class=\"wp-block-heading\"><strong>Pagar<\/strong> el dep\u00f3sito de su preinscripci\u00f3n<\/h3><p>Para confirmar su preinscripci\u00f3n, deber\u00e1 abonar previamente un dep\u00f3sito correspondiente al programa o programas seleccionados, que se deducir\u00e1 del importe total.<\/p><p>Esta preinscripci\u00f3n es necesaria para la obtenci\u00f3n del visado. La inscripci\u00f3n quedar\u00e1 completa una vez en Francia, tras el pago del importe restante.<\/p><p>Realice su pago con <a href=\"https:\/\/payment.flywire.com\/pay?recipient=ZCY\" target=\"_blank\" rel=\"noreferrer noopener\"><strong>flywire<\/strong><\/a>. Para m\u00e1s informaci\u00f3n, consulte <a href=\"https:\/\/www.ilcf.net\/wp-content\/uploads\/sites\/20\/2025\/04\/ucly_en_flyer_flywire-simplifying-your-tuition-payments-1.pdf\" target=\"_blank\" rel=\"noreferrer noopener\">este documento<\/a>.<\/p><h2 class=\"wp-block-heading\" id=\"choice-2-pre-enrolment-form-by-e-mail\">Completar su inscripci\u00f3n<\/h2><h3 class=\"wp-block-heading\" id=\"provide-the-necessary-documents\">Entregar los documentos requeridos<\/h3><p>Para finalizar su inscripci\u00f3n, cargue los documentos solicitados a continuaci\u00f3n en nuestra plataforma de inscripci\u00f3n en l\u00ednea <a href=\"https:\/\/atlas.ucly.fr\/atlas\/!formInscrs.connection?ww_i_formInscr=343534246&amp;ww_c_langue=en&amp;ww_n_keyInfos=\" target=\"_blank\" rel=\"noreferrer noopener\">Atlas<\/a>, utilizando el identificador y la contrase\u00f1a creados durante su preinscripci\u00f3n, o env\u00edelos directamente a la secretar\u00eda del ILCF:<\/p><ul class=\"wp-block-list\"><li>Su <strong>pasaporte<\/strong><\/li>\n\n<li>Su <strong>t\u00edtulo de educaci\u00f3n secundaria<\/strong> o universitario, traducido al franc\u00e9s (no se requiere traducci\u00f3n para t\u00edtulos en ingl\u00e9s o espa\u00f1ol)<\/li>\n\n<li>Una fotograf\u00eda de identidad (<strong>para cargar en la plataforma<\/strong>)<\/li>\n\n<li>Si ya ha realizado un examen de franc\u00e9s (DELF\/DALF\/TCF\/DUEF), env\u00ede una copia de su certificado<\/li><\/ul><h3 class=\"wp-block-heading\" id=\"pay-the-enrolment-balance-and-mandatory-fees\">Pagar el saldo de la inscripci\u00f3n y los gastos fijos obligatorios<\/h3><p>Todos los programas seleccionados <strong>deben pagarse en su totalidad<\/strong> de la siguiente manera:<\/p><ul class=\"wp-block-list\"><li><a href=\"https:\/\/inscriptions.ucly.fr\/redirection.php\" target=\"_blank\" rel=\"noreferrer noopener\">pago en l\u00ednea<\/a> en el sitio web del ILCF (utilizando el usuario y la contrase\u00f1a creados en la preinscripci\u00f3n), antes o en los primeros d\u00edas tras su llegada<\/li>\n\n<li>para inscripciones en programas que comiencen despu\u00e9s de <strong>septiembre de 2026<\/strong>, el pago se realiza a trav\u00e9s de <strong><a href=\"https:\/\/payment.flywire.com\/pay?recipient=ZCY\" target=\"_blank\" rel=\"noreferrer noopener\">flywire<\/a><\/strong>. Para m\u00e1s informaci\u00f3n, consulte <a href=\"https:\/\/www.ilcf.net\/wp-content\/uploads\/sites\/20\/2025\/04\/ucly_en_flyer_flywire-simplifying-your-tuition-payments-1.pdf\" target=\"_blank\" rel=\"noreferrer noopener\">este documento<\/a>.<\/li>\n\n<li>pago en la <strong>oficina del ILCF<\/strong>:<ul class=\"wp-block-list\"><li>con tarjeta bancaria (Visa, Visa Electron, Maestro, Mastercard, American Express, Union Pay, JCB, etc.),<\/li>\n\n<li>para cualquier otro m\u00e9todo de pago, consulte con la oficina del ILCF<\/li><\/ul><\/li><\/ul><h3 class=\"wp-block-heading\">Pagar la CVEC<\/h3><p>Los estudiantes inscritos en un semestre o en un a\u00f1o acad\u00e9mico deben abonar la \u00abContribution \u00e0 la Vie \u00c9tudiante et de Campus\u00bb (CVEC) (105 \u20ac - tasas 2025-2026) al CROUS (Centre R\u00e9gional des \u0152uvres Universitaires et Scolaires). El pago debe realizarse exclusivamente en l\u00ednea a trav\u00e9s del siguiente enlace: <a href=\"https:\/\/www.messervices.etudiant.gouv.fr\/envole\/\" target=\"_blank\" rel=\"noreferrer noopener\">messervices.etudiant.gouv.fr<\/a><\/p><p>Deposite el certificado CVEC en su expediente de inscripci\u00f3n en l\u00ednea o env\u00edelo por correo electr\u00f3nico a la oficina del ILCF.<\/p><h4 class=\"wp-block-heading\" id=\"deadline-payment\">Fecha l\u00edmite de pago<\/h4><p>El saldo debe abonarse <strong>antes o en el momento de la llegada<\/strong>:<\/p><ul class=\"wp-block-list\"><li>para el semestre o el a\u00f1o acad\u00e9mico: <strong>como m\u00e1ximo 15 d\u00edas despu\u00e9s del inicio de las clases<\/strong><\/li>\n\n<li>para los programas de corta duraci\u00f3n y de verano: <strong>como m\u00e1ximo 5 d\u00edas despu\u00e9s del inicio de las clases<\/strong><\/li><\/ul><p>Tenga en cuenta que los posibles gastos de transacci\u00f3n correr\u00e1n a cargo del estudiante.<\/p><h4 class=\"wp-block-heading\">Certificado de inscripci\u00f3n<\/h4><p>El certificado de inscripci\u00f3n se enviar\u00e1 una vez recibido el expediente completo y efectuado el pago \u00edntegro de las tasas de matr\u00edcula. Para las sesiones semestrales y anuales, se expedir\u00e1 una tarjeta de estudiante a los pocos d\u00edas del inicio de las clases.<\/p><div class=\"wp-block-cross-content js-fade-scroll\">\n    <p class=\"wp-block-cross-content-title\">Los cursos del ILCF<\/p>\n            <div class=\"row wp-block-cross-content-row\">\n                                <div class=\"column small-12 medium-6 large-4 wp-block-cross-content-col\">\n                        <a class=\"wp-block-cross-content-top\" href=\"https:\/\/www.ilcf.net\/es\/nuestros-programas\/\" title=\"Nuestros programas\">\n                            <span class=\"wp-block-cross-content-name\">Nuestros programas<\/span>\n                            <span class=\"wp-block-cross-content-image\"><img loading=\"lazy\" decoding=\"async\" width=\"630\" height=\"570\" src=\"https:\/\/www.ilcf.net\/wp-content\/uploads\/sites\/20\/2020\/02\/header-recrutement-stagiaire-estri-630x570.jpg\" class=\" wp-post-image\" alt=\"\" \/><\/span>\n                            <span class=\"wp-block-cross-content-more\">\n                                <span class=\"icon-more\"><\/span>\n                            <\/span>\n                        <\/a>\n                        <div class=\"wp-block-cross-content-excerpt\"><\/div>\n                    <\/div>\n                                                <div class=\"column small-12 medium-6 large-4 wp-block-cross-content-col\">\n                        <a class=\"wp-block-cross-content-top\" href=\"https:\/\/www.ilcf.net\/es\/nuestros-programas\/fechas-tarifas-cursos\/\" title=\"Fechas y tarifas de los cursos\">\n                            <span class=\"wp-block-cross-content-name\">Fechas y tarifas de los cursos<\/span>\n                            <span class=\"wp-block-cross-content-image\"><img loading=\"lazy\" decoding=\"async\" width=\"630\" height=\"570\" src=\"https:\/\/www.ilcf.net\/wp-content\/uploads\/sites\/20\/2020\/10\/header-ilcf-accueil-630x570.jpg\" class=\" wp-post-image\" alt=\"ILCF cours de fran\u00e7ais \u00e0 Lyon\" \/><\/span>\n                            <span class=\"wp-block-cross-content-more\">\n                                <span class=\"icon-more\"><\/span>\n                            <\/span>\n                        <\/a>\n                        <div class=\"wp-block-cross-content-excerpt\"><\/div>\n                    <\/div>\n                                                <div class=\"column small-12 medium-6 large-4 wp-block-cross-content-col\">\n                        <a class=\"wp-block-cross-content-top\" href=\"https:\/\/www.ilcf.net\/es\/ilcf\/\" title=\"ILCF\">\n                            <span class=\"wp-block-cross-content-name\">ILCF<\/span>\n                            <span class=\"wp-block-cross-content-image\"><img loading=\"lazy\" decoding=\"async\" width=\"630\" height=\"570\" src=\"https:\/\/www.ilcf.net\/wp-content\/uploads\/sites\/20\/2020\/02\/header-ilcf-4-630x570.jpg\" class=\" wp-post-image\" alt=\"Header ILCF\" \/><\/span>\n                            <span class=\"wp-block-cross-content-more\">\n                                <span class=\"icon-more\"><\/span>\n                            <\/span>\n                        <\/a>\n                        <div class=\"wp-block-cross-content-excerpt\"><\/div>\n                    <\/div>\n                                    <\/div>\n    <\/div>","protected":false},"excerpt":{"rendered":"<p>Para inscribirse en un programa de Franc\u00e9s como Lengua Extranjera en ILCF-Lyon, solo tiene que seguir los pasos que se indican a continuaci\u00f3n. En [&hellip;]<\/p>\n","protected":false},"author":33,"featured_media":5427,"parent":5580,"menu_order":0,"comment_status":"closed","ping_status":"closed","template":"","meta":{"_acf_changed":false,"footnotes":""},"class_list":["post-10838","page","type-page","status-publish","has-post-thumbnail","hentry"],"acf":[],"yoast_head":"<!-- This site is optimized with the Yoast SEO plugin v24.1 - https:\/\/yoast.com\/wordpress\/plugins\/seo\/ -->\n<title>Inscripci\u00f3n a un programa de lengua y de cultura francesas - ILCF - Institut de Langue et de Culture Fran\u00e7aises<\/title>\n<meta name=\"robots\" content=\"index, follow, max-snippet:-1, max-image-preview:large, max-video-preview:-1\" \/>\n<link rel=\"canonical\" href=\"https:\/\/www.ilcf.net\/es\/quien-es-usted\/estudiante\/inscripcion-a-un-programa-de-lengua-y-de-cultura-francesas-2\/\" \/>\n<meta property=\"og:locale\" content=\"es_ES\" \/>\n<meta property=\"og:type\" content=\"article\" \/>\n<meta property=\"og:title\" content=\"Inscripci\u00f3n a un programa de lengua y de cultura francesas - ILCF - Institut de Langue et de Culture Fran\u00e7aises\" \/>\n<meta property=\"og:description\" content=\"Para inscribirse en un programa de Franc\u00e9s como Lengua Extranjera en ILCF-Lyon, solo tiene que seguir los pasos que se indican a continuaci\u00f3n. En [&hellip;]\" \/>\n<meta property=\"og:url\" content=\"https:\/\/www.ilcf.net\/es\/quien-es-usted\/estudiante\/inscripcion-a-un-programa-de-lengua-y-de-cultura-francesas-2\/\" \/>\n<meta property=\"og:site_name\" content=\"ILCF - Institut de Langue et de Culture Fran\u00e7aises\" \/>\n<meta property=\"article:modified_time\" content=\"2026-04-29T16:06:01+00:00\" \/>\n<meta property=\"og:image\" content=\"https:\/\/www.ilcf.net\/wp-content\/uploads\/sites\/20\/2019\/12\/header-inscription-cours-ilcf.jpg\" \/>\n\t<meta property=\"og:image:width\" content=\"1920\" \/>\n\t<meta property=\"og:image:height\" content=\"575\" \/>\n\t<meta property=\"og:image:type\" content=\"image\/jpeg\" \/>\n<meta name=\"twitter:card\" content=\"summary_large_image\" \/>\n<meta name=\"twitter:label1\" content=\"Tiempo de lectura\" \/>\n\t<meta name=\"twitter:data1\" content=\"4 minutos\" \/>\n<script type=\"application\/ld+json\" class=\"yoast-schema-graph\">{\"@context\":\"https:\/\/schema.org\",\"@graph\":[{\"@type\":\"WebPage\",\"@id\":\"https:\/\/www.ilcf.net\/es\/quien-es-usted\/estudiante\/inscripcion-a-un-programa-de-lengua-y-de-cultura-francesas-2\/\",\"url\":\"https:\/\/www.ilcf.net\/es\/quien-es-usted\/estudiante\/inscripcion-a-un-programa-de-lengua-y-de-cultura-francesas-2\/\",\"name\":\"Inscripci\u00f3n a un programa de lengua y de cultura francesas - ILCF - Institut de Langue et de Culture Fran\u00e7aises\",\"isPartOf\":{\"@id\":\"https:\/\/www.ilcf.net\/es\/#website\"},\"primaryImageOfPage\":{\"@id\":\"https:\/\/www.ilcf.net\/es\/quien-es-usted\/estudiante\/inscripcion-a-un-programa-de-lengua-y-de-cultura-francesas-2\/#primaryimage\"},\"image\":{\"@id\":\"https:\/\/www.ilcf.net\/es\/quien-es-usted\/estudiante\/inscripcion-a-un-programa-de-lengua-y-de-cultura-francesas-2\/#primaryimage\"},\"thumbnailUrl\":\"https:\/\/www.ilcf.net\/wp-content\/uploads\/sites\/20\/2019\/12\/header-inscription-cours-ilcf.jpg\",\"datePublished\":\"2021-06-15T12:25:43+00:00\",\"dateModified\":\"2026-04-29T16:06:01+00:00\",\"breadcrumb\":{\"@id\":\"https:\/\/www.ilcf.net\/es\/quien-es-usted\/estudiante\/inscripcion-a-un-programa-de-lengua-y-de-cultura-francesas-2\/#breadcrumb\"},\"inLanguage\":\"es\",\"potentialAction\":[{\"@type\":\"ReadAction\",\"target\":[\"https:\/\/www.ilcf.net\/es\/quien-es-usted\/estudiante\/inscripcion-a-un-programa-de-lengua-y-de-cultura-francesas-2\/\"]}]},{\"@type\":\"ImageObject\",\"inLanguage\":\"es\",\"@id\":\"https:\/\/www.ilcf.net\/es\/quien-es-usted\/estudiante\/inscripcion-a-un-programa-de-lengua-y-de-cultura-francesas-2\/#primaryimage\",\"url\":\"https:\/\/www.ilcf.net\/wp-content\/uploads\/sites\/20\/2019\/12\/header-inscription-cours-ilcf.jpg\",\"contentUrl\":\"https:\/\/www.ilcf.net\/wp-content\/uploads\/sites\/20\/2019\/12\/header-inscription-cours-ilcf.jpg\",\"width\":1920,\"height\":575},{\"@type\":\"BreadcrumbList\",\"@id\":\"https:\/\/www.ilcf.net\/es\/quien-es-usted\/estudiante\/inscripcion-a-un-programa-de-lengua-y-de-cultura-francesas-2\/#breadcrumb\",\"itemListElement\":[{\"@type\":\"ListItem\",\"position\":1,\"name\":\"Accueil\",\"item\":\"https:\/\/www.ilcf.net\/es\/\"},{\"@type\":\"ListItem\",\"position\":2,\"name\":\"\u00bfQui\u00e9n es usted?\",\"item\":\"https:\/\/www.ilcf.net\/es\/quien-es-usted\/\"},{\"@type\":\"ListItem\",\"position\":3,\"name\":\"Estudiante\",\"item\":\"https:\/\/www.ilcf.net\/es\/quien-es-usted\/estudiante\/\"},{\"@type\":\"ListItem\",\"position\":4,\"name\":\"Inscripci\u00f3n a un programa de lengua y de cultura francesas\"}]},{\"@type\":\"WebSite\",\"@id\":\"https:\/\/www.ilcf.net\/es\/#website\",\"url\":\"https:\/\/www.ilcf.net\/es\/\",\"name\":\"ILCF - Institut de Langue et de Culture Fran\u00e7aises\",\"description\":\"ILCF - Institut de Langue et de Culture Fran\u00e7aises\",\"publisher\":{\"@id\":\"https:\/\/www.ilcf.net\/es\/#organization\"},\"potentialAction\":[{\"@type\":\"SearchAction\",\"target\":{\"@type\":\"EntryPoint\",\"urlTemplate\":\"https:\/\/www.ilcf.net\/es\/?s={search_term_string}\"},\"query-input\":{\"@type\":\"PropertyValueSpecification\",\"valueRequired\":true,\"valueName\":\"search_term_string\"}}],\"inLanguage\":\"es\"},{\"@type\":\"Organization\",\"@id\":\"https:\/\/www.ilcf.net\/es\/#organization\",\"name\":\"ILCF - Institut de Langue et de Culture Fran\u00e7aises\",\"url\":\"https:\/\/www.ilcf.net\/es\/\",\"logo\":{\"@type\":\"ImageObject\",\"inLanguage\":\"es\",\"@id\":\"https:\/\/www.ilcf.net\/es\/#\/schema\/logo\/image\/\",\"url\":\"https:\/\/www.ilcf.net\/wp-content\/uploads\/sites\/20\/2019\/11\/ilcf_logo.svg\",\"contentUrl\":\"https:\/\/www.ilcf.net\/wp-content\/uploads\/sites\/20\/2019\/11\/ilcf_logo.svg\",\"caption\":\"ILCF - Institut de Langue et de Culture Fran\u00e7aises\"},\"image\":{\"@id\":\"https:\/\/www.ilcf.net\/es\/#\/schema\/logo\/image\/\"}}]}<\/script>\n<!-- \/ Yoast SEO plugin. -->","yoast_head_json":{"title":"Inscripci\u00f3n a un programa de lengua y de cultura francesas - ILCF - Institut de Langue et de Culture Fran\u00e7aises","robots":{"index":"index","follow":"follow","max-snippet":"max-snippet:-1","max-image-preview":"max-image-preview:large","max-video-preview":"max-video-preview:-1"},"canonical":"https:\/\/www.ilcf.net\/es\/quien-es-usted\/estudiante\/inscripcion-a-un-programa-de-lengua-y-de-cultura-francesas-2\/","og_locale":"es_ES","og_type":"article","og_title":"Inscripci\u00f3n a un programa de lengua y de cultura francesas - ILCF - Institut de Langue et de Culture Fran\u00e7aises","og_description":"Para inscribirse en un programa de Franc\u00e9s como Lengua Extranjera en ILCF-Lyon, solo tiene que seguir los pasos que se indican a continuaci\u00f3n. En [&hellip;]","og_url":"https:\/\/www.ilcf.net\/es\/quien-es-usted\/estudiante\/inscripcion-a-un-programa-de-lengua-y-de-cultura-francesas-2\/","og_site_name":"ILCF - Institut de Langue et de Culture Fran\u00e7aises","article_modified_time":"2026-04-29T16:06:01+00:00","og_image":[{"width":1920,"height":575,"url":"https:\/\/www.ilcf.net\/wp-content\/uploads\/sites\/20\/2019\/12\/header-inscription-cours-ilcf.jpg","type":"image\/jpeg"}],"twitter_card":"summary_large_image","twitter_misc":{"Tiempo de lectura":"4 minutos"},"schema":{"@context":"https:\/\/schema.org","@graph":[{"@type":"WebPage","@id":"https:\/\/www.ilcf.net\/es\/quien-es-usted\/estudiante\/inscripcion-a-un-programa-de-lengua-y-de-cultura-francesas-2\/","url":"https:\/\/www.ilcf.net\/es\/quien-es-usted\/estudiante\/inscripcion-a-un-programa-de-lengua-y-de-cultura-francesas-2\/","name":"Inscripci\u00f3n a un programa de lengua y de cultura francesas - ILCF - Institut de Langue et de Culture Fran\u00e7aises","isPartOf":{"@id":"https:\/\/www.ilcf.net\/es\/#website"},"primaryImageOfPage":{"@id":"https:\/\/www.ilcf.net\/es\/quien-es-usted\/estudiante\/inscripcion-a-un-programa-de-lengua-y-de-cultura-francesas-2\/#primaryimage"},"image":{"@id":"https:\/\/www.ilcf.net\/es\/quien-es-usted\/estudiante\/inscripcion-a-un-programa-de-lengua-y-de-cultura-francesas-2\/#primaryimage"},"thumbnailUrl":"https:\/\/www.ilcf.net\/wp-content\/uploads\/sites\/20\/2019\/12\/header-inscription-cours-ilcf.jpg","datePublished":"2021-06-15T12:25:43+00:00","dateModified":"2026-04-29T16:06:01+00:00","breadcrumb":{"@id":"https:\/\/www.ilcf.net\/es\/quien-es-usted\/estudiante\/inscripcion-a-un-programa-de-lengua-y-de-cultura-francesas-2\/#breadcrumb"},"inLanguage":"es","potentialAction":[{"@type":"ReadAction","target":["https:\/\/www.ilcf.net\/es\/quien-es-usted\/estudiante\/inscripcion-a-un-programa-de-lengua-y-de-cultura-francesas-2\/"]}]},{"@type":"ImageObject","inLanguage":"es","@id":"https:\/\/www.ilcf.net\/es\/quien-es-usted\/estudiante\/inscripcion-a-un-programa-de-lengua-y-de-cultura-francesas-2\/#primaryimage","url":"https:\/\/www.ilcf.net\/wp-content\/uploads\/sites\/20\/2019\/12\/header-inscription-cours-ilcf.jpg","contentUrl":"https:\/\/www.ilcf.net\/wp-content\/uploads\/sites\/20\/2019\/12\/header-inscription-cours-ilcf.jpg","width":1920,"height":575},{"@type":"BreadcrumbList","@id":"https:\/\/www.ilcf.net\/es\/quien-es-usted\/estudiante\/inscripcion-a-un-programa-de-lengua-y-de-cultura-francesas-2\/#breadcrumb","itemListElement":[{"@type":"ListItem","position":1,"name":"Accueil","item":"https:\/\/www.ilcf.net\/es\/"},{"@type":"ListItem","position":2,"name":"\u00bfQui\u00e9n es usted?","item":"https:\/\/www.ilcf.net\/es\/quien-es-usted\/"},{"@type":"ListItem","position":3,"name":"Estudiante","item":"https:\/\/www.ilcf.net\/es\/quien-es-usted\/estudiante\/"},{"@type":"ListItem","position":4,"name":"Inscripci\u00f3n a un programa de lengua y de cultura francesas"}]},{"@type":"WebSite","@id":"https:\/\/www.ilcf.net\/es\/#website","url":"https:\/\/www.ilcf.net\/es\/","name":"ILCF - Institut de Langue et de Culture Fran\u00e7aises","description":"ILCF - Institut de Langue et de Culture Fran\u00e7aises","publisher":{"@id":"https:\/\/www.ilcf.net\/es\/#organization"},"potentialAction":[{"@type":"SearchAction","target":{"@type":"EntryPoint","urlTemplate":"https:\/\/www.ilcf.net\/es\/?s={search_term_string}"},"query-input":{"@type":"PropertyValueSpecification","valueRequired":true,"valueName":"search_term_string"}}],"inLanguage":"es"},{"@type":"Organization","@id":"https:\/\/www.ilcf.net\/es\/#organization","name":"ILCF - Institut de Langue et de Culture Fran\u00e7aises","url":"https:\/\/www.ilcf.net\/es\/","logo":{"@type":"ImageObject","inLanguage":"es","@id":"https:\/\/www.ilcf.net\/es\/#\/schema\/logo\/image\/","url":"https:\/\/www.ilcf.net\/wp-content\/uploads\/sites\/20\/2019\/11\/ilcf_logo.svg","contentUrl":"https:\/\/www.ilcf.net\/wp-content\/uploads\/sites\/20\/2019\/11\/ilcf_logo.svg","caption":"ILCF - Institut de Langue et de Culture Fran\u00e7aises"},"image":{"@id":"https:\/\/www.ilcf.net\/es\/#\/schema\/logo\/image\/"}}]}},"_links":{"self":[{"href":"https:\/\/www.ilcf.net\/es\/wp-json\/wp\/v2\/pages\/10838","targetHints":{"allow":["GET"]}}],"collection":[{"href":"https:\/\/www.ilcf.net\/es\/wp-json\/wp\/v2\/pages"}],"about":[{"href":"https:\/\/www.ilcf.net\/es\/wp-json\/wp\/v2\/types\/page"}],"author":[{"embeddable":true,"href":"https:\/\/www.ilcf.net\/es\/wp-json\/wp\/v2\/users\/33"}],"replies":[{"embeddable":true,"href":"https:\/\/www.ilcf.net\/es\/wp-json\/wp\/v2\/comments?post=10838"}],"version-history":[{"count":2,"href":"https:\/\/www.ilcf.net\/es\/wp-json\/wp\/v2\/pages\/10838\/revisions"}],"predecessor-version":[{"id":27481,"href":"https:\/\/www.ilcf.net\/es\/wp-json\/wp\/v2\/pages\/10838\/revisions\/27481"}],"up":[{"embeddable":true,"href":"https:\/\/www.ilcf.net\/es\/wp-json\/wp\/v2\/pages\/5580"}],"wp:featuredmedia":[{"embeddable":true,"href":"https:\/\/www.ilcf.net\/es\/wp-json\/wp\/v2\/media\/5427"}],"wp:attachment":[{"href":"https:\/\/www.ilcf.net\/es\/wp-json\/wp\/v2\/media?parent=10838"}],"curies":[{"name":"wp","href":"https:\/\/api.w.org\/{rel}","templated":true}]}}