{"id":980,"date":"2019-11-18T16:29:28","date_gmt":"2019-11-18T15:29:28","guid":{"rendered":"https:\/\/www.ilcf.net\/?page_id=980"},"modified":"2020-02-07T09:14:46","modified_gmt":"2020-02-07T08:14:46","slug":"other-opportunities","status":"publish","type":"page","link":"https:\/\/www.ilcf.net\/en\/our-programmes\/specialised-french\/other-opportunities\/","title":{"rendered":"Other opportunities"},"content":{"rendered":"<p>These specialised French courses are provided on demand depending on available resources :<\/p><ul class=\"wp-block-list\"><li>French medical terminology<\/li><li>French scientific and technical terminology<\/li><li>French legal terminology<\/li><li>French catering terminology<\/li><li>French fashion terminology<\/li><li>French diplomatic and international relations terminology<\/li><li>French military and peace-keeping terminology<\/li><\/ul><div class=\"wp-block-contact js-fade-scroll\">\n  <p class=\"wp-block-contact-title\">Contact us<\/p>\n\n        <div class=\"contact-info\">\n        <p class=\"contact-item\">\n          <span class=\"contact-strong\">ILCF<\/span><br>\n          <span class=\"contact-light\"><\/span>\n        <\/p>\n        <span class=\"contact-separate\"><\/span>\n        <p class=\"contact-item\">\n          <a class=\"icon-phone contact-button show-for-small-only\" href=\"tel:00 33 - (0)4 72 32 50 53\"><\/a>\n          <span class=\"contact-strong hide-for-small-only\">00 33 - (0)4 72 32 50 53<\/span><br>\n          <a class=\"icon-mail contact-button show-for-small-only\" href=\"mailto:ilcf@univ-catholyon.fr\"><\/a>\n          <span class=\"contact-light hide-for-small-only\">ilcf@univ-catholyon.fr<\/span>\n        <\/p>\n      <\/div>\n    <\/div><div class=\"wp-block-cross-content js-fade-scroll\">\n    <p class=\"wp-block-cross-content-title\"><\/p>\n            <div class=\"row wp-block-cross-content-row\">\n                                <div class=\"column small-12 medium-6 large-4 wp-block-cross-content-col\">\n                        <a class=\"wp-block-cross-content-top\" href=\"https:\/\/www.ilcf.net\/en\/trainings\/duef-program\/\" title=\"DUEF Program\">\n                            <span class=\"wp-block-cross-content-name\">DUEF Program<\/span>\n                            <span class=\"wp-block-cross-content-image\"><img loading=\"lazy\" decoding=\"async\" width=\"630\" height=\"570\" src=\"https:\/\/www.ilcf.net\/wp-content\/uploads\/sites\/20\/2019\/11\/programme-cours-ilcf-630x570.jpg\" class=\" wp-post-image\" alt=\"Cours de fran\u00e7ais - programme mensuel ILCF\" \/><\/span>\n                            <span class=\"wp-block-cross-content-more\">\n                                <span class=\"icon-more\"><\/span>\n                            <\/span>\n                        <\/a>\n                        <div class=\"wp-block-cross-content-excerpt\"><\/div>\n                    <\/div>\n                                                <div class=\"column small-12 medium-6 large-4 wp-block-cross-content-col\">\n                        <a class=\"wp-block-cross-content-top\" href=\"https:\/\/www.ilcf.net\/en\/trainings\/complementary-track-language-culture-and-civilization\/\" title=\"Complementary Track: Language, Culture and Civilization\">\n                            <span class=\"wp-block-cross-content-name\">Complementary Track: Language, Culture and Civilization<\/span>\n                            <span class=\"wp-block-cross-content-image\"><img loading=\"lazy\" decoding=\"async\" width=\"630\" height=\"570\" src=\"https:\/\/www.ilcf.net\/wp-content\/uploads\/sites\/20\/2019\/11\/header-cours-semi-intensif-630x570.jpg\" class=\" wp-post-image\" alt=\"Cours de fran\u00e7ais semi-intensif ILCF\" \/><\/span>\n                            <span class=\"wp-block-cross-content-more\">\n                                <span class=\"icon-more\"><\/span>\n                            <\/span>\n                        <\/a>\n                        <div class=\"wp-block-cross-content-excerpt\"><\/div>\n                    <\/div>\n                                                <div class=\"column small-12 medium-6 large-4 wp-block-cross-content-col\">\n                        <a class=\"wp-block-cross-content-top\" href=\"https:\/\/www.ilcf.net\/en\/trainings\/beginner-french-course-february\/\" title=\"Beginner French course: February\">\n                            <span class=\"wp-block-cross-content-name\">Beginner French course: February<\/span>\n                            <span class=\"wp-block-cross-content-image\"><img loading=\"lazy\" decoding=\"async\" width=\"545\" height=\"570\" src=\"https:\/\/www.ilcf.net\/wp-content\/uploads\/sites\/20\/2019\/11\/header-coursmensuel-ilcf-tousesmomentsla-550x575.jpg\" class=\" wp-post-image\" alt=\"Bandeau cours mensuel ILCF\" \/><\/span>\n                            <span class=\"wp-block-cross-content-more\">\n                                <span class=\"icon-more\"><\/span>\n                            <\/span>\n                        <\/a>\n                        <div class=\"wp-block-cross-content-excerpt\"><\/div>\n                    <\/div>\n                                    <\/div>\n    <\/div>","protected":false},"excerpt":{"rendered":"<p>These specialised French courses are provided on demand depending on available resources :French medical terminologyFrench scientific and technical terminologyFrench legal terminologyFrench catering terminologyFrench fashion [&hellip;]<\/p>\n","protected":false},"author":32,"featured_media":6320,"parent":959,"menu_order":0,"comment_status":"closed","ping_status":"closed","template":"","meta":{"_acf_changed":false,"footnotes":""},"class_list":["post-980","page","type-page","status-publish","has-post-thumbnail","hentry"],"acf":[],"yoast_head":"<!-- This site is optimized with the Yoast SEO plugin v24.1 - https:\/\/yoast.com\/wordpress\/plugins\/seo\/ -->\n<title>Other opportunities - ILCF - Institut de Langue et de Culture Fran\u00e7aises<\/title>\n<meta name=\"description\" content=\"The ILCF-Lyon provide specialised French courses on demand depending on available resources from French medical terminology to fashion terminology\" \/>\n<meta name=\"robots\" content=\"index, follow, max-snippet:-1, max-image-preview:large, max-video-preview:-1\" \/>\n<link rel=\"canonical\" href=\"https:\/\/www.ilcf.net\/en\/our-programmes\/specialised-french\/other-opportunities\/\" \/>\n<meta property=\"og:locale\" content=\"en_US\" \/>\n<meta property=\"og:type\" content=\"article\" \/>\n<meta property=\"og:title\" content=\"Other opportunities - ILCF - Institut de Langue et de Culture Fran\u00e7aises\" \/>\n<meta property=\"og:description\" content=\"The ILCF-Lyon provide specialised French courses on demand depending on available resources from French medical terminology to fashion terminology\" \/>\n<meta property=\"og:url\" content=\"https:\/\/www.ilcf.net\/en\/our-programmes\/specialised-french\/other-opportunities\/\" \/>\n<meta property=\"og:site_name\" content=\"ILCF - Institut de Langue et de Culture Fran\u00e7aises\" \/>\n<meta property=\"article:modified_time\" content=\"2020-02-07T08:14:46+00:00\" \/>\n<meta property=\"og:image\" content=\"https:\/\/www.ilcf.net\/wp-content\/uploads\/sites\/20\/2020\/02\/header-francais-specialite-autres.jpg\" \/>\n\t<meta property=\"og:image:width\" content=\"1920\" \/>\n\t<meta property=\"og:image:height\" content=\"575\" \/>\n\t<meta property=\"og:image:type\" content=\"image\/jpeg\" \/>\n<meta name=\"twitter:card\" content=\"summary_large_image\" \/>\n<script type=\"application\/ld+json\" class=\"yoast-schema-graph\">{\"@context\":\"https:\/\/schema.org\",\"@graph\":[{\"@type\":\"WebPage\",\"@id\":\"https:\/\/www.ilcf.net\/en\/our-programmes\/specialised-french\/other-opportunities\/\",\"url\":\"https:\/\/www.ilcf.net\/en\/our-programmes\/specialised-french\/other-opportunities\/\",\"name\":\"Other opportunities - ILCF - Institut de Langue et de Culture Fran\u00e7aises\",\"isPartOf\":{\"@id\":\"https:\/\/www.ilcf.net\/en\/#website\"},\"primaryImageOfPage\":{\"@id\":\"https:\/\/www.ilcf.net\/en\/our-programmes\/specialised-french\/other-opportunities\/#primaryimage\"},\"image\":{\"@id\":\"https:\/\/www.ilcf.net\/en\/our-programmes\/specialised-french\/other-opportunities\/#primaryimage\"},\"thumbnailUrl\":\"https:\/\/www.ilcf.net\/wp-content\/uploads\/sites\/20\/2020\/02\/header-francais-specialite-autres.jpg\",\"datePublished\":\"2019-11-18T15:29:28+00:00\",\"dateModified\":\"2020-02-07T08:14:46+00:00\",\"description\":\"The ILCF-Lyon provide specialised French courses on demand depending on available resources from French medical terminology to fashion terminology\",\"breadcrumb\":{\"@id\":\"https:\/\/www.ilcf.net\/en\/our-programmes\/specialised-french\/other-opportunities\/#breadcrumb\"},\"inLanguage\":\"en-US\",\"potentialAction\":[{\"@type\":\"ReadAction\",\"target\":[\"https:\/\/www.ilcf.net\/en\/our-programmes\/specialised-french\/other-opportunities\/\"]}]},{\"@type\":\"ImageObject\",\"inLanguage\":\"en-US\",\"@id\":\"https:\/\/www.ilcf.net\/en\/our-programmes\/specialised-french\/other-opportunities\/#primaryimage\",\"url\":\"https:\/\/www.ilcf.net\/wp-content\/uploads\/sites\/20\/2020\/02\/header-francais-specialite-autres.jpg\",\"contentUrl\":\"https:\/\/www.ilcf.net\/wp-content\/uploads\/sites\/20\/2020\/02\/header-francais-specialite-autres.jpg\",\"width\":1920,\"height\":575,\"caption\":\"Header autres possibilit\u00e9s fran\u00e7ais de sp\u00e9cialit\u00e9\"},{\"@type\":\"BreadcrumbList\",\"@id\":\"https:\/\/www.ilcf.net\/en\/our-programmes\/specialised-french\/other-opportunities\/#breadcrumb\",\"itemListElement\":[{\"@type\":\"ListItem\",\"position\":1,\"name\":\"Accueil\",\"item\":\"https:\/\/www.ilcf.net\/en\/\"},{\"@type\":\"ListItem\",\"position\":2,\"name\":\"Our programmes\",\"item\":\"https:\/\/www.ilcf.net\/en\/our-programmes\/\"},{\"@type\":\"ListItem\",\"position\":3,\"name\":\"Specialised French\",\"item\":\"https:\/\/www.ilcf.net\/en\/our-programmes\/specialised-french\/\"},{\"@type\":\"ListItem\",\"position\":4,\"name\":\"Other opportunities\"}]},{\"@type\":\"WebSite\",\"@id\":\"https:\/\/www.ilcf.net\/en\/#website\",\"url\":\"https:\/\/www.ilcf.net\/en\/\",\"name\":\"ILCF - Institut de Langue et de Culture Fran\u00e7aises\",\"description\":\"ILCF - Institut de Langue et de Culture Fran\u00e7aises\",\"publisher\":{\"@id\":\"https:\/\/www.ilcf.net\/en\/#organization\"},\"potentialAction\":[{\"@type\":\"SearchAction\",\"target\":{\"@type\":\"EntryPoint\",\"urlTemplate\":\"https:\/\/www.ilcf.net\/en\/?s={search_term_string}\"},\"query-input\":{\"@type\":\"PropertyValueSpecification\",\"valueRequired\":true,\"valueName\":\"search_term_string\"}}],\"inLanguage\":\"en-US\"},{\"@type\":\"Organization\",\"@id\":\"https:\/\/www.ilcf.net\/en\/#organization\",\"name\":\"ILCF - Institut de Langue et de Culture Fran\u00e7aises\",\"url\":\"https:\/\/www.ilcf.net\/en\/\",\"logo\":{\"@type\":\"ImageObject\",\"inLanguage\":\"en-US\",\"@id\":\"https:\/\/www.ilcf.net\/en\/#\/schema\/logo\/image\/\",\"url\":\"https:\/\/www.ilcf.net\/wp-content\/uploads\/sites\/20\/2019\/11\/ilcf_logo.svg\",\"contentUrl\":\"https:\/\/www.ilcf.net\/wp-content\/uploads\/sites\/20\/2019\/11\/ilcf_logo.svg\",\"caption\":\"ILCF - Institut de Langue et de Culture Fran\u00e7aises\"},\"image\":{\"@id\":\"https:\/\/www.ilcf.net\/en\/#\/schema\/logo\/image\/\"}}]}<\/script>\n<!-- \/ Yoast SEO plugin. -->","yoast_head_json":{"title":"Other opportunities - ILCF - Institut de Langue et de Culture Fran\u00e7aises","description":"The ILCF-Lyon provide specialised French courses on demand depending on available resources from French medical terminology to fashion terminology","robots":{"index":"index","follow":"follow","max-snippet":"max-snippet:-1","max-image-preview":"max-image-preview:large","max-video-preview":"max-video-preview:-1"},"canonical":"https:\/\/www.ilcf.net\/en\/our-programmes\/specialised-french\/other-opportunities\/","og_locale":"en_US","og_type":"article","og_title":"Other opportunities - ILCF - Institut de Langue et de Culture Fran\u00e7aises","og_description":"The ILCF-Lyon provide specialised French courses on demand depending on available resources from French medical terminology to fashion terminology","og_url":"https:\/\/www.ilcf.net\/en\/our-programmes\/specialised-french\/other-opportunities\/","og_site_name":"ILCF - Institut de Langue et de Culture Fran\u00e7aises","article_modified_time":"2020-02-07T08:14:46+00:00","og_image":[{"width":1920,"height":575,"url":"https:\/\/www.ilcf.net\/wp-content\/uploads\/sites\/20\/2020\/02\/header-francais-specialite-autres.jpg","type":"image\/jpeg"}],"twitter_card":"summary_large_image","schema":{"@context":"https:\/\/schema.org","@graph":[{"@type":"WebPage","@id":"https:\/\/www.ilcf.net\/en\/our-programmes\/specialised-french\/other-opportunities\/","url":"https:\/\/www.ilcf.net\/en\/our-programmes\/specialised-french\/other-opportunities\/","name":"Other opportunities - ILCF - Institut de Langue et de Culture Fran\u00e7aises","isPartOf":{"@id":"https:\/\/www.ilcf.net\/en\/#website"},"primaryImageOfPage":{"@id":"https:\/\/www.ilcf.net\/en\/our-programmes\/specialised-french\/other-opportunities\/#primaryimage"},"image":{"@id":"https:\/\/www.ilcf.net\/en\/our-programmes\/specialised-french\/other-opportunities\/#primaryimage"},"thumbnailUrl":"https:\/\/www.ilcf.net\/wp-content\/uploads\/sites\/20\/2020\/02\/header-francais-specialite-autres.jpg","datePublished":"2019-11-18T15:29:28+00:00","dateModified":"2020-02-07T08:14:46+00:00","description":"The ILCF-Lyon provide specialised French courses on demand depending on available resources from French medical terminology to fashion terminology","breadcrumb":{"@id":"https:\/\/www.ilcf.net\/en\/our-programmes\/specialised-french\/other-opportunities\/#breadcrumb"},"inLanguage":"en-US","potentialAction":[{"@type":"ReadAction","target":["https:\/\/www.ilcf.net\/en\/our-programmes\/specialised-french\/other-opportunities\/"]}]},{"@type":"ImageObject","inLanguage":"en-US","@id":"https:\/\/www.ilcf.net\/en\/our-programmes\/specialised-french\/other-opportunities\/#primaryimage","url":"https:\/\/www.ilcf.net\/wp-content\/uploads\/sites\/20\/2020\/02\/header-francais-specialite-autres.jpg","contentUrl":"https:\/\/www.ilcf.net\/wp-content\/uploads\/sites\/20\/2020\/02\/header-francais-specialite-autres.jpg","width":1920,"height":575,"caption":"Header autres possibilit\u00e9s fran\u00e7ais de sp\u00e9cialit\u00e9"},{"@type":"BreadcrumbList","@id":"https:\/\/www.ilcf.net\/en\/our-programmes\/specialised-french\/other-opportunities\/#breadcrumb","itemListElement":[{"@type":"ListItem","position":1,"name":"Accueil","item":"https:\/\/www.ilcf.net\/en\/"},{"@type":"ListItem","position":2,"name":"Our programmes","item":"https:\/\/www.ilcf.net\/en\/our-programmes\/"},{"@type":"ListItem","position":3,"name":"Specialised French","item":"https:\/\/www.ilcf.net\/en\/our-programmes\/specialised-french\/"},{"@type":"ListItem","position":4,"name":"Other opportunities"}]},{"@type":"WebSite","@id":"https:\/\/www.ilcf.net\/en\/#website","url":"https:\/\/www.ilcf.net\/en\/","name":"ILCF - Institut de Langue et de Culture Fran\u00e7aises","description":"ILCF - Institut de Langue et de Culture Fran\u00e7aises","publisher":{"@id":"https:\/\/www.ilcf.net\/en\/#organization"},"potentialAction":[{"@type":"SearchAction","target":{"@type":"EntryPoint","urlTemplate":"https:\/\/www.ilcf.net\/en\/?s={search_term_string}"},"query-input":{"@type":"PropertyValueSpecification","valueRequired":true,"valueName":"search_term_string"}}],"inLanguage":"en-US"},{"@type":"Organization","@id":"https:\/\/www.ilcf.net\/en\/#organization","name":"ILCF - Institut de Langue et de Culture Fran\u00e7aises","url":"https:\/\/www.ilcf.net\/en\/","logo":{"@type":"ImageObject","inLanguage":"en-US","@id":"https:\/\/www.ilcf.net\/en\/#\/schema\/logo\/image\/","url":"https:\/\/www.ilcf.net\/wp-content\/uploads\/sites\/20\/2019\/11\/ilcf_logo.svg","contentUrl":"https:\/\/www.ilcf.net\/wp-content\/uploads\/sites\/20\/2019\/11\/ilcf_logo.svg","caption":"ILCF - Institut de Langue et de Culture Fran\u00e7aises"},"image":{"@id":"https:\/\/www.ilcf.net\/en\/#\/schema\/logo\/image\/"}}]}},"_links":{"self":[{"href":"https:\/\/www.ilcf.net\/en\/wp-json\/wp\/v2\/pages\/980","targetHints":{"allow":["GET"]}}],"collection":[{"href":"https:\/\/www.ilcf.net\/en\/wp-json\/wp\/v2\/pages"}],"about":[{"href":"https:\/\/www.ilcf.net\/en\/wp-json\/wp\/v2\/types\/page"}],"author":[{"embeddable":true,"href":"https:\/\/www.ilcf.net\/en\/wp-json\/wp\/v2\/users\/32"}],"replies":[{"embeddable":true,"href":"https:\/\/www.ilcf.net\/en\/wp-json\/wp\/v2\/comments?post=980"}],"version-history":[{"count":9,"href":"https:\/\/www.ilcf.net\/en\/wp-json\/wp\/v2\/pages\/980\/revisions"}],"predecessor-version":[{"id":7031,"href":"https:\/\/www.ilcf.net\/en\/wp-json\/wp\/v2\/pages\/980\/revisions\/7031"}],"up":[{"embeddable":true,"href":"https:\/\/www.ilcf.net\/en\/wp-json\/wp\/v2\/pages\/959"}],"wp:featuredmedia":[{"embeddable":true,"href":"https:\/\/www.ilcf.net\/en\/wp-json\/wp\/v2\/media\/6320"}],"wp:attachment":[{"href":"https:\/\/www.ilcf.net\/en\/wp-json\/wp\/v2\/media?parent=980"}],"curies":[{"name":"wp","href":"https:\/\/api.w.org\/{rel}","templated":true}]}}