{"id":2534,"date":"2019-11-07T14:00:13","date_gmt":"2019-11-07T13:00:13","guid":{"rendered":"https:\/\/www.ilcf.net\/?page_id=2534"},"modified":"2026-03-16T16:55:31","modified_gmt":"2026-03-16T15:55:31","slug":"home","status":"publish","type":"page","link":"https:\/\/www.ilcf.net\/en\/","title":{"rendered":"Home"},"content":{"rendered":"<div class=\"wp-block-promote\">\n\n  <div class=\"row medium-collapse wp-block-promote-row js-fade-scroll\">\n\n    <div class=\"column small-12 large-6\">\n      <p class=\"wp-block-promote-title\">\n\n\n\n<strong data-start=\"38\" data-end=\"66\">Learn French this summer<\/strong>\n\n\n\n\n<\/p>\n      <div class=\"wp-block-promote-image\">\n        <img loading=\"lazy\" decoding=\"async\" width=\"605\" height=\"435\" src=\"https:\/\/www.ilcf.net\/wp-content\/uploads\/sites\/20\/2019\/11\/header-cours-mensuel-ete-ilcf-605x435.jpg\" class=\"attachment-promote size-promote\" alt=\"Cours d&#039;\u00e9t\u00e9 \u00e0 l&#039;ILCF\" \/>      <\/div>\n    <\/div>\n\n    <div class=\"column small-12 large-6 wp-block-promote-text\">\n      <div class=\"wp-block-promote-intro\"><div class=\"oSioSc\">\n<div id=\"tw-target\">\n<div id=\"kAz1tf\" class=\"g9WsWb PZPZlf\" data-attrid=\"tw-targetArea\" data-entityname=\"Google Translate\">\n<div id=\"tw-target-text-container\" class=\"tw-ta-container F0azHf tw-nfl\" tabindex=\"0\">\n<p data-start=\"38\" data-end=\"128\">Registrations for the ILCF Summer School 2026 are now open.<\/p>\n<\/div>\n<\/div>\n<\/div>\n<\/div>\n<\/div>\n\n      <a href=\"https:\/\/www.ilcf.net\/en\/trainings\/clcf-intensive-summer-program-june-july-and-august\/\" title=\"Learn more\" class=\"button light wp-block-promote-link\">Learn more<\/a>\n    <\/div>\n\n  <\/div>\n\n<\/div><div class=\"wp-block-training\">\n\n    <div class=\"row align-right wp-block-training-row\">\n\n      <div class=\"column small-12 medium-8\">\n        <h2 class=\"wp-block-training-title\">\n          <span class=\"block-suptitle\">ILCF-Lyon programs<\/span><br>\n          <span class=\"block-title\">Discover our French courses\n<\/span>\n        <\/h2>\n      <\/div>\n\n      <div class=\"column small-12\">\n\n        <div class=\"owl-carousel owl-theme owl-block-training\">\n\n          \n            <div class=\"wp-block-training-col\">\n\n              <a class=\"training-top\" href=\"https:\/\/www.ilcf.net\/en\/trainings\/duef-program\/\" title=\"DUEF Program\">\n\n                <span class=\"training-name\">DUEF Program<\/span>\n\n                <span class=\"training-image\"><img loading=\"lazy\" decoding=\"async\" width=\"630\" height=\"570\" src=\"https:\/\/www.ilcf.net\/wp-content\/uploads\/sites\/20\/2019\/11\/programme-cours-ilcf-630x570.jpg\" class=\"attachment-cross size-cross wp-post-image\" alt=\"Cours de fran\u00e7ais - programme mensuel ILCF\" \/><\/span>\n\n                <span class=\"training-more\">\n                  <span class=\"icon-more\"><\/span>\n                <\/span>\n\n              <\/a>\n\n            <\/div>\n\n          \n            <div class=\"wp-block-training-col\">\n\n              <a class=\"training-top\" href=\"https:\/\/www.ilcf.net\/en\/trainings\/complementary-track-language-culture-and-civilization\/\" title=\"Complementary Track: Language, Culture and Civilization\">\n\n                <span class=\"training-name\">Complementary Track: Language, Culture and Civilization<\/span>\n\n                <span class=\"training-image\"><img loading=\"lazy\" decoding=\"async\" width=\"630\" height=\"570\" src=\"https:\/\/www.ilcf.net\/wp-content\/uploads\/sites\/20\/2019\/11\/header-cours-semi-intensif-630x570.jpg\" class=\"attachment-cross size-cross wp-post-image\" alt=\"Cours de fran\u00e7ais semi-intensif ILCF\" \/><\/span>\n\n                <span class=\"training-more\">\n                  <span class=\"icon-more\"><\/span>\n                <\/span>\n\n              <\/a>\n\n            <\/div>\n\n          \n            <div class=\"wp-block-training-col\">\n\n              <a class=\"training-top\" href=\"https:\/\/www.ilcf.net\/en\/trainings\/beginner-french-course-february\/\" title=\"Beginner French course: February\">\n\n                <span class=\"training-name\">Beginner French course: February<\/span>\n\n                <span class=\"training-image\"><img loading=\"lazy\" decoding=\"async\" width=\"545\" height=\"570\" src=\"https:\/\/www.ilcf.net\/wp-content\/uploads\/sites\/20\/2019\/11\/header-coursmensuel-ilcf-tousesmomentsla-550x575.jpg\" class=\"attachment-cross size-cross wp-post-image\" alt=\"Bandeau cours mensuel ILCF\" \/><\/span>\n\n                <span class=\"training-more\">\n                  <span class=\"icon-more\"><\/span>\n                <\/span>\n\n              <\/a>\n\n            <\/div>\n\n          \n            <div class=\"wp-block-training-col\">\n\n              <a class=\"training-top\" href=\"https:\/\/www.ilcf.net\/en\/trainings\/clcf-intensive-summer-program-june-july-and-august\/\" title=\"CLCF intensive summer program: June, July and August\">\n\n                <span class=\"training-name\">CLCF intensive summer program: June, July and August<\/span>\n\n                <span class=\"training-image\"><img loading=\"lazy\" decoding=\"async\" width=\"630\" height=\"570\" src=\"https:\/\/www.ilcf.net\/wp-content\/uploads\/sites\/20\/2019\/11\/header-programme-ete-ilcf-2023-630x570.jpg\" class=\"attachment-cross size-cross wp-post-image\" alt=\"Programme \u00e9t\u00e9 ILCF\" \/><\/span>\n\n                <span class=\"training-more\">\n                  <span class=\"icon-more\"><\/span>\n                <\/span>\n\n              <\/a>\n\n            <\/div>\n\n          \n        <\/div>\n      <\/div>\n\n      <div class=\"column small-12 text-right\">\n        <a href=\"https:\/\/www.ilcf.net\/en\/our-programmes\/\" title=\"Our programs\" class=\"button primary wp-block-training-link\">Our programs<\/a>\n      <\/div>\n\n    <\/div>\n\n  <\/div><div class=\"wp-block-promote\">\n\n  <div class=\"row medium-collapse wp-block-promote-row js-fade-scroll\">\n\n    <div class=\"column small-12 large-6\">\n      <p class=\"wp-block-promote-title\"><\/p>\n      <div class=\"wp-block-promote-image\">\n              <\/div>\n    <\/div>\n\n    <div class=\"column small-12 large-6 wp-block-promote-text\">\n      <div class=\"wp-block-promote-intro\"><\/div>\n\n      <a href=\"\" title=\"\" class=\"button light wp-block-promote-link\"><\/a>\n    <\/div>\n\n  <\/div>\n\n<\/div><div class=\"wp-block-key-figures\">\n  <div class=\"row medium-collapse wp-block-key-figures-row\">\n    <h2 class=\"column small-12 wp-block-key-figures-title js-fade-scroll\">\n      <span class=\"block-suptitle\">ILCF<\/span><br>\n      <span class=\"block-title\">Over 75 years providing courses in<br \/>\n<span class=\"text-color-primary\">French as a Foreign Language<\/span>\n<\/span>\n    <\/h2>\n\n    <div class=\"column small-12 large-5 wp-block-key-figures-col-left\">\n\n      <div class=\"key-figures js-fade-scroll\">\n                <p class=\"key-figures-number\">77<\/p>\n        <p class=\"key-figures-caption\">years of innovative teaching techniques<\/p>\n      <\/div>\n\n      <div class=\"key-figures js-fade-scroll\">\n                <p class=\"key-figures-number\">5<\/p>\n        <p class=\"key-figures-caption\">certificates to guaranteeing the quality of our services<\/p>\n      <\/div>\n\n      <div class=\"wp-block-key-figures-infos js-fade-scroll\">\n\n        <div class=\"wp-block-key-figures-intro\"><p>Founded in 1948, the French Language and Culture Institute (ILCF Lyon) provides courses in French as a Foreign Language to students from all 5 continents !<\/p>\n<\/div>\n        <a href=\"https:\/\/www.ilcf.net\/en\/ilcf\/presentation\/our-history\/\" title=\"Our history\" class=\"button dark\">Our history<\/a>\n\n      <\/div>\n\n    <\/div>\n\n    <div class=\"column small-12 large-7 wp-block-key-figures-col-right js-fade-scroll\">\n      <div class=\"row\">\n        <div class=\"small-12 wp-block-key-figures-media video\">\n\n          <a class=\"wp-block-key-figures-media-link\" data-open=\"keyfigures-video\">\n            <img loading=\"lazy\" decoding=\"async\" width=\"810\" height=\"560\" src=\"https:\/\/www.ilcf.net\/wp-content\/uploads\/sites\/20\/2024\/10\/motion-design-ilcf-810x560.jpg\" class=\"attachment-text_image size-text_image\" alt=\"Motion Design ILCF\" \/>            <span class=\"wp-block-key-figures-media-title\">ILCF, welcome home!<\/span>\n          <\/a>\n\n          \n            \n            <div class=\"reveal reveal-video no-padding large\" id=\"keyfigures-video\" data-reveal data-animation-in=\"fade-in\" data-animation-out=\"fade-out\">\n              <div class=\"reveal-video-content\">\n                <button class=\"reveal-video-close\" data-close aria-label=\"Close modal\" type=\"button\">\n                  <span class=\"icon-remove reveal-video-close-icon\"><\/span>\n                  <span class=\"reveal-video-close-text\">Fermer<\/span>\n                <\/button>\n\n                <div class=\"plyr__video-embed js-player\" id=\"player\">\n                  <iframe src=\"https:\/\/www.youtube.com\/embed\/gfkTx1Ozh0s?origin=https:\/\/plyr.io&amp;iv_load_policy=3&amp;modestbranding=1&amp;playsinline=1&amp;showinfo=0&amp;rel=0&amp;enablejsapi=1\" allowfullscreen allowtransparency allow=\"autoplay\" ratio=\"4:3\"><\/iframe>\n                <\/div>\n              <\/div>\n            <\/div>\n\n          \n        <\/div>\n\n        <div class=\"small-12 wp-block-key-figures-col-right-number\">\n\n          <div class=\"key-figures js-fade-scroll\">\n                        <p class=\"key-figures-number\">70<\/p>\n            <p class=\"key-figures-caption\">nationalities<\/p>\n          <\/div>\n\n          <div class=\"key-figures js-fade-scroll\">\n                        <p class=\"key-figures-number\">1 close-knit<\/p>\n            <p class=\"key-figures-caption\">learning environment<\/p>\n          <\/div>\n\n        <\/div>\n      <\/div>\n    <\/div>\n  <\/div>\n<\/div><div class=\"wp-block-last-post\">\n    \n  <div class=\"cross-content-post\">\n\n    <div class=\"row align-middle cross-content-post-row\">\n\n      <div class=\"column small-12 xlarge-6 xlarge-offset-6\">\n        <h2 class=\"js-fade-scroll\">\n          <span class=\"block-suptitle\">French Language and Culture Institute in Lyon<\/span><br>\n          <span class=\"block-title\">News from ILCF\n<\/span>\n        <\/h2>\n      <\/div>\n\n      <div class=\"column small-12 xlarge-9\">\n\n                    <div class=\"owl-carousel owl-theme owl-cross-content-post\">\n          \n          \n            \n\n    <div class=\"js-fade-scroll\">\n  \n  <div class=\"post-content\">\n    <a class=\"post-content-link\" href=\"https:\/\/www.ilcf.net\/en\/the-ilcf-recieves-the-renewal-of-its-fle-quality-label\/\" title=\"The ILCF recieves the renewal of its FLE Quality label!\">\n              <span class=\"post-category\">Culture<\/span><br>\n      \n      <span class=\"post-title\">The ILCF recieves the renewal of its FLE Quality label!<\/span><br>\n\n      <span class=\"post-subtitle\"><\/span><br>\n\n      \n      <span class=\"icon-more post-more\"><\/span>\n    <\/a>\n  <\/div>\n<\/div>\n\n          \n            \n\n    <div class=\"js-fade-scroll\">\n  \n  <div class=\"post-content\">\n    <a class=\"post-content-link\" href=\"https:\/\/www.ilcf.net\/en\/celebrating-la-francophonie-at-ilcf\/\" title=\"Celebrating La Francophonie at ILCF\">\n      \n      <span class=\"post-title\">Celebrating La Francophonie at ILCF<\/span><br>\n\n      <span class=\"post-subtitle\"><\/span><br>\n\n      \n      <span class=\"icon-more post-more\"><\/span>\n    <\/a>\n  <\/div>\n<\/div>\n\n          \n            \n\n    <div class=\"js-fade-scroll\">\n  \n  <div class=\"post-content\">\n    <a class=\"post-content-link\" href=\"https:\/\/www.ilcf.net\/en\/in-lyon-ilcf-students-give-voice-to-ancient-greece\/\" title=\"In Lyon, ILCF students give voice to ancient Greece\">\n      \n      <span class=\"post-title\">In Lyon, ILCF students give voice to ancient Greece<\/span><br>\n\n      <span class=\"post-subtitle\"><\/span><br>\n\n      \n      <span class=\"icon-more post-more\"><\/span>\n    <\/a>\n  <\/div>\n<\/div>\n\n          \n            \n\n    <div class=\"js-fade-scroll\">\n  \n  <div class=\"post-content\">\n    <a class=\"post-content-link\" href=\"https:\/\/www.ilcf.net\/en\/a-showcase-of-mexican-culture-and-a-collaboration-between-two-institutes\/\" title=\"A showcase of Mexican culture: a collaboration between two institutes of UCLy\">\n              <span class=\"post-category\">Campus Life<\/span><br>\n      \n      <span class=\"post-title\">A showcase of Mexican culture: a collaboration between two institutes of UCLy<\/span><br>\n\n      <span class=\"post-subtitle\"><\/span><br>\n\n      \n      <span class=\"icon-more post-more\"><\/span>\n    <\/a>\n  <\/div>\n<\/div>\n\n          \n            \n\n    <div class=\"js-fade-scroll\">\n  \n  <div class=\"post-content\">\n    <a class=\"post-content-link\" href=\"https:\/\/www.ilcf.net\/en\/the-adventure-of-words-claudine-frechet-takes-her-students-on-a-linguistic-journey\/\" title=\"\u201cThe adventure of words\u201d Claudine Fr\u00e9chet takes her students on a linguistic journey\">\n              <span class=\"post-category\">International<\/span><br>\n      \n      <span class=\"post-title\">\u201cThe adventure of words\u201d Claudine Fr\u00e9chet takes her students on a linguistic journey<\/span><br>\n\n      <span class=\"post-subtitle\"><\/span><br>\n\n      \n      <span class=\"icon-more post-more\"><\/span>\n    <\/a>\n  <\/div>\n<\/div>\n\n          \n            \n\n    <div class=\"js-fade-scroll\">\n  \n  <div class=\"post-content\">\n    <a class=\"post-content-link\" href=\"https:\/\/www.ilcf.net\/en\/the-health-center-at-every-students-service\/\" title=\"The Health Center at every student's service\">\n              <span class=\"post-category\">Campus Life<\/span><br>\n      \n      <span class=\"post-title\">The Health Center at every student's service<\/span><br>\n\n      <span class=\"post-subtitle\"><\/span><br>\n\n      \n      <span class=\"icon-more post-more\"><\/span>\n    <\/a>\n  <\/div>\n<\/div>\n\n          \n            \n\n    <div class=\"js-fade-scroll\">\n  \n  <div class=\"post-content\">\n    <a class=\"post-content-link\" href=\"https:\/\/www.ilcf.net\/en\/ucly-150-years-in-service-of-students\/\" title=\"UCLy : 150 years in service of students\">\n              <span class=\"post-category\">Campus Life<\/span><br>\n      \n      <span class=\"post-title\">UCLy : 150 years in service of students<\/span><br>\n\n      <span class=\"post-subtitle\"><\/span><br>\n\n              <span class=\"school\">UCLy<\/span>\n      \n      <span class=\"icon-more post-more\"><\/span>\n    <\/a>\n  <\/div>\n<\/div>\n\n          \n            \n\n    <div class=\"js-fade-scroll\">\n  \n  <div class=\"post-content\">\n    <a class=\"post-content-link\" href=\"https:\/\/www.ilcf.net\/en\/family-dinners-a-true-success\/\" title=\"Family dinners, a true success!\">\n              <span class=\"post-category\">International<\/span><br>\n      \n      <span class=\"post-title\">Family dinners, a true success!<\/span><br>\n\n      <span class=\"post-subtitle\"><\/span><br>\n\n      \n      <span class=\"icon-more post-more\"><\/span>\n    <\/a>\n  <\/div>\n<\/div>\n\n          \n        <\/div>\n\n      <\/div>\n\n      <div class=\"column small-12 xlarge-3 text-center xlarge-text-right js-fade-scroll\">\n                  <a class=\"button primary cross-content-post-link\" href=\"https:\/\/www.ilcf.net\/en\/ilcf\/news\/\" title=\"All news\">All news<\/a>\n              <\/div>\n\n    <\/div>\n\n  <\/div>\n\n\n\n<\/div>","protected":false},"excerpt":{"rendered":"","protected":false},"author":33,"featured_media":897,"parent":0,"menu_order":0,"comment_status":"closed","ping_status":"closed","template":"tpl-model\/model-mosaic.php","meta":{"_acf_changed":false,"footnotes":""},"class_list":["post-2534","page","type-page","status-publish","has-post-thumbnail","hentry"],"acf":[],"yoast_head":"<!-- This site is optimized with the Yoast SEO plugin v24.1 - https:\/\/yoast.com\/wordpress\/plugins\/seo\/ -->\n<title>Home - ILCF - Institut de Langue et de Culture Fran\u00e7aises<\/title>\n<meta name=\"description\" content=\"Set in the heart of Lyon, the ILCF (French Language and Culture Institute) provides courses in French. Citizens of the world, welcome home!\" \/>\n<meta name=\"robots\" content=\"index, follow, max-snippet:-1, max-image-preview:large, max-video-preview:-1\" \/>\n<link rel=\"canonical\" href=\"https:\/\/www.ilcf.net\/en\/\" \/>\n<meta property=\"og:locale\" content=\"en_US\" \/>\n<meta property=\"og:type\" content=\"article\" \/>\n<meta property=\"og:title\" content=\"Home - ILCF - Institut de Langue et de Culture Fran\u00e7aises\" \/>\n<meta property=\"og:description\" content=\"Set in the heart of Lyon, the ILCF (French Language and Culture Institute) provides courses in French. Citizens of the world, welcome home!\" \/>\n<meta property=\"og:url\" content=\"https:\/\/www.ilcf.net\/en\/\" \/>\n<meta property=\"og:site_name\" content=\"ILCF - Institut de Langue et de Culture Fran\u00e7aises\" \/>\n<meta property=\"article:modified_time\" content=\"2026-03-16T15:55:31+00:00\" \/>\n<meta property=\"og:image\" content=\"https:\/\/www.ilcf.net\/wp-content\/uploads\/sites\/20\/2019\/11\/header-ilcf-tousesmomentsla-1920x575.jpg\" \/>\n\t<meta property=\"og:image:width\" content=\"1920\" \/>\n\t<meta property=\"og:image:height\" content=\"575\" \/>\n\t<meta property=\"og:image:type\" content=\"image\/jpeg\" \/>\n<meta name=\"twitter:card\" content=\"summary_large_image\" \/>\n<meta name=\"twitter:label1\" content=\"Est. reading time\" \/>\n\t<meta name=\"twitter:data1\" content=\"1 minute\" \/>\n<script type=\"application\/ld+json\" class=\"yoast-schema-graph\">{\"@context\":\"https:\/\/schema.org\",\"@graph\":[{\"@type\":\"WebPage\",\"@id\":\"https:\/\/www.ilcf.net\/en\/\",\"url\":\"https:\/\/www.ilcf.net\/en\/\",\"name\":\"Home - ILCF - Institut de Langue et de Culture Fran\u00e7aises\",\"isPartOf\":{\"@id\":\"https:\/\/www.ilcf.net\/en\/#website\"},\"primaryImageOfPage\":{\"@id\":\"https:\/\/www.ilcf.net\/en\/#primaryimage\"},\"image\":{\"@id\":\"https:\/\/www.ilcf.net\/en\/#primaryimage\"},\"thumbnailUrl\":\"https:\/\/www.ilcf.net\/wp-content\/uploads\/sites\/20\/2019\/11\/header-ilcf-tousesmomentsla-1920x575.jpg\",\"datePublished\":\"2019-11-07T13:00:13+00:00\",\"dateModified\":\"2026-03-16T15:55:31+00:00\",\"description\":\"Set in the heart of Lyon, the ILCF (French Language and Culture Institute) provides courses in French. Citizens of the world, welcome home!\",\"breadcrumb\":{\"@id\":\"https:\/\/www.ilcf.net\/en\/#breadcrumb\"},\"inLanguage\":\"en-US\",\"potentialAction\":[{\"@type\":\"ReadAction\",\"target\":[\"https:\/\/www.ilcf.net\/en\/\"]}]},{\"@type\":\"ImageObject\",\"inLanguage\":\"en-US\",\"@id\":\"https:\/\/www.ilcf.net\/en\/#primaryimage\",\"url\":\"https:\/\/www.ilcf.net\/wp-content\/uploads\/sites\/20\/2019\/11\/header-ilcf-tousesmomentsla-1920x575.jpg\",\"contentUrl\":\"https:\/\/www.ilcf.net\/wp-content\/uploads\/sites\/20\/2019\/11\/header-ilcf-tousesmomentsla-1920x575.jpg\",\"width\":1920,\"height\":575,\"caption\":\"Bandeau de couverture ILCF\"},{\"@type\":\"BreadcrumbList\",\"@id\":\"https:\/\/www.ilcf.net\/en\/#breadcrumb\",\"itemListElement\":[{\"@type\":\"ListItem\",\"position\":1,\"name\":\"Accueil\",\"item\":\"https:\/\/www.ilcf.net\/en\/\"},{\"@type\":\"ListItem\",\"position\":2,\"name\":\"Home\"}]},{\"@type\":\"WebSite\",\"@id\":\"https:\/\/www.ilcf.net\/en\/#website\",\"url\":\"https:\/\/www.ilcf.net\/en\/\",\"name\":\"ILCF - Institut de Langue et de Culture Fran\u00e7aises\",\"description\":\"ILCF - Institut de Langue et de Culture Fran\u00e7aises\",\"publisher\":{\"@id\":\"https:\/\/www.ilcf.net\/en\/#organization\"},\"potentialAction\":[{\"@type\":\"SearchAction\",\"target\":{\"@type\":\"EntryPoint\",\"urlTemplate\":\"https:\/\/www.ilcf.net\/en\/?s={search_term_string}\"},\"query-input\":{\"@type\":\"PropertyValueSpecification\",\"valueRequired\":true,\"valueName\":\"search_term_string\"}}],\"inLanguage\":\"en-US\"},{\"@type\":\"Organization\",\"@id\":\"https:\/\/www.ilcf.net\/en\/#organization\",\"name\":\"ILCF - Institut de Langue et de Culture Fran\u00e7aises\",\"url\":\"https:\/\/www.ilcf.net\/en\/\",\"logo\":{\"@type\":\"ImageObject\",\"inLanguage\":\"en-US\",\"@id\":\"https:\/\/www.ilcf.net\/en\/#\/schema\/logo\/image\/\",\"url\":\"https:\/\/www.ilcf.net\/wp-content\/uploads\/sites\/20\/2019\/11\/ilcf_logo.svg\",\"contentUrl\":\"https:\/\/www.ilcf.net\/wp-content\/uploads\/sites\/20\/2019\/11\/ilcf_logo.svg\",\"caption\":\"ILCF - Institut de Langue et de Culture Fran\u00e7aises\"},\"image\":{\"@id\":\"https:\/\/www.ilcf.net\/en\/#\/schema\/logo\/image\/\"}}]}<\/script>\n<!-- \/ Yoast SEO plugin. -->","yoast_head_json":{"title":"Home - ILCF - Institut de Langue et de Culture Fran\u00e7aises","description":"Set in the heart of Lyon, the ILCF (French Language and Culture Institute) provides courses in French. Citizens of the world, welcome home!","robots":{"index":"index","follow":"follow","max-snippet":"max-snippet:-1","max-image-preview":"max-image-preview:large","max-video-preview":"max-video-preview:-1"},"canonical":"https:\/\/www.ilcf.net\/en\/","og_locale":"en_US","og_type":"article","og_title":"Home - ILCF - Institut de Langue et de Culture Fran\u00e7aises","og_description":"Set in the heart of Lyon, the ILCF (French Language and Culture Institute) provides courses in French. Citizens of the world, welcome home!","og_url":"https:\/\/www.ilcf.net\/en\/","og_site_name":"ILCF - Institut de Langue et de Culture Fran\u00e7aises","article_modified_time":"2026-03-16T15:55:31+00:00","og_image":[{"width":1920,"height":575,"url":"https:\/\/www.ilcf.net\/wp-content\/uploads\/sites\/20\/2019\/11\/header-ilcf-tousesmomentsla-1920x575.jpg","type":"image\/jpeg"}],"twitter_card":"summary_large_image","twitter_misc":{"Est. reading time":"1 minute"},"schema":{"@context":"https:\/\/schema.org","@graph":[{"@type":"WebPage","@id":"https:\/\/www.ilcf.net\/en\/","url":"https:\/\/www.ilcf.net\/en\/","name":"Home - ILCF - Institut de Langue et de Culture Fran\u00e7aises","isPartOf":{"@id":"https:\/\/www.ilcf.net\/en\/#website"},"primaryImageOfPage":{"@id":"https:\/\/www.ilcf.net\/en\/#primaryimage"},"image":{"@id":"https:\/\/www.ilcf.net\/en\/#primaryimage"},"thumbnailUrl":"https:\/\/www.ilcf.net\/wp-content\/uploads\/sites\/20\/2019\/11\/header-ilcf-tousesmomentsla-1920x575.jpg","datePublished":"2019-11-07T13:00:13+00:00","dateModified":"2026-03-16T15:55:31+00:00","description":"Set in the heart of Lyon, the ILCF (French Language and Culture Institute) provides courses in French. Citizens of the world, welcome home!","breadcrumb":{"@id":"https:\/\/www.ilcf.net\/en\/#breadcrumb"},"inLanguage":"en-US","potentialAction":[{"@type":"ReadAction","target":["https:\/\/www.ilcf.net\/en\/"]}]},{"@type":"ImageObject","inLanguage":"en-US","@id":"https:\/\/www.ilcf.net\/en\/#primaryimage","url":"https:\/\/www.ilcf.net\/wp-content\/uploads\/sites\/20\/2019\/11\/header-ilcf-tousesmomentsla-1920x575.jpg","contentUrl":"https:\/\/www.ilcf.net\/wp-content\/uploads\/sites\/20\/2019\/11\/header-ilcf-tousesmomentsla-1920x575.jpg","width":1920,"height":575,"caption":"Bandeau de couverture ILCF"},{"@type":"BreadcrumbList","@id":"https:\/\/www.ilcf.net\/en\/#breadcrumb","itemListElement":[{"@type":"ListItem","position":1,"name":"Accueil","item":"https:\/\/www.ilcf.net\/en\/"},{"@type":"ListItem","position":2,"name":"Home"}]},{"@type":"WebSite","@id":"https:\/\/www.ilcf.net\/en\/#website","url":"https:\/\/www.ilcf.net\/en\/","name":"ILCF - Institut de Langue et de Culture Fran\u00e7aises","description":"ILCF - Institut de Langue et de Culture Fran\u00e7aises","publisher":{"@id":"https:\/\/www.ilcf.net\/en\/#organization"},"potentialAction":[{"@type":"SearchAction","target":{"@type":"EntryPoint","urlTemplate":"https:\/\/www.ilcf.net\/en\/?s={search_term_string}"},"query-input":{"@type":"PropertyValueSpecification","valueRequired":true,"valueName":"search_term_string"}}],"inLanguage":"en-US"},{"@type":"Organization","@id":"https:\/\/www.ilcf.net\/en\/#organization","name":"ILCF - Institut de Langue et de Culture Fran\u00e7aises","url":"https:\/\/www.ilcf.net\/en\/","logo":{"@type":"ImageObject","inLanguage":"en-US","@id":"https:\/\/www.ilcf.net\/en\/#\/schema\/logo\/image\/","url":"https:\/\/www.ilcf.net\/wp-content\/uploads\/sites\/20\/2019\/11\/ilcf_logo.svg","contentUrl":"https:\/\/www.ilcf.net\/wp-content\/uploads\/sites\/20\/2019\/11\/ilcf_logo.svg","caption":"ILCF - Institut de Langue et de Culture Fran\u00e7aises"},"image":{"@id":"https:\/\/www.ilcf.net\/en\/#\/schema\/logo\/image\/"}}]}},"_links":{"self":[{"href":"https:\/\/www.ilcf.net\/en\/wp-json\/wp\/v2\/pages\/2534","targetHints":{"allow":["GET"]}}],"collection":[{"href":"https:\/\/www.ilcf.net\/en\/wp-json\/wp\/v2\/pages"}],"about":[{"href":"https:\/\/www.ilcf.net\/en\/wp-json\/wp\/v2\/types\/page"}],"author":[{"embeddable":true,"href":"https:\/\/www.ilcf.net\/en\/wp-json\/wp\/v2\/users\/33"}],"replies":[{"embeddable":true,"href":"https:\/\/www.ilcf.net\/en\/wp-json\/wp\/v2\/comments?post=2534"}],"version-history":[{"count":2,"href":"https:\/\/www.ilcf.net\/en\/wp-json\/wp\/v2\/pages\/2534\/revisions"}],"predecessor-version":[{"id":27025,"href":"https:\/\/www.ilcf.net\/en\/wp-json\/wp\/v2\/pages\/2534\/revisions\/27025"}],"wp:featuredmedia":[{"embeddable":true,"href":"https:\/\/www.ilcf.net\/en\/wp-json\/wp\/v2\/media\/897"}],"wp:attachment":[{"href":"https:\/\/www.ilcf.net\/en\/wp-json\/wp\/v2\/media?parent=2534"}],"curies":[{"name":"wp","href":"https:\/\/api.w.org\/{rel}","templated":true}]}}