{"id":1817,"date":"2019-11-14T09:34:38","date_gmt":"2019-11-14T08:34:38","guid":{"rendered":"https:\/\/www.ilcf.net\/?page_id=1817"},"modified":"2026-04-08T10:35:37","modified_gmt":"2026-04-08T08:35:37","slug":"the-ilcf-lyon-team","status":"publish","type":"page","link":"https:\/\/www.ilcf.net\/en\/ilcf\/presentation\/the-ilcf-lyon-team\/","title":{"rendered":"The ILCF-Lyon team"},"content":{"rendered":"<div class=\"wp-block-gallery-ucly js-fade-scroll\"><div class=\"owl-carousel owl-theme owl-gallery\"><div class=\"item\"><img loading=\"lazy\" decoding=\"async\" width=\"900\" height=\"520\" src=\"https:\/\/www.ilcf.net\/wp-content\/uploads\/sites\/20\/2025\/10\/dsc08051-900x520.jpg\" class=\"\" alt=\"\" \/><div class=\"wp-block-gallery-ucly-caption\"><\/div><\/div><\/div><div class=\"owl-numbers\"><span class=\"owl-number-current\"><\/span><span class=\"owl-number-sep\"><\/span><span class=\"owl-number-total\"><\/span><\/div><\/div><h2 class=\"wp-block-heading\">Board of directors<\/h2><p><strong><strong>Virginie CARTIER<\/strong><\/strong>, Director<br><strong>Julie MULOT<\/strong>, Deputy-Director<\/p><h2 class=\"wp-block-heading\">Administrative team<\/h2><p><strong><strong>Marie-Fran\u00e7oise CUSANNO<\/strong><\/strong>, Administrative Manager<br><strong>H\u00e9l\u00e8ne THOMA<\/strong>, International partnerships and development<br><strong>Corinne COLPAERT<\/strong>, Assistant<br><strong>Isabelle G\u00c9NY<\/strong>, Assistant<br><strong>Aline-Laure GRAS<\/strong>, Management Assistant<br><strong>Chlo\u00e9 GUILLET<\/strong>, Assistant<br><strong>Juliette GUIENNE<\/strong>, Assistant<br><strong>Nastassia<\/strong> <strong>MALATRAIT<\/strong>, In charge of cultural activities<br><strong>Jules THAVOT<\/strong>, In charge of communication<\/p><h2 class=\"wp-block-heading\">Head of studies<\/h2><p><strong>Pascale ANSOUX LAMA<\/strong>, Head of studies for the academic year<br><strong>Pauline MARTIN<\/strong>, Head of studies for the academic year<br><strong>Julie VELDEMAN ABRY<\/strong>, In charge of DELF DALF<\/p><h3 class=\"wp-block-heading\">Teachers<\/h3><p>AL CHAAR Wassim<br>ANSOUX LAMA Pascale<br>BEJUIT Brice<br>BOOSTANI Nooshin<br>BOUCHET Karine<br>CURINIER J\u00e9r\u00f4me<br>DREVON Anne<br>DUPRE Florence<br>FRECHET Claudine<br>LAGARDE V\u00e9ronique<br>MAGAUD V\u00e9ronique<br>MARTIN Pauline<br>MASSON Wendy<br>MONTMAGNON Olivier<br>RABIN SECHET St\u00e9phanie<br>RACINE VALDEBENITO M\u00e9lanie<br>RAKOTO Anne-Marie<br>ROUSSON Nelly<br>ROUX St\u00e9phanie<br>SOUVY S\u00e9bastien<br>VACHER Florence<br>VELDEMAN ABRY Julie<\/p><div class=\"wp-block-contact js-fade-scroll\">\n  <p class=\"wp-block-contact-title\">Contact us<\/p>\n\n        <div class=\"contact-info\">\n        <p class=\"contact-item\">\n          <span class=\"contact-strong\">ILCF<\/span><br>\n          <span class=\"contact-light\"><\/span>\n        <\/p>\n        <span class=\"contact-separate\"><\/span>\n        <p class=\"contact-item\">\n          <a class=\"icon-phone contact-button show-for-small-only\" href=\"tel:00 33 - (0)4 72 32 50 53\"><\/a>\n          <span class=\"contact-strong hide-for-small-only\">00 33 - (0)4 72 32 50 53<\/span><br>\n          <a class=\"icon-mail contact-button show-for-small-only\" href=\"mailto:ilcf@univ-catholyon.fr\"><\/a>\n          <span class=\"contact-light hide-for-small-only\">ilcf@univ-catholyon.fr<\/span>\n        <\/p>\n      <\/div>\n    <\/div>","protected":false},"excerpt":{"rendered":"<p>Board of directorsVirginie CARTIER, DirectorJulie MULOT, Deputy-DirectorAdministrative teamMarie-Fran\u00e7oise CUSANNO, Administrative ManagerH\u00e9l\u00e8ne THOMA, International partnerships and developmentCorinne COLPAERT, AssistantIsabelle G\u00c9NY, AssistantAline-Laure GRAS, Management AssistantChlo\u00e9 GUILLET, [&hellip;]<\/p>\n","protected":false},"author":32,"featured_media":6411,"parent":2663,"menu_order":3,"comment_status":"closed","ping_status":"closed","template":"","meta":{"_acf_changed":false,"footnotes":""},"class_list":["post-1817","page","type-page","status-publish","has-post-thumbnail","hentry"],"acf":[],"yoast_head":"<!-- This site is optimized with the Yoast SEO plugin v24.1 - https:\/\/yoast.com\/wordpress\/plugins\/seo\/ -->\n<title>The ILCF-Lyon team - ILCF - Institut de Langue et de Culture Fran\u00e7aises<\/title>\n<meta name=\"robots\" content=\"index, follow, max-snippet:-1, max-image-preview:large, max-video-preview:-1\" \/>\n<link rel=\"canonical\" href=\"https:\/\/www.ilcf.net\/en\/ilcf\/presentation\/the-ilcf-lyon-team\/\" \/>\n<meta property=\"og:locale\" content=\"en_US\" \/>\n<meta property=\"og:type\" content=\"article\" \/>\n<meta property=\"og:title\" content=\"The ILCF-Lyon team - ILCF - Institut de Langue et de Culture Fran\u00e7aises\" \/>\n<meta property=\"og:description\" content=\"Board of directorsVirginie CARTIER, DirectorJulie MULOT, Deputy-DirectorAdministrative teamMarie-Fran\u00e7oise CUSANNO, Administrative ManagerH\u00e9l\u00e8ne THOMA, International partnerships and developmentCorinne COLPAERT, AssistantIsabelle G\u00c9NY, AssistantAline-Laure GRAS, Management AssistantChlo\u00e9 GUILLET, [&hellip;]\" \/>\n<meta property=\"og:url\" content=\"https:\/\/www.ilcf.net\/en\/ilcf\/presentation\/the-ilcf-lyon-team\/\" \/>\n<meta property=\"og:site_name\" content=\"ILCF - Institut de Langue et de Culture Fran\u00e7aises\" \/>\n<meta property=\"article:modified_time\" content=\"2026-04-08T08:35:37+00:00\" \/>\n<meta property=\"og:image\" content=\"https:\/\/www.ilcf.net\/wp-content\/uploads\/sites\/20\/2020\/02\/header-ilcf.jpg\" \/>\n\t<meta property=\"og:image:width\" content=\"1920\" \/>\n\t<meta property=\"og:image:height\" content=\"575\" \/>\n\t<meta property=\"og:image:type\" content=\"image\/jpeg\" \/>\n<meta name=\"twitter:card\" content=\"summary_large_image\" \/>\n<meta name=\"twitter:label1\" content=\"Est. reading time\" \/>\n\t<meta name=\"twitter:data1\" content=\"2 minutes\" \/>\n<script type=\"application\/ld+json\" class=\"yoast-schema-graph\">{\"@context\":\"https:\/\/schema.org\",\"@graph\":[{\"@type\":\"WebPage\",\"@id\":\"https:\/\/www.ilcf.net\/en\/ilcf\/presentation\/the-ilcf-lyon-team\/\",\"url\":\"https:\/\/www.ilcf.net\/en\/ilcf\/presentation\/the-ilcf-lyon-team\/\",\"name\":\"The ILCF-Lyon team - ILCF - Institut de Langue et de Culture Fran\u00e7aises\",\"isPartOf\":{\"@id\":\"https:\/\/www.ilcf.net\/en\/#website\"},\"primaryImageOfPage\":{\"@id\":\"https:\/\/www.ilcf.net\/en\/ilcf\/presentation\/the-ilcf-lyon-team\/#primaryimage\"},\"image\":{\"@id\":\"https:\/\/www.ilcf.net\/en\/ilcf\/presentation\/the-ilcf-lyon-team\/#primaryimage\"},\"thumbnailUrl\":\"https:\/\/www.ilcf.net\/wp-content\/uploads\/sites\/20\/2020\/02\/header-ilcf.jpg\",\"datePublished\":\"2019-11-14T08:34:38+00:00\",\"dateModified\":\"2026-04-08T08:35:37+00:00\",\"breadcrumb\":{\"@id\":\"https:\/\/www.ilcf.net\/en\/ilcf\/presentation\/the-ilcf-lyon-team\/#breadcrumb\"},\"inLanguage\":\"en-US\",\"potentialAction\":[{\"@type\":\"ReadAction\",\"target\":[\"https:\/\/www.ilcf.net\/en\/ilcf\/presentation\/the-ilcf-lyon-team\/\"]}]},{\"@type\":\"ImageObject\",\"inLanguage\":\"en-US\",\"@id\":\"https:\/\/www.ilcf.net\/en\/ilcf\/presentation\/the-ilcf-lyon-team\/#primaryimage\",\"url\":\"https:\/\/www.ilcf.net\/wp-content\/uploads\/sites\/20\/2020\/02\/header-ilcf.jpg\",\"contentUrl\":\"https:\/\/www.ilcf.net\/wp-content\/uploads\/sites\/20\/2020\/02\/header-ilcf.jpg\",\"width\":1920,\"height\":575,\"caption\":\"ILCF\"},{\"@type\":\"BreadcrumbList\",\"@id\":\"https:\/\/www.ilcf.net\/en\/ilcf\/presentation\/the-ilcf-lyon-team\/#breadcrumb\",\"itemListElement\":[{\"@type\":\"ListItem\",\"position\":1,\"name\":\"Accueil\",\"item\":\"https:\/\/www.ilcf.net\/en\/\"},{\"@type\":\"ListItem\",\"position\":2,\"name\":\"ILCF\",\"item\":\"https:\/\/www.ilcf.net\/en\/ilcf\/\"},{\"@type\":\"ListItem\",\"position\":3,\"name\":\"Presentation\",\"item\":\"https:\/\/www.ilcf.net\/en\/ilcf\/presentation\/\"},{\"@type\":\"ListItem\",\"position\":4,\"name\":\"The ILCF-Lyon team\"}]},{\"@type\":\"WebSite\",\"@id\":\"https:\/\/www.ilcf.net\/en\/#website\",\"url\":\"https:\/\/www.ilcf.net\/en\/\",\"name\":\"ILCF - Institut de Langue et de Culture Fran\u00e7aises\",\"description\":\"ILCF - Institut de Langue et de Culture Fran\u00e7aises\",\"publisher\":{\"@id\":\"https:\/\/www.ilcf.net\/en\/#organization\"},\"potentialAction\":[{\"@type\":\"SearchAction\",\"target\":{\"@type\":\"EntryPoint\",\"urlTemplate\":\"https:\/\/www.ilcf.net\/en\/?s={search_term_string}\"},\"query-input\":{\"@type\":\"PropertyValueSpecification\",\"valueRequired\":true,\"valueName\":\"search_term_string\"}}],\"inLanguage\":\"en-US\"},{\"@type\":\"Organization\",\"@id\":\"https:\/\/www.ilcf.net\/en\/#organization\",\"name\":\"ILCF - Institut de Langue et de Culture Fran\u00e7aises\",\"url\":\"https:\/\/www.ilcf.net\/en\/\",\"logo\":{\"@type\":\"ImageObject\",\"inLanguage\":\"en-US\",\"@id\":\"https:\/\/www.ilcf.net\/en\/#\/schema\/logo\/image\/\",\"url\":\"https:\/\/www.ilcf.net\/wp-content\/uploads\/sites\/20\/2019\/11\/ilcf_logo.svg\",\"contentUrl\":\"https:\/\/www.ilcf.net\/wp-content\/uploads\/sites\/20\/2019\/11\/ilcf_logo.svg\",\"caption\":\"ILCF - Institut de Langue et de Culture Fran\u00e7aises\"},\"image\":{\"@id\":\"https:\/\/www.ilcf.net\/en\/#\/schema\/logo\/image\/\"}}]}<\/script>\n<!-- \/ Yoast SEO plugin. -->","yoast_head_json":{"title":"The ILCF-Lyon team - ILCF - Institut de Langue et de Culture Fran\u00e7aises","robots":{"index":"index","follow":"follow","max-snippet":"max-snippet:-1","max-image-preview":"max-image-preview:large","max-video-preview":"max-video-preview:-1"},"canonical":"https:\/\/www.ilcf.net\/en\/ilcf\/presentation\/the-ilcf-lyon-team\/","og_locale":"en_US","og_type":"article","og_title":"The ILCF-Lyon team - ILCF - Institut de Langue et de Culture Fran\u00e7aises","og_description":"Board of directorsVirginie CARTIER, DirectorJulie MULOT, Deputy-DirectorAdministrative teamMarie-Fran\u00e7oise CUSANNO, Administrative ManagerH\u00e9l\u00e8ne THOMA, International partnerships and developmentCorinne COLPAERT, AssistantIsabelle G\u00c9NY, AssistantAline-Laure GRAS, Management AssistantChlo\u00e9 GUILLET, [&hellip;]","og_url":"https:\/\/www.ilcf.net\/en\/ilcf\/presentation\/the-ilcf-lyon-team\/","og_site_name":"ILCF - Institut de Langue et de Culture Fran\u00e7aises","article_modified_time":"2026-04-08T08:35:37+00:00","og_image":[{"width":1920,"height":575,"url":"https:\/\/www.ilcf.net\/wp-content\/uploads\/sites\/20\/2020\/02\/header-ilcf.jpg","type":"image\/jpeg"}],"twitter_card":"summary_large_image","twitter_misc":{"Est. reading time":"2 minutes"},"schema":{"@context":"https:\/\/schema.org","@graph":[{"@type":"WebPage","@id":"https:\/\/www.ilcf.net\/en\/ilcf\/presentation\/the-ilcf-lyon-team\/","url":"https:\/\/www.ilcf.net\/en\/ilcf\/presentation\/the-ilcf-lyon-team\/","name":"The ILCF-Lyon team - ILCF - Institut de Langue et de Culture Fran\u00e7aises","isPartOf":{"@id":"https:\/\/www.ilcf.net\/en\/#website"},"primaryImageOfPage":{"@id":"https:\/\/www.ilcf.net\/en\/ilcf\/presentation\/the-ilcf-lyon-team\/#primaryimage"},"image":{"@id":"https:\/\/www.ilcf.net\/en\/ilcf\/presentation\/the-ilcf-lyon-team\/#primaryimage"},"thumbnailUrl":"https:\/\/www.ilcf.net\/wp-content\/uploads\/sites\/20\/2020\/02\/header-ilcf.jpg","datePublished":"2019-11-14T08:34:38+00:00","dateModified":"2026-04-08T08:35:37+00:00","breadcrumb":{"@id":"https:\/\/www.ilcf.net\/en\/ilcf\/presentation\/the-ilcf-lyon-team\/#breadcrumb"},"inLanguage":"en-US","potentialAction":[{"@type":"ReadAction","target":["https:\/\/www.ilcf.net\/en\/ilcf\/presentation\/the-ilcf-lyon-team\/"]}]},{"@type":"ImageObject","inLanguage":"en-US","@id":"https:\/\/www.ilcf.net\/en\/ilcf\/presentation\/the-ilcf-lyon-team\/#primaryimage","url":"https:\/\/www.ilcf.net\/wp-content\/uploads\/sites\/20\/2020\/02\/header-ilcf.jpg","contentUrl":"https:\/\/www.ilcf.net\/wp-content\/uploads\/sites\/20\/2020\/02\/header-ilcf.jpg","width":1920,"height":575,"caption":"ILCF"},{"@type":"BreadcrumbList","@id":"https:\/\/www.ilcf.net\/en\/ilcf\/presentation\/the-ilcf-lyon-team\/#breadcrumb","itemListElement":[{"@type":"ListItem","position":1,"name":"Accueil","item":"https:\/\/www.ilcf.net\/en\/"},{"@type":"ListItem","position":2,"name":"ILCF","item":"https:\/\/www.ilcf.net\/en\/ilcf\/"},{"@type":"ListItem","position":3,"name":"Presentation","item":"https:\/\/www.ilcf.net\/en\/ilcf\/presentation\/"},{"@type":"ListItem","position":4,"name":"The ILCF-Lyon team"}]},{"@type":"WebSite","@id":"https:\/\/www.ilcf.net\/en\/#website","url":"https:\/\/www.ilcf.net\/en\/","name":"ILCF - Institut de Langue et de Culture Fran\u00e7aises","description":"ILCF - Institut de Langue et de Culture Fran\u00e7aises","publisher":{"@id":"https:\/\/www.ilcf.net\/en\/#organization"},"potentialAction":[{"@type":"SearchAction","target":{"@type":"EntryPoint","urlTemplate":"https:\/\/www.ilcf.net\/en\/?s={search_term_string}"},"query-input":{"@type":"PropertyValueSpecification","valueRequired":true,"valueName":"search_term_string"}}],"inLanguage":"en-US"},{"@type":"Organization","@id":"https:\/\/www.ilcf.net\/en\/#organization","name":"ILCF - Institut de Langue et de Culture Fran\u00e7aises","url":"https:\/\/www.ilcf.net\/en\/","logo":{"@type":"ImageObject","inLanguage":"en-US","@id":"https:\/\/www.ilcf.net\/en\/#\/schema\/logo\/image\/","url":"https:\/\/www.ilcf.net\/wp-content\/uploads\/sites\/20\/2019\/11\/ilcf_logo.svg","contentUrl":"https:\/\/www.ilcf.net\/wp-content\/uploads\/sites\/20\/2019\/11\/ilcf_logo.svg","caption":"ILCF - Institut de Langue et de Culture Fran\u00e7aises"},"image":{"@id":"https:\/\/www.ilcf.net\/en\/#\/schema\/logo\/image\/"}}]}},"_links":{"self":[{"href":"https:\/\/www.ilcf.net\/en\/wp-json\/wp\/v2\/pages\/1817","targetHints":{"allow":["GET"]}}],"collection":[{"href":"https:\/\/www.ilcf.net\/en\/wp-json\/wp\/v2\/pages"}],"about":[{"href":"https:\/\/www.ilcf.net\/en\/wp-json\/wp\/v2\/types\/page"}],"author":[{"embeddable":true,"href":"https:\/\/www.ilcf.net\/en\/wp-json\/wp\/v2\/users\/32"}],"replies":[{"embeddable":true,"href":"https:\/\/www.ilcf.net\/en\/wp-json\/wp\/v2\/comments?post=1817"}],"version-history":[{"count":3,"href":"https:\/\/www.ilcf.net\/en\/wp-json\/wp\/v2\/pages\/1817\/revisions"}],"predecessor-version":[{"id":27318,"href":"https:\/\/www.ilcf.net\/en\/wp-json\/wp\/v2\/pages\/1817\/revisions\/27318"}],"up":[{"embeddable":true,"href":"https:\/\/www.ilcf.net\/en\/wp-json\/wp\/v2\/pages\/2663"}],"wp:featuredmedia":[{"embeddable":true,"href":"https:\/\/www.ilcf.net\/en\/wp-json\/wp\/v2\/media\/6411"}],"wp:attachment":[{"href":"https:\/\/www.ilcf.net\/en\/wp-json\/wp\/v2\/media?parent=1817"}],"curies":[{"name":"wp","href":"https:\/\/api.w.org\/{rel}","templated":true}]}}