{"id":14703,"date":"2021-12-16T14:48:21","date_gmt":"2021-12-16T13:48:21","guid":{"rendered":"https:\/\/www.ilcf.net\/?page_id=14703"},"modified":"2023-06-26T14:27:45","modified_gmt":"2023-06-26T12:27:45","slug":"testimony-of-valerie-soubre","status":"publish","type":"page","link":"https:\/\/www.ilcf.net\/en\/ilcf\/our-testomonials\/testimony-of-valerie-soubre\/","title":{"rendered":"Testimony of Val\u00e9rie Soubre"},"content":{"rendered":"<div class=\"wp-block-media-text alignwide is-stacked-on-mobile\"><figure class=\"wp-block-media-text__media\"><img loading=\"lazy\" decoding=\"async\" width=\"595\" height=\"742\" src=\"https:\/\/www.ilcf.net\/wp-content\/uploads\/sites\/20\/2021\/12\/valerie-soubre-portrait-site.jpg\" alt=\"T\u00e9moignage d'enseignant - Val\u00e9rie Soubre\" class=\"wp-image-14568 size-full\" srcset=\"https:\/\/www.ilcf.net\/wp-content\/uploads\/sites\/20\/2021\/12\/valerie-soubre-portrait-site.jpg 595w, https:\/\/www.ilcf.net\/wp-content\/uploads\/sites\/20\/2021\/12\/valerie-soubre-portrait-site-112x140.jpg 112w, https:\/\/www.ilcf.net\/wp-content\/uploads\/sites\/20\/2021\/12\/valerie-soubre-portrait-site-520x648.jpg 520w\" sizes=\"auto, (max-width: 595px) 100vw, 595px\" \/><\/figure><div class=\"wp-block-media-text__content\"><h2 class=\"wp-block-heading\">Her professional background<\/h2>\n\n<p> My name is Val\u00e9rie, I have been teaching French since 1998 in various institutions in France and abroad as well. I have been working in ILCF since 2001, first, as a teacher and now as deputy-Director. I have a PhD IN Educational Sciences, i also teach didactics in the Modern Languages Department but also to the students of the MEEF Master ( careers in teaching, education and training) in UCLy. <\/p>\n\n<p> Furthermore, i am a Quality auditor for the FLE Quality Label (France Education International) and a certified instructor for the training of the DELF DALF assessors. I am also a member of the GFEN (French group for a new education) and of EReD research lab in the Geneva university. <\/p>\n\n<h2 class=\"wp-block-heading\"> Her passion for teaching<\/h2>\n\n<p>Just as i was on day one i am still fond of encounters, travels, cross-cultural exchanges. I am always moved by those special little moments we have, together, in the FLE class. This class that gathers persons from different cultures, with different languages and religions\u2026different but with the same will for French language. This is the very magic aspect of my profession&nbsp;! Because, ahead of teaching and learning French, it is, every time, first, &nbsp;an encounter, then, a common history to write. An eventful tale, &nbsp;thrilling, sometimes daunting, often disruptive which outcome is never certain but, since i first started, it appears like a very stimulating human adventure&nbsp;!  <\/p><\/div><\/div><div class=\"wp-block-cross-content js-fade-scroll\">\n    <p class=\"wp-block-cross-content-title\">More about<\/p>\n            <div class=\"row wp-block-cross-content-row\">\n                                <div class=\"column small-12 medium-6 large-4 wp-block-cross-content-col\">\n                        <a class=\"wp-block-cross-content-top\" href=\"https:\/\/www.ilcf.net\/en\/ilcf\/\" title=\"ILCF\">\n                            <span class=\"wp-block-cross-content-name\">ILCF<\/span>\n                            <span class=\"wp-block-cross-content-image\"><img loading=\"lazy\" decoding=\"async\" width=\"630\" height=\"570\" src=\"https:\/\/www.ilcf.net\/wp-content\/uploads\/sites\/20\/2020\/02\/header-ilcf-4-630x570.jpg\" class=\" wp-post-image\" alt=\"Header ILCF\" \/><\/span>\n                            <span class=\"wp-block-cross-content-more\">\n                                <span class=\"icon-more\"><\/span>\n                            <\/span>\n                        <\/a>\n                        <div class=\"wp-block-cross-content-excerpt\"><\/div>\n                    <\/div>\n                                                <div class=\"column small-12 medium-6 large-4 wp-block-cross-content-col\">\n                        <a class=\"wp-block-cross-content-top\" href=\"https:\/\/www.ilcf.net\/en\/our-programmes\/\" title=\"Our programmes\">\n                            <span class=\"wp-block-cross-content-name\">Our programmes<\/span>\n                            <span class=\"wp-block-cross-content-image\"><img loading=\"lazy\" decoding=\"async\" width=\"630\" height=\"525\" src=\"https:\/\/www.ilcf.net\/wp-content\/uploads\/sites\/20\/2021\/02\/header-inscription-ilcf-630x525.jpg\" class=\" wp-post-image\" alt=\"Inscription ILCF\" \/><\/span>\n                            <span class=\"wp-block-cross-content-more\">\n                                <span class=\"icon-more\"><\/span>\n                            <\/span>\n                        <\/a>\n                        <div class=\"wp-block-cross-content-excerpt\"><\/div>\n                    <\/div>\n                                    <\/div>\n    <\/div><p>&nbsp;<\/p>","protected":false},"excerpt":{"rendered":"<p>Her professional background My name is Val\u00e9rie, I have been teaching French since 1998 in various institutions in France and abroad as well. I [&hellip;]<\/p>\n","protected":false},"author":33,"featured_media":14603,"parent":14710,"menu_order":1,"comment_status":"closed","ping_status":"closed","template":"","meta":{"_acf_changed":false,"footnotes":""},"class_list":["post-14703","page","type-page","status-publish","has-post-thumbnail","hentry"],"acf":[],"yoast_head":"<!-- This site is optimized with the Yoast SEO plugin v24.1 - https:\/\/yoast.com\/wordpress\/plugins\/seo\/ -->\n<title>Testimony of Val\u00e9rie Soubre - ILCF - Institut de Langue et de Culture Fran\u00e7aises<\/title>\n<meta name=\"robots\" content=\"index, follow, max-snippet:-1, max-image-preview:large, max-video-preview:-1\" \/>\n<link rel=\"canonical\" href=\"https:\/\/www.ilcf.net\/en\/ilcf\/our-testomonials\/testimony-of-valerie-soubre\/\" \/>\n<meta property=\"og:locale\" content=\"en_US\" \/>\n<meta property=\"og:type\" content=\"article\" \/>\n<meta property=\"og:title\" content=\"Testimony of Val\u00e9rie Soubre - ILCF - Institut de Langue et de Culture Fran\u00e7aises\" \/>\n<meta property=\"og:description\" content=\"Her professional background My name is Val\u00e9rie, I have been teaching French since 1998 in various institutions in France and abroad as well. I [&hellip;]\" \/>\n<meta property=\"og:url\" content=\"https:\/\/www.ilcf.net\/en\/ilcf\/our-testomonials\/testimony-of-valerie-soubre\/\" \/>\n<meta property=\"og:site_name\" content=\"ILCF - Institut de Langue et de Culture Fran\u00e7aises\" \/>\n<meta property=\"article:modified_time\" content=\"2023-06-26T12:27:45+00:00\" \/>\n<meta property=\"og:image\" content=\"https:\/\/www.ilcf.net\/wp-content\/uploads\/sites\/20\/2021\/12\/header-temoignage.jpg\" \/>\n\t<meta property=\"og:image:width\" content=\"1920\" \/>\n\t<meta property=\"og:image:height\" content=\"575\" \/>\n\t<meta property=\"og:image:type\" content=\"image\/jpeg\" \/>\n<meta name=\"twitter:card\" content=\"summary_large_image\" \/>\n<meta name=\"twitter:label1\" content=\"Est. reading time\" \/>\n\t<meta name=\"twitter:data1\" content=\"2 minutes\" \/>\n<script type=\"application\/ld+json\" class=\"yoast-schema-graph\">{\"@context\":\"https:\/\/schema.org\",\"@graph\":[{\"@type\":\"WebPage\",\"@id\":\"https:\/\/www.ilcf.net\/en\/ilcf\/our-testomonials\/testimony-of-valerie-soubre\/\",\"url\":\"https:\/\/www.ilcf.net\/en\/ilcf\/our-testomonials\/testimony-of-valerie-soubre\/\",\"name\":\"Testimony of Val\u00e9rie Soubre - ILCF - Institut de Langue et de Culture Fran\u00e7aises\",\"isPartOf\":{\"@id\":\"https:\/\/www.ilcf.net\/en\/#website\"},\"primaryImageOfPage\":{\"@id\":\"https:\/\/www.ilcf.net\/en\/ilcf\/our-testomonials\/testimony-of-valerie-soubre\/#primaryimage\"},\"image\":{\"@id\":\"https:\/\/www.ilcf.net\/en\/ilcf\/our-testomonials\/testimony-of-valerie-soubre\/#primaryimage\"},\"thumbnailUrl\":\"https:\/\/www.ilcf.net\/wp-content\/uploads\/sites\/20\/2021\/12\/header-temoignage.jpg\",\"datePublished\":\"2021-12-16T13:48:21+00:00\",\"dateModified\":\"2023-06-26T12:27:45+00:00\",\"breadcrumb\":{\"@id\":\"https:\/\/www.ilcf.net\/en\/ilcf\/our-testomonials\/testimony-of-valerie-soubre\/#breadcrumb\"},\"inLanguage\":\"en-US\",\"potentialAction\":[{\"@type\":\"ReadAction\",\"target\":[\"https:\/\/www.ilcf.net\/en\/ilcf\/our-testomonials\/testimony-of-valerie-soubre\/\"]}]},{\"@type\":\"ImageObject\",\"inLanguage\":\"en-US\",\"@id\":\"https:\/\/www.ilcf.net\/en\/ilcf\/our-testomonials\/testimony-of-valerie-soubre\/#primaryimage\",\"url\":\"https:\/\/www.ilcf.net\/wp-content\/uploads\/sites\/20\/2021\/12\/header-temoignage.jpg\",\"contentUrl\":\"https:\/\/www.ilcf.net\/wp-content\/uploads\/sites\/20\/2021\/12\/header-temoignage.jpg\",\"width\":1920,\"height\":575,\"caption\":\"header T\u00e9moignages ICLF\"},{\"@type\":\"BreadcrumbList\",\"@id\":\"https:\/\/www.ilcf.net\/en\/ilcf\/our-testomonials\/testimony-of-valerie-soubre\/#breadcrumb\",\"itemListElement\":[{\"@type\":\"ListItem\",\"position\":1,\"name\":\"Accueil\",\"item\":\"https:\/\/www.ilcf.net\/en\/\"},{\"@type\":\"ListItem\",\"position\":2,\"name\":\"ILCF\",\"item\":\"https:\/\/www.ilcf.net\/en\/ilcf\/\"},{\"@type\":\"ListItem\",\"position\":3,\"name\":\"Our testimonials\",\"item\":\"https:\/\/www.ilcf.net\/en\/ilcf\/our-testomonials\/\"},{\"@type\":\"ListItem\",\"position\":4,\"name\":\"Testimony of Val\u00e9rie Soubre\"}]},{\"@type\":\"WebSite\",\"@id\":\"https:\/\/www.ilcf.net\/en\/#website\",\"url\":\"https:\/\/www.ilcf.net\/en\/\",\"name\":\"ILCF - Institut de Langue et de Culture Fran\u00e7aises\",\"description\":\"ILCF - Institut de Langue et de Culture Fran\u00e7aises\",\"publisher\":{\"@id\":\"https:\/\/www.ilcf.net\/en\/#organization\"},\"potentialAction\":[{\"@type\":\"SearchAction\",\"target\":{\"@type\":\"EntryPoint\",\"urlTemplate\":\"https:\/\/www.ilcf.net\/en\/?s={search_term_string}\"},\"query-input\":{\"@type\":\"PropertyValueSpecification\",\"valueRequired\":true,\"valueName\":\"search_term_string\"}}],\"inLanguage\":\"en-US\"},{\"@type\":\"Organization\",\"@id\":\"https:\/\/www.ilcf.net\/en\/#organization\",\"name\":\"ILCF - Institut de Langue et de Culture Fran\u00e7aises\",\"url\":\"https:\/\/www.ilcf.net\/en\/\",\"logo\":{\"@type\":\"ImageObject\",\"inLanguage\":\"en-US\",\"@id\":\"https:\/\/www.ilcf.net\/en\/#\/schema\/logo\/image\/\",\"url\":\"https:\/\/www.ilcf.net\/wp-content\/uploads\/sites\/20\/2019\/11\/ilcf_logo.svg\",\"contentUrl\":\"https:\/\/www.ilcf.net\/wp-content\/uploads\/sites\/20\/2019\/11\/ilcf_logo.svg\",\"caption\":\"ILCF - Institut de Langue et de Culture Fran\u00e7aises\"},\"image\":{\"@id\":\"https:\/\/www.ilcf.net\/en\/#\/schema\/logo\/image\/\"}}]}<\/script>\n<!-- \/ Yoast SEO plugin. -->","yoast_head_json":{"title":"Testimony of Val\u00e9rie Soubre - ILCF - Institut de Langue et de Culture Fran\u00e7aises","robots":{"index":"index","follow":"follow","max-snippet":"max-snippet:-1","max-image-preview":"max-image-preview:large","max-video-preview":"max-video-preview:-1"},"canonical":"https:\/\/www.ilcf.net\/en\/ilcf\/our-testomonials\/testimony-of-valerie-soubre\/","og_locale":"en_US","og_type":"article","og_title":"Testimony of Val\u00e9rie Soubre - ILCF - Institut de Langue et de Culture Fran\u00e7aises","og_description":"Her professional background My name is Val\u00e9rie, I have been teaching French since 1998 in various institutions in France and abroad as well. I [&hellip;]","og_url":"https:\/\/www.ilcf.net\/en\/ilcf\/our-testomonials\/testimony-of-valerie-soubre\/","og_site_name":"ILCF - Institut de Langue et de Culture Fran\u00e7aises","article_modified_time":"2023-06-26T12:27:45+00:00","og_image":[{"width":1920,"height":575,"url":"https:\/\/www.ilcf.net\/wp-content\/uploads\/sites\/20\/2021\/12\/header-temoignage.jpg","type":"image\/jpeg"}],"twitter_card":"summary_large_image","twitter_misc":{"Est. reading time":"2 minutes"},"schema":{"@context":"https:\/\/schema.org","@graph":[{"@type":"WebPage","@id":"https:\/\/www.ilcf.net\/en\/ilcf\/our-testomonials\/testimony-of-valerie-soubre\/","url":"https:\/\/www.ilcf.net\/en\/ilcf\/our-testomonials\/testimony-of-valerie-soubre\/","name":"Testimony of Val\u00e9rie Soubre - ILCF - Institut de Langue et de Culture Fran\u00e7aises","isPartOf":{"@id":"https:\/\/www.ilcf.net\/en\/#website"},"primaryImageOfPage":{"@id":"https:\/\/www.ilcf.net\/en\/ilcf\/our-testomonials\/testimony-of-valerie-soubre\/#primaryimage"},"image":{"@id":"https:\/\/www.ilcf.net\/en\/ilcf\/our-testomonials\/testimony-of-valerie-soubre\/#primaryimage"},"thumbnailUrl":"https:\/\/www.ilcf.net\/wp-content\/uploads\/sites\/20\/2021\/12\/header-temoignage.jpg","datePublished":"2021-12-16T13:48:21+00:00","dateModified":"2023-06-26T12:27:45+00:00","breadcrumb":{"@id":"https:\/\/www.ilcf.net\/en\/ilcf\/our-testomonials\/testimony-of-valerie-soubre\/#breadcrumb"},"inLanguage":"en-US","potentialAction":[{"@type":"ReadAction","target":["https:\/\/www.ilcf.net\/en\/ilcf\/our-testomonials\/testimony-of-valerie-soubre\/"]}]},{"@type":"ImageObject","inLanguage":"en-US","@id":"https:\/\/www.ilcf.net\/en\/ilcf\/our-testomonials\/testimony-of-valerie-soubre\/#primaryimage","url":"https:\/\/www.ilcf.net\/wp-content\/uploads\/sites\/20\/2021\/12\/header-temoignage.jpg","contentUrl":"https:\/\/www.ilcf.net\/wp-content\/uploads\/sites\/20\/2021\/12\/header-temoignage.jpg","width":1920,"height":575,"caption":"header T\u00e9moignages ICLF"},{"@type":"BreadcrumbList","@id":"https:\/\/www.ilcf.net\/en\/ilcf\/our-testomonials\/testimony-of-valerie-soubre\/#breadcrumb","itemListElement":[{"@type":"ListItem","position":1,"name":"Accueil","item":"https:\/\/www.ilcf.net\/en\/"},{"@type":"ListItem","position":2,"name":"ILCF","item":"https:\/\/www.ilcf.net\/en\/ilcf\/"},{"@type":"ListItem","position":3,"name":"Our testimonials","item":"https:\/\/www.ilcf.net\/en\/ilcf\/our-testomonials\/"},{"@type":"ListItem","position":4,"name":"Testimony of Val\u00e9rie Soubre"}]},{"@type":"WebSite","@id":"https:\/\/www.ilcf.net\/en\/#website","url":"https:\/\/www.ilcf.net\/en\/","name":"ILCF - Institut de Langue et de Culture Fran\u00e7aises","description":"ILCF - Institut de Langue et de Culture Fran\u00e7aises","publisher":{"@id":"https:\/\/www.ilcf.net\/en\/#organization"},"potentialAction":[{"@type":"SearchAction","target":{"@type":"EntryPoint","urlTemplate":"https:\/\/www.ilcf.net\/en\/?s={search_term_string}"},"query-input":{"@type":"PropertyValueSpecification","valueRequired":true,"valueName":"search_term_string"}}],"inLanguage":"en-US"},{"@type":"Organization","@id":"https:\/\/www.ilcf.net\/en\/#organization","name":"ILCF - Institut de Langue et de Culture Fran\u00e7aises","url":"https:\/\/www.ilcf.net\/en\/","logo":{"@type":"ImageObject","inLanguage":"en-US","@id":"https:\/\/www.ilcf.net\/en\/#\/schema\/logo\/image\/","url":"https:\/\/www.ilcf.net\/wp-content\/uploads\/sites\/20\/2019\/11\/ilcf_logo.svg","contentUrl":"https:\/\/www.ilcf.net\/wp-content\/uploads\/sites\/20\/2019\/11\/ilcf_logo.svg","caption":"ILCF - Institut de Langue et de Culture Fran\u00e7aises"},"image":{"@id":"https:\/\/www.ilcf.net\/en\/#\/schema\/logo\/image\/"}}]}},"_links":{"self":[{"href":"https:\/\/www.ilcf.net\/en\/wp-json\/wp\/v2\/pages\/14703","targetHints":{"allow":["GET"]}}],"collection":[{"href":"https:\/\/www.ilcf.net\/en\/wp-json\/wp\/v2\/pages"}],"about":[{"href":"https:\/\/www.ilcf.net\/en\/wp-json\/wp\/v2\/types\/page"}],"author":[{"embeddable":true,"href":"https:\/\/www.ilcf.net\/en\/wp-json\/wp\/v2\/users\/33"}],"replies":[{"embeddable":true,"href":"https:\/\/www.ilcf.net\/en\/wp-json\/wp\/v2\/comments?post=14703"}],"version-history":[{"count":7,"href":"https:\/\/www.ilcf.net\/en\/wp-json\/wp\/v2\/pages\/14703\/revisions"}],"predecessor-version":[{"id":21992,"href":"https:\/\/www.ilcf.net\/en\/wp-json\/wp\/v2\/pages\/14703\/revisions\/21992"}],"up":[{"embeddable":true,"href":"https:\/\/www.ilcf.net\/en\/wp-json\/wp\/v2\/pages\/14710"}],"wp:featuredmedia":[{"embeddable":true,"href":"https:\/\/www.ilcf.net\/en\/wp-json\/wp\/v2\/media\/14603"}],"wp:attachment":[{"href":"https:\/\/www.ilcf.net\/en\/wp-json\/wp\/v2\/media?parent=14703"}],"curies":[{"name":"wp","href":"https:\/\/api.w.org\/{rel}","templated":true}]}}